{"id":2642,"date":"2019-10-15T00:04:36","date_gmt":"2019-10-14T22:04:36","guid":{"rendered":"https:\/\/ilupin.com\/ru\/?page_id=2642"},"modified":"2024-10-20T18:52:54","modified_gmt":"2024-10-20T16:52:54","slug":"mathilde","status":"publish","type":"page","link":"https:\/\/ilupin.com\/en\/songs\/ru-to-fr\/mathilde\/","title":{"rendered":"Mathilde (\u041c\u0430\u0442\u0438\u043b\u044c\u0434\u0430)"},"content":{"rendered":"\n<div class=\"karma-by-kadar__simple-player \" data-title=\"\u041c\u0430\u0442\u0438\u043b\u044c\u0434\u0430 \u2014 \u0420\u043e\u0441\u0442\u0438\u0441\u043b\u0430\u0432 \u0427\u0435\u0431\u044b\u043a\u0438\u043d \u0438 \u041c\u043e\u0440\u0438\u043d\u0438\u043b\u043b\u044d \u042d\u043b\u044d\u0440\u0430\u043d\u0442\u0430\u0440, 2014\" data-src=\"https:\/\/ilupin.com\/wp-content\/uploads\/songs\/mathilde.mp3\" data-volume=\"0.7\" >\n\t\t\t<div class=\"karma-by-kadar__simple-player__player\"><\/div>\n\t\t\t<div class=\"karma-by-kadar__simple-player__play-pause\">\n\t\t\t\t<div class=\"karma-by-kadar__simple-player__play\">\n\t\t\t\t\t<i class=\"material-icons\">play_circle_filled<\/i>\n\t\t\t\t<\/div>\n\t\t\t\t<div class=\"karma-by-kadar__simple-player__pause\">\n\t\t\t\t\t<i class=\"material-icons\">pause_circle_filled<\/i>\n\t\t\t\t<\/div>\n\t\t\t<\/div><div class=\"karma-by-kadar__simple-player__title\">\n\t\t\t\t<div class=\"karma-by-kadar__simple-player__title__the-title\">\u041c\u0430\u0442\u0438\u043b\u044c\u0434\u0430 \u2014 \u0420\u043e\u0441\u0442\u0438\u0441\u043b\u0430\u0432 \u0427\u0435\u0431\u044b\u043a\u0438\u043d \u0438 \u041c\u043e\u0440\u0438\u043d\u0438\u043b\u043b\u044d \u042d\u043b\u044d\u0440\u0430\u043d\u0442\u0430\u0440, 2014<\/div><\/div><div class=\"karma-by-kadar__simple-player__volume-handler-container\">\n\t\t\t\t<div class=\"karma-by-kadar__simple-player__middle\">\n\t\t\t\t\t<div class=\"karma-by-kadar__simple-player__seekbar\">\n\t\t\t\t\t\t<div class=\"karma-by-kadar__simple-player__seekbar__bg\"><\/div>\n\t\t\t\t\t<\/div>\n\t\t\t\t\t<div class=\"karma-by-kadar__simple-player__current-time\"><\/div>\n\t\t\t\t\t<div class=\"karma-by-kadar__simple-player__duration\"><\/div>\n\t\t\t\t<\/div>\n\t\t\t\t<div class=\"karma-by-kadar__simple-player__right\">\n\t\t\t\t\t<div class=\"karma-by-kadar__simple-player__volume\">\n\t\t\t\t\t\t<div class=\"karma-by-kadar__simple-player__volume__bar\">\n\t\t\t\t\t\t\t<div class=\"karma-by-kadar__simple-player__volume__seekbar\">\n\t\t\t\t\t\t\t\t<div class=\"karma-by-kadar__simple-player__volume__seekbar__bg\"><\/div>\n\t\t\t\t\t\t\t<\/div>\n\t\t\t\t\t\t\t<i class=\"material-icons\">volume_down<\/i>\n\t\t\t\t\t\t<\/div>\n\t\t\t\t\t\t<div class=\"karma-by-kadar__simple-player__mute\">\n\t\t\t\t\t\t\t<i class=\"material-icons\">volume_up<\/i>\n\t\t\t\t\t\t<\/div>\n\t\t\t\t\t\t<div class=\"karma-by-kadar__simple-player__unmute\">\n\t\t\t\t\t\t\t<i class=\"material-icons\">volume_off<\/i>\n\t\t\t\t\t\t<\/div>\n\t\t\t\t\t<\/div>\n\t\t\t\t<\/div>\n\t\t\t<\/div>\n\t\t<\/div>\n\n\n\n<div class=\"wp-block-columns is-layout-flex wp-container-core-columns-is-layout-28f84493 wp-block-columns-is-layout-flex\">\n<div class=\"wp-block-column is-layout-flow wp-block-column-is-layout-flow\">\n<input type=\"radio\" name=\"translation-button\" id=\"translation\" checked=\"checked\">\n<input type=\"radio\" name=\"translation-button\" id=\"e\">\n\n<label for=\"translation\" class=\"translation-link\">2019<\/label>\n<label for=\"e\" class=\"e-link\"><\/label>\n\n<div class=\"e\">\n<p>\u00c9cout<span>e<\/span> Mathild<span>e<\/span>, que t\u2019es malheureuse&#8239;:<br>\nTon fils est bandit et sa vie est affreuse.<br>\nPour ses crimes horribl<span>e<\/span>s, un jour il paiera&#8239;:<br>\nOn l\u2019arr\u00eat<span>e<\/span>ra, on l\u2019emprisonn<span>e<\/span>ra.<\/p>\n\n<p class=\"refrain\">Mon p<span>e<\/span>tit, mon brav<span>e<\/span>,<br>\nIl cherche son chemin&#8239;:<br>\nParfois il se tromp<span>e<\/span>,<br>\nCar il a vu trop peu,<br>\nMais il le trouvera \u00e0 la fin.<\/p>\n\n<p>\u00c9cout<span>e<\/span> Mathild<span>e<\/span>, les rues font du bruit&#8239;:<br>\nTon fils est h\u00e9ros et le peupl<span>e<\/span> le suit.<br>\nLes ge\u00f4les sont ouvert<span>e<\/span>s, le roi est parti,<br>\nEt l\u00e0, tout le monde glorifie ton p<span>e<\/span>tit.<\/p>\n\n<p class=\"refrain\">Mon p<span>e<\/span>tit, mon brav<span>e<\/span>,<br>\nSi jeun<span>e<\/span> il est.<br>\nBien s\u00fbr, avec l\u2019\u00e2g<span>e<\/span>,<br>\nIl va \u00eatr<span>e<\/span> sag<span>e<\/span>,<br>\nD\u2019ici-l\u00e0, il peut gaminer.<\/p>\n\n<p>\u00c9cout<span>e<\/span> Mathild<span>e<\/span>, tout est diff\u00e9rent&#8239;:<br>\nTon fils est tyran, il tourment<span>e<\/span> les gens.<br>\nPartout sont les gard<span>e<\/span>s, casern<span>e<\/span>s, potences&#8239;&#8230;<br>\nMathild<span>e<\/span>, c\u2019\u00e9tait pas ton r\u00eav<span>e<\/span> on pense.<\/p>\n\n<p class=\"refrain\">Mon p<span>e<\/span>tit, mon brav<span>e<\/span><br>\nSe donne trop de peine.<br>\nLes lois qu\u2019il \u00e9dict<span>e<\/span><br>\nCertains trouv<span>e<\/span>nt strict<span>e<\/span>s<br>\nEt pleurent, puis tol\u00e8rent, puis comprennent.<\/p>\n\n<p>\u00c9cout<span>e<\/span> Mathild<span>e<\/span>, l\u2019extraordinaire&#8239;:<br>\nTon fils est l\u00e9gendaire pour des mill\u00e9naires.<br>\nUne moiti\u00e9 du mond<span>e<\/span> dore son pi\u00e9destal, <br>\nEt l\u2019autr<span>e<\/span> maudit sa naissanc<span>e<\/span> fatale.<\/p>\n\n<p class=\"refrain\">Mon p<span>e<\/span>tit, mon brav<span>e<\/span>,<br>\nJe l\u2019attendais bien !<br>\nToujours si capabl<span>e<\/span>,<br>\nMaintenant remarquabl<span>e<\/span>,<br>\nJ\u2019l\u2019ai pas mis au mond<span>e<\/span> pour rien.<\/p>\n<\/div>\n<\/div>\n\n\n\n<div class=\"wp-block-column is-layout-flow wp-block-column-is-layout-flow\">\n<input type=\"radio\" name=\"original-button\" id=\"original\" checked=\"checked\"> \n<input type=\"radio\" name=\"original-button\" id=\"verbatim\">\n\n<label for=\"original\" class=\"original-link\">R. Chebykin, 2007<\/label>\n<label for=\"verbatim\" class=\"verbatim-link\"><\/label>\n\n<div class=\"original\">\n<p>\u041f\u043e\u0441\u043b\u0443\u0448\u0430\u0439, \u041c\u0430\u0442\u0438\u043b\u044c\u0434\u0430, \u043d\u0435\u0441\u0447\u0430\u0441\u0442\u0435\u043d \u0442\u0432\u043e\u0439 \u0434\u043e\u043c:<br>\n\u0422\u0432\u043e\u0439 \u0441\u044b\u043d \u0441\u0442\u0430\u043b \u0431\u0430\u043d\u0434\u0438\u0442\u043e\u043c, \u0436\u0438\u0432\u0435\u0442 \u0433\u0440\u0430\u0431\u0435\u0436\u043e\u043c.<br>\n\u0417\u0430 \u0437\u043b\u043e \u043f\u043e\u043f\u043b\u0430\u0442\u0438\u0442\u044c\u0441\u044f \u043f\u0440\u0438\u0434\u0435\u0442\u0441\u044f \u0435\u043c\u0443:<br>\n\u0412\u043e\u0442-\u0432\u043e\u0442 \u0430\u0440\u0435\u0441\u0442\u0443\u044e\u0442 \u0438 \u0431\u0440\u043e\u0441\u044f\u0442 \u0432 \u0442\u044e\u0440\u044c\u043c\u0443.<\/p>\n\n<p class=\"refrain\">\u041c\u043e\u0439 \u043c\u0430\u043b\u044c\u0447\u0438\u043a \u0445\u043e\u0440\u043e\u0448\u0438\u0439,<br>\n\u041e\u043d \u0438\u0449\u0435\u0442 \u0441\u0432\u043e\u0439 \u043f\u0443\u0442\u044c:<br>\n\u0420\u0430\u0437\u043e\u043a \u043e\u0448\u0438\u0431\u0435\u0442\u0441\u044f,<br>\n\u0414\u0440\u0443\u0433\u043e\u0439 \u0441\u043f\u043e\u0442\u044b\u043a\u043d\u0435\u0442\u0441\u044f,<br>\n\u041d\u0430 \u0442\u0440\u0435\u0442\u0438\u0439 \u043d\u0430\u0439\u0434\u0435\u0442 \u043a\u0430\u043a-\u043d\u0438\u0431\u0443\u0434\u044c.<\/p>\n\n<p>\u041f\u043e\u0441\u043b\u0443\u0448\u0430\u0439, \u041c\u0430\u0442\u0438\u043b\u044c\u0434\u0430, \u0448\u0443\u043c\u044f\u0442 \u0437\u0430 \u043e\u043a\u043d\u043e\u043c:<br>\n\u0422\u0432\u043e\u0439 \u0441\u044b\u043d \u0441\u0442\u0430\u043b \u0433\u0435\u0440\u043e\u0435\u043c, \u043d\u0430\u0440\u043e\u0434\u043d\u044b\u043c \u0432\u043e\u0436\u0434\u0435\u043c.<br>\n\u0420\u0430\u0441\u043f\u0430\u0445\u043d\u0443\u0442\u044b \u0442\u044e\u0440\u044c\u043c\u044b, \u0442\u043e\u043b\u043f\u0430 \u0443 \u0434\u0432\u043e\u0440\u0446\u0430,<br>\n\u0418 \u0441\u043b\u0430\u0432\u0438\u0442 \u043c\u043e\u043b\u0432\u0430 \u0442\u0432\u043e\u0435\u0433\u043e \u0441\u043e\u0440\u0432\u0430\u043d\u0446\u0430.<\/p>\n\n<p class=\"refrain\">\u041c\u043e\u0439 \u043c\u0430\u043b\u044c\u0447\u0438\u043a \u0445\u043e\u0440\u043e\u0448\u0438\u0439,<br>\n\u0412 \u043d\u0435\u043c \u044e\u043d\u043e\u0441\u0442\u044c \u0431\u0443\u0440\u043b\u0438\u0442.<br>\n\u0415\u0449\u0435 \u043f\u043e\u0432\u0437\u0440\u043e\u0441\u043b\u0435\u0435\u0442,<br>\n\u0415\u0449\u0435 \u043f\u043e\u0443\u043c\u043d\u0435\u0435\u0442,<br>\n\u0410 \u043d\u044b\u043d\u0447\u0435 \u043f\u0443\u0441\u043a\u0430\u0439 \u043f\u043e\u0448\u0430\u043b\u0438\u0442.<\/p>\n\n<p>\u041f\u043e\u0441\u043b\u0443\u0448\u0430\u0439, \u041c\u0430\u0442\u0438\u043b\u044c\u0434\u0430, \u043a\u0430\u043a\u043e\u0439 \u043f\u043e\u0432\u043e\u0440\u043e\u0442:<br>\n\u0422\u0432\u043e\u0439 \u0441\u044b\u043d \u0441\u0442\u0430\u043b \u0442\u0438\u0440\u0430\u043d\u043e\u043c, \u043e\u043d \u043c\u0443\u0447\u0438\u0442 \u043d\u0430\u0440\u043e\u0434.<br>\n\u041f\u043e\u0432\u0441\u044e\u0434\u0443 \u043a\u0430\u0437\u0430\u0440\u043c\u044b, \u0438 \u043f\u043b\u0430\u0445\u0438 \u043a\u0440\u0443\u0433\u043e\u043c&#8230;<br>\n\u041c\u0430\u0442\u0438\u043b\u044c\u0434\u0430, \u0442\u044b \u0432\u0440\u044f\u0434 \u043b\u0438 \u043c\u0435\u0447\u0442\u0430\u043b\u0430 \u043e \u0442\u043e\u043c.<\/p>\n\n<p class=\"refrain\">\u041c\u043e\u0439 \u043c\u0430\u043b\u044c\u0447\u0438\u043a \u0445\u043e\u0440\u043e\u0448\u0438\u0439,<br>\n\u0422\u044f\u0436\u0435\u043b \u0435\u0433\u043e \u0442\u0440\u0443\u0434:<br>\n\u041e\u043d \u0445\u043e\u0447\u0435\u0442 \u043f\u043e\u0440\u044f\u0434\u043a\u0430;<br>\n\u041a\u043e\u043c\u0443-\u0442\u043e \u043d\u0435\u0441\u043b\u0430\u0434\u043a\u043e \u2014<br>\n\u041f\u043e\u0442\u0435\u0440\u043f\u044f\u0442, \u043f\u0440\u0438\u0432\u044b\u043a\u043d\u0443\u0442, \u043f\u043e\u0439\u043c\u0443\u0442.<\/p>\n\n<p>\u041f\u043e\u0441\u043b\u0443\u0448\u0430\u0439, \u041c\u0430\u0442\u0438\u043b\u044c\u0434\u0430, \u043f\u043e\u0432\u0435\u0440\u0438\u0448\u044c \u0438\u043b\u044c \u043d\u0435\u0442:<br>\n\u0422\u0432\u043e\u0439 \u0441\u044b\u043d \u0441\u0442\u0430\u043b \u043b\u0435\u0433\u0435\u043d\u0434\u043e\u0439 \u043d\u0430 \u0442\u044b\u0441\u044f\u0447\u0438 \u043b\u0435\u0442.<br>\n\u041f\u043e\u043b\u043c\u0438\u0440\u0430 \u0441\u0447\u0438\u0442\u0430\u0435\u0442, \u0447\u0442\u043e \u043e\u043d \u0431\u043e\u0436\u0435\u0441\u0442\u0432\u043e,<br>\n\u041f\u043e\u043b\u043c\u0438\u0440\u0430 \u0432 \u0432\u0435\u043a\u0430\u0445 \u043f\u0440\u043e\u043a\u043b\u0438\u043d\u0430\u0435\u0442 \u0435\u0433\u043e.<\/p>\n\n<p class=\"refrain\">\u041c\u043e\u0439 \u043c\u0430\u043b\u044c\u0447\u0438\u043a \u0445\u043e\u0440\u043e\u0448\u0438\u0439,<br>\n\u042f \u044d\u0442\u043e \u0436\u0434\u0430\u043b\u0430:<br>\n\u041a\u0430\u043a \u043c\u043e\u0433, \u043e\u0442\u043b\u0438\u0447\u0438\u043b\u0441\u044f,<br>\n\u0427\u0435\u0433\u043e-\u0442\u043e \u0434\u043e\u0431\u0438\u043b\u0441\u044f \u2014<br>\n\u041d\u0435 \u0437\u0440\u044f \u044f \u0435\u0433\u043e \u0440\u043e\u0434\u0438\u043b\u0430.<\/p>\n<\/div>\n\n<div class=\"verbatim\">\n<p>\u00c9coute Mathilde, ta maison est malheureuse&#8239;:<br>\nTon fils est devenu un bandit, il vie du pillage.<br>\nIl devra payer pour le mal&#8239;:<br>\nIl va \u00eatre arr\u00eat\u00e9 et jet\u00e9 en prison.<\/p>\n\n<p class=\"refrain\">Mon bon gar\u00e7on,<br>\nIl cherche sa voie&#8239;:<br>\nUne fois il va se tromper,<br>\nUne autre il va tr\u00e9bucher,<br>\nEnfin, il la trouvera en quelque fa\u00e7on.<\/p>\n\n<p>\u00c9coute Mathilde, les gens font du bruit dehors&#8239;:<br>\nTon fils est devenu un h\u00e9ros, chef du peuple.<br>\nLes prisons sont grandes ouvertes, la foule est pr\u00e8s du palais,<br>\nEt on glorifie ton garnement de bouche \u00e0 oreille.<\/p>\n\n<p class=\"refrain\">Mon bon gar\u00e7on,<br>\nLa jeunesse bouillonne sous sa peau.<br>\nIl grandira,<br>\nIl s\u2019assagira,<br>\nEt maintenant, qu\u2019il fasse le gamin.<\/p>\n\n<p>\u00c9coute Mathilde, quel tournant&#8239;:<br>\nTon fils est devenu un tyran, il tourmente le peuple.<br>\nLes casernes et billots sont partout autour&#8239;&#8230;<br>\nMathilde, on doute que ce soit ton r\u00eave.<\/p>\n\n<p class=\"refrain\">Mon bon gar\u00e7on,<br>\nSon labeur est dur&#8239;:<br>\nIl veut de l\u2019ordre,<br>\nC\u2019est pas facile pour certains,<br>\nIls souffriront, tol\u00e9reront, comprendront.<\/p>\n\n<p>\u00c9coute Mathilde, tu ne vas pas croire&#8239;:<br>\nTon fils est devenu une l\u00e9gende pour des mill\u00e9naires.<br>\nUne moiti\u00e9 du monde le trouve divin,<br>\nUne moiti\u00e9 du monde le maudit \u00e9ternellement.<\/p>\n\n<p class=\"refrain\">Mon bon gar\u00e7on,<br>\nJe l\u2019attendais&#8239;:<br>\nIl s\u2019est distingu\u00e9 qu\u2019il a pu,<br>\nIl a r\u00e9ussi quelque chose,<br>\nJe l\u2019ai pas mis au monde pour rien.<\/p>\n<\/div>\n<\/div>\n<\/div>\n\n\n\n<div class=\"menu-songs_ru-to-fr-container\"><ul id=\"menu-songs_ru-to-fr\" class=\"menu\"><li id=\"menu-item-4658\" class=\"menu-item menu-item-type-post_type menu-item-object-page menu-item-4658\"><a href=\"https:\/\/ilupin.com\/en\/?page_id=2339\" class=\"menu-link\">Ru\u25b8Fr<\/a><\/li>\n<li id=\"menu-item-6188\" class=\"menu-item menu-item-type-post_type menu-item-object-page menu-item-6188\"><a href=\"https:\/\/ilupin.com\/en\/songs\/ru-to-fr\/guerre\/\" class=\"menu-link\">La Guerre (\u0412\u043e\u0439\u043d\u0430)<\/a><\/li>\n<li id=\"menu-item-5696\" class=\"menu-item menu-item-type-post_type menu-item-object-page menu-item-5696\"><a href=\"https:\/\/ilupin.com\/en\/songs\/ru-to-fr\/auteur\/\" class=\"menu-link\">L\u2019Auteur (\u0410\u0432\u0442\u043e\u0440)<\/a><\/li>\n<li id=\"menu-item-5606\" class=\"menu-item menu-item-type-post_type menu-item-object-page menu-item-5606\"><a href=\"https:\/\/ilupin.com\/en\/songs\/ru-to-fr\/votre-majeste-la-femme\/\" class=\"menu-link\">Votre Majest\u00e9 la Femme (\u0412\u0430\u0448\u0435 \u0432\u0435\u043b\u0438\u0447\u0435\u0441\u0442\u0432\u043e \u0416\u0435\u043d\u0449\u0438\u043d\u0430)<\/a><\/li>\n<li id=\"menu-item-3920\" class=\"menu-item menu-item-type-post_type menu-item-object-page menu-item-3920\"><a href=\"https:\/\/ilupin.com\/en\/songs\/ru-to-fr\/mathilde\/\" class=\"menu-link\">Mathilde (\u041c\u0430\u0442\u0438\u043b\u044c\u0434\u0430)<\/a><\/li>\n<li id=\"menu-item-3921\" class=\"menu-item menu-item-type-post_type menu-item-object-page menu-item-3921\"><a href=\"https:\/\/ilupin.com\/en\/songs\/ru-to-fr\/valse-fortuite\/\" class=\"menu-link\">Une Valse fortuite (\u0421\u043b\u0443\u0447\u0430\u0439\u043d\u044b\u0439 \u0432\u0430\u043b\u044c\u0441)<\/a><\/li>\n<\/ul><\/div>\n\n\n\n<p><\/p>\n","protected":false},"excerpt":{"rendered":"<p>2019 \u00c9coute Mathilde, que t\u2019es malheureuse&#8239;: Ton fils est bandit et sa vie est affreuse. Pour ses crimes horribles, un jour il paiera&#8239;: On l\u2019arr\u00eatera, on l\u2019emprisonnera. Mon petit, mon brave, Il cherche son chemin&#8239;: Parfois il se trompe, Car il a vu trop peu, Mais il le trouvera \u00e0 la fin. \u00c9coute Mathilde, les [&hellip;]<\/p>\n","protected":false},"author":1,"featured_media":0,"parent":2339,"menu_order":98,"comment_status":"closed","ping_status":"closed","template":"","meta":{"site-sidebar-layout":"default","site-content-layout":"default","ast-site-content-layout":"default","site-content-style":"default","site-sidebar-style":"default","ast-global-header-display":"","ast-banner-title-visibility":"","ast-main-header-display":"","ast-hfb-above-header-display":"","ast-hfb-below-header-display":"","ast-hfb-mobile-header-display":"","site-post-title":"","ast-breadcrumbs-content":"","ast-featured-img":"","footer-sml-layout":"","ast-disable-related-posts":"","theme-transparent-header-meta":"default","adv-header-id-meta":"","stick-header-meta":"","header-above-stick-meta":"","header-main-stick-meta":"","header-below-stick-meta":"","astra-migrate-meta-layouts":"set","ast-page-background-enabled":"default","ast-page-background-meta":{"desktop":{"background-color":"","background-image":"","background-repeat":"repeat","background-position":"center center","background-size":"auto","background-attachment":"scroll","background-type":"","background-media":"","overlay-type":"","overlay-color":"","overlay-opacity":"","overlay-gradient":""},"tablet":{"background-color":"","background-image":"","background-repeat":"repeat","background-position":"center center","background-size":"auto","background-attachment":"scroll","background-type":"","background-media":"","overlay-type":"","overlay-color":"","overlay-opacity":"","overlay-gradient":""},"mobile":{"background-color":"","background-image":"","background-repeat":"repeat","background-position":"center center","background-size":"auto","background-attachment":"scroll","background-type":"","background-media":"","overlay-type":"","overlay-color":"","overlay-opacity":"","overlay-gradient":""}},"ast-content-background-meta":{"desktop":{"background-color":"var(--ast-global-color-5)","background-image":"","background-repeat":"repeat","background-position":"center center","background-size":"auto","background-attachment":"scroll","background-type":"","background-media":"","overlay-type":"","overlay-color":"","overlay-opacity":"","overlay-gradient":""},"tablet":{"background-color":"var(--ast-global-color-5)","background-image":"","background-repeat":"repeat","background-position":"center center","background-size":"auto","background-attachment":"scroll","background-type":"","background-media":"","overlay-type":"","overlay-color":"","overlay-opacity":"","overlay-gradient":""},"mobile":{"background-color":"var(--ast-global-color-5)","background-image":"","background-repeat":"repeat","background-position":"center center","background-size":"auto","background-attachment":"scroll","background-type":"","background-media":"","overlay-type":"","overlay-color":"","overlay-opacity":"","overlay-gradient":""}},"footnotes":""},"class_list":["post-2642","page","type-page","status-publish","hentry"],"_links":{"self":[{"href":"https:\/\/ilupin.com\/en\/wp-json\/wp\/v2\/pages\/2642","targetHints":{"allow":["GET"]}}],"collection":[{"href":"https:\/\/ilupin.com\/en\/wp-json\/wp\/v2\/pages"}],"about":[{"href":"https:\/\/ilupin.com\/en\/wp-json\/wp\/v2\/types\/page"}],"author":[{"embeddable":true,"href":"https:\/\/ilupin.com\/en\/wp-json\/wp\/v2\/users\/1"}],"replies":[{"embeddable":true,"href":"https:\/\/ilupin.com\/en\/wp-json\/wp\/v2\/comments?post=2642"}],"version-history":[{"count":204,"href":"https:\/\/ilupin.com\/en\/wp-json\/wp\/v2\/pages\/2642\/revisions"}],"predecessor-version":[{"id":12527,"href":"https:\/\/ilupin.com\/en\/wp-json\/wp\/v2\/pages\/2642\/revisions\/12527"}],"up":[{"embeddable":true,"href":"https:\/\/ilupin.com\/en\/wp-json\/wp\/v2\/pages\/2339"}],"wp:attachment":[{"href":"https:\/\/ilupin.com\/en\/wp-json\/wp\/v2\/media?parent=2642"}],"curies":[{"name":"wp","href":"https:\/\/api.w.org\/{rel}","templated":true}]}}