{"id":3167,"date":"2019-12-16T20:02:54","date_gmt":"2019-12-16T19:02:54","guid":{"rendered":"https:\/\/ilupin.com\/ru\/?page_id=3167"},"modified":"2023-11-01T17:07:35","modified_gmt":"2023-11-01T16:07:35","slug":"ave-maria-paien","status":"publish","type":"page","link":"https:\/\/ilupin.com\/en\/songs\/fr-to-ru\/ave-maria-paien\/","title":{"rendered":"\u042f\u0437\u044b\u0447\u0435\u0441\u043a\u0430\u044f \u00ab\u0410\u0432\u0435 \u041c\u0430\u0440\u0438\u044f\u00bb (Ave Maria pa\u00efen)"},"content":{"rendered":"\n<div class=\"karma-by-kadar__simple-player \" data-title=\"Ave Maria pa\u00efen \u2014 H\u00e9l\u00e8ne S\u00e9gara, 1998\" data-src=\"https:\/\/ilupin.com\/wp-content\/uploads\/songs\/ave-maria-paien.mp3\" data-volume=\"0.7\" >\n\t\t\t<div class=\"karma-by-kadar__simple-player__player\"><\/div>\n\t\t\t<div class=\"karma-by-kadar__simple-player__play-pause\">\n\t\t\t\t<div class=\"karma-by-kadar__simple-player__play\">\n\t\t\t\t\t<i class=\"material-icons\">play_circle_filled<\/i>\n\t\t\t\t<\/div>\n\t\t\t\t<div class=\"karma-by-kadar__simple-player__pause\">\n\t\t\t\t\t<i class=\"material-icons\">pause_circle_filled<\/i>\n\t\t\t\t<\/div>\n\t\t\t<\/div><div class=\"karma-by-kadar__simple-player__title\">\n\t\t\t\t<div class=\"karma-by-kadar__simple-player__title__the-title\">Ave Maria pa\u00efen \u2014 H\u00e9l\u00e8ne S\u00e9gara, 1998<\/div><\/div><div class=\"karma-by-kadar__simple-player__volume-handler-container\">\n\t\t\t\t<div class=\"karma-by-kadar__simple-player__middle\">\n\t\t\t\t\t<div class=\"karma-by-kadar__simple-player__seekbar\">\n\t\t\t\t\t\t<div class=\"karma-by-kadar__simple-player__seekbar__bg\"><\/div>\n\t\t\t\t\t<\/div>\n\t\t\t\t\t<div class=\"karma-by-kadar__simple-player__current-time\"><\/div>\n\t\t\t\t\t<div class=\"karma-by-kadar__simple-player__duration\"><\/div>\n\t\t\t\t<\/div>\n\t\t\t\t<div class=\"karma-by-kadar__simple-player__right\">\n\t\t\t\t\t<div class=\"karma-by-kadar__simple-player__volume\">\n\t\t\t\t\t\t<div class=\"karma-by-kadar__simple-player__volume__bar\">\n\t\t\t\t\t\t\t<div class=\"karma-by-kadar__simple-player__volume__seekbar\">\n\t\t\t\t\t\t\t\t<div class=\"karma-by-kadar__simple-player__volume__seekbar__bg\"><\/div>\n\t\t\t\t\t\t\t<\/div>\n\t\t\t\t\t\t\t<i class=\"material-icons\">volume_down<\/i>\n\t\t\t\t\t\t<\/div>\n\t\t\t\t\t\t<div class=\"karma-by-kadar__simple-player__mute\">\n\t\t\t\t\t\t\t<i class=\"material-icons\">volume_up<\/i>\n\t\t\t\t\t\t<\/div>\n\t\t\t\t\t\t<div class=\"karma-by-kadar__simple-player__unmute\">\n\t\t\t\t\t\t\t<i class=\"material-icons\">volume_off<\/i>\n\t\t\t\t\t\t<\/div>\n\t\t\t\t\t<\/div>\n\t\t\t\t<\/div>\n\t\t\t<\/div>\n\t\t<\/div>\n\n\n\n<div class=\"wp-block-columns is-layout-flex wp-container-core-columns-is-layout-28f84493 wp-block-columns-is-layout-flex\">\n<div class=\"wp-block-column is-layout-flow wp-block-column-is-layout-flow\">\n<input type=\"radio\" name=\"translation-button\" id=\"translation\" checked=\"checked\">\n\n<label for=\"translation\" class=\"translation-link\">2010<\/label>\n\n<div class=\"translation\">\n\n<p>\u0410\u0432\u0435 \u041c\u0430\u0440\u0438\u044f, \u043f\u0440\u043e\u0441\u0442\u0438 \u043c\u0435\u043d\u044f:<br>\n\u042f \u043f\u0440\u0435\u0434 \u0442\u043e\u0431\u043e\u044e \u0441\u0442\u043e\u044f\u0442\u044c \u0441\u043c\u0435\u044e.<\/p>\n\n<p>\u0410\u0432\u0435 \u041c\u0430\u0440\u0438\u044f,<br>\n\u042f \u043a\u043e\u043b\u0435\u043d \u043f\u0440\u0435\u043a\u043b\u043e\u043d\u044f\u0442\u044c \u043d\u0435 \u0443\u043c\u0435\u044e.<\/p>\n\n<p>\u0410\u0432\u0435 \u041c\u0430\u0440\u0438\u044f, \u0443\u043a\u0440\u043e\u0439 \u043c\u0435\u043d\u044f<br>\n\u041e\u0442 \u0431\u0435\u0437\u0443\u043c\u0438\u044f, \u0437\u043b\u0430, \u043d\u0438\u0449\u0435\u0442\u044b,<br>\n\u0426\u0430\u0440\u044f\u0449\u0438\u0445 \u043d\u0430\u0434 \u0437\u0435\u043c\u043b\u0435\u0439.<\/p>\n\n<p>\u0410\u0432\u0435 \u041c\u0430\u0440\u0438\u044f,<br>\n\u0417\u0434\u0435\u0441\u044c \u043f\u043e\u0432\u0441\u044e\u0434\u0443 \u0441\u043a\u0438\u0442\u0430\u043b\u044c\u0446\u0435\u0432 \u0441\u043b\u0435\u0434\u044b.<\/p>\n\n<p>\u0410\u0432\u0435 \u041c\u0430\u0440\u0438\u044f, \u0443\u0441\u043b\u044b\u0448\u044c \u043c\u0435\u043d\u044f!<br>\n\u0412\u043e\u0437\u0432\u0435\u0434\u0438 \u043c\u0435\u0436\u0434\u0443 \u043d\u0430\u043c\u0438 \u043c\u043e\u0441\u0442\u044b:<br>\n\u041c\u044b \u0431\u0440\u0430\u0442\u044c\u044f \u043f\u0440\u0435\u0434 \u0442\u043e\u0431\u043e\u0439.<\/p>\n\n<p>\u0410\u0432\u0435 \u041c\u0430\u0440\u0438\u044f,<br>\n\u0421\u043e\u0445\u0440\u0430\u043d\u0438 \u043c\u043e\u0438 \u043d\u043e\u0447\u0438 \u0438 \u0434\u043d\u0438.<\/p>\n\n<p>\u0410\u0432\u0435 \u041c\u0430\u0440\u0438\u044f, \u0443\u043a\u0440\u043e\u0439 \u043c\u0435\u043d\u044f!<br>\n\u041c\u043e\u044e \u0436\u0438\u0437\u043d\u044c \u0438 \u043b\u044e\u0431\u043e\u0432\u044c \u0441\u043e\u0445\u0440\u0430\u043d\u0438,<br>\n\u0410\u0432\u0435 \u041c\u0430\u0440\u0438\u044f.<\/p>\n<\/div>\n<\/div>\n\n\n\n<div class=\"wp-block-column is-layout-flow wp-block-column-is-layout-flow\">\n<input type=\"radio\" name=\"original-button\" id=\"original\" checked=\"checked\"> \n<input type=\"radio\" name=\"original-button\" id=\"verbatim\">\n\n<label for=\"original\" class=\"original-link\">L. Plamandon, 1998<\/label>\n<label for=\"verbatim\" class=\"verbatim-link\"><\/label>\n\n<div class=\"original\">\n\n<p>Ave Maria, pardonne-moi,<br>\nSi devant toi je me tiens debout.<\/p>\n\n<p>Ave Maria,<br>\nMoi qui ne sais pas me mettre \u00e0 genoux.<\/p>\n\n<p>Ave Maria, prot\u00e8ge-moi<br>\nDe la mis\u00e8re, du mal et des fous,<br>\nQui r\u00e8gnent sur la terre.<\/p>\n\n<p>Ave Maria,<br>\nDes \u00e9trangers il en vient de partout.<\/p>\n\n<p>Ave Maria, ecoute-moi&#8239;!<br>\nFais tomber les barri\u00e8res entre nous,<br>\nQui sommes tous des fr\u00e8res.<\/p>\n\n<p>Ave Maria,<br>\nVeille sur mes jours et sur mes nuits.<\/p>\n\n<p>Ave Maria, prot\u00e8ge-moi&#8239;!<br>\nVeille sur mon amour et ma vie,<br>\nAve Maria.<\/p>\n<\/div>\n\n<div class=\"verbatim\">\n\n<p>\u0410\u0432\u0435 \u041c\u0430\u0440\u0438\u044f, \u043f\u0440\u043e\u0441\u0442\u0438 \u043c\u0435\u043d\u044f,<br>\n\u0415\u0441\u043b\u0438 \u044f \u0431\u0443\u0434\u0443 \u0441\u0442\u043e\u044f\u0442\u044c \u043f\u0435\u0440\u0435\u0434 \u0442\u043e\u0431\u043e\u0439.<\/p>\n\n<p>\u0410\u0432\u0435 \u041c\u0430\u0440\u0438\u044f,<br>\n\u042f \u043d\u0435 \u0443\u043c\u0435\u044e \u043f\u0440\u0435\u043a\u043b\u043e\u043d\u044f\u0442\u044c \u043a\u043e\u043b\u0435\u043d\u0438.<\/p>\n\n<p>\u0410\u0432\u0435 \u041c\u0430\u0440\u0438\u044f, \u0437\u0430\u0449\u0438\u0442\u0438 \u043c\u0435\u043d\u044f<br>\n\u041e\u0442 \u043d\u0438\u0449\u0435\u0442\u044b, \u0437\u043b\u0430 \u0438 \u0431\u0435\u0437\u0443\u043c\u0446\u0435\u0432,<br>\n\u0427\u0442\u043e \u0446\u0430\u0440\u0441\u0442\u0432\u0443\u044e\u0442 \u043d\u0430 \u0437\u0435\u043c\u043b\u0435.<\/p>\n\n<p>\u0410\u0432\u0435 \u041c\u0430\u0440\u0438\u044f,<br>\n\u0421\u0442\u0440\u0430\u043d\u043d\u0438\u043a\u0438 \u043f\u0440\u0438\u0445\u043e\u0434\u044f\u0442 \u0441\u044e\u0434\u0430 \u043e\u0442\u043e\u0432\u0441\u044e\u0434\u0443.<\/p>\n\n<p>\u0410\u0432\u0435 \u041c\u0430\u0440\u0438\u044f, \u0443\u0441\u043b\u044b\u0448\u044c \u043c\u0435\u043d\u044f!<br>\n\u041f\u0443\u0441\u0442\u044c \u0443\u043f\u0430\u0434\u0443\u0442 \u043f\u0440\u0435\u0433\u0440\u0430\u0434\u044b \u043c\u0435\u0436\u0434\u0443 \u043d\u0430\u043c\u0438,<br>\n\u0412\u0435\u0434\u044c \u0432\u0441\u0435 \u043c\u044b \u0431\u0440\u0430\u0442\u044c\u044f.<\/p>\n\n<p>\u0410\u0432\u0435 \u041c\u0430\u0440\u0438\u044f,<br>\n\u0425\u0440\u0430\u043d\u0438 \u043c\u043e\u0438 \u0434\u043d\u0438 \u0438 \u043c\u043e\u0438 \u043d\u043e\u0447\u0438.<\/p>\n\n<p>\u0410\u0432\u0435 \u041c\u0430\u0440\u0438\u044f, \u0437\u0430\u0449\u0438\u0442\u0438 \u043c\u0435\u043d\u044f!<br>\n\u0425\u0440\u0430\u043d\u0438 \u043c\u043e\u044e \u043b\u044e\u0431\u043e\u0432\u044c \u0438 \u043c\u043e\u044e \u0436\u0438\u0437\u043d\u044c,<br>\n\u0410\u0432\u0435 \u041c\u0430\u0440\u0438\u044f.<\/p>\n<\/div>\n<\/div>\n<\/div>\n\n\n\n<div class=\"menu-songs_fr-to-ru-container\"><ul id=\"menu-songs_fr-to-ru\" class=\"menu\"><li id=\"menu-item-4659\" class=\"menu-item menu-item-type-post_type menu-item-object-page menu-item-4659\"><a href=\"https:\/\/ilupin.com\/en\/?page_id=2337\" class=\"menu-link\">Fr\u25b8Ru<\/a><\/li>\n<li id=\"menu-item-7658\" class=\"menu-item menu-item-type-post_type menu-item-object-page menu-item-7658\"><a href=\"https:\/\/ilupin.com\/en\/songs\/fr-to-ru\/bricoleur\/\" class=\"menu-link\">\u0417\u043e\u043b\u043e\u0442\u044b\u0435 \u0440\u0443\u043a\u0438 (Le Bricoleur)<\/a><\/li>\n<li id=\"menu-item-5305\" class=\"menu-item menu-item-type-post_type menu-item-object-page menu-item-5305\"><a href=\"https:\/\/ilupin.com\/en\/songs\/fr-to-ru\/pomme-c\/\" class=\"menu-link\">\u041a\u043e\u043d\u0442\u0440\u043e\u043b-\u0446\u044d (Pomme C)<\/a><\/li>\n<li id=\"menu-item-3922\" class=\"menu-item menu-item-type-post_type menu-item-object-page menu-item-3922\"><a href=\"https:\/\/ilupin.com\/en\/songs\/fr-to-ru\/on-ira\/\" class=\"menu-link\">\u041c\u044b \u043f\u043e\u0439\u0434\u0435\u043c (On ira)<\/a><\/li>\n<li id=\"menu-item-3923\" class=\"menu-item menu-item-type-post_type menu-item-object-page menu-item-3923\"><a href=\"https:\/\/ilupin.com\/en\/songs\/fr-to-ru\/jai-le-droit-aussi\/\" class=\"menu-link\">\u041f\u0440\u0430\u0432\u043e \u0431\u044b\u0442\u044c \u0441\u043e\u0431\u043e\u0439 (J\u2019ai le droit aussi)<\/a><\/li>\n<li id=\"menu-item-3924\" class=\"menu-item menu-item-type-post_type menu-item-object-page menu-item-3924\"><a href=\"https:\/\/ilupin.com\/en\/songs\/fr-to-ru\/lune\/\" class=\"menu-link\">\u041b\u0443\u043d\u0430 (La Lune)<\/a><\/li>\n<li id=\"menu-item-3925\" class=\"menu-item menu-item-type-post_type menu-item-object-page menu-item-3925\"><a href=\"https:\/\/ilupin.com\/en\/songs\/fr-to-ru\/fanny-ardant-et-moi\/\" class=\"menu-link\">\u0424\u0430\u043d\u043d\u0438 \u0410\u0440\u0434\u0430\u043d \u0438 \u044f (Fanny Ardant et moi)<\/a><\/li>\n<li id=\"menu-item-3926\" class=\"menu-item menu-item-type-post_type menu-item-object-page menu-item-3926\"><a href=\"https:\/\/ilupin.com\/en\/songs\/fr-to-ru\/je-veux\/\" class=\"menu-link\">\u0425\u043e\u0447\u0443 (Je veux)<\/a><\/li>\n<li id=\"menu-item-4020\" class=\"menu-item menu-item-type-post_type menu-item-object-page menu-item-4020\"><a href=\"https:\/\/ilupin.com\/en\/songs\/fr-to-ru\/ave-maria-paien\/\" class=\"menu-link\">\u042f\u0437\u044b\u0447\u0435\u0441\u043a\u0430\u044f \u00ab\u0410\u0432\u0435 \u041c\u0430\u0440\u0438\u044f\u00bb (Ave Maria pa\u00efen)<\/a><\/li>\n<li id=\"menu-item-3928\" class=\"menu-item menu-item-type-post_type menu-item-object-page menu-item-3928\"><a href=\"https:\/\/ilupin.com\/en\/songs\/fr-to-ru\/portes-de-paris\/\" class=\"menu-link\">\u041f\u0430\u0440\u0438\u0436 \u0437\u0430\u043a\u0440\u044b\u043b \u0432\u0440\u0430\u0442\u0430 (Les Portes de Paris)<\/a><\/li>\n<li id=\"menu-item-4028\" class=\"menu-item menu-item-type-post_type menu-item-object-page menu-item-4028\"><a href=\"https:\/\/ilupin.com\/en\/songs\/fr-to-ru\/yeux-au-ciel\/\" class=\"menu-link\">\u0421\u043c\u043e\u0442\u0440\u044e \u043d\u0430 \u043d\u0435\u0431\u043e (Les Yeux au ciel)<\/a><\/li>\n<li id=\"menu-item-3930\" class=\"menu-item menu-item-type-post_type menu-item-object-page menu-item-3930\"><a href=\"https:\/\/ilupin.com\/en\/songs\/fr-to-ru\/belle\/\" class=\"menu-link\">\u041a\u0440\u0430\u0441\u0430\u0432\u0438\u0446\u0430 (Belle)<\/a><\/li>\n<\/ul><\/div>\n\n\n\n<p><\/p>\n","protected":false},"excerpt":{"rendered":"<p>2010 \u0410\u0432\u0435 \u041c\u0430\u0440\u0438\u044f, \u043f\u0440\u043e\u0441\u0442\u0438 \u043c\u0435\u043d\u044f: \u042f \u043f\u0440\u0435\u0434 \u0442\u043e\u0431\u043e\u044e \u0441\u0442\u043e\u044f\u0442\u044c \u0441\u043c\u0435\u044e. \u0410\u0432\u0435 \u041c\u0430\u0440\u0438\u044f, \u042f \u043a\u043e\u043b\u0435\u043d \u043f\u0440\u0435\u043a\u043b\u043e\u043d\u044f\u0442\u044c \u043d\u0435 \u0443\u043c\u0435\u044e. \u0410\u0432\u0435 \u041c\u0430\u0440\u0438\u044f, \u0443\u043a\u0440\u043e\u0439 \u043c\u0435\u043d\u044f \u041e\u0442 \u0431\u0435\u0437\u0443\u043c\u0438\u044f, \u0437\u043b\u0430, \u043d\u0438\u0449\u0435\u0442\u044b, \u0426\u0430\u0440\u044f\u0449\u0438\u0445 \u043d\u0430\u0434 \u0437\u0435\u043c\u043b\u0435\u0439. \u0410\u0432\u0435 \u041c\u0430\u0440\u0438\u044f, \u0417\u0434\u0435\u0441\u044c \u043f\u043e\u0432\u0441\u044e\u0434\u0443 \u0441\u043a\u0438\u0442\u0430\u043b\u044c\u0446\u0435\u0432 \u0441\u043b\u0435\u0434\u044b. \u0410\u0432\u0435 \u041c\u0430\u0440\u0438\u044f, \u0443\u0441\u043b\u044b\u0448\u044c \u043c\u0435\u043d\u044f! \u0412\u043e\u0437\u0432\u0435\u0434\u0438 \u043c\u0435\u0436\u0434\u0443 \u043d\u0430\u043c\u0438 \u043c\u043e\u0441\u0442\u044b: \u041c\u044b \u0431\u0440\u0430\u0442\u044c\u044f \u043f\u0440\u0435\u0434 \u0442\u043e\u0431\u043e\u0439. \u0410\u0432\u0435 \u041c\u0430\u0440\u0438\u044f, \u0421\u043e\u0445\u0440\u0430\u043d\u0438 \u043c\u043e\u0438 \u043d\u043e\u0447\u0438 \u0438 \u0434\u043d\u0438. \u0410\u0432\u0435 \u041c\u0430\u0440\u0438\u044f, [&hellip;]<\/p>\n","protected":false},"author":1,"featured_media":0,"parent":2337,"menu_order":96,"comment_status":"closed","ping_status":"closed","template":"","meta":{"site-sidebar-layout":"default","site-content-layout":"default","ast-site-content-layout":"default","site-content-style":"default","site-sidebar-style":"default","ast-global-header-display":"","ast-banner-title-visibility":"","ast-main-header-display":"","ast-hfb-above-header-display":"","ast-hfb-below-header-display":"","ast-hfb-mobile-header-display":"","site-post-title":"","ast-breadcrumbs-content":"","ast-featured-img":"","footer-sml-layout":"","ast-disable-related-posts":"","theme-transparent-header-meta":"default","adv-header-id-meta":"","stick-header-meta":"","header-above-stick-meta":"","header-main-stick-meta":"","header-below-stick-meta":"","astra-migrate-meta-layouts":"set","ast-page-background-enabled":"default","ast-page-background-meta":{"desktop":{"background-color":"","background-image":"","background-repeat":"repeat","background-position":"center center","background-size":"auto","background-attachment":"scroll","background-type":"","background-media":"","overlay-type":"","overlay-color":"","overlay-opacity":"","overlay-gradient":""},"tablet":{"background-color":"","background-image":"","background-repeat":"repeat","background-position":"center center","background-size":"auto","background-attachment":"scroll","background-type":"","background-media":"","overlay-type":"","overlay-color":"","overlay-opacity":"","overlay-gradient":""},"mobile":{"background-color":"","background-image":"","background-repeat":"repeat","background-position":"center center","background-size":"auto","background-attachment":"scroll","background-type":"","background-media":"","overlay-type":"","overlay-color":"","overlay-opacity":"","overlay-gradient":""}},"ast-content-background-meta":{"desktop":{"background-color":"var(--ast-global-color-5)","background-image":"","background-repeat":"repeat","background-position":"center center","background-size":"auto","background-attachment":"scroll","background-type":"","background-media":"","overlay-type":"","overlay-color":"","overlay-opacity":"","overlay-gradient":""},"tablet":{"background-color":"var(--ast-global-color-5)","background-image":"","background-repeat":"repeat","background-position":"center center","background-size":"auto","background-attachment":"scroll","background-type":"","background-media":"","overlay-type":"","overlay-color":"","overlay-opacity":"","overlay-gradient":""},"mobile":{"background-color":"var(--ast-global-color-5)","background-image":"","background-repeat":"repeat","background-position":"center center","background-size":"auto","background-attachment":"scroll","background-type":"","background-media":"","overlay-type":"","overlay-color":"","overlay-opacity":"","overlay-gradient":""}},"footnotes":""},"class_list":["post-3167","page","type-page","status-publish","hentry"],"_links":{"self":[{"href":"https:\/\/ilupin.com\/en\/wp-json\/wp\/v2\/pages\/3167","targetHints":{"allow":["GET"]}}],"collection":[{"href":"https:\/\/ilupin.com\/en\/wp-json\/wp\/v2\/pages"}],"about":[{"href":"https:\/\/ilupin.com\/en\/wp-json\/wp\/v2\/types\/page"}],"author":[{"embeddable":true,"href":"https:\/\/ilupin.com\/en\/wp-json\/wp\/v2\/users\/1"}],"replies":[{"embeddable":true,"href":"https:\/\/ilupin.com\/en\/wp-json\/wp\/v2\/comments?post=3167"}],"version-history":[{"count":14,"href":"https:\/\/ilupin.com\/en\/wp-json\/wp\/v2\/pages\/3167\/revisions"}],"predecessor-version":[{"id":10609,"href":"https:\/\/ilupin.com\/en\/wp-json\/wp\/v2\/pages\/3167\/revisions\/10609"}],"up":[{"embeddable":true,"href":"https:\/\/ilupin.com\/en\/wp-json\/wp\/v2\/pages\/2337"}],"wp:attachment":[{"href":"https:\/\/ilupin.com\/en\/wp-json\/wp\/v2\/media?parent=3167"}],"curies":[{"name":"wp","href":"https:\/\/api.w.org\/{rel}","templated":true}]}}