{"id":34,"date":"2019-03-16T15:59:29","date_gmt":"2019-03-16T14:59:29","guid":{"rendered":"https:\/\/ilupin.com\/?page_id=34"},"modified":"2023-07-05T00:15:16","modified_gmt":"2023-07-04T22:15:16","slug":"park","status":"publish","type":"page","link":"https:\/\/ilupin.com\/en\/photo\/art\/park\/","title":{"rendered":"Park"},"content":{"rendered":"\n<figure id=\"1\" class=\"wp-block-image name\"><a href=\"#1\"><img decoding=\"async\" src=\"\/wp-content\/uploads\/2019\/03\/park_2012-10_New-York.jpg\" alt=\"\" class=\"wp-image-180\"><\/a><figcaption>October 2012, New York, USA<\/figcaption><\/figure>\n\n\n\n<figure id=\"2\" class=\"wp-block-image name\"><a href=\"#2\"><img decoding=\"async\" src=\"\/wp-content\/uploads\/2019\/03\/park_2013-01_Prague.jpg\" alt=\"\" class=\"wp-image-181\"><\/a><figcaption>January 2013, Prague, Czech Republic<\/figcaption><\/figure>\n\n\n\n<figure id=\"3\" class=\"wp-block-image name\"><a href=\"#3\"><img decoding=\"async\" src=\"\/wp-content\/uploads\/2019\/03\/park_2015-01_Jerusalem.jpg\" alt=\"\" class=\"wp-image-182\"><\/a><figcaption>January 2015, Jerusalem, Israel<\/figcaption><\/figure>\n\n\n\n<figure id=\"4\" class=\"wp-block-image name\"><a href=\"#4\"><img decoding=\"async\" src=\"\/wp-content\/uploads\/2019\/03\/park_2015-04_Lyon.jpg\" alt=\"\" class=\"wp-image-183\"><\/a><figcaption>April 2015, Lyon, France<\/figcaption><\/figure>\n\n\n\n<figure id=\"5\" class=\"wp-block-image name\"><a href=\"#5\"><img decoding=\"async\" src=\"\/wp-content\/uploads\/2019\/03\/park_2016-11_Samoens.jpg\" alt=\"\" class=\"wp-image-184\"><\/a><figcaption>November 2016, Samo\u00ebns, France<\/figcaption><\/figure>\n\n\n\n<figure id=\"6\" class=\"wp-block-image name\"><a href=\"#6\"><img decoding=\"async\" src=\"\/wp-content\/uploads\/2019\/03\/park_2017-05_Vienna.jpg\" alt=\"\" class=\"wp-image-187\"><\/a><figcaption>May 2017, Vienna, Austria<\/figcaption><\/figure>\n\n\n\n<figure id=\"7\" class=\"wp-block-image name\"><a href=\"#7\"><img decoding=\"async\" src=\"\/wp-content\/uploads\/2019\/03\/park_2017-05_Schonbrunn.jpg\" alt=\"\" class=\"wp-image-186\"><\/a><figcaption>May 2017, Sch\u00f6nbrunn, Austria<\/figcaption><\/figure>\n\n\n\n<figure id=\"8\" class=\"wp-block-image name\"><a href=\"#8\"><img decoding=\"async\" src=\"\/wp-content\/uploads\/2019\/03\/park_2017-05_Bratislava.jpg\" alt=\"\" class=\"wp-image-185\"><\/a><figcaption>May 2017, Bratislava, Slovakia<\/figcaption><\/figure>\n\n\n\n<figure id=\"9\" class=\"wp-block-image name\"><a href=\"#9\"><img decoding=\"async\" src=\"\/wp-content\/uploads\/2019\/03\/park_2017-08_Thingvellir.jpg\" alt=\"\" class=\"wp-image-188\"><\/a><figcaption>August 2017, \u00deingvellir, Iceland<\/figcaption><\/figure>\n\n\n\n<figure id=\"10\" class=\"wp-block-image name\"><a href=\"#10\"><img decoding=\"async\" src=\"\/wp-content\/uploads\/2019\/03\/park_2018-08_Paris.jpg\" alt=\"\" class=\"wp-image-189\"><\/a><figcaption>August 2018, Paris, France<\/figcaption><\/figure>\n\n\n\n<div class=\"menu-photo-art-container\"><ul id=\"menu-photo-art\" class=\"menu\"><li id=\"menu-item-8096\" class=\"menu-item menu-item-type-post_type menu-item-object-page menu-item-8096\"><a href=\"https:\/\/ilupin.com\/en\/?page_id=8082\" class=\"menu-link\">For love<\/a><\/li>\n<li id=\"menu-item-3722\" class=\"menu-item menu-item-type-post_type menu-item-object-page menu-item-3722\"><a href=\"https:\/\/ilupin.com\/en\/photo\/art\/people\/\" class=\"menu-link\">People<\/a><\/li>\n<li id=\"menu-item-3723\" class=\"menu-item menu-item-type-post_type menu-item-object-page menu-item-3723\"><a href=\"https:\/\/ilupin.com\/en\/photo\/art\/fauna\/\" class=\"menu-link\">Fauna<\/a><\/li>\n<li id=\"menu-item-3724\" class=\"menu-item menu-item-type-post_type menu-item-object-page menu-item-3724\"><a href=\"https:\/\/ilupin.com\/en\/photo\/art\/flora\/\" class=\"menu-link\">Flora<\/a><\/li>\n<li id=\"menu-item-3725\" class=\"menu-item menu-item-type-post_type menu-item-object-page menu-item-3725\"><a href=\"https:\/\/ilupin.com\/en\/photo\/art\/leisure\/\" class=\"menu-link\">Leisure<\/a><\/li>\n<li id=\"menu-item-3726\" class=\"menu-item menu-item-type-post_type menu-item-object-page menu-item-3726\"><a href=\"https:\/\/ilupin.com\/en\/photo\/art\/view\/\" class=\"menu-link\">View<\/a><\/li>\n<li id=\"menu-item-3727\" class=\"menu-item menu-item-type-post_type menu-item-object-page menu-item-3727\"><a href=\"https:\/\/ilupin.com\/en\/photo\/art\/park\/\" class=\"menu-link\">Park<\/a><\/li>\n<li id=\"menu-item-3728\" class=\"menu-item menu-item-type-post_type menu-item-object-page menu-item-3728\"><a href=\"https:\/\/ilupin.com\/en\/photo\/art\/waterfront\/\" class=\"menu-link\">Waterfront<\/a><\/li>\n<li id=\"menu-item-3729\" class=\"menu-item menu-item-type-post_type menu-item-object-page menu-item-3729\"><a href=\"https:\/\/ilupin.com\/en\/photo\/art\/details\/\" class=\"menu-link\">Details<\/a><\/li>\n<li id=\"menu-item-3730\" class=\"menu-item menu-item-type-post_type menu-item-object-page menu-item-3730\"><a href=\"https:\/\/ilupin.com\/en\/photo\/art\/architecture\/\" class=\"menu-link\">Architecture<\/a><\/li>\n<li id=\"menu-item-3731\" class=\"menu-item menu-item-type-post_type menu-item-object-page menu-item-3731\"><a href=\"https:\/\/ilupin.com\/en\/photo\/art\/sculpture\/\" class=\"menu-link\">Sculpture<\/a><\/li>\n<li id=\"menu-item-3732\" class=\"menu-item menu-item-type-post_type menu-item-object-page menu-item-3732\"><a href=\"https:\/\/ilupin.com\/en\/photo\/art\/installation\/\" class=\"menu-link\">Installation<\/a><\/li>\n<li id=\"menu-item-3733\" class=\"menu-item menu-item-type-post_type menu-item-object-page menu-item-3733\"><a href=\"https:\/\/ilupin.com\/en\/photo\/art\/industry\/\" class=\"menu-link\">Industry<\/a><\/li>\n<\/ul><\/div>\n","protected":false},"excerpt":{"rendered":"<p>October 2012, New York, USA January 2013, Prague, Czech Republic January 2015, Jerusalem, Israel April 2015, Lyon, France November 2016, Samo\u00ebns, France May 2017, Vienna, Austria May 2017, Sch\u00f6nbrunn, Austria May 2017, Bratislava, Slovakia August 2017, \u00deingvellir, Iceland August 2018, Paris, France<\/p>\n","protected":false},"author":1,"featured_media":0,"parent":8082,"menu_order":6,"comment_status":"closed","ping_status":"closed","template":"","meta":{"site-sidebar-layout":"default","site-content-layout":"default","ast-site-content-layout":"default","site-content-style":"default","site-sidebar-style":"default","ast-global-header-display":"","ast-banner-title-visibility":"","ast-main-header-display":"","ast-hfb-above-header-display":"","ast-hfb-below-header-display":"","ast-hfb-mobile-header-display":"","site-post-title":"","ast-breadcrumbs-content":"","ast-featured-img":"","footer-sml-layout":"","ast-disable-related-posts":"","theme-transparent-header-meta":"default","adv-header-id-meta":null,"stick-header-meta":null,"header-above-stick-meta":null,"header-main-stick-meta":null,"header-below-stick-meta":null,"astra-migrate-meta-layouts":"default","ast-page-background-enabled":"default","ast-page-background-meta":{"desktop":{"background-color":"","background-image":"","background-repeat":"repeat","background-position":"center center","background-size":"auto","background-attachment":"scroll","background-type":"","background-media":"","overlay-type":"","overlay-color":"","overlay-opacity":"","overlay-gradient":""},"tablet":{"background-color":"","background-image":"","background-repeat":"repeat","background-position":"center center","background-size":"auto","background-attachment":"scroll","background-type":"","background-media":"","overlay-type":"","overlay-color":"","overlay-opacity":"","overlay-gradient":""},"mobile":{"background-color":"","background-image":"","background-repeat":"repeat","background-position":"center center","background-size":"auto","background-attachment":"scroll","background-type":"","background-media":"","overlay-type":"","overlay-color":"","overlay-opacity":"","overlay-gradient":""}},"ast-content-background-meta":{"desktop":{"background-color":"var(--ast-global-color-5)","background-image":"","background-repeat":"repeat","background-position":"center center","background-size":"auto","background-attachment":"scroll","background-type":"","background-media":"","overlay-type":"","overlay-color":"","overlay-opacity":"","overlay-gradient":""},"tablet":{"background-color":"var(--ast-global-color-5)","background-image":"","background-repeat":"repeat","background-position":"center center","background-size":"auto","background-attachment":"scroll","background-type":"","background-media":"","overlay-type":"","overlay-color":"","overlay-opacity":"","overlay-gradient":""},"mobile":{"background-color":"var(--ast-global-color-5)","background-image":"","background-repeat":"repeat","background-position":"center center","background-size":"auto","background-attachment":"scroll","background-type":"","background-media":"","overlay-type":"","overlay-color":"","overlay-opacity":"","overlay-gradient":""}},"footnotes":""},"class_list":["post-34","page","type-page","status-publish","hentry"],"_links":{"self":[{"href":"https:\/\/ilupin.com\/en\/wp-json\/wp\/v2\/pages\/34","targetHints":{"allow":["GET"]}}],"collection":[{"href":"https:\/\/ilupin.com\/en\/wp-json\/wp\/v2\/pages"}],"about":[{"href":"https:\/\/ilupin.com\/en\/wp-json\/wp\/v2\/types\/page"}],"author":[{"embeddable":true,"href":"https:\/\/ilupin.com\/en\/wp-json\/wp\/v2\/users\/1"}],"replies":[{"embeddable":true,"href":"https:\/\/ilupin.com\/en\/wp-json\/wp\/v2\/comments?post=34"}],"version-history":[{"count":31,"href":"https:\/\/ilupin.com\/en\/wp-json\/wp\/v2\/pages\/34\/revisions"}],"predecessor-version":[{"id":11546,"href":"https:\/\/ilupin.com\/en\/wp-json\/wp\/v2\/pages\/34\/revisions\/11546"}],"up":[{"embeddable":true,"href":"https:\/\/ilupin.com\/en\/wp-json\/wp\/v2\/pages\/8082"}],"wp:attachment":[{"href":"https:\/\/ilupin.com\/en\/wp-json\/wp\/v2\/media?parent=34"}],"curies":[{"name":"wp","href":"https:\/\/api.w.org\/{rel}","templated":true}]}}