{"id":36,"date":"2019-03-16T15:59:46","date_gmt":"2019-03-16T14:59:46","guid":{"rendered":"https:\/\/ilupin.com\/?page_id=36"},"modified":"2023-07-05T00:15:36","modified_gmt":"2023-07-04T22:15:36","slug":"details","status":"publish","type":"page","link":"https:\/\/ilupin.com\/en\/photo\/art\/details\/","title":{"rendered":"Details"},"content":{"rendered":"\n<figure id=\"1\" class=\"wp-block-image name\"><a href=\"#1\"><img decoding=\"async\" src=\"\/wp-content\/uploads\/2019\/03\/details_2011-08_Berlin.jpg\" alt=\"\" class=\"wp-image-120\"><\/a><figcaption>August 2011, Berlin, Germany<\/figcaption><\/figure>\n\n\n\n<figure id=\"2\" class=\"wp-block-image name\"><a href=\"#2\"><img decoding=\"async\" src=\"\/wp-content\/uploads\/2019\/03\/details_2013-07_Helsinki.jpg\" alt=\"\" class=\"wp-image-121\"><\/a><figcaption>July 2013, Helsinki, Finland<\/figcaption><\/figure>\n\n\n\n<figure id=\"3\" class=\"wp-block-image name\"><a href=\"#3\"><img decoding=\"async\" src=\"\/wp-content\/uploads\/2019\/03\/details_2014-03_Verona.jpg\" alt=\"\" class=\"wp-image-123\"><\/a><figcaption>March 2014, Verona, Italy<\/figcaption><\/figure>\n\n\n\n<figure id=\"4\" class=\"wp-block-image name\"><a href=\"#4\"><img decoding=\"async\" src=\"\/wp-content\/uploads\/2019\/03\/details_2014-03_Venice.jpg\" alt=\"\" class=\"wp-image-122\"><\/a><figcaption>March 2014, Venice, Italy<\/figcaption><\/figure>\n\n\n\n<figure id=\"5\" class=\"wp-block-image name\"><a href=\"#5\"><img decoding=\"async\" src=\"\/wp-content\/uploads\/2019\/03\/details_2017-01_Porto.jpg\" alt=\"\" class=\"wp-image-124\"><\/a><figcaption>January 2017, Porto, Portugal<\/figcaption><\/figure>\n\n\n\n<figure id=\"6\" class=\"wp-block-image name\"><a href=\"#6\"><img decoding=\"async\" src=\"\/wp-content\/uploads\/2019\/03\/details_2017-08_Thrihnukagigur.jpg\" alt=\"\" class=\"wp-image-125\"><\/a><figcaption>August 2017, \u00der\u00edhn\u00fakag\u00edgur, Iceland <\/figcaption><\/figure>\n\n\n\n<figure id=\"7\" class=\"wp-block-image name\"><a href=\"#7\"><img decoding=\"async\" src=\"\/wp-content\/uploads\/2019\/03\/details_2017-10_Avignon.jpg\" alt=\"\" class=\"wp-image-126\"><\/a><figcaption>October 2017, Avignon, France<\/figcaption><\/figure>\n\n\n\n<figure id=\"8\" class=\"wp-block-image name\"><a href=\"#8\"><img decoding=\"async\" src=\"\/wp-content\/uploads\/2019\/03\/details_2018-07_Oslo.jpg\" alt=\"\" class=\"wp-image-127\"><\/a><figcaption>July 2018, Oslo, Norway<\/figcaption><\/figure>\n\n\n\n<figure id=\"9\" class=\"wp-block-image name\"><a href=\"#9\"><img decoding=\"async\" src=\"\/wp-content\/uploads\/2019\/03\/details_2018-12_Brussels.jpg\" alt=\"\" class=\"wp-image-128\"><\/a><figcaption>December 2018, Brussels, Belgium<\/figcaption><\/figure>\n\n\n\n<figure id=\"10\" class=\"wp-block-image name\"><a href=\"#10\"><img decoding=\"async\" src=\"\/wp-content\/uploads\/2019\/03\/details_2018-12_Ghent.jpg\" alt=\"\" class=\"wp-image-129\"><\/a><figcaption>December 2018, Ghent, Belgium <\/figcaption><\/figure>\n\n\n\n<div class=\"menu-photo-art-container\"><ul id=\"menu-photo-art\" class=\"menu\"><li id=\"menu-item-8096\" class=\"menu-item menu-item-type-post_type menu-item-object-page menu-item-8096\"><a href=\"https:\/\/ilupin.com\/en\/?page_id=8082\" class=\"menu-link\">For love<\/a><\/li>\n<li id=\"menu-item-3722\" class=\"menu-item menu-item-type-post_type menu-item-object-page menu-item-3722\"><a href=\"https:\/\/ilupin.com\/en\/photo\/art\/people\/\" class=\"menu-link\">People<\/a><\/li>\n<li id=\"menu-item-3723\" class=\"menu-item menu-item-type-post_type menu-item-object-page menu-item-3723\"><a href=\"https:\/\/ilupin.com\/en\/photo\/art\/fauna\/\" class=\"menu-link\">Fauna<\/a><\/li>\n<li id=\"menu-item-3724\" class=\"menu-item menu-item-type-post_type menu-item-object-page menu-item-3724\"><a href=\"https:\/\/ilupin.com\/en\/photo\/art\/flora\/\" class=\"menu-link\">Flora<\/a><\/li>\n<li id=\"menu-item-3725\" class=\"menu-item menu-item-type-post_type menu-item-object-page menu-item-3725\"><a href=\"https:\/\/ilupin.com\/en\/photo\/art\/leisure\/\" class=\"menu-link\">Leisure<\/a><\/li>\n<li id=\"menu-item-3726\" class=\"menu-item menu-item-type-post_type menu-item-object-page menu-item-3726\"><a href=\"https:\/\/ilupin.com\/en\/photo\/art\/view\/\" class=\"menu-link\">View<\/a><\/li>\n<li id=\"menu-item-3727\" class=\"menu-item menu-item-type-post_type menu-item-object-page menu-item-3727\"><a href=\"https:\/\/ilupin.com\/en\/photo\/art\/park\/\" class=\"menu-link\">Park<\/a><\/li>\n<li id=\"menu-item-3728\" class=\"menu-item menu-item-type-post_type menu-item-object-page menu-item-3728\"><a href=\"https:\/\/ilupin.com\/en\/photo\/art\/waterfront\/\" class=\"menu-link\">Waterfront<\/a><\/li>\n<li id=\"menu-item-3729\" class=\"menu-item menu-item-type-post_type menu-item-object-page menu-item-3729\"><a href=\"https:\/\/ilupin.com\/en\/photo\/art\/details\/\" class=\"menu-link\">Details<\/a><\/li>\n<li id=\"menu-item-3730\" class=\"menu-item menu-item-type-post_type menu-item-object-page menu-item-3730\"><a href=\"https:\/\/ilupin.com\/en\/photo\/art\/architecture\/\" class=\"menu-link\">Architecture<\/a><\/li>\n<li id=\"menu-item-3731\" class=\"menu-item menu-item-type-post_type menu-item-object-page menu-item-3731\"><a href=\"https:\/\/ilupin.com\/en\/photo\/art\/sculpture\/\" class=\"menu-link\">Sculpture<\/a><\/li>\n<li id=\"menu-item-3732\" class=\"menu-item menu-item-type-post_type menu-item-object-page menu-item-3732\"><a href=\"https:\/\/ilupin.com\/en\/photo\/art\/installation\/\" class=\"menu-link\">Installation<\/a><\/li>\n<li id=\"menu-item-3733\" class=\"menu-item menu-item-type-post_type menu-item-object-page menu-item-3733\"><a href=\"https:\/\/ilupin.com\/en\/photo\/art\/industry\/\" class=\"menu-link\">Industry<\/a><\/li>\n<\/ul><\/div>\n","protected":false},"excerpt":{"rendered":"<p>August 2011, Berlin, Germany July 2013, Helsinki, Finland March 2014, Verona, Italy March 2014, Venice, Italy January 2017, Porto, Portugal August 2017, \u00der\u00edhn\u00fakag\u00edgur, Iceland October 2017, Avignon, France July 2018, Oslo, Norway December 2018, Brussels, Belgium December 2018, Ghent, Belgium<\/p>\n","protected":false},"author":1,"featured_media":0,"parent":8082,"menu_order":8,"comment_status":"closed","ping_status":"closed","template":"","meta":{"site-sidebar-layout":"default","site-content-layout":"default","ast-site-content-layout":"default","site-content-style":"default","site-sidebar-style":"default","ast-global-header-display":"","ast-banner-title-visibility":"","ast-main-header-display":"","ast-hfb-above-header-display":"","ast-hfb-below-header-display":"","ast-hfb-mobile-header-display":"","site-post-title":"","ast-breadcrumbs-content":"","ast-featured-img":"","footer-sml-layout":"","ast-disable-related-posts":"","theme-transparent-header-meta":"default","adv-header-id-meta":null,"stick-header-meta":null,"header-above-stick-meta":null,"header-main-stick-meta":null,"header-below-stick-meta":null,"astra-migrate-meta-layouts":"default","ast-page-background-enabled":"default","ast-page-background-meta":{"desktop":{"background-color":"","background-image":"","background-repeat":"repeat","background-position":"center center","background-size":"auto","background-attachment":"scroll","background-type":"","background-media":"","overlay-type":"","overlay-color":"","overlay-opacity":"","overlay-gradient":""},"tablet":{"background-color":"","background-image":"","background-repeat":"repeat","background-position":"center center","background-size":"auto","background-attachment":"scroll","background-type":"","background-media":"","overlay-type":"","overlay-color":"","overlay-opacity":"","overlay-gradient":""},"mobile":{"background-color":"","background-image":"","background-repeat":"repeat","background-position":"center center","background-size":"auto","background-attachment":"scroll","background-type":"","background-media":"","overlay-type":"","overlay-color":"","overlay-opacity":"","overlay-gradient":""}},"ast-content-background-meta":{"desktop":{"background-color":"var(--ast-global-color-5)","background-image":"","background-repeat":"repeat","background-position":"center center","background-size":"auto","background-attachment":"scroll","background-type":"","background-media":"","overlay-type":"","overlay-color":"","overlay-opacity":"","overlay-gradient":""},"tablet":{"background-color":"var(--ast-global-color-5)","background-image":"","background-repeat":"repeat","background-position":"center center","background-size":"auto","background-attachment":"scroll","background-type":"","background-media":"","overlay-type":"","overlay-color":"","overlay-opacity":"","overlay-gradient":""},"mobile":{"background-color":"var(--ast-global-color-5)","background-image":"","background-repeat":"repeat","background-position":"center center","background-size":"auto","background-attachment":"scroll","background-type":"","background-media":"","overlay-type":"","overlay-color":"","overlay-opacity":"","overlay-gradient":""}},"footnotes":""},"class_list":["post-36","page","type-page","status-publish","hentry"],"_links":{"self":[{"href":"https:\/\/ilupin.com\/en\/wp-json\/wp\/v2\/pages\/36","targetHints":{"allow":["GET"]}}],"collection":[{"href":"https:\/\/ilupin.com\/en\/wp-json\/wp\/v2\/pages"}],"about":[{"href":"https:\/\/ilupin.com\/en\/wp-json\/wp\/v2\/types\/page"}],"author":[{"embeddable":true,"href":"https:\/\/ilupin.com\/en\/wp-json\/wp\/v2\/users\/1"}],"replies":[{"embeddable":true,"href":"https:\/\/ilupin.com\/en\/wp-json\/wp\/v2\/comments?post=36"}],"version-history":[{"count":30,"href":"https:\/\/ilupin.com\/en\/wp-json\/wp\/v2\/pages\/36\/revisions"}],"predecessor-version":[{"id":8091,"href":"https:\/\/ilupin.com\/en\/wp-json\/wp\/v2\/pages\/36\/revisions\/8091"}],"up":[{"embeddable":true,"href":"https:\/\/ilupin.com\/en\/wp-json\/wp\/v2\/pages\/8082"}],"wp:attachment":[{"href":"https:\/\/ilupin.com\/en\/wp-json\/wp\/v2\/media?parent=36"}],"curies":[{"name":"wp","href":"https:\/\/api.w.org\/{rel}","templated":true}]}}