{"id":66,"date":"2019-03-16T16:56:45","date_gmt":"2019-03-16T15:56:45","guid":{"rendered":"https:\/\/ilupin.com\/?page_id=66"},"modified":"2023-07-05T00:16:08","modified_gmt":"2023-07-04T22:16:08","slug":"industry","status":"publish","type":"page","link":"https:\/\/ilupin.com\/en\/photo\/art\/industry\/","title":{"rendered":"Industry"},"content":{"rendered":"\n<figure id=\"1\" class=\"wp-block-image name\"><a href=\"#1\"><img decoding=\"async\" src=\"\/wp-content\/uploads\/2019\/03\/industry_2013-03_Paris.jpg\" alt=\"\" class=\"wp-image-150\"><\/a><figcaption>March 2013, Paris, France<\/figcaption><\/figure>\n\n\n\n<figure id=\"2\" class=\"wp-block-image name\"><a href=\"#2\"><img decoding=\"async\" src=\"\/wp-content\/uploads\/2019\/03\/industry_2014-03_Venice.jpg\" alt=\"\" class=\"wp-image-151\"><\/a><figcaption>March 2014, Venice, Italy<\/figcaption><\/figure>\n\n\n\n<figure id=\"3\" class=\"wp-block-image name\"><a href=\"#3\"><img decoding=\"async\" src=\"\/wp-content\/uploads\/2019\/03\/industry_2014-04_Moscow.jpg\" alt=\"\" class=\"wp-image-152\"><\/a><figcaption>April 2014, Moscow, Russia<\/figcaption><\/figure>\n\n\n\n<figure id=\"4\" class=\"wp-block-image name\"><a href=\"#4\"><img decoding=\"async\" src=\"\/wp-content\/uploads\/2019\/03\/industry_2014-05_Mexico.jpg\" alt=\"\" class=\"wp-image-153\"><\/a><figcaption>May 2014, Mexico City, Mexico<\/figcaption><\/figure>\n\n\n\n<figure id=\"5\" class=\"wp-block-image name\"><a href=\"#5\"><img decoding=\"async\" src=\"\/wp-content\/uploads\/2019\/03\/industry_2017-08_Reykjavik.jpg\" alt=\"\" class=\"wp-image-156\"><\/a><figcaption>August 2017, Reykjav\u00edk, Iceland<\/figcaption><\/figure>\n\n\n\n<figure id=\"6\" class=\"wp-block-image name\"><a href=\"#6\"><img decoding=\"async\" src=\"\/wp-content\/uploads\/2019\/03\/industry_2017-08_Reykholt.jpg\" alt=\"\" class=\"wp-image-155\"><\/a><figcaption>August 2017, Reykholt, Iceland<\/figcaption><\/figure>\n\n\n\n<figure id=\"7\" class=\"wp-block-image name\"><a href=\"#7\"><img decoding=\"async\" src=\"\/wp-content\/uploads\/2019\/03\/industry_2017-08_Hafnarfjordur.jpg\" alt=\"\" class=\"wp-image-154\"><\/a><figcaption>August 2017, Hafnarfj\u00f6r\u00f0ur, Iceland <\/figcaption><\/figure>\n\n\n\n<figure id=\"8\" class=\"wp-block-image name\"><a href=\"#8\"><img decoding=\"async\" src=\"\/wp-content\/uploads\/2019\/03\/industry_2018-07_Rotnes.jpg\" alt=\"\" class=\"wp-image-158\"><\/a><figcaption>July 2018, Rotnes, Norway<\/figcaption><\/figure>\n\n\n\n<figure id=\"9\" class=\"wp-block-image name\"><a href=\"#9\"><img decoding=\"async\" src=\"\/wp-content\/uploads\/2019\/03\/industry_2018-07_Oslo.jpg\" alt=\"\" class=\"wp-image-157\"><\/a><figcaption>July 2018, Oslo, Norway <\/figcaption><\/figure>\n\n\n\n<figure id=\"10\" class=\"wp-block-image name\"><a href=\"#10\"><img decoding=\"async\" src=\"\/wp-content\/uploads\/2019\/03\/industry_2018-12_Bruges.jpg\" alt=\"\" class=\"wp-image-159\"><\/a><figcaption>December 2018, Bruges, Belgium<\/figcaption><\/figure>\n\n\n\n<div class=\"menu-photo-art-container\"><ul id=\"menu-photo-art\" class=\"menu\"><li id=\"menu-item-8096\" class=\"menu-item menu-item-type-post_type menu-item-object-page menu-item-8096\"><a href=\"https:\/\/ilupin.com\/en\/?page_id=8082\" class=\"menu-link\">For love<\/a><\/li>\n<li id=\"menu-item-3722\" class=\"menu-item menu-item-type-post_type menu-item-object-page menu-item-3722\"><a href=\"https:\/\/ilupin.com\/en\/photo\/art\/people\/\" class=\"menu-link\">People<\/a><\/li>\n<li id=\"menu-item-3723\" class=\"menu-item menu-item-type-post_type menu-item-object-page menu-item-3723\"><a href=\"https:\/\/ilupin.com\/en\/photo\/art\/fauna\/\" class=\"menu-link\">Fauna<\/a><\/li>\n<li id=\"menu-item-3724\" class=\"menu-item menu-item-type-post_type menu-item-object-page menu-item-3724\"><a href=\"https:\/\/ilupin.com\/en\/photo\/art\/flora\/\" class=\"menu-link\">Flora<\/a><\/li>\n<li id=\"menu-item-3725\" class=\"menu-item menu-item-type-post_type menu-item-object-page menu-item-3725\"><a href=\"https:\/\/ilupin.com\/en\/photo\/art\/leisure\/\" class=\"menu-link\">Leisure<\/a><\/li>\n<li id=\"menu-item-3726\" class=\"menu-item menu-item-type-post_type menu-item-object-page menu-item-3726\"><a href=\"https:\/\/ilupin.com\/en\/photo\/art\/view\/\" class=\"menu-link\">View<\/a><\/li>\n<li id=\"menu-item-3727\" class=\"menu-item menu-item-type-post_type menu-item-object-page menu-item-3727\"><a href=\"https:\/\/ilupin.com\/en\/photo\/art\/park\/\" class=\"menu-link\">Park<\/a><\/li>\n<li id=\"menu-item-3728\" class=\"menu-item menu-item-type-post_type menu-item-object-page menu-item-3728\"><a href=\"https:\/\/ilupin.com\/en\/photo\/art\/waterfront\/\" class=\"menu-link\">Waterfront<\/a><\/li>\n<li id=\"menu-item-3729\" class=\"menu-item menu-item-type-post_type menu-item-object-page menu-item-3729\"><a href=\"https:\/\/ilupin.com\/en\/photo\/art\/details\/\" class=\"menu-link\">Details<\/a><\/li>\n<li id=\"menu-item-3730\" class=\"menu-item menu-item-type-post_type menu-item-object-page menu-item-3730\"><a href=\"https:\/\/ilupin.com\/en\/photo\/art\/architecture\/\" class=\"menu-link\">Architecture<\/a><\/li>\n<li id=\"menu-item-3731\" class=\"menu-item menu-item-type-post_type menu-item-object-page menu-item-3731\"><a href=\"https:\/\/ilupin.com\/en\/photo\/art\/sculpture\/\" class=\"menu-link\">Sculpture<\/a><\/li>\n<li id=\"menu-item-3732\" class=\"menu-item menu-item-type-post_type menu-item-object-page menu-item-3732\"><a href=\"https:\/\/ilupin.com\/en\/photo\/art\/installation\/\" class=\"menu-link\">Installation<\/a><\/li>\n<li id=\"menu-item-3733\" class=\"menu-item menu-item-type-post_type menu-item-object-page menu-item-3733\"><a href=\"https:\/\/ilupin.com\/en\/photo\/art\/industry\/\" class=\"menu-link\">Industry<\/a><\/li>\n<\/ul><\/div>\n","protected":false},"excerpt":{"rendered":"<p>March 2013, Paris, France March 2014, Venice, Italy April 2014, Moscow, Russia May 2014, Mexico City, Mexico August 2017, Reykjav\u00edk, Iceland August 2017, Reykholt, Iceland August 2017, Hafnarfj\u00f6r\u00f0ur, Iceland July 2018, Rotnes, Norway July 2018, Oslo, Norway December 2018, Bruges, Belgium<\/p>\n","protected":false},"author":1,"featured_media":0,"parent":8082,"menu_order":12,"comment_status":"closed","ping_status":"closed","template":"","meta":{"site-sidebar-layout":"default","site-content-layout":"default","ast-site-content-layout":"default","site-content-style":"default","site-sidebar-style":"default","ast-global-header-display":"","ast-banner-title-visibility":"","ast-main-header-display":"","ast-hfb-above-header-display":"","ast-hfb-below-header-display":"","ast-hfb-mobile-header-display":"","site-post-title":"","ast-breadcrumbs-content":"","ast-featured-img":"","footer-sml-layout":"","ast-disable-related-posts":"","theme-transparent-header-meta":"default","adv-header-id-meta":null,"stick-header-meta":null,"header-above-stick-meta":null,"header-main-stick-meta":null,"header-below-stick-meta":null,"astra-migrate-meta-layouts":"default","ast-page-background-enabled":"default","ast-page-background-meta":{"desktop":{"background-color":"","background-image":"","background-repeat":"repeat","background-position":"center center","background-size":"auto","background-attachment":"scroll","background-type":"","background-media":"","overlay-type":"","overlay-color":"","overlay-opacity":"","overlay-gradient":""},"tablet":{"background-color":"","background-image":"","background-repeat":"repeat","background-position":"center center","background-size":"auto","background-attachment":"scroll","background-type":"","background-media":"","overlay-type":"","overlay-color":"","overlay-opacity":"","overlay-gradient":""},"mobile":{"background-color":"","background-image":"","background-repeat":"repeat","background-position":"center center","background-size":"auto","background-attachment":"scroll","background-type":"","background-media":"","overlay-type":"","overlay-color":"","overlay-opacity":"","overlay-gradient":""}},"ast-content-background-meta":{"desktop":{"background-color":"var(--ast-global-color-5)","background-image":"","background-repeat":"repeat","background-position":"center center","background-size":"auto","background-attachment":"scroll","background-type":"","background-media":"","overlay-type":"","overlay-color":"","overlay-opacity":"","overlay-gradient":""},"tablet":{"background-color":"var(--ast-global-color-5)","background-image":"","background-repeat":"repeat","background-position":"center center","background-size":"auto","background-attachment":"scroll","background-type":"","background-media":"","overlay-type":"","overlay-color":"","overlay-opacity":"","overlay-gradient":""},"mobile":{"background-color":"var(--ast-global-color-5)","background-image":"","background-repeat":"repeat","background-position":"center center","background-size":"auto","background-attachment":"scroll","background-type":"","background-media":"","overlay-type":"","overlay-color":"","overlay-opacity":"","overlay-gradient":""}},"footnotes":""},"class_list":["post-66","page","type-page","status-publish","hentry"],"_links":{"self":[{"href":"https:\/\/ilupin.com\/en\/wp-json\/wp\/v2\/pages\/66","targetHints":{"allow":["GET"]}}],"collection":[{"href":"https:\/\/ilupin.com\/en\/wp-json\/wp\/v2\/pages"}],"about":[{"href":"https:\/\/ilupin.com\/en\/wp-json\/wp\/v2\/types\/page"}],"author":[{"embeddable":true,"href":"https:\/\/ilupin.com\/en\/wp-json\/wp\/v2\/users\/1"}],"replies":[{"embeddable":true,"href":"https:\/\/ilupin.com\/en\/wp-json\/wp\/v2\/comments?post=66"}],"version-history":[{"count":46,"href":"https:\/\/ilupin.com\/en\/wp-json\/wp\/v2\/pages\/66\/revisions"}],"predecessor-version":[{"id":8095,"href":"https:\/\/ilupin.com\/en\/wp-json\/wp\/v2\/pages\/66\/revisions\/8095"}],"up":[{"embeddable":true,"href":"https:\/\/ilupin.com\/en\/wp-json\/wp\/v2\/pages\/8082"}],"wp:attachment":[{"href":"https:\/\/ilupin.com\/en\/wp-json\/wp\/v2\/media?parent=66"}],"curies":[{"name":"wp","href":"https:\/\/api.w.org\/{rel}","templated":true}]}}