{"id":11685,"date":"2024-07-31T18:22:15","date_gmt":"2024-07-31T16:22:15","guid":{"rendered":"https:\/\/ilupin.com\/ru\/?page_id=11685"},"modified":"2025-09-02T20:36:26","modified_gmt":"2025-09-02T18:36:26","slug":"about","status":"publish","type":"page","link":"https:\/\/ilupin.com\/fr\/about\/","title":{"rendered":"On a qui l\u00e0"},"content":{"rendered":"\n<div class=\"wp-block-image\">\n  <figure class=\"alignright\">\n     <img decoding=\"async\" src=\"https:\/\/ilupin.com\/wp-content\/uploads\/photo\/sections\/me-2025.jpg\">\n  <\/figure>\n<\/div>\n\n<p>Je suis artiste ind\u00e9pendant et citoyen du monde aux racines russo-ukrainiennes-polonaises-juives. Je&nbsp;parle quatre langues \u00e0 des degr\u00e9s divers, j\u2019ai visit\u00e9 une quarantaine de pays et je compte bien continuer dans le m\u00eame&nbsp;esprit.<\/p>\n\n<p>Dans les domaines professionnels je me suis \u00e9panoui spontan\u00e9ment en tant que r\u00e9dacteur litt\u00e9raire, \u00e9diteur technique, concepteur d\u2019interface et d\u00e9veloppeur web. Ces derniers temps je photographie en freelance.<\/p>\n\n<p>Je professe l\u2019humanisme, le pacifisme, l\u2019ath\u00e9isme, la pens\u00e9e critique et le monde bigarr\u00e9. Je cherche \u00e0 \u00e9largir mes horizons, \u00e9liminer les pr\u00e9jug\u00e9s et les clich\u00e9s. Je crois au potentiel cr\u00e9atif de&nbsp;l\u2019art et je fais de mon mieux pour y&nbsp;contribuer.<\/p>\n\n<p>Mes int\u00e9r\u00eats culturels incluent la litt\u00e9rature classique, la musique acad\u00e9mique, le th\u00e9\u00e2tre de chambre, les films dramatiques et les h\u00e9rissons. Parmi mes hobbys exotiques on peut trouver les antiquit\u00e9s, la numismatique, la pal\u00e9ontologie et le cercle des <span class=\"nobr\">\u00ab&#8239;Fa(ill)is-le<\/span> <span class=\"nobr\">toi-m\u00eame<\/a>&#8239;\u00bb.<\/span><\/p>\n\n<p>\u00c0 part \u00e7a, je suis ovo-lacto-pesco-v\u00e9g\u00e9tarien et gay mais il ne faut pas en avoir peur sauf si vous \u00eates un \u0153uf, du lait, un poisson ou bien un&nbsp;l\u00e9gume.<\/p>\n","protected":false},"excerpt":{"rendered":"<p>Je suis artiste ind\u00e9pendant et citoyen du monde aux racines russo-ukrainiennes-polonaises-juives. Je&nbsp;parle quatre langues \u00e0 des degr\u00e9s divers, j\u2019ai visit\u00e9 une quarantaine de pays et je compte bien continuer dans le m\u00eame&nbsp;esprit. Dans les domaines professionnels je me suis \u00e9panoui spontan\u00e9ment en tant que r\u00e9dacteur litt\u00e9raire, \u00e9diteur technique, concepteur d\u2019interface et d\u00e9veloppeur web. Ces derniers [&hellip;]<\/p>\n","protected":false},"author":1,"featured_media":0,"parent":0,"menu_order":0,"comment_status":"closed","ping_status":"closed","template":"","meta":{"site-sidebar-layout":"default","site-content-layout":null,"ast-site-content-layout":"default","site-content-style":"default","site-sidebar-style":"default","ast-global-header-display":"","ast-banner-title-visibility":"","ast-main-header-display":"","ast-hfb-above-header-display":null,"ast-hfb-below-header-display":null,"ast-hfb-mobile-header-display":null,"site-post-title":"","ast-breadcrumbs-content":null,"ast-featured-img":"","footer-sml-layout":"","ast-disable-related-posts":"","theme-transparent-header-meta":"","adv-header-id-meta":null,"stick-header-meta":null,"header-above-stick-meta":null,"header-main-stick-meta":null,"header-below-stick-meta":null,"astra-migrate-meta-layouts":"set","ast-page-background-enabled":"default","ast-page-background-meta":{"desktop":{"background-color":"","background-image":"","background-repeat":"repeat","background-position":"center center","background-size":"auto","background-attachment":"scroll","background-type":"","background-media":"","overlay-type":"","overlay-color":"","overlay-opacity":"","overlay-gradient":""},"tablet":{"background-color":"","background-image":"","background-repeat":"repeat","background-position":"center center","background-size":"auto","background-attachment":"scroll","background-type":"","background-media":"","overlay-type":"","overlay-color":"","overlay-opacity":"","overlay-gradient":""},"mobile":{"background-color":"","background-image":"","background-repeat":"repeat","background-position":"center center","background-size":"auto","background-attachment":"scroll","background-type":"","background-media":"","overlay-type":"","overlay-color":"","overlay-opacity":"","overlay-gradient":""}},"ast-content-background-meta":{"desktop":{"background-color":"var(--ast-global-color-5)","background-image":"","background-repeat":"repeat","background-position":"center center","background-size":"auto","background-attachment":"scroll","background-type":"","background-media":"","overlay-type":"","overlay-color":"","overlay-opacity":"","overlay-gradient":""},"tablet":{"background-color":"var(--ast-global-color-5)","background-image":"","background-repeat":"repeat","background-position":"center center","background-size":"auto","background-attachment":"scroll","background-type":"","background-media":"","overlay-type":"","overlay-color":"","overlay-opacity":"","overlay-gradient":""},"mobile":{"background-color":"var(--ast-global-color-5)","background-image":"","background-repeat":"repeat","background-position":"center center","background-size":"auto","background-attachment":"scroll","background-type":"","background-media":"","overlay-type":"","overlay-color":"","overlay-opacity":"","overlay-gradient":""}},"footnotes":""},"class_list":["post-11685","page","type-page","status-publish","hentry"],"_links":{"self":[{"href":"https:\/\/ilupin.com\/fr\/wp-json\/wp\/v2\/pages\/11685","targetHints":{"allow":["GET"]}}],"collection":[{"href":"https:\/\/ilupin.com\/fr\/wp-json\/wp\/v2\/pages"}],"about":[{"href":"https:\/\/ilupin.com\/fr\/wp-json\/wp\/v2\/types\/page"}],"author":[{"embeddable":true,"href":"https:\/\/ilupin.com\/fr\/wp-json\/wp\/v2\/users\/1"}],"replies":[{"embeddable":true,"href":"https:\/\/ilupin.com\/fr\/wp-json\/wp\/v2\/comments?post=11685"}],"version-history":[{"count":94,"href":"https:\/\/ilupin.com\/fr\/wp-json\/wp\/v2\/pages\/11685\/revisions"}],"predecessor-version":[{"id":12689,"href":"https:\/\/ilupin.com\/fr\/wp-json\/wp\/v2\/pages\/11685\/revisions\/12689"}],"wp:attachment":[{"href":"https:\/\/ilupin.com\/fr\/wp-json\/wp\/v2\/media?parent=11685"}],"curies":[{"name":"wp","href":"https:\/\/api.w.org\/{rel}","templated":true}]}}