{"id":12971,"date":"2026-03-04T22:17:52","date_gmt":"2026-03-04T21:17:52","guid":{"rendered":"https:\/\/ilupin.com\/en\/?page_id=12971"},"modified":"2026-03-30T01:48:54","modified_gmt":"2026-03-29T23:48:54","slug":"2025-03-28-lyon-to-tbilisi","status":"publish","type":"page","link":"https:\/\/ilupin.com\/fr\/travels\/asia\/georgia\/2025-03-28-lyon-to-tbilisi\/","title":{"rendered":"Lyon \u00e0 Tbilissi"},"content":{"rendered":"\n<div class=\"travels\"><ol>\n\n<li>La passerelle \u00e0 la gare Perrache est ferm\u00e9e depuis des mois, permettant enfin aux Lyonnais d\u2019admirer la&nbsp;fa\u00e7ade.\n<img decoding=\"async\" src=\"\/wp-content\/uploads\/travels\/asia\/georgia\/2025-03-28-lyon-to-tbilisi\/1730.jpg\"><\/li>\n\n<li>Trop de bleu.\n<img decoding=\"async\" src=\"\/wp-content\/uploads\/travels\/asia\/georgia\/2025-03-28-lyon-to-tbilisi\/1733.jpg\"><\/li>\n\n<li>Gare Charles de Gaulle.\n<img decoding=\"async\" src=\"\/wp-content\/uploads\/travels\/asia\/georgia\/2025-03-28-lyon-to-tbilisi\/1749.jpg\"><\/li>\n\n<li>Avec vue sur l\u2019a\u00e9roport CDG.\n<img decoding=\"async\" src=\"\/wp-content\/uploads\/travels\/asia\/georgia\/2025-03-28-lyon-to-tbilisi\/1753.jpg\"><\/li>\n\n<li>V pour Voyage.\n<img decoding=\"async\" src=\"\/wp-content\/uploads\/travels\/asia\/georgia\/2025-03-28-lyon-to-tbilisi\/1765.jpg\"><\/li>\n\n<li>Mais il faut bien que quelqu\u2019un travaille. \n<img decoding=\"async\" src=\"\/wp-content\/uploads\/travels\/asia\/georgia\/2025-03-28-lyon-to-tbilisi\/1769.jpg\"><\/li>\n\n<li>Bienvenue en G\u00e9orgie&#8239;! Le po\u00e8te folkloriste <a href=\"https:\/\/en.wikipedia.org\/wiki\/Ietim_Gurji\">I\u00e9time Gourji<\/a> vous accueille \u00e0&nbsp;bras ouverts.\n<img decoding=\"async\" src=\"\/wp-content\/uploads\/travels\/asia\/georgia\/2025-03-28-lyon-to-tbilisi\/2334.jpg\"><\/li>\n\n<\/ol><\/div>\n\n\n\n<div class=\"menu-georgia-25-container\"><ul id=\"menu-georgia-25\" class=\"menu\"><li id=\"menu-item-13130\" class=\"menu-item menu-item-type-post_type menu-item-object-page menu-item-13130\"><a href=\"https:\/\/ilupin.com\/fr\/?page_id=12969\" class=\"menu-link\">G\u00e9orgie 2025<\/a><\/li>\n<li id=\"menu-item-13124\" class=\"menu-item menu-item-type-post_type menu-item-object-page menu-item-13124\"><a href=\"https:\/\/ilupin.com\/fr\/travels\/asia\/georgia\/2025-03-28-lyon-to-tbilisi\/\" class=\"menu-link\">Lyon \u00e0 Tbilissi<\/a><\/li>\n<li id=\"menu-item-13125\" class=\"menu-item menu-item-type-post_type menu-item-object-page menu-item-13125\"><a href=\"https:\/\/ilupin.com\/fr\/travels\/asia\/georgia\/2025-03-29-tbilisi-street-art\/\" class=\"menu-link\">Art de rue<\/a><\/li>\n<li id=\"menu-item-13126\" class=\"menu-item menu-item-type-post_type menu-item-object-page menu-item-13126\"><a href=\"https:\/\/ilupin.com\/fr\/travels\/asia\/georgia\/2025-03-30-tbilisi-new-heights\/\" class=\"menu-link\">Nouveaux sommets<\/a><\/li>\n<li id=\"menu-item-13127\" class=\"menu-item menu-item-type-post_type menu-item-object-page menu-item-13127\"><a href=\"https:\/\/ilupin.com\/fr\/travels\/asia\/georgia\/2025-03-31-tbilisi-heart-and-soul\/\" class=\"menu-link\">C\u0153ur et \u00e2me<\/a><\/li>\n<li id=\"menu-item-13128\" class=\"menu-item menu-item-type-post_type menu-item-object-page menu-item-13128\"><a href=\"https:\/\/ilupin.com\/fr\/travels\/asia\/georgia\/2025-04-01-mtskheta-uplistsikhe-gori\/\" class=\"menu-link\">Mtskh\u00e9ta et Ouplistsikh\u00e9<\/a><\/li>\n<li id=\"menu-item-13129\" class=\"menu-item menu-item-type-post_type menu-item-object-page menu-item-13129\"><a href=\"https:\/\/ilupin.com\/fr\/travels\/asia\/georgia\/2025-04-02-tbilisi-parks-and-pavements\/\" class=\"menu-link\">Parcs et trottoirs<\/a><\/li>\n<li id=\"menu-item-13131\" class=\"menu-item menu-item-type-post_type menu-item-object-page menu-item-13131\"><a href=\"https:\/\/ilupin.com\/fr\/travels\/asia\/georgia\/2025-04-03-georgian-military-road\/\" class=\"menu-link\">Route militaire<\/a><\/li>\n<li id=\"menu-item-13132\" class=\"menu-item menu-item-type-post_type menu-item-object-page menu-item-13132\"><a href=\"https:\/\/ilupin.com\/fr\/travels\/asia\/georgia\/2025-04-04-tbilisi-facades-and-balconies\/\" class=\"menu-link\">Fa\u00e7ades et balcons<\/a><\/li>\n<li id=\"menu-item-13133\" class=\"menu-item menu-item-type-post_type menu-item-object-page menu-item-13133\"><a href=\"https:\/\/ilupin.com\/fr\/travels\/asia\/georgia\/2025-04-05-tbilisi-to-kutaisi\/\" class=\"menu-link\">Tbilissi\u25b8Kouta\u00efssi<\/a><\/li>\n<li id=\"menu-item-13134\" class=\"menu-item menu-item-type-post_type menu-item-object-page menu-item-13134\"><a href=\"https:\/\/ilupin.com\/fr\/travels\/asia\/georgia\/2025-04-06-kumistavi-okatse\/\" class=\"menu-link\">Koumitsavi et Okats\u00e9<\/a><\/li>\n<li id=\"menu-item-13135\" class=\"menu-item menu-item-type-post_type menu-item-object-page menu-item-13135\"><a href=\"https:\/\/ilupin.com\/fr\/travels\/asia\/georgia\/2025-04-07-kutaisi-to-lyon\/\" class=\"menu-link\">Kouta\u00efssi\u25b8Lyon<\/a><\/li>\n<\/ul><\/div>\n","protected":false},"excerpt":{"rendered":"<p>La passerelle \u00e0 la gare Perrache est ferm\u00e9e depuis des mois, permettant enfin aux Lyonnais d\u2019admirer la&nbsp;fa\u00e7ade. Trop de bleu. Gare Charles de Gaulle. Avec vue sur l\u2019a\u00e9roport CDG. V pour Voyage. Mais il faut bien que quelqu\u2019un travaille. Bienvenue en G\u00e9orgie&#8239;! Le po\u00e8te folkloriste I\u00e9time Gourji vous accueille \u00e0&nbsp;bras ouverts.<\/p>\n","protected":false},"author":1,"featured_media":0,"parent":12969,"menu_order":0,"comment_status":"closed","ping_status":"closed","template":"","meta":{"site-sidebar-layout":"default","site-content-layout":"","ast-site-content-layout":"default","site-content-style":"default","site-sidebar-style":"default","ast-global-header-display":"","ast-banner-title-visibility":"","ast-main-header-display":"","ast-hfb-above-header-display":"","ast-hfb-below-header-display":"","ast-hfb-mobile-header-display":"","site-post-title":"","ast-breadcrumbs-content":"","ast-featured-img":"","footer-sml-layout":"","ast-disable-related-posts":"","theme-transparent-header-meta":"","adv-header-id-meta":"","stick-header-meta":"","header-above-stick-meta":"","header-main-stick-meta":"","header-below-stick-meta":"","astra-migrate-meta-layouts":"set","ast-page-background-enabled":"default","ast-page-background-meta":{"desktop":{"background-color":"","background-image":"","background-repeat":"repeat","background-position":"center center","background-size":"auto","background-attachment":"scroll","background-type":"","background-media":"","overlay-type":"","overlay-color":"","overlay-opacity":"","overlay-gradient":""},"tablet":{"background-color":"","background-image":"","background-repeat":"repeat","background-position":"center center","background-size":"auto","background-attachment":"scroll","background-type":"","background-media":"","overlay-type":"","overlay-color":"","overlay-opacity":"","overlay-gradient":""},"mobile":{"background-color":"","background-image":"","background-repeat":"repeat","background-position":"center center","background-size":"auto","background-attachment":"scroll","background-type":"","background-media":"","overlay-type":"","overlay-color":"","overlay-opacity":"","overlay-gradient":""}},"ast-content-background-meta":{"desktop":{"background-color":"var(--ast-global-color-5)","background-image":"","background-repeat":"repeat","background-position":"center center","background-size":"auto","background-attachment":"scroll","background-type":"","background-media":"","overlay-type":"","overlay-color":"","overlay-opacity":"","overlay-gradient":""},"tablet":{"background-color":"var(--ast-global-color-5)","background-image":"","background-repeat":"repeat","background-position":"center center","background-size":"auto","background-attachment":"scroll","background-type":"","background-media":"","overlay-type":"","overlay-color":"","overlay-opacity":"","overlay-gradient":""},"mobile":{"background-color":"var(--ast-global-color-5)","background-image":"","background-repeat":"repeat","background-position":"center center","background-size":"auto","background-attachment":"scroll","background-type":"","background-media":"","overlay-type":"","overlay-color":"","overlay-opacity":"","overlay-gradient":""}},"footnotes":""},"class_list":["post-12971","page","type-page","status-publish","hentry"],"_links":{"self":[{"href":"https:\/\/ilupin.com\/fr\/wp-json\/wp\/v2\/pages\/12971","targetHints":{"allow":["GET"]}}],"collection":[{"href":"https:\/\/ilupin.com\/fr\/wp-json\/wp\/v2\/pages"}],"about":[{"href":"https:\/\/ilupin.com\/fr\/wp-json\/wp\/v2\/types\/page"}],"author":[{"embeddable":true,"href":"https:\/\/ilupin.com\/fr\/wp-json\/wp\/v2\/users\/1"}],"replies":[{"embeddable":true,"href":"https:\/\/ilupin.com\/fr\/wp-json\/wp\/v2\/comments?post=12971"}],"version-history":[{"count":28,"href":"https:\/\/ilupin.com\/fr\/wp-json\/wp\/v2\/pages\/12971\/revisions"}],"predecessor-version":[{"id":14755,"href":"https:\/\/ilupin.com\/fr\/wp-json\/wp\/v2\/pages\/12971\/revisions\/14755"}],"up":[{"embeddable":true,"href":"https:\/\/ilupin.com\/fr\/wp-json\/wp\/v2\/pages\/12969"}],"wp:attachment":[{"href":"https:\/\/ilupin.com\/fr\/wp-json\/wp\/v2\/media?parent=12971"}],"curies":[{"name":"wp","href":"https:\/\/api.w.org\/{rel}","templated":true}]}}