{"id":12973,"date":"2026-03-04T22:22:02","date_gmt":"2026-03-04T21:22:02","guid":{"rendered":"https:\/\/ilupin.com\/en\/?page_id=12973"},"modified":"2026-04-05T12:20:27","modified_gmt":"2026-04-05T10:20:27","slug":"2025-03-29-tbilisi-street-art","status":"publish","type":"page","link":"https:\/\/ilupin.com\/fr\/travels\/asia\/georgia\/2025-03-29-tbilisi-street-art\/","title":{"rendered":"Tbilissi : art de rue"},"content":{"rendered":"\n<div class=\"travels\"><ol>\n\n<li>Tbilissi perdrait la moiti\u00e9 de son charme sans l\u2019artiste de rue <a href=\"https:\/\/www.instagram.com\/goshaart\">Gosha&nbsp;Art<\/a>. Nous le reverrons plus d\u2019une&nbsp;fois.\n<img decoding=\"async\" src=\"\/wp-content\/uploads\/travels\/asia\/georgia\/2025-03-29-tbilisi-street-art\/1828.jpg\"><\/li>\n\n<li>Dans la cour de la cath\u00e9drale Sioni.\n<img decoding=\"async\" src=\"\/wp-content\/uploads\/travels\/asia\/georgia\/2025-03-29-tbilisi-street-art\/1840.jpg\"><\/li>\n\n<li>\u00ab&#8239;Tiens, vends-le&#8239;!&#8239;\u00bb Une histoire un peu \u00e9caill\u00e9e, mais toujours touchante, de l\u2019<a href=\"https:\/\/fr.wikipedia.org\/wiki\/Mimino\">amiti\u00e9<\/a> entre Valiko et Roubik.\n<img decoding=\"async\" src=\"\/wp-content\/uploads\/travels\/asia\/georgia\/2025-03-29-tbilisi-street-art\/1825.jpg\"><\/li>\n\n<li>Voil\u00e0 \u00e0 quoi m\u00e8ne une passion excessive pour l\u2019am\u00e9nagement paysager. Des gens passent vraiment ici, hein&#8239;!\n<img decoding=\"async\" src=\"\/wp-content\/uploads\/travels\/asia\/georgia\/2025-03-29-tbilisi-street-art\/1847.jpg\"><\/li>\n\n<li>N\u00e9gligeons-nous, valsons&#8239;!\n<img decoding=\"async\" src=\"\/wp-content\/uploads\/travels\/asia\/georgia\/2025-03-29-tbilisi-street-art\/1855.jpg\"><\/li>\n\n<li>Le pont de la Paix en verre, \u0153uvre de l\u2019architecte italien <a href=\"https:\/\/en.wikipedia.org\/wiki\/Michele_De_Lucchi\">Michele de&nbsp;Lucchi<\/a>, est la carte de visite du nouveau Tbilissi.\n<img decoding=\"async\" src=\"\/wp-content\/uploads\/travels\/asia\/georgia\/2025-03-29-tbilisi-street-art\/1848.jpg\"><\/li>\n\n<li>Des gens travaillent vraiment ici, hein&#8239;!\n<img decoding=\"async\" src=\"\/wp-content\/uploads\/travels\/asia\/georgia\/2025-03-29-tbilisi-street-art\/1851s.jpg\"><\/li>\n\n<li>C\u2019est d\u00e9licieux.\n<img decoding=\"async\" src=\"\/wp-content\/uploads\/travels\/asia\/georgia\/2025-03-29-tbilisi-street-art\/1856.jpg\"><\/li>\n\n<li>Et spirituel.\n<img decoding=\"async\" src=\"\/wp-content\/uploads\/travels\/asia\/georgia\/2025-03-29-tbilisi-street-art\/1862.jpg\"><\/li>\n\n<li>On danse&#8239;?\n<img decoding=\"async\" src=\"\/wp-content\/uploads\/travels\/asia\/georgia\/2025-03-29-tbilisi-street-art\/1864.jpg\"><\/li>\n\n<li>Fa\u00e7ade lat\u00e9rale du caf\u00e9 Gabriadze.\n<img decoding=\"async\" src=\"\/wp-content\/uploads\/travels\/asia\/georgia\/2025-03-29-tbilisi-street-art\/1865.jpg\"><\/li>\n\n<li>Les carreaux de <a href=\"https:\/\/fr.wikipedia.org\/wiki\/Revaz_Gabriadze\">Rezo Gabriadze<\/a> sur la fa\u00e7ade de son Th\u00e9\u00e2tre de marionnettes.\n<img decoding=\"async\" src=\"\/wp-content\/uploads\/travels\/asia\/georgia\/2025-03-29-tbilisi-street-art\/1871.jpg\"><\/li>\n\n<li>Pour une raison inconnue, Cervantes est rest\u00e9 silencieux sur cette partie du&nbsp;voyage.\n<img decoding=\"async\" src=\"\/wp-content\/uploads\/travels\/asia\/georgia\/2025-03-29-tbilisi-street-art\/1883.jpg\"><\/li>\n\n<li>Le piano est plus effrayant que le tigre, j\u2019ai&nbsp;v\u00e9rifi\u00e9.\n<img decoding=\"async\" src=\"\/wp-content\/uploads\/travels\/asia\/georgia\/2025-03-29-tbilisi-street-art\/1914.jpg\"><\/li>\n\n<li>La <a href=\"https:\/\/fr.wikipedia.org\/wiki\/Tamar_Ire\">reine Tamar<\/a> de David Matchavariani comme arch\u00e9type du pouvoir f\u00e9minin.\n<img decoding=\"async\" src=\"\/wp-content\/uploads\/travels\/asia\/georgia\/2025-03-29-tbilisi-street-art\/1917.jpg\"><\/li>\n\n<li>Le po\u00e8te romantique <a href=\"https:\/\/fr.wikipedia.org\/wiki\/Nikoloz_Baratachvili\">Nikoloz Baratachvili<\/a>, reconnu \u00e0&nbsp;titre posthume comme un tr\u00e9sor national. Pasternak l\u2019avait traduit.\n<img decoding=\"async\" src=\"\/wp-content\/uploads\/travels\/asia\/georgia\/2025-03-29-tbilisi-street-art\/1923.jpg\"><\/li>\n\n<li>Porte du ciel.\n<img decoding=\"async\" src=\"\/wp-content\/uploads\/travels\/asia\/georgia\/2025-03-29-tbilisi-street-art\/1926.jpg\"><\/li>\n\n<li>La g\u00e9om\u00e9trie de&nbsp;base dans la cour du Palais c\u00e9r\u00e9monial.\n<img decoding=\"async\" src=\"\/wp-content\/uploads\/travels\/asia\/georgia\/2025-03-29-tbilisi-street-art\/1927.jpg\"><\/li>\n\n<li>L\u2019h\u00f4tel magique Brim.\n<img decoding=\"async\" src=\"\/wp-content\/uploads\/travels\/asia\/georgia\/2025-03-29-tbilisi-street-art\/1931.jpg\"><\/li>\n\n<li>Mention sp\u00e9ciale \u00e0&nbsp;Gosha pour la d\u00e9coration de surfaces manifestement temporaires comme les barri\u00e8res de construction.\n<img decoding=\"async\" src=\"\/wp-content\/uploads\/travels\/asia\/georgia\/2025-03-29-tbilisi-street-art\/1952.jpg\"><\/li>\n\n<li>L\u2019arbre de vie au parc Rik\u00e9. Le&nbsp;toutou pr\u00e8s du banc est \u00e9galement en&nbsp;bronze.\n<img decoding=\"async\" src=\"\/wp-content\/uploads\/travels\/asia\/georgia\/2025-03-29-tbilisi-street-art\/1956.jpg\"><\/li>\n\n<li>Des expositions pour tous les&nbsp;go\u00fbts.\n<img decoding=\"async\" src=\"\/wp-content\/uploads\/travels\/asia\/georgia\/2025-03-29-tbilisi-street-art\/1959.jpg\"><\/li>\n\n<li>Le tram circule pas, mais fait plaisir.\n<img decoding=\"async\" src=\"\/wp-content\/uploads\/travels\/asia\/georgia\/2025-03-29-tbilisi-street-art\/1961.jpg\"><\/li>\n\n<li>Des nids \u00e0 minous.\n<img decoding=\"async\" src=\"\/wp-content\/uploads\/travels\/asia\/georgia\/2025-03-29-tbilisi-street-art\/1988.jpg\"><\/li>\n\n<li>Une belle inconnue.\n<img decoding=\"async\" src=\"\/wp-content\/uploads\/travels\/asia\/georgia\/2025-03-29-tbilisi-street-art\/2001.jpg\"><\/li>\n\n<li>Je d\u00e9teste la&nbsp;guerre.\n<img decoding=\"async\" src=\"\/wp-content\/uploads\/travels\/asia\/georgia\/2025-03-29-tbilisi-street-art\/2007.jpg\"><\/li>\n\n<li>Un rappel utile concernant les app\u00e9tits imp\u00e9riaux boulimiques. 20&#8239;% du territoire g\u00e9orgien est <a href=\"https:\/\/fr.wikipedia.org\/wiki\/Guerre_russo-g%C3%A9orgienne\">occup\u00e9<\/a> par la Russie depuis&nbsp;2008.\n<img decoding=\"async\" src=\"\/wp-content\/uploads\/travels\/asia\/georgia\/2025-03-29-tbilisi-street-art\/2014.jpg\"><\/li>\n\n<li>Le reste du pays est occup\u00e9 par le parti <span class=\"nobr\">pro-russe<\/span> R\u00eave g\u00e9orgien, qui voile des graffitis contestataires.\n<img decoding=\"async\" src=\"\/wp-content\/uploads\/travels\/asia\/georgia\/2025-03-29-tbilisi-street-art\/2017.jpg\"><\/li>\n\n<li>Ce soir, le Conservatoire serve Puccini et Verdi. Les solistes sont bons, le public <span class=\"nobr\">bof-bof,<\/span> mais on peut pas tout avoir.\n<img decoding=\"async\" src=\"\/wp-content\/uploads\/travels\/asia\/georgia\/2025-03-29-tbilisi-street-art\/2022.jpg\"><\/li>\n\n<li>\u00ab&#8239;T\u2019as pas tort, t\u2019es juste un <a href=\"https:\/\/fr.wikipedia.org\/wiki\/The_Big_Lebowski\">connard<\/a>&#8239;\u00bb, et la bi\u00e8re ici est d\u00e9licieuse.\n<img decoding=\"async\" src=\"\/wp-content\/uploads\/travels\/asia\/georgia\/2025-03-29-tbilisi-street-art\/2052.jpg\"><\/li>\n\n<\/ol><\/div>\n\n\n\n<div class=\"menu-georgia-25-container\"><ul id=\"menu-georgia-25\" class=\"menu\"><li id=\"menu-item-13130\" class=\"menu-item menu-item-type-post_type menu-item-object-page menu-item-13130\"><a href=\"https:\/\/ilupin.com\/fr\/?page_id=12969\" class=\"menu-link\">G\u00e9orgie 2025<\/a><\/li>\n<li id=\"menu-item-13124\" class=\"menu-item menu-item-type-post_type menu-item-object-page menu-item-13124\"><a href=\"https:\/\/ilupin.com\/fr\/travels\/asia\/georgia\/2025-03-28-lyon-to-tbilisi\/\" class=\"menu-link\">Lyon \u00e0 Tbilissi<\/a><\/li>\n<li id=\"menu-item-13125\" class=\"menu-item menu-item-type-post_type menu-item-object-page menu-item-13125\"><a href=\"https:\/\/ilupin.com\/fr\/travels\/asia\/georgia\/2025-03-29-tbilisi-street-art\/\" class=\"menu-link\">Art de rue<\/a><\/li>\n<li id=\"menu-item-13126\" class=\"menu-item menu-item-type-post_type menu-item-object-page menu-item-13126\"><a href=\"https:\/\/ilupin.com\/fr\/travels\/asia\/georgia\/2025-03-30-tbilisi-new-heights\/\" class=\"menu-link\">Nouveaux sommets<\/a><\/li>\n<li id=\"menu-item-13127\" class=\"menu-item menu-item-type-post_type menu-item-object-page menu-item-13127\"><a href=\"https:\/\/ilupin.com\/fr\/travels\/asia\/georgia\/2025-03-31-tbilisi-heart-and-soul\/\" class=\"menu-link\">C\u0153ur et \u00e2me<\/a><\/li>\n<li id=\"menu-item-13128\" class=\"menu-item menu-item-type-post_type menu-item-object-page menu-item-13128\"><a href=\"https:\/\/ilupin.com\/fr\/travels\/asia\/georgia\/2025-04-01-mtskheta-uplistsikhe-gori\/\" class=\"menu-link\">Mtskh\u00e9ta et Ouplistsikh\u00e9<\/a><\/li>\n<li id=\"menu-item-13129\" class=\"menu-item menu-item-type-post_type menu-item-object-page menu-item-13129\"><a href=\"https:\/\/ilupin.com\/fr\/travels\/asia\/georgia\/2025-04-02-tbilisi-parks-and-pavements\/\" class=\"menu-link\">Parcs et trottoirs<\/a><\/li>\n<li id=\"menu-item-13131\" class=\"menu-item menu-item-type-post_type menu-item-object-page menu-item-13131\"><a href=\"https:\/\/ilupin.com\/fr\/travels\/asia\/georgia\/2025-04-03-georgian-military-road\/\" class=\"menu-link\">Route militaire<\/a><\/li>\n<li id=\"menu-item-13132\" class=\"menu-item menu-item-type-post_type menu-item-object-page menu-item-13132\"><a href=\"https:\/\/ilupin.com\/fr\/travels\/asia\/georgia\/2025-04-04-tbilisi-facades-and-balconies\/\" class=\"menu-link\">Fa\u00e7ades et balcons<\/a><\/li>\n<li id=\"menu-item-13133\" class=\"menu-item menu-item-type-post_type menu-item-object-page menu-item-13133\"><a href=\"https:\/\/ilupin.com\/fr\/travels\/asia\/georgia\/2025-04-05-tbilisi-to-kutaisi\/\" class=\"menu-link\">Tbilissi\u25b8Kouta\u00efssi<\/a><\/li>\n<li id=\"menu-item-13134\" class=\"menu-item menu-item-type-post_type menu-item-object-page menu-item-13134\"><a href=\"https:\/\/ilupin.com\/fr\/travels\/asia\/georgia\/2025-04-06-kumistavi-okatse\/\" class=\"menu-link\">Koumitsavi et Okats\u00e9<\/a><\/li>\n<li id=\"menu-item-13135\" class=\"menu-item menu-item-type-post_type menu-item-object-page menu-item-13135\"><a href=\"https:\/\/ilupin.com\/fr\/travels\/asia\/georgia\/2025-04-07-kutaisi-to-lyon\/\" class=\"menu-link\">Kouta\u00efssi\u25b8Lyon<\/a><\/li>\n<\/ul><\/div>\n","protected":false},"excerpt":{"rendered":"<p>Tbilissi perdrait la moiti\u00e9 de son charme sans l\u2019artiste de rue Gosha&nbsp;Art. Nous le reverrons plus d\u2019une&nbsp;fois. Dans la cour de la cath\u00e9drale Sioni. \u00ab&#8239;Tiens, vends-le&#8239;!&#8239;\u00bb Une histoire un peu \u00e9caill\u00e9e, mais toujours touchante, de l\u2019amiti\u00e9 entre Valiko et Roubik. Voil\u00e0 \u00e0 quoi m\u00e8ne une passion excessive pour l\u2019am\u00e9nagement paysager. Des gens passent vraiment ici, [&hellip;]<\/p>\n","protected":false},"author":1,"featured_media":0,"parent":12969,"menu_order":1,"comment_status":"closed","ping_status":"closed","template":"","meta":{"site-sidebar-layout":"default","site-content-layout":"","ast-site-content-layout":"default","site-content-style":"default","site-sidebar-style":"default","ast-global-header-display":"","ast-banner-title-visibility":"","ast-main-header-display":"","ast-hfb-above-header-display":"","ast-hfb-below-header-display":"","ast-hfb-mobile-header-display":"","site-post-title":"","ast-breadcrumbs-content":"","ast-featured-img":"","footer-sml-layout":"","ast-disable-related-posts":"","theme-transparent-header-meta":"","adv-header-id-meta":"","stick-header-meta":"","header-above-stick-meta":"","header-main-stick-meta":"","header-below-stick-meta":"","astra-migrate-meta-layouts":"set","ast-page-background-enabled":"default","ast-page-background-meta":{"desktop":{"background-color":"","background-image":"","background-repeat":"repeat","background-position":"center center","background-size":"auto","background-attachment":"scroll","background-type":"","background-media":"","overlay-type":"","overlay-color":"","overlay-opacity":"","overlay-gradient":""},"tablet":{"background-color":"","background-image":"","background-repeat":"repeat","background-position":"center center","background-size":"auto","background-attachment":"scroll","background-type":"","background-media":"","overlay-type":"","overlay-color":"","overlay-opacity":"","overlay-gradient":""},"mobile":{"background-color":"","background-image":"","background-repeat":"repeat","background-position":"center center","background-size":"auto","background-attachment":"scroll","background-type":"","background-media":"","overlay-type":"","overlay-color":"","overlay-opacity":"","overlay-gradient":""}},"ast-content-background-meta":{"desktop":{"background-color":"var(--ast-global-color-5)","background-image":"","background-repeat":"repeat","background-position":"center center","background-size":"auto","background-attachment":"scroll","background-type":"","background-media":"","overlay-type":"","overlay-color":"","overlay-opacity":"","overlay-gradient":""},"tablet":{"background-color":"var(--ast-global-color-5)","background-image":"","background-repeat":"repeat","background-position":"center center","background-size":"auto","background-attachment":"scroll","background-type":"","background-media":"","overlay-type":"","overlay-color":"","overlay-opacity":"","overlay-gradient":""},"mobile":{"background-color":"var(--ast-global-color-5)","background-image":"","background-repeat":"repeat","background-position":"center center","background-size":"auto","background-attachment":"scroll","background-type":"","background-media":"","overlay-type":"","overlay-color":"","overlay-opacity":"","overlay-gradient":""}},"footnotes":""},"class_list":["post-12973","page","type-page","status-publish","hentry"],"_links":{"self":[{"href":"https:\/\/ilupin.com\/fr\/wp-json\/wp\/v2\/pages\/12973","targetHints":{"allow":["GET"]}}],"collection":[{"href":"https:\/\/ilupin.com\/fr\/wp-json\/wp\/v2\/pages"}],"about":[{"href":"https:\/\/ilupin.com\/fr\/wp-json\/wp\/v2\/types\/page"}],"author":[{"embeddable":true,"href":"https:\/\/ilupin.com\/fr\/wp-json\/wp\/v2\/users\/1"}],"replies":[{"embeddable":true,"href":"https:\/\/ilupin.com\/fr\/wp-json\/wp\/v2\/comments?post=12973"}],"version-history":[{"count":93,"href":"https:\/\/ilupin.com\/fr\/wp-json\/wp\/v2\/pages\/12973\/revisions"}],"predecessor-version":[{"id":14870,"href":"https:\/\/ilupin.com\/fr\/wp-json\/wp\/v2\/pages\/12973\/revisions\/14870"}],"up":[{"embeddable":true,"href":"https:\/\/ilupin.com\/fr\/wp-json\/wp\/v2\/pages\/12969"}],"wp:attachment":[{"href":"https:\/\/ilupin.com\/fr\/wp-json\/wp\/v2\/media?parent=12973"}],"curies":[{"name":"wp","href":"https:\/\/api.w.org\/{rel}","templated":true}]}}