{"id":12975,"date":"2026-03-04T22:25:35","date_gmt":"2026-03-04T21:25:35","guid":{"rendered":"https:\/\/ilupin.com\/en\/?page_id=12975"},"modified":"2026-03-31T20:01:05","modified_gmt":"2026-03-31T18:01:05","slug":"2025-03-30-tbilisi-new-heights","status":"publish","type":"page","link":"https:\/\/ilupin.com\/fr\/travels\/asia\/georgia\/2025-03-30-tbilisi-new-heights\/","title":{"rendered":"Tbilissi : nouveaux sommets"},"content":{"rendered":"\n<div class=\"travels\"><ol>\n\n<li>Si vous avez manqu\u00e9 les spectacles l\u00e9gendaires du <a href=\"https:\/\/gabriadze.com\/\">Th\u00e9\u00e2tre de marionnettes<\/a>, profitez au moins du spectacle de rue \u00e0&nbsp;midi.\n<img decoding=\"async\" src=\"\/wp-content\/uploads\/travels\/asia\/georgia\/2025-03-30-tbilisi-new-heights\/2065.jpg\"><\/li>\n\n<li>Techniques interdites.\n<img decoding=\"async\" src=\"\/wp-content\/uploads\/travels\/asia\/georgia\/2025-03-30-tbilisi-new-heights\/2056.jpg\"><\/li>\n\n<li>Les quais de la Koura avec vue sur le Palais c\u00e9r\u00e9monial (construit \u00e9galement par de Lucchi) et l\u2019une des bouches du Centre d\u2019exposition.\n<img decoding=\"async\" src=\"\/wp-content\/uploads\/travels\/asia\/georgia\/2025-03-30-tbilisi-new-heights\/2092.jpg\"><\/li>\n\n<li>Les imposants murs du <a href=\"https:\/\/georgiantravelguide.com\/en\/patriarchate-of-georgia\">Patriarcat g\u00e9orgien<\/a>.\n<img decoding=\"async\" src=\"\/wp-content\/uploads\/travels\/asia\/georgia\/2025-03-30-tbilisi-new-heights\/2101.jpg\"><\/li>\n\n<li>Le pont de la Paix et une montgolfi\u00e8re, planant pensivement \u00e0 une altitude mod\u00e9r\u00e9e.\n<img decoding=\"async\" src=\"\/wp-content\/uploads\/travels\/asia\/georgia\/2025-03-30-tbilisi-new-heights\/2107.jpg\"><\/li>\n\n<li>Elle est m\u00eame \u00e0 roulettes&#8239;!\n<img decoding=\"async\" src=\"\/wp-content\/uploads\/travels\/asia\/georgia\/2025-03-30-tbilisi-new-heights\/2109s.jpg\"><\/li>\n\n<li>L\u2019arbre de vie sous un autre angle. En <span class=\"nobr\">arri\u00e8re-plan,<\/span> le Palais Darejan.\n<img decoding=\"async\" src=\"\/wp-content\/uploads\/travels\/asia\/georgia\/2025-03-30-tbilisi-new-heights\/2221.jpg\"><\/li>\n\n<li>Ronald Reagan nous rappelle que la libert\u00e9 n\u2019est jamais qu\u2019\u00e0 une g\u00e9n\u00e9ration de l\u2019extinction.\n<img decoding=\"async\" src=\"\/wp-content\/uploads\/travels\/asia\/georgia\/2025-03-30-tbilisi-new-heights\/2142.jpg\"><\/li>\n\n<li>Et la huppe n&#8217;\u00e0 rien \u00e0&nbsp;r\u00e9pondre.\n<img decoding=\"async\" src=\"\/wp-content\/uploads\/travels\/asia\/georgia\/2025-03-30-tbilisi-new-heights\/2148s.jpg\"><\/li>\n\n<li>Fonctionnalit\u00e9 contre esth\u00e9tique, pas de vainqueur \u00e9vident.\n<img decoding=\"async\" src=\"\/wp-content\/uploads\/travels\/asia\/georgia\/2025-03-30-tbilisi-new-heights\/2153.jpg\"><\/li>\n\n<li>La beaut\u00e9 est assise.\n<img decoding=\"async\" src=\"\/wp-content\/uploads\/travels\/asia\/georgia\/2025-03-30-tbilisi-new-heights\/2156.jpg\"><\/li>\n\n<li>Plut\u00f4t que d\u2019explorer deux ou trois&nbsp;m\u00b2 depuis une nacelle \u00e0 roulettes, je recommande d\u2019emprunter le t\u00e9l\u00e9ph\u00e9rique au&nbsp;centre.\n<img decoding=\"async\" src=\"\/wp-content\/uploads\/travels\/asia\/georgia\/2025-03-30-tbilisi-new-heights\/2150.jpg\"><\/li>\n\n<li>\u00c0 mi-chemin d\u00e9j\u00e0, on d\u00e9couvre l\u2019\u00e9glise Norachen, la fl\u00e8che du S\u00e9minaire th\u00e9ologique, la <a href=\"https:\/\/fr.wikipedia.org\/wiki\/Cath%C3%A9drale_Sioni\">cath\u00e9drale Sioni<\/a> et la tour de t\u00e9l\u00e9vision.\n<img decoding=\"async\" src=\"\/wp-content\/uploads\/travels\/asia\/georgia\/2025-03-30-tbilisi-new-heights\/2219.jpg\"><\/li>\n\n<li>D\u2019en haut, on voit aussi la Maison de justice, le <a href=\"https:\/\/fuksas.com\/rhike-park\/\">Centre d\u2019exposition<\/a> (alias \u00ab&#8239;tuyaux de Saakachvili&#8239;\u00bb) qui reste ferm\u00e9, et la cath\u00e9drale de la St.&#8239;Trinit\u00e9.\n<img decoding=\"async\" src=\"\/wp-content\/uploads\/travels\/asia\/georgia\/2025-03-30-tbilisi-new-heights\/2183.jpg\"><\/li>\n\n<li>La monumentale M\u00e8re G\u00e9orgie, qui a subi d\u2019importantes <a href=\"https:\/\/kartli.info\/?p=115\">transformations<\/a> depuis 1958, contemple s\u00e9v\u00e8rement toute cette splendeur.\n<img decoding=\"async\" src=\"\/wp-content\/uploads\/travels\/asia\/georgia\/2025-03-30-tbilisi-new-heights\/2188.jpg\"><\/li>\n\n<li>Au pied du monument.\n<img decoding=\"async\" src=\"\/wp-content\/uploads\/travels\/asia\/georgia\/2025-03-30-tbilisi-new-heights\/2200.jpg\"><\/li>\n\n<li>Sur la m\u00eame colline se dresse la forteresse m\u00e9di\u00e9vale de <a href=\"https:\/\/fr.wikipedia.org\/wiki\/Narikala\">Narikala<\/a>, gravement endommag\u00e9e par l\u2019explosion d\u2019un d\u00e9p\u00f4t de poudre il y a&nbsp;200&nbsp;ans.\n<img decoding=\"async\" src=\"\/wp-content\/uploads\/travels\/asia\/georgia\/2025-03-30-tbilisi-new-heights\/2207.jpg\"><\/li>\n\n<li>Le jardin botanique de l&#8217;autre c\u00f4t\u00e9 de la colline.\n<img decoding=\"async\" src=\"\/wp-content\/uploads\/travels\/asia\/georgia\/2025-03-30-tbilisi-new-heights\/2192.jpg\"><\/li>\n\n<li>\u00ab&#8239;<a href=\"https:\/\/tpa.fund\/en\/exhibition\/99-davidnatidze.html\">R\u00e9sistance<\/a>&#8239;\u00bb de David Natidze.\n<img decoding=\"async\" src=\"\/wp-content\/uploads\/travels\/asia\/georgia\/2025-03-30-tbilisi-new-heights\/2225.jpg\"><\/li>\n\n<li>Le v\u00e9lo est le meilleur ami de l\u2019homme&#8239;! (C\u2019est m\u00eame pour deux, si on regarde attentivement.)\n<img decoding=\"async\" src=\"\/wp-content\/uploads\/travels\/asia\/georgia\/2025-03-30-tbilisi-new-heights\/2256.jpg\"><\/li>\n\n<li>L\u2019Acad\u00e9mie nationale des sciences allie l\u00e9g\u00e8rement le style Empire stalinien \u00e0 des balcons mauresques.\n<img decoding=\"async\" src=\"\/wp-content\/uploads\/travels\/asia\/georgia\/2025-03-30-tbilisi-new-heights\/2260.jpg\"><\/li>\n\n<li>Un bac orn\u00e9 d\u2019une frise en <span class=\"nobr\">bas-relief<\/span> de style sovi\u00e9tique tardif, dans l\u2019esprit des c\u00e9ramiques traditionnelles, pr\u00e8s de l\u2019h\u00f4tel T\u00e9l\u00e9graphe.\n<img decoding=\"async\" src=\"\/wp-content\/uploads\/travels\/asia\/georgia\/2025-03-30-tbilisi-new-heights\/2270.jpg\"><\/li>\n\n<li>Sur l\u2019avenue Roustav\u00e9li, on peut souvent admirer de magnifiques statuettes en bronze r\u00e9alis\u00e9es par des dipl\u00f4m\u00e9s de l\u2019<a href=\"https:\/\/fr.wikipedia.org\/wiki\/Acad%C3%A9mie_des_beaux-arts_de_Tbilissi\">Acad\u00e9mie des <span class=\"nobr\">beaux-arts<\/span><\/a>.\n<img decoding=\"async\" src=\"\/wp-content\/uploads\/travels\/asia\/georgia\/2025-03-30-tbilisi-new-heights\/2276.jpg\"><\/li>\n\n<li><a href=\"https:\/\/www.opera.ge\/eng\/home\">L\u2019Op\u00e9ra et le Ballet<\/a>, construits en 1851 dans un style <span class=\"nobr\">n\u00e9o-mauresque.<\/span>\n<img decoding=\"async\" src=\"\/wp-content\/uploads\/travels\/asia\/georgia\/2025-03-30-tbilisi-new-heights\/2281.jpg\"><\/li>\n\n<li>Le vitrail du magasin de vins Avandi.\n<img decoding=\"async\" src=\"\/wp-content\/uploads\/travels\/asia\/georgia\/2025-03-30-tbilisi-new-heights\/2284.jpg\"><\/li>\n\n<li>Le c\u00e9l\u00e8bre haut-relief du \u00ab&#8239;Saxophoniste dans le mur&#8239;\u00bb est aujourd\u2019hui quelque peu perdu parmi des graffitis contestataires et leur censure.\n<img decoding=\"async\" src=\"\/wp-content\/uploads\/travels\/asia\/georgia\/2025-03-30-tbilisi-new-heights\/2286.jpg\"><\/li>\n\n<li>De jeunes rebelles, sur les marches du Parlement, se pr\u00e9parent \u00e0 un long&nbsp;si\u00e8ge.\n<img decoding=\"async\" src=\"\/wp-content\/uploads\/travels\/asia\/georgia\/2025-03-30-tbilisi-new-heights\/2299.jpg\"><\/li>\n\n<li><a href=\"https:\/\/fr.wikipedia.org\/wiki\/Alexandre_Pouchkine\">Alexandre Pouchkine<\/a> contemple son cher Tiflis avec une \u00e9l\u00e9gie m\u00e9lancolique.\n<img decoding=\"async\" src=\"\/wp-content\/uploads\/travels\/asia\/georgia\/2025-03-30-tbilisi-new-heights\/2319.jpg\"><\/li>\n\n<li>St.&#8239;Georges admire le ciel cr\u00e9pusculaire sur la place de la Libert\u00e9.\n<img decoding=\"async\" src=\"\/wp-content\/uploads\/travels\/asia\/georgia\/2025-03-30-tbilisi-new-heights\/2327.jpg\"><\/li>\n\n<li>Apaise mes chagrins.\n<img decoding=\"async\" src=\"\/wp-content\/uploads\/travels\/asia\/georgia\/2025-03-30-tbilisi-new-heights\/2328.jpg\"><\/li>\n\n<\/ol><\/div>\n\n\n\n<div class=\"menu-georgia-25-container\"><ul id=\"menu-georgia-25\" class=\"menu\"><li id=\"menu-item-13130\" class=\"menu-item menu-item-type-post_type menu-item-object-page menu-item-13130\"><a href=\"https:\/\/ilupin.com\/fr\/?page_id=12969\" class=\"menu-link\">G\u00e9orgie 2025<\/a><\/li>\n<li id=\"menu-item-13124\" class=\"menu-item menu-item-type-post_type menu-item-object-page menu-item-13124\"><a href=\"https:\/\/ilupin.com\/fr\/travels\/asia\/georgia\/2025-03-28-lyon-to-tbilisi\/\" class=\"menu-link\">Lyon \u00e0 Tbilissi<\/a><\/li>\n<li id=\"menu-item-13125\" class=\"menu-item menu-item-type-post_type menu-item-object-page menu-item-13125\"><a href=\"https:\/\/ilupin.com\/fr\/travels\/asia\/georgia\/2025-03-29-tbilisi-street-art\/\" class=\"menu-link\">Art de rue<\/a><\/li>\n<li id=\"menu-item-13126\" class=\"menu-item menu-item-type-post_type menu-item-object-page menu-item-13126\"><a href=\"https:\/\/ilupin.com\/fr\/travels\/asia\/georgia\/2025-03-30-tbilisi-new-heights\/\" class=\"menu-link\">Nouveaux sommets<\/a><\/li>\n<li id=\"menu-item-13127\" class=\"menu-item menu-item-type-post_type menu-item-object-page menu-item-13127\"><a href=\"https:\/\/ilupin.com\/fr\/travels\/asia\/georgia\/2025-03-31-tbilisi-heart-and-soul\/\" class=\"menu-link\">C\u0153ur et \u00e2me<\/a><\/li>\n<li id=\"menu-item-13128\" class=\"menu-item menu-item-type-post_type menu-item-object-page menu-item-13128\"><a href=\"https:\/\/ilupin.com\/fr\/travels\/asia\/georgia\/2025-04-01-mtskheta-uplistsikhe-gori\/\" class=\"menu-link\">Mtskh\u00e9ta et Ouplistsikh\u00e9<\/a><\/li>\n<li id=\"menu-item-13129\" class=\"menu-item menu-item-type-post_type menu-item-object-page menu-item-13129\"><a href=\"https:\/\/ilupin.com\/fr\/travels\/asia\/georgia\/2025-04-02-tbilisi-parks-and-pavements\/\" class=\"menu-link\">Parcs et trottoirs<\/a><\/li>\n<li id=\"menu-item-13131\" class=\"menu-item menu-item-type-post_type menu-item-object-page menu-item-13131\"><a href=\"https:\/\/ilupin.com\/fr\/travels\/asia\/georgia\/2025-04-03-georgian-military-road\/\" class=\"menu-link\">Route militaire<\/a><\/li>\n<li id=\"menu-item-13132\" class=\"menu-item menu-item-type-post_type menu-item-object-page menu-item-13132\"><a href=\"https:\/\/ilupin.com\/fr\/travels\/asia\/georgia\/2025-04-04-tbilisi-facades-and-balconies\/\" class=\"menu-link\">Fa\u00e7ades et balcons<\/a><\/li>\n<li id=\"menu-item-13133\" class=\"menu-item menu-item-type-post_type menu-item-object-page menu-item-13133\"><a href=\"https:\/\/ilupin.com\/fr\/travels\/asia\/georgia\/2025-04-05-tbilisi-to-kutaisi\/\" class=\"menu-link\">Tbilissi\u25b8Kouta\u00efssi<\/a><\/li>\n<li id=\"menu-item-13134\" class=\"menu-item menu-item-type-post_type menu-item-object-page menu-item-13134\"><a href=\"https:\/\/ilupin.com\/fr\/travels\/asia\/georgia\/2025-04-06-kumistavi-okatse\/\" class=\"menu-link\">Koumitsavi et Okats\u00e9<\/a><\/li>\n<li id=\"menu-item-13135\" class=\"menu-item menu-item-type-post_type menu-item-object-page menu-item-13135\"><a href=\"https:\/\/ilupin.com\/fr\/travels\/asia\/georgia\/2025-04-07-kutaisi-to-lyon\/\" class=\"menu-link\">Kouta\u00efssi\u25b8Lyon<\/a><\/li>\n<\/ul><\/div>\n","protected":false},"excerpt":{"rendered":"<p>Si vous avez manqu\u00e9 les spectacles l\u00e9gendaires du Th\u00e9\u00e2tre de marionnettes, profitez au moins du spectacle de rue \u00e0&nbsp;midi. Techniques interdites. Les quais de la Koura avec vue sur le Palais c\u00e9r\u00e9monial (construit \u00e9galement par de Lucchi) et l\u2019une des bouches du Centre d\u2019exposition. Les imposants murs du Patriarcat g\u00e9orgien. Le pont de la Paix [&hellip;]<\/p>\n","protected":false},"author":1,"featured_media":0,"parent":12969,"menu_order":2,"comment_status":"closed","ping_status":"closed","template":"","meta":{"site-sidebar-layout":"default","site-content-layout":"","ast-site-content-layout":"default","site-content-style":"default","site-sidebar-style":"default","ast-global-header-display":"","ast-banner-title-visibility":"","ast-main-header-display":"","ast-hfb-above-header-display":"","ast-hfb-below-header-display":"","ast-hfb-mobile-header-display":"","site-post-title":"","ast-breadcrumbs-content":"","ast-featured-img":"","footer-sml-layout":"","ast-disable-related-posts":"","theme-transparent-header-meta":"","adv-header-id-meta":"","stick-header-meta":"","header-above-stick-meta":"","header-main-stick-meta":"","header-below-stick-meta":"","astra-migrate-meta-layouts":"set","ast-page-background-enabled":"default","ast-page-background-meta":{"desktop":{"background-color":"","background-image":"","background-repeat":"repeat","background-position":"center center","background-size":"auto","background-attachment":"scroll","background-type":"","background-media":"","overlay-type":"","overlay-color":"","overlay-opacity":"","overlay-gradient":""},"tablet":{"background-color":"","background-image":"","background-repeat":"repeat","background-position":"center center","background-size":"auto","background-attachment":"scroll","background-type":"","background-media":"","overlay-type":"","overlay-color":"","overlay-opacity":"","overlay-gradient":""},"mobile":{"background-color":"","background-image":"","background-repeat":"repeat","background-position":"center center","background-size":"auto","background-attachment":"scroll","background-type":"","background-media":"","overlay-type":"","overlay-color":"","overlay-opacity":"","overlay-gradient":""}},"ast-content-background-meta":{"desktop":{"background-color":"var(--ast-global-color-5)","background-image":"","background-repeat":"repeat","background-position":"center center","background-size":"auto","background-attachment":"scroll","background-type":"","background-media":"","overlay-type":"","overlay-color":"","overlay-opacity":"","overlay-gradient":""},"tablet":{"background-color":"var(--ast-global-color-5)","background-image":"","background-repeat":"repeat","background-position":"center center","background-size":"auto","background-attachment":"scroll","background-type":"","background-media":"","overlay-type":"","overlay-color":"","overlay-opacity":"","overlay-gradient":""},"mobile":{"background-color":"var(--ast-global-color-5)","background-image":"","background-repeat":"repeat","background-position":"center center","background-size":"auto","background-attachment":"scroll","background-type":"","background-media":"","overlay-type":"","overlay-color":"","overlay-opacity":"","overlay-gradient":""}},"footnotes":""},"class_list":["post-12975","page","type-page","status-publish","hentry"],"_links":{"self":[{"href":"https:\/\/ilupin.com\/fr\/wp-json\/wp\/v2\/pages\/12975","targetHints":{"allow":["GET"]}}],"collection":[{"href":"https:\/\/ilupin.com\/fr\/wp-json\/wp\/v2\/pages"}],"about":[{"href":"https:\/\/ilupin.com\/fr\/wp-json\/wp\/v2\/types\/page"}],"author":[{"embeddable":true,"href":"https:\/\/ilupin.com\/fr\/wp-json\/wp\/v2\/users\/1"}],"replies":[{"embeddable":true,"href":"https:\/\/ilupin.com\/fr\/wp-json\/wp\/v2\/comments?post=12975"}],"version-history":[{"count":106,"href":"https:\/\/ilupin.com\/fr\/wp-json\/wp\/v2\/pages\/12975\/revisions"}],"predecessor-version":[{"id":14831,"href":"https:\/\/ilupin.com\/fr\/wp-json\/wp\/v2\/pages\/12975\/revisions\/14831"}],"up":[{"embeddable":true,"href":"https:\/\/ilupin.com\/fr\/wp-json\/wp\/v2\/pages\/12969"}],"wp:attachment":[{"href":"https:\/\/ilupin.com\/fr\/wp-json\/wp\/v2\/media?parent=12975"}],"curies":[{"name":"wp","href":"https:\/\/api.w.org\/{rel}","templated":true}]}}