{"id":12977,"date":"2026-03-04T22:29:11","date_gmt":"2026-03-04T21:29:11","guid":{"rendered":"https:\/\/ilupin.com\/en\/?page_id=12977"},"modified":"2026-03-31T23:08:00","modified_gmt":"2026-03-31T21:08:00","slug":"2025-03-31-tbilisi-heart-and-soul","status":"publish","type":"page","link":"https:\/\/ilupin.com\/fr\/travels\/asia\/georgia\/2025-03-31-tbilisi-heart-and-soul\/","title":{"rendered":"Tbilissi : c\u0153ur et\u00a0\u00e2me"},"content":{"rendered":"\n<div class=\"travels\"><ol>\n\n<li>Le palais fortifi\u00e9 <a href=\"https:\/\/en.wikipedia.org\/wiki\/Darejan_Dadiani\">Daredjan<\/a> (elle devint la 3<sup>e<\/sup>&nbsp;\u00e9pouse d\u2019Irakli&nbsp;II \u00e0 l\u2019\u00e2ge de 12&nbsp;ans, lui donna 23&nbsp;enfants, connut des d\u00e9saccords) fut construit en&nbsp;1776.\n<img decoding=\"async\" src=\"\/wp-content\/uploads\/travels\/asia\/georgia\/2025-03-31-tbilisi-heart-and-soul\/2352.jpg\"><\/li>\n\n<li>Apr\u00e8s la mort d\u2019Irakli en 1798, son fils a\u00een\u00e9 <a href=\"https:\/\/fr.wikipedia.org\/wiki\/Georges_XII_(roi_de_Kartl-Kakh%C3%A9tie)\">Georges&nbsp;XII<\/a> envoya ici Darejan qui ne partageait pas les vues <span class=\"nobr\">pro-russes<\/span> de son mari et de son <span class=\"nobr\">beau-fils.<\/span>\n<img decoding=\"async\" src=\"\/wp-content\/uploads\/travels\/asia\/georgia\/2025-03-31-tbilisi-heart-and-soul\/2339.jpg\"><\/li>\n\n<li>Darejan poursuivit son combat en r\u00e9sidence surveill\u00e9e (avec le soutien actif de ses fils), mais George mourut d\u2019angine de poitrine d\u00e9j\u00e0 en&nbsp;1800.\n<img decoding=\"async\" src=\"\/wp-content\/uploads\/travels\/asia\/georgia\/2025-03-31-tbilisi-heart-and-soul\/2354.jpg\"><\/li>\n\n<li>Apr\u00e8s cela, les troupes russes occup\u00e8rent la <a href=\"https:\/\/fr.wikipedia.org\/wiki\/Royaume_de_Kartl-Kakh%C3%A9tie\">Kartl-Kakh\u00e9tie<\/a> et emmen\u00e8rent Darejan en Russie, mettant ainsi fin au r\u00e8gne mill\u00e9naire des Bagratides.\n<img decoding=\"async\" src=\"\/wp-content\/uploads\/travels\/asia\/georgia\/2025-03-31-tbilisi-heart-and-soul\/2348.jpg\"><\/li>\n\n<li>Un s\u00e9minaire fut \u00e9tabli dans la r\u00e9sidence de la reine, puis transform\u00e9 en monast\u00e8re. L\u2019\u00e9glise \u00e9tait orn\u00e9e de fresques de style Renaissance.\n<img decoding=\"async\" src=\"\/wp-content\/uploads\/travels\/asia\/georgia\/2025-03-31-tbilisi-heart-and-soul\/2349.jpg\"><\/li>\n\n<li>Derri\u00e8re les murs, se dresse l\u2019<a href=\"https:\/\/fr.wikipedia.org\/wiki\/%C3%89glise_de_Metekhi\">\u00e9glise de Metekhi<\/a> du&nbsp;XIII<sup>e<\/sup> si\u00e8cle, et&nbsp;sur la colline, l\u2019\u00e9glise Narikala d\u2019en 1996 (sur le site de l\u2019\u00e9glise m\u00e9di\u00e9vale explos\u00e9e).\n<img decoding=\"async\" src=\"\/wp-content\/uploads\/travels\/asia\/georgia\/2025-03-31-tbilisi-heart-and-soul\/2355.jpg\"><\/li>\n\n<li><a href=\"https:\/\/fr.wikipedia.org\/wiki\/Cath%C3%A9drale_de_la_Sainte-Trinit%C3%A9_de_Tbilissi\">Cath\u00e9drale de la St.&#8239;Trinit\u00e9<\/a> construite en 2004 dans le style <span class=\"nobr\">n\u00e9o-g\u00e9orgien,<\/span> avec un d\u00f4me arm\u00e9nien dor\u00e9 \u00e0&nbsp;la russe. <span class=\"nobr\">Du bling-bling.<\/span>\n<img decoding=\"async\" src=\"\/wp-content\/uploads\/travels\/asia\/georgia\/2025-03-31-tbilisi-heart-and-soul\/2385.jpg\"><\/li>\n\n<li>L\u2019abondance d\u2019annexes vise \u00e0 contrebalancer quelque peu la hauteur excessive (environ 80 \u00e0&nbsp;100&nbsp;m, selon les points de mesure).\n<img decoding=\"async\" src=\"\/wp-content\/uploads\/travels\/asia\/georgia\/2025-03-31-tbilisi-heart-and-soul\/2371.jpg\"><\/li>\n\n<li><a href=\"https:\/\/fr.wikipedia.org\/wiki\/David_IV_(roi)\">David&nbsp;IV le B\u00e2tisseur<\/a>, la pierre angulaire et des vignes plant\u00e9es en croix de Malte (afin que les rois aient une croix h\u00e9raldique).\n<img decoding=\"async\" src=\"\/wp-content\/uploads\/travels\/asia\/georgia\/2025-03-31-tbilisi-heart-and-soul\/2381.jpg\"><\/li>\n\n<li>La porte sainte, l\u2019\u00e9glise-porche et le&nbsp;clocher. La&nbsp;construction a achev\u00e9 la destruction du <a href=\"https:\/\/en.wikipedia.org\/wiki\/Khojivank_Pantheon_of_Tbilisi\">Panth\u00e9on arm\u00e9nien<\/a> du&nbsp;XVII<sup>e<\/sup> si\u00e8cle, commenc\u00e9e par Beria.\n<img decoding=\"async\" src=\"\/wp-content\/uploads\/travels\/asia\/georgia\/2025-03-31-tbilisi-heart-and-soul\/2374.jpg\"><\/li>\n\n<li>Les clochers ne sont pas vraiment un th\u00e8me g\u00e9orgien, mais m\u00eame leur br\u00e8ve mode au XIII<sup>e<\/sup> si\u00e8cle se caract\u00e9rise par des formes bien <a href=\"https:\/\/en.wikipedia.org\/wiki\/Gudarekhi_monastery\">diff\u00e9rentes<\/a>.\n<img decoding=\"async\" src=\"\/wp-content\/uploads\/travels\/asia\/georgia\/2025-03-31-tbilisi-heart-and-soul\/2388.jpg\"><\/li>\n\n<li>Les baisers impies de <a href=\"https:\/\/art.gov.ge\/en\/portfolio\/japaridze-gia\/\">Gia Japaridze<\/a> sur le pont Barata\u0441hvili.\n<img decoding=\"async\" src=\"\/wp-content\/uploads\/travels\/asia\/georgia\/2025-03-31-tbilisi-heart-and-soul\/2393.jpg\"><\/li>\n\n<li>Maison de justice de <a href=\"https:\/\/fr.wikipedia.org\/wiki\/Massimiliano_Fuksas\">Massimiliano Fuksas<\/a>, <span class=\"nobr\">n\u00e9o-futuriste<\/span> \u00e0 petales\/champignons, s\u2019int\u00e8gre bien (contrairement \u00e0&nbsp;son Centre d\u2019exposition tubulaire).\n<img decoding=\"async\" src=\"\/wp-content\/uploads\/travels\/asia\/georgia\/2025-03-31-tbilisi-heart-and-soul\/2390.jpg\"><\/li>\n\n<li>L\u2019h\u00f4tel Zorba &#038; Bond, un \u00e9clectisme postmoderne m\u00ealant des \u00e9l\u00e9ments d\u2019architecture caucasienne, persane et europ\u00e9enne.\n<img decoding=\"async\" src=\"\/wp-content\/uploads\/travels\/asia\/georgia\/2025-03-31-tbilisi-heart-and-soul\/2395.jpg\"><\/li>\n\n<li>Grand-parents s\u2019amusent.\n<img decoding=\"async\" src=\"\/wp-content\/uploads\/travels\/asia\/georgia\/2025-03-31-tbilisi-heart-and-soul\/2397.jpg\"><\/li>\n\n<li><a href=\"https:\/\/fr.wikipedia.org\/wiki\/Archaeopteryx\">Arch\u00e9opt\u00e9ryx<\/a> a \u00e9t\u00e9 pr\u00e9dit par Darwin comme un cha\u00eenon manquant important. On l\u2019avait trouv\u00e9 qu\u2019en Bavi\u00e8re, Gosha a&nbsp;invent\u00e9 un peu le g\u00e9orgien.\n<img decoding=\"async\" src=\"\/wp-content\/uploads\/travels\/asia\/georgia\/2025-03-31-tbilisi-heart-and-soul\/2399.jpg\"><\/li>\n\n<li>J\u2019ai \u00e9galement des questions sur les proportions.\n<img decoding=\"async\" src=\"\/wp-content\/uploads\/travels\/asia\/georgia\/2025-03-31-tbilisi-heart-and-soul\/2402.jpg\"><\/li>\n\n<li>Un peu de Chopin.\n<img decoding=\"async\" src=\"\/wp-content\/uploads\/travels\/asia\/georgia\/2025-03-31-tbilisi-heart-and-soul\/2407.jpg\"><\/li>\n\n<li>Un romantique n\u00e9&#8239;!\n<img decoding=\"async\" src=\"\/wp-content\/uploads\/travels\/asia\/georgia\/2025-03-31-tbilisi-heart-and-soul\/2412.jpg\"><\/li>\n\n<li>L\u2019\u00e9glise arm\u00e9nienne <a href=\"https:\/\/en.wikipedia.org\/wiki\/Norashen_Church\">Nora\u0441hen<\/a> du XV<sup>e<\/sup> si\u00e8cle devient r\u00e9guli\u00e8rement le th\u00e9\u00e2tre de querelles houleuses entre religions s\u0153urs.\n<img decoding=\"async\" src=\"\/wp-content\/uploads\/travels\/asia\/georgia\/2025-03-31-tbilisi-heart-and-soul\/2421.jpg\"><\/li>\n\n<li>La Grande synagogue et le m\u00e9morial du <a href=\"https:\/\/fr.wikipedia.org\/wiki\/Attaque_du_Hamas_contre_Isra%C3%ABl_d%27octobre_2023\">7&nbsp;octobre<\/a>.\n<img decoding=\"async\" src=\"\/wp-content\/uploads\/travels\/asia\/georgia\/2025-03-31-tbilisi-heart-and-soul\/2422.jpg\"><\/li>\n\n<li>Centrale \u00e9lectrique de souris.\n<img decoding=\"async\" src=\"\/wp-content\/uploads\/travels\/asia\/georgia\/2025-03-31-tbilisi-heart-and-soul\/2426.jpg\"><\/li>\n\n<li>Bains sulfuriques semi-souterrains dans le quartier des Bains (<a href=\"https:\/\/en.wikipedia.org\/wiki\/Abanotubani\">Abanotubani<\/a>), o\u00f9 le roi de l\u2019Ib\u00e9rie Vakhtang Gorgasali aurait fond\u00e9 Tiflis.\n<img decoding=\"async\" src=\"\/wp-content\/uploads\/travels\/asia\/georgia\/2025-03-31-tbilisi-heart-and-soul\/2428.jpg\"><\/li>\n\n<li>\u00ab&#8239;Le faucon et le faisan&#8239;\u00bb de L\u00e9van Tchkhartichvili, tomb\u00e9s dans la source sulfureuse d\u2019inspiration du roi lors d\u2019une chasse. On&nbsp;sait jamais.\n<img decoding=\"async\" src=\"\/wp-content\/uploads\/travels\/asia\/georgia\/2025-03-31-tbilisi-heart-and-soul\/2429.jpg\"><\/li>\n\n<li>Bains Orb\u00e9liani de style persan avec une fa\u00e7ade pointue et des minarets.\n<img decoding=\"async\" src=\"\/wp-content\/uploads\/travels\/asia\/georgia\/2025-03-31-tbilisi-heart-and-soul\/2436.jpg\"><\/li>\n\n<li>La mosqu\u00e9e <a href=\"https:\/\/en.wikipedia.org\/wiki\/Juma_Mosque_(Tbilisi)\">Juma<\/a> (la&nbsp;seule de la ville) a&nbsp;r\u00e9concili\u00e9 chiites et sunnites. Pourquoi se battre quand c\u2019est pas n\u00e9cessaire&#8239;?\n<img decoding=\"async\" src=\"\/wp-content\/uploads\/travels\/asia\/georgia\/2025-03-31-tbilisi-heart-and-soul\/2444.jpg\"><\/li>\n\n<li>Pont de l\u2019amour.\n<img decoding=\"async\" src=\"\/wp-content\/uploads\/travels\/asia\/georgia\/2025-03-31-tbilisi-heart-and-soul\/2451.jpg\"><\/li>\n\n<li>Et un autre.\n<img decoding=\"async\" src=\"\/wp-content\/uploads\/travels\/asia\/georgia\/2025-03-31-tbilisi-heart-and-soul\/2459.jpg\"><\/li>\n\n<li>Faites l\u2019amour, pas la guerre&#8239;!\n<img decoding=\"async\" src=\"\/wp-content\/uploads\/travels\/asia\/georgia\/2025-03-31-tbilisi-heart-and-soul\/2452.jpg\"><\/li>\n\n<li>Et buvez pas au&nbsp;volant.\n<img decoding=\"async\" src=\"\/wp-content\/uploads\/travels\/asia\/georgia\/2025-03-31-tbilisi-heart-and-soul\/2467.jpg\"><\/li>\n\n<\/ol><\/div>\n\n\n\n<div class=\"menu-georgia-25-container\"><ul id=\"menu-georgia-25\" class=\"menu\"><li id=\"menu-item-13130\" class=\"menu-item menu-item-type-post_type menu-item-object-page menu-item-13130\"><a href=\"https:\/\/ilupin.com\/fr\/?page_id=12969\" class=\"menu-link\">G\u00e9orgie 2025<\/a><\/li>\n<li id=\"menu-item-13124\" class=\"menu-item menu-item-type-post_type menu-item-object-page menu-item-13124\"><a href=\"https:\/\/ilupin.com\/fr\/travels\/asia\/georgia\/2025-03-28-lyon-to-tbilisi\/\" class=\"menu-link\">Lyon \u00e0 Tbilissi<\/a><\/li>\n<li id=\"menu-item-13125\" class=\"menu-item menu-item-type-post_type menu-item-object-page menu-item-13125\"><a href=\"https:\/\/ilupin.com\/fr\/travels\/asia\/georgia\/2025-03-29-tbilisi-street-art\/\" class=\"menu-link\">Art de rue<\/a><\/li>\n<li id=\"menu-item-13126\" class=\"menu-item menu-item-type-post_type menu-item-object-page menu-item-13126\"><a href=\"https:\/\/ilupin.com\/fr\/travels\/asia\/georgia\/2025-03-30-tbilisi-new-heights\/\" class=\"menu-link\">Nouveaux sommets<\/a><\/li>\n<li id=\"menu-item-13127\" class=\"menu-item menu-item-type-post_type menu-item-object-page menu-item-13127\"><a href=\"https:\/\/ilupin.com\/fr\/travels\/asia\/georgia\/2025-03-31-tbilisi-heart-and-soul\/\" class=\"menu-link\">C\u0153ur et \u00e2me<\/a><\/li>\n<li id=\"menu-item-13128\" class=\"menu-item menu-item-type-post_type menu-item-object-page menu-item-13128\"><a href=\"https:\/\/ilupin.com\/fr\/travels\/asia\/georgia\/2025-04-01-mtskheta-uplistsikhe-gori\/\" class=\"menu-link\">Mtskh\u00e9ta et Ouplistsikh\u00e9<\/a><\/li>\n<li id=\"menu-item-13129\" class=\"menu-item menu-item-type-post_type menu-item-object-page menu-item-13129\"><a href=\"https:\/\/ilupin.com\/fr\/travels\/asia\/georgia\/2025-04-02-tbilisi-parks-and-pavements\/\" class=\"menu-link\">Parcs et trottoirs<\/a><\/li>\n<li id=\"menu-item-13131\" class=\"menu-item menu-item-type-post_type menu-item-object-page menu-item-13131\"><a href=\"https:\/\/ilupin.com\/fr\/travels\/asia\/georgia\/2025-04-03-georgian-military-road\/\" class=\"menu-link\">Route militaire<\/a><\/li>\n<li id=\"menu-item-13132\" class=\"menu-item menu-item-type-post_type menu-item-object-page menu-item-13132\"><a href=\"https:\/\/ilupin.com\/fr\/travels\/asia\/georgia\/2025-04-04-tbilisi-facades-and-balconies\/\" class=\"menu-link\">Fa\u00e7ades et balcons<\/a><\/li>\n<li id=\"menu-item-13133\" class=\"menu-item menu-item-type-post_type menu-item-object-page menu-item-13133\"><a href=\"https:\/\/ilupin.com\/fr\/travels\/asia\/georgia\/2025-04-05-tbilisi-to-kutaisi\/\" class=\"menu-link\">Tbilissi\u25b8Kouta\u00efssi<\/a><\/li>\n<li id=\"menu-item-13134\" class=\"menu-item menu-item-type-post_type menu-item-object-page menu-item-13134\"><a href=\"https:\/\/ilupin.com\/fr\/travels\/asia\/georgia\/2025-04-06-kumistavi-okatse\/\" class=\"menu-link\">Koumitsavi et Okats\u00e9<\/a><\/li>\n<li id=\"menu-item-13135\" class=\"menu-item menu-item-type-post_type menu-item-object-page menu-item-13135\"><a href=\"https:\/\/ilupin.com\/fr\/travels\/asia\/georgia\/2025-04-07-kutaisi-to-lyon\/\" class=\"menu-link\">Kouta\u00efssi\u25b8Lyon<\/a><\/li>\n<\/ul><\/div>\n","protected":false},"excerpt":{"rendered":"<p>Le palais fortifi\u00e9 Daredjan (elle devint la 3e&nbsp;\u00e9pouse d\u2019Irakli&nbsp;II \u00e0 l\u2019\u00e2ge de 12&nbsp;ans, lui donna 23&nbsp;enfants, connut des d\u00e9saccords) fut construit en&nbsp;1776. Apr\u00e8s la mort d\u2019Irakli en 1798, son fils a\u00een\u00e9 Georges&nbsp;XII envoya ici Darejan qui ne partageait pas les vues pro-russes de son mari et de son beau-fils. Darejan poursuivit son combat en r\u00e9sidence [&hellip;]<\/p>\n","protected":false},"author":1,"featured_media":0,"parent":12969,"menu_order":3,"comment_status":"closed","ping_status":"closed","template":"","meta":{"site-sidebar-layout":"default","site-content-layout":"","ast-site-content-layout":"default","site-content-style":"default","site-sidebar-style":"default","ast-global-header-display":"","ast-banner-title-visibility":"","ast-main-header-display":"","ast-hfb-above-header-display":"","ast-hfb-below-header-display":"","ast-hfb-mobile-header-display":"","site-post-title":"","ast-breadcrumbs-content":"","ast-featured-img":"","footer-sml-layout":"","ast-disable-related-posts":"","theme-transparent-header-meta":"","adv-header-id-meta":"","stick-header-meta":"","header-above-stick-meta":"","header-main-stick-meta":"","header-below-stick-meta":"","astra-migrate-meta-layouts":"set","ast-page-background-enabled":"default","ast-page-background-meta":{"desktop":{"background-color":"","background-image":"","background-repeat":"repeat","background-position":"center center","background-size":"auto","background-attachment":"scroll","background-type":"","background-media":"","overlay-type":"","overlay-color":"","overlay-opacity":"","overlay-gradient":""},"tablet":{"background-color":"","background-image":"","background-repeat":"repeat","background-position":"center center","background-size":"auto","background-attachment":"scroll","background-type":"","background-media":"","overlay-type":"","overlay-color":"","overlay-opacity":"","overlay-gradient":""},"mobile":{"background-color":"","background-image":"","background-repeat":"repeat","background-position":"center center","background-size":"auto","background-attachment":"scroll","background-type":"","background-media":"","overlay-type":"","overlay-color":"","overlay-opacity":"","overlay-gradient":""}},"ast-content-background-meta":{"desktop":{"background-color":"var(--ast-global-color-5)","background-image":"","background-repeat":"repeat","background-position":"center center","background-size":"auto","background-attachment":"scroll","background-type":"","background-media":"","overlay-type":"","overlay-color":"","overlay-opacity":"","overlay-gradient":""},"tablet":{"background-color":"var(--ast-global-color-5)","background-image":"","background-repeat":"repeat","background-position":"center center","background-size":"auto","background-attachment":"scroll","background-type":"","background-media":"","overlay-type":"","overlay-color":"","overlay-opacity":"","overlay-gradient":""},"mobile":{"background-color":"var(--ast-global-color-5)","background-image":"","background-repeat":"repeat","background-position":"center center","background-size":"auto","background-attachment":"scroll","background-type":"","background-media":"","overlay-type":"","overlay-color":"","overlay-opacity":"","overlay-gradient":""}},"footnotes":""},"class_list":["post-12977","page","type-page","status-publish","hentry"],"_links":{"self":[{"href":"https:\/\/ilupin.com\/fr\/wp-json\/wp\/v2\/pages\/12977","targetHints":{"allow":["GET"]}}],"collection":[{"href":"https:\/\/ilupin.com\/fr\/wp-json\/wp\/v2\/pages"}],"about":[{"href":"https:\/\/ilupin.com\/fr\/wp-json\/wp\/v2\/types\/page"}],"author":[{"embeddable":true,"href":"https:\/\/ilupin.com\/fr\/wp-json\/wp\/v2\/users\/1"}],"replies":[{"embeddable":true,"href":"https:\/\/ilupin.com\/fr\/wp-json\/wp\/v2\/comments?post=12977"}],"version-history":[{"count":189,"href":"https:\/\/ilupin.com\/fr\/wp-json\/wp\/v2\/pages\/12977\/revisions"}],"predecessor-version":[{"id":14845,"href":"https:\/\/ilupin.com\/fr\/wp-json\/wp\/v2\/pages\/12977\/revisions\/14845"}],"up":[{"embeddable":true,"href":"https:\/\/ilupin.com\/fr\/wp-json\/wp\/v2\/pages\/12969"}],"wp:attachment":[{"href":"https:\/\/ilupin.com\/fr\/wp-json\/wp\/v2\/media?parent=12977"}],"curies":[{"name":"wp","href":"https:\/\/api.w.org\/{rel}","templated":true}]}}