{"id":12983,"date":"2026-03-04T22:39:39","date_gmt":"2026-03-04T21:39:39","guid":{"rendered":"https:\/\/ilupin.com\/en\/?page_id=12983"},"modified":"2026-03-31T23:11:48","modified_gmt":"2026-03-31T21:11:48","slug":"2025-04-02-tbilisi-parks-and-pavements","status":"publish","type":"page","link":"https:\/\/ilupin.com\/fr\/travels\/asia\/georgia\/2025-04-02-tbilisi-parks-and-pavements\/","title":{"rendered":"Tbilissi : parcs et trottoirs"},"content":{"rendered":"\n<div class=\"travels\"><ol>\n\n<li>On va o\u00f9 alors&#8239;?\n<img decoding=\"async\" src=\"\/wp-content\/uploads\/travels\/asia\/georgia\/2025-04-02-tbilisi-parks-and-pavements\/2989.jpg\"><\/li>\n\n<li>Les remparts de la vieille ville, rue Baratachvili.\n<img decoding=\"async\" src=\"\/wp-content\/uploads\/travels\/asia\/georgia\/2025-04-02-tbilisi-parks-and-pavements\/3008.jpg\"><\/li>\n\n<li>Il y a du vent \u00e0 Paris.\n<img decoding=\"async\" src=\"\/wp-content\/uploads\/travels\/asia\/georgia\/2025-04-02-tbilisi-parks-and-pavements\/3026.jpg\"><\/li>\n\n<li>Place Orb\u00e9liani (anciennement Kolkhozienne). Une ascension sociale fulgurante.\n<img decoding=\"async\" src=\"\/wp-content\/uploads\/travels\/asia\/georgia\/2025-04-02-tbilisi-parks-and-pavements\/3028.jpg\"><\/li>\n\n<li>David IV le B\u00e2tisseur (Aghmachenebeli) par l\u2019artiste de Copenhague <a href=\"https:\/\/youtu.be\/AGCfr7EEUT4\">Peter Skensved<\/a>.\n<img decoding=\"async\" src=\"\/wp-content\/uploads\/travels\/asia\/georgia\/2025-04-02-tbilisi-parks-and-pavements\/3032.jpg\"><\/li>\n\n<li>Le studio <a href=\"https:\/\/georgia.travel\/souvenir-shops\/ceramic-room-shop\">Ceramic Room<\/a> a cr\u00e9\u00e9 toute une s\u00e9rie de magnifiques enseignes dans le <span class=\"nobr\">centre-ville.<\/span>\n<img decoding=\"async\" src=\"\/wp-content\/uploads\/travels\/asia\/georgia\/2025-04-02-tbilisi-parks-and-pavements\/3033.jpg\"><\/li>\n\n<li>Usine Khinkali, rue&nbsp;Pkhovi.\n<img decoding=\"async\" src=\"\/wp-content\/uploads\/travels\/asia\/georgia\/2025-04-02-tbilisi-parks-and-pavements\/3036.jpg\"><\/li>\n\n<li>Une d\u00e9bauche de couleurs au&nbsp;parc Giorgi L\u00e9onidz\u00e9.\n<img decoding=\"async\" src=\"\/wp-content\/uploads\/travels\/asia\/georgia\/2025-04-02-tbilisi-parks-and-pavements\/3041.jpg\"><\/li>\n\n<li>Magasin de tapis pr\u00e8s du march\u00e9 aux&nbsp;puces.\n<img decoding=\"async\" src=\"\/wp-content\/uploads\/travels\/asia\/georgia\/2025-04-02-tbilisi-parks-and-pavements\/3047.jpg\"><\/li>\n\n<li>Les \u00ab&#8239;Tresses du temps&#8239;\u00bb de Giorgi Khaniachvili (une allusion discutable \u00e0 M\u00e9d\u00e9e et \u00e0 St.&#8239;Nino) a fait beaucoup de drames parmi des connaisseurs.\n<img decoding=\"async\" src=\"\/wp-content\/uploads\/travels\/asia\/georgia\/2025-04-02-tbilisi-parks-and-pavements\/3078-2.jpg\"><\/li>\n\n<li>Et l\u2019h\u00f4tel urbain Moxi, parmi les b\u00e2timents du XIX<sup>e<\/sup> si\u00e8cle sur la m\u00eame place, a&nbsp;\u00e9t\u00e9 plut\u00f4t bien re\u00e7u, car il \u00e9tait utile et s\u2019int\u00e9grait au contexte.\n<img decoding=\"async\" src=\"\/wp-content\/uploads\/travels\/asia\/georgia\/2025-04-02-tbilisi-parks-and-pavements\/3050-2.jpg\"><\/li>\n\n<li>En 2016, une partie de l\u2019av. Aghmachenebeli a \u00e9t\u00e9 pi\u00e9tonnis\u00e9e, des dizaines de b\u00e2timents d\u00e9labr\u00e9s ont \u00e9t\u00e9 restaur\u00e9s, des espaces conviviaux cr\u00e9\u00e9s.\n<img decoding=\"async\" src=\"\/wp-content\/uploads\/travels\/asia\/georgia\/2025-04-02-tbilisi-parks-and-pavements\/3076.jpg\"><\/li>\n\n<li>De nouveaux caf\u00e9s, boutiques, galeries, h\u00f4tels, etc. ont vu le jour. Mais beaucoup d\u2019habitants du quartier sont partis&#8239;: il est devenu trop touristique.\n<img decoding=\"async\" src=\"\/wp-content\/uploads\/travels\/asia\/georgia\/2025-04-02-tbilisi-parks-and-pavements\/3068.jpg\"><\/li>\n\n<li>Le projet \u00ab&#8239;<a href=\"https:\/\/georgiaintrend.com\/georgia-sights-destinations\/tbilisi\/new-tiflis\">Nouveau Tiflis<\/a>&#8239;\u00bb est salu\u00e9 pour avoir cr\u00e9\u00e9 un p\u00f4le d\u2019attraction, mais critiqu\u00e9 pour son aspect lisse et st\u00e9rile. Rien n\u2019est parfait.\n<img decoding=\"async\" src=\"\/wp-content\/uploads\/travels\/asia\/georgia\/2025-04-02-tbilisi-parks-and-pavements\/3067.jpg\"><\/li>\n\n<li>La magie de l\u2019amour.\n<img decoding=\"async\" src=\"\/wp-content\/uploads\/travels\/asia\/georgia\/2025-04-02-tbilisi-parks-and-pavements\/3091.jpg\"><\/li>\n\n<li>Le parc du 9&nbsp;mars semble trop po\u00e9tique pour les <a href=\"https:\/\/en.wikipedia.org\/wiki\/1956_Georgian_demonstrations\">\u00e9v\u00e9nements tragiques<\/a> qu\u2019il comm\u00e9more.\n<img decoding=\"async\" src=\"\/wp-content\/uploads\/travels\/asia\/georgia\/2025-04-02-tbilisi-parks-and-pavements\/3092.jpg\"><\/li>\n\n<li>Atlantes \u00e0 vendre.\n<img decoding=\"async\" src=\"\/wp-content\/uploads\/travels\/asia\/georgia\/2025-04-02-tbilisi-parks-and-pavements\/3104.jpg\"><\/li>\n\n<li>L\u2019artiste hongrois <a href=\"https:\/\/fr.wikipedia.org\/wiki\/Mih%C3%A1ly_Zichy\">Mih\u00e1ly Zichy<\/a> a \u00e9t\u00e9 tellement inspir\u00e9 par le po\u00e8me \u00e9pique \u00ab&#8239;Le Chevalier \u00e0 la peau de panth\u00e8re&#8239;\u00bb qu\u2019il l\u2019a illustr\u00e9 gratuitement.\n<img decoding=\"async\" src=\"\/wp-content\/uploads\/travels\/asia\/georgia\/2025-04-02-tbilisi-parks-and-pavements\/3110.jpg\"><\/li>\n\n<li>En effet, l\u2019inspiration prend parfois des formes inattendues.\n<img decoding=\"async\" src=\"\/wp-content\/uploads\/travels\/asia\/georgia\/2025-04-02-tbilisi-parks-and-pavements\/3112.jpg\"><\/li>\n\n<li>L\u2019acteur <a href=\"https:\/\/en.wikipedia.org\/wiki\/Ramaz_Chkhikvadze\">Ramaz Tchkhikvadz\u00e9<\/a>.\n<img decoding=\"async\" src=\"\/wp-content\/uploads\/travels\/asia\/georgia\/2025-04-02-tbilisi-parks-and-pavements\/3113.jpg\"><\/li>\n\n<li>Un balcon monogramm\u00e9.\n<img decoding=\"async\" src=\"\/wp-content\/uploads\/travels\/asia\/georgia\/2025-04-02-tbilisi-parks-and-pavements\/3121.jpg\"><\/li>\n\n<li>Salut \u00e0 toi aussi.\n<img decoding=\"async\" src=\"\/wp-content\/uploads\/travels\/asia\/georgia\/2025-04-02-tbilisi-parks-and-pavements\/3122.jpg\"><\/li>\n\n<li>Une boulangerie aux ombres dures.\n<img decoding=\"async\" src=\"\/wp-content\/uploads\/travels\/asia\/georgia\/2025-04-02-tbilisi-parks-and-pavements\/3126.jpg\"><\/li>\n\n<li>\u00ab&#8239;Celui dont le visage ne brille pas ne deviendra jamais une \u00e9toile.&#8239;\u00bb Le&nbsp;po\u00e8te et artiste <a href=\"https:\/\/en.wikipedia.org\/wiki\/William_Blake\">William Blake<\/a> est magnifique sur n\u2019importe quelle toile.\n<img decoding=\"async\" src=\"\/wp-content\/uploads\/travels\/asia\/georgia\/2025-04-02-tbilisi-parks-and-pavements\/3135.jpg\"><\/li>\n\n<li>Le t\u00e9l\u00e9ph\u00e9rique menant au belv\u00e9d\u00e8re fermera dans quelques minutes, je le prendrai une autre fois.\n<img decoding=\"async\" src=\"\/wp-content\/uploads\/travels\/asia\/georgia\/2025-04-02-tbilisi-parks-and-pavements\/3136.jpg\"><\/li>\n\n<li>Rost\u00e9van et Tinatine, personnages du \u00ab&#8239;Chevalier \u00e0 la peau de panth\u00e8re&#8239;\u00bb. L\u2019incomparable <a href=\"https:\/\/www.davidmatchavariani.ge\/\">David Matchavariani<\/a> a aussi illustr\u00e9 l\u2019\u00e9dition de&nbsp;2011.\n<img decoding=\"async\" src=\"\/wp-content\/uploads\/travels\/asia\/georgia\/2025-04-02-tbilisi-parks-and-pavements\/3139.jpg\"><\/li>\n\n<li>Joies enfantines innocentes.\n<img decoding=\"async\" src=\"\/wp-content\/uploads\/travels\/asia\/georgia\/2025-04-02-tbilisi-parks-and-pavements\/3140.jpg\"><\/li>\n\n<li>Un message clair quant \u00e0 l\u2019attitude r\u00e9serv\u00e9e des G\u00e9orgiens envers les manifestants russes&#8239;: <span class=\"nobr\">allez-y,<\/span> renversez votre goule, on se d\u00e9brouillera ici.\n<img decoding=\"async\" src=\"\/wp-content\/uploads\/travels\/asia\/georgia\/2025-04-02-tbilisi-parks-and-pavements\/3141.jpg\"><\/li>\n\n<li>Le mus\u00e9e des Beaux-Arts se trouve juste en face du Parlement et se voit donc presque toujours encadr\u00e9 de flics, tout sauf artistiques.\n<img decoding=\"async\" src=\"\/wp-content\/uploads\/travels\/asia\/georgia\/2025-04-02-tbilisi-parks-and-pavements\/3148.jpg\"><\/li>\n\n<li>Troph\u00e9es du march\u00e9 aux puces.\n<img decoding=\"async\" src=\"\/wp-content\/uploads\/travels\/asia\/georgia\/2025-04-02-tbilisi-parks-and-pavements\/3152.jpg\"><\/li>\n\n<\/ol><\/div>\n\n\n\n<div class=\"menu-georgia-25-container\"><ul id=\"menu-georgia-25\" class=\"menu\"><li id=\"menu-item-13130\" class=\"menu-item menu-item-type-post_type menu-item-object-page menu-item-13130\"><a href=\"https:\/\/ilupin.com\/fr\/?page_id=12969\" class=\"menu-link\">G\u00e9orgie 2025<\/a><\/li>\n<li id=\"menu-item-13124\" class=\"menu-item menu-item-type-post_type menu-item-object-page menu-item-13124\"><a href=\"https:\/\/ilupin.com\/fr\/travels\/asia\/georgia\/2025-03-28-lyon-to-tbilisi\/\" class=\"menu-link\">Lyon \u00e0 Tbilissi<\/a><\/li>\n<li id=\"menu-item-13125\" class=\"menu-item menu-item-type-post_type menu-item-object-page menu-item-13125\"><a href=\"https:\/\/ilupin.com\/fr\/travels\/asia\/georgia\/2025-03-29-tbilisi-street-art\/\" class=\"menu-link\">Art de rue<\/a><\/li>\n<li id=\"menu-item-13126\" class=\"menu-item menu-item-type-post_type menu-item-object-page menu-item-13126\"><a href=\"https:\/\/ilupin.com\/fr\/travels\/asia\/georgia\/2025-03-30-tbilisi-new-heights\/\" class=\"menu-link\">Nouveaux sommets<\/a><\/li>\n<li id=\"menu-item-13127\" class=\"menu-item menu-item-type-post_type menu-item-object-page menu-item-13127\"><a href=\"https:\/\/ilupin.com\/fr\/travels\/asia\/georgia\/2025-03-31-tbilisi-heart-and-soul\/\" class=\"menu-link\">C\u0153ur et \u00e2me<\/a><\/li>\n<li id=\"menu-item-13128\" class=\"menu-item menu-item-type-post_type menu-item-object-page menu-item-13128\"><a href=\"https:\/\/ilupin.com\/fr\/travels\/asia\/georgia\/2025-04-01-mtskheta-uplistsikhe-gori\/\" class=\"menu-link\">Mtskh\u00e9ta et Ouplistsikh\u00e9<\/a><\/li>\n<li id=\"menu-item-13129\" class=\"menu-item menu-item-type-post_type menu-item-object-page menu-item-13129\"><a href=\"https:\/\/ilupin.com\/fr\/travels\/asia\/georgia\/2025-04-02-tbilisi-parks-and-pavements\/\" class=\"menu-link\">Parcs et trottoirs<\/a><\/li>\n<li id=\"menu-item-13131\" class=\"menu-item menu-item-type-post_type menu-item-object-page menu-item-13131\"><a href=\"https:\/\/ilupin.com\/fr\/travels\/asia\/georgia\/2025-04-03-georgian-military-road\/\" class=\"menu-link\">Route militaire<\/a><\/li>\n<li id=\"menu-item-13132\" class=\"menu-item menu-item-type-post_type menu-item-object-page menu-item-13132\"><a href=\"https:\/\/ilupin.com\/fr\/travels\/asia\/georgia\/2025-04-04-tbilisi-facades-and-balconies\/\" class=\"menu-link\">Fa\u00e7ades et balcons<\/a><\/li>\n<li id=\"menu-item-13133\" class=\"menu-item menu-item-type-post_type menu-item-object-page menu-item-13133\"><a href=\"https:\/\/ilupin.com\/fr\/travels\/asia\/georgia\/2025-04-05-tbilisi-to-kutaisi\/\" class=\"menu-link\">Tbilissi\u25b8Kouta\u00efssi<\/a><\/li>\n<li id=\"menu-item-13134\" class=\"menu-item menu-item-type-post_type menu-item-object-page menu-item-13134\"><a href=\"https:\/\/ilupin.com\/fr\/travels\/asia\/georgia\/2025-04-06-kumistavi-okatse\/\" class=\"menu-link\">Koumitsavi et Okats\u00e9<\/a><\/li>\n<li id=\"menu-item-13135\" class=\"menu-item menu-item-type-post_type menu-item-object-page menu-item-13135\"><a href=\"https:\/\/ilupin.com\/fr\/travels\/asia\/georgia\/2025-04-07-kutaisi-to-lyon\/\" class=\"menu-link\">Kouta\u00efssi\u25b8Lyon<\/a><\/li>\n<\/ul><\/div>\n","protected":false},"excerpt":{"rendered":"<p>On va o\u00f9 alors&#8239;? Les remparts de la vieille ville, rue Baratachvili. Il y a du vent \u00e0 Paris. Place Orb\u00e9liani (anciennement Kolkhozienne). Une ascension sociale fulgurante. David IV le B\u00e2tisseur (Aghmachenebeli) par l\u2019artiste de Copenhague Peter Skensved. Le studio Ceramic Room a cr\u00e9\u00e9 toute une s\u00e9rie de magnifiques enseignes dans le centre-ville. Usine Khinkali, [&hellip;]<\/p>\n","protected":false},"author":1,"featured_media":0,"parent":12969,"menu_order":5,"comment_status":"closed","ping_status":"closed","template":"","meta":{"site-sidebar-layout":"default","site-content-layout":"","ast-site-content-layout":"default","site-content-style":"default","site-sidebar-style":"default","ast-global-header-display":"","ast-banner-title-visibility":"","ast-main-header-display":"","ast-hfb-above-header-display":"","ast-hfb-below-header-display":"","ast-hfb-mobile-header-display":"","site-post-title":"","ast-breadcrumbs-content":"","ast-featured-img":"","footer-sml-layout":"","ast-disable-related-posts":"","theme-transparent-header-meta":"","adv-header-id-meta":"","stick-header-meta":"","header-above-stick-meta":"","header-main-stick-meta":"","header-below-stick-meta":"","astra-migrate-meta-layouts":"set","ast-page-background-enabled":"default","ast-page-background-meta":{"desktop":{"background-color":"","background-image":"","background-repeat":"repeat","background-position":"center center","background-size":"auto","background-attachment":"scroll","background-type":"","background-media":"","overlay-type":"","overlay-color":"","overlay-opacity":"","overlay-gradient":""},"tablet":{"background-color":"","background-image":"","background-repeat":"repeat","background-position":"center center","background-size":"auto","background-attachment":"scroll","background-type":"","background-media":"","overlay-type":"","overlay-color":"","overlay-opacity":"","overlay-gradient":""},"mobile":{"background-color":"","background-image":"","background-repeat":"repeat","background-position":"center center","background-size":"auto","background-attachment":"scroll","background-type":"","background-media":"","overlay-type":"","overlay-color":"","overlay-opacity":"","overlay-gradient":""}},"ast-content-background-meta":{"desktop":{"background-color":"var(--ast-global-color-5)","background-image":"","background-repeat":"repeat","background-position":"center center","background-size":"auto","background-attachment":"scroll","background-type":"","background-media":"","overlay-type":"","overlay-color":"","overlay-opacity":"","overlay-gradient":""},"tablet":{"background-color":"var(--ast-global-color-5)","background-image":"","background-repeat":"repeat","background-position":"center center","background-size":"auto","background-attachment":"scroll","background-type":"","background-media":"","overlay-type":"","overlay-color":"","overlay-opacity":"","overlay-gradient":""},"mobile":{"background-color":"var(--ast-global-color-5)","background-image":"","background-repeat":"repeat","background-position":"center center","background-size":"auto","background-attachment":"scroll","background-type":"","background-media":"","overlay-type":"","overlay-color":"","overlay-opacity":"","overlay-gradient":""}},"footnotes":""},"class_list":["post-12983","page","type-page","status-publish","hentry"],"_links":{"self":[{"href":"https:\/\/ilupin.com\/fr\/wp-json\/wp\/v2\/pages\/12983","targetHints":{"allow":["GET"]}}],"collection":[{"href":"https:\/\/ilupin.com\/fr\/wp-json\/wp\/v2\/pages"}],"about":[{"href":"https:\/\/ilupin.com\/fr\/wp-json\/wp\/v2\/types\/page"}],"author":[{"embeddable":true,"href":"https:\/\/ilupin.com\/fr\/wp-json\/wp\/v2\/users\/1"}],"replies":[{"embeddable":true,"href":"https:\/\/ilupin.com\/fr\/wp-json\/wp\/v2\/comments?post=12983"}],"version-history":[{"count":87,"href":"https:\/\/ilupin.com\/fr\/wp-json\/wp\/v2\/pages\/12983\/revisions"}],"predecessor-version":[{"id":14846,"href":"https:\/\/ilupin.com\/fr\/wp-json\/wp\/v2\/pages\/12983\/revisions\/14846"}],"up":[{"embeddable":true,"href":"https:\/\/ilupin.com\/fr\/wp-json\/wp\/v2\/pages\/12969"}],"wp:attachment":[{"href":"https:\/\/ilupin.com\/fr\/wp-json\/wp\/v2\/media?parent=12983"}],"curies":[{"name":"wp","href":"https:\/\/api.w.org\/{rel}","templated":true}]}}