{"id":12986,"date":"2026-03-04T22:42:13","date_gmt":"2026-03-04T21:42:13","guid":{"rendered":"https:\/\/ilupin.com\/en\/?page_id=12986"},"modified":"2026-04-01T22:22:02","modified_gmt":"2026-04-01T20:22:02","slug":"2025-04-03-georgian-military-road","status":"publish","type":"page","link":"https:\/\/ilupin.com\/fr\/travels\/asia\/georgia\/2025-04-03-georgian-military-road\/","title":{"rendered":"Route militaire g\u00e9orgienne"},"content":{"rendered":"\n<div class=\"travels\"><ol>\n\n<li>R\u00e9servoir de Jinvali pr\u00e8s d\u2019une <a href=\"https:\/\/en.wikipedia.org\/wiki\/Zhinvali_Dam\">centrale hydro\u00e9lectrique<\/a> sur les rives de l\u2019Aragvi. R\u00e9put\u00e9 pour sa profondeur importante et ses couleurs incroyables.\n<img decoding=\"async\" src=\"\/wp-content\/uploads\/travels\/asia\/georgia\/2025-04-03-georgian-military-road\/3158.jpg\"><\/li>\n\n<li>La forteresse m\u00e9di\u00e9vale de <a href=\"https:\/\/ka.wikipedia.org\/wiki\/%E1%83%9B%E1%83%94%E1%83%A0%E1%83%94%E1%83%A1_%E1%83%AA%E1%83%98%E1%83%AE%E1%83%94_(%E1%83%93%E1%83%A3%E1%83%A8%E1%83%94%E1%83%97%E1%83%98%E1%83%A1_%E1%83%9B%E1%83%A3%E1%83%9C%E1%83%98%E1%83%AA%E1%83%98%E1%83%9E%E1%83%90%E1%83%9A%E1%83%98%E1%83%A2%E1%83%94%E1%83%A2%E1%83%98)\">M\u00e9r\u00e9<\/a> \u00e0 huit \u00e9tages, m\u00e9connue mais charmante, sur un versant pittoresque.\n<img decoding=\"async\" src=\"\/wp-content\/uploads\/travels\/asia\/georgia\/2025-04-03-georgian-military-road\/3181.jpg\"><\/li>\n\n<li>Sur les rives des <a href=\"https:\/\/georgia.to\/fr\/places-to-go\/mtskheta-mtianeti\/white-and-black-aragvi-confluence\/\">deux&nbsp;Aragvi<\/a>.\n<img decoding=\"async\" src=\"\/wp-content\/uploads\/travels\/asia\/georgia\/2025-04-03-georgian-military-road\/3198.jpg\"><\/li>\n\n<li>Les escargots turcs m\u00e9ditent.\n<img decoding=\"async\" src=\"\/wp-content\/uploads\/travels\/asia\/georgia\/2025-04-03-georgian-military-road\/3193.jpg\"><\/li>\n\n<li>Le 23<sup>e<\/sup> bureau de la soci\u00e9t\u00e9 de construction China Railway Group. L\u2019Empire Celeste \u0153uvre activement \u00e0 am\u00e9liorer des infrastructures g\u00e9orgiennes.\n<img decoding=\"async\" src=\"\/wp-content\/uploads\/travels\/asia\/georgia\/2025-04-03-georgian-military-road\/3203.jpg\"><\/li>\n\n<li>Le bourg de Kanobi.\n<img decoding=\"async\" src=\"\/wp-content\/uploads\/travels\/asia\/georgia\/2025-04-03-georgian-military-road\/3248.jpg\"><\/li>\n\n<li>Un peu \u00e0 l\u2019\u00e9cart de la Route militaire se trouve le village de Sno, avec son imprenable forteresse de <a href=\"https:\/\/georgia.to\/fr\/places-to-go\/mtskheta-mtianeti\/sno\/sno-fortress\/\">Goudouchaouri<\/a> du XVI<sup>e<\/sup> si\u00e8cle.\n<img decoding=\"async\" src=\"\/wp-content\/uploads\/travels\/asia\/georgia\/2025-04-03-georgian-military-road\/3328.jpg\"><\/li>\n\n<li>Tagada.\n<img decoding=\"async\" src=\"\/wp-content\/uploads\/travels\/asia\/georgia\/2025-04-03-georgian-military-road\/3333.jpg\"><\/li>\n\n<li><a href=\"https:\/\/fr.wikipedia.org\/wiki\/Vakhtang_Ier_d%27Ib%C3%A9rie\">Vakhtang Gorgasali<\/a>, fondateur de Tiflis.\n<img decoding=\"async\" src=\"\/wp-content\/uploads\/travels\/asia\/georgia\/2025-04-03-georgian-military-road\/3361.jpg\"><\/li>\n\n<li>Les grenouilles brunes sont occup\u00e9es.\n<img decoding=\"async\" src=\"\/wp-content\/uploads\/travels\/asia\/georgia\/2025-04-03-georgian-military-road\/3303.jpg\"><\/li>\n\n<li>Les incroyables sculptures en pierre de <a href=\"https:\/\/georgia.to\/fr\/places-to-go\/mtskheta-mtianeti\/sno\/stone-heads-of-sno\/\">M\u00e9rab Piranachvili<\/a> (le Christ et des po\u00e8tes g\u00e9orgiens) sont \u00e0 deux pas de la forteresse.\n<img decoding=\"async\" src=\"\/wp-content\/uploads\/travels\/asia\/georgia\/2025-04-03-georgian-military-road\/3274.jpg\"><\/li>\n\n<li>La destination finale de ce long voyage est la ville de <a href=\"https:\/\/fr.wikipedia.org\/wiki\/Stephantsminda\">Stephantsminda<\/a>, au pied du mont Kazbek.\n<img decoding=\"async\" src=\"\/wp-content\/uploads\/travels\/asia\/georgia\/2025-04-03-georgian-military-road\/3457.jpg\"><\/li>\n\n<li>Un peu d\u2019eau serait agr\u00e9able.\n<img decoding=\"async\" src=\"\/wp-content\/uploads\/travels\/asia\/georgia\/2025-04-03-georgian-military-road\/3459.jpg\"><\/li>\n\n<li>Pour la courte mont\u00e9e jusqu\u2019\u00e0 l\u2019<a href=\"https:\/\/fr.wikipedia.org\/wiki\/%C3%89glise_de_la_Trinit%C3%A9_de_Guergu%C3%A9ti\">\u00e9glise de la Trinit\u00e9<\/a>, les rapaces locaux demandent plus cher qu\u2019un taxi pour un <span class=\"nobr\">aller-retour<\/span> de 6h depuis Tbilissi.\n<img decoding=\"async\" src=\"\/wp-content\/uploads\/travels\/asia\/georgia\/2025-04-03-georgian-military-road\/3371.jpg\"><\/li>\n\n<li>Par beau temps, la vue est magnifique, mais on sait jamais.\n<img decoding=\"async\" src=\"\/wp-content\/uploads\/travels\/asia\/georgia\/2025-04-03-georgian-military-road\/3409.jpg\"><\/li>\n\n<li>J\u2019ai eu un peu plus de chance au retour avec l\u2019<a href=\"https:\/\/fr.wikipedia.org\/wiki\/Monument_%C3%A0_l%27Amiti%C3%A9_russo-g%C3%A9orgienne\">arche de l\u2019Amiti\u00e9<\/a>, dont le principal atout est son emplacement bien choisi et l\u2019altitude de&nbsp;2&#8239;384&nbsp;m.\n<img decoding=\"async\" src=\"\/wp-content\/uploads\/travels\/asia\/georgia\/2025-04-03-georgian-military-road\/3509.jpg\"><\/li>\n\n<li>De pr\u00e8s, c\u2019est assez monstrueux, comme la plupart des cr\u00e9ations du gigantomaniaque Tsereteli. Les fresques en carreaux, toutefois, sont pas \u00e0&nbsp;lui.\n<img decoding=\"async\" src=\"\/wp-content\/uploads\/travels\/asia\/georgia\/2025-04-03-georgian-military-road\/3598.jpg\"><\/li>\n\n<li>Mais quelle vue imprenable elle offre&#8239;!\n<img decoding=\"async\" src=\"\/wp-content\/uploads\/travels\/asia\/georgia\/2025-04-03-georgian-military-road\/3565.jpg\"><\/li>\n\n<li>Quels espaces&#8239;!\n<img decoding=\"async\" src=\"\/wp-content\/uploads\/travels\/asia\/georgia\/2025-04-03-georgian-military-road\/3587.jpg\"><\/li>\n\n<li>Quelles gorges&#8239;!\n<img decoding=\"async\" src=\"\/wp-content\/uploads\/travels\/asia\/georgia\/2025-04-03-georgian-military-road\/3585.jpg\"><\/li>\n\n<li>Sous l\u2019arche, des recoins intimes permettent d\u2019admirer tranquillement la grandeur de la nature, alors que les touristes du dessus font des selfies.\n<img decoding=\"async\" src=\"\/wp-content\/uploads\/travels\/asia\/georgia\/2025-04-03-georgian-military-road\/3554.jpg\"><\/li>\n\n<li>Et si vous avez envie de faire de la motoneige en avril, ne vous privez de&nbsp;rien.\n<img decoding=\"async\" src=\"\/wp-content\/uploads\/travels\/asia\/georgia\/2025-04-03-georgian-military-road\/3595s.jpg\"><\/li>\n\n<li>Le <a href=\"https:\/\/highways.today\/2024\/04\/25\/gudauri-tunnel\/\">tunnel de Goudaouri<\/a>, en construction par les Chinois depuis 2021, promet de r\u00e9soudre un jour les embouteillages qui durent des&nbsp;jours.\n<img decoding=\"async\" src=\"\/wp-content\/uploads\/travels\/asia\/georgia\/2025-04-03-georgian-military-road\/3618.jpg\"><\/li>\n\n<li>Un c\u0153ur pour les ouvriers h\u00e9ro\u00efques.\n<img decoding=\"async\" src=\"\/wp-content\/uploads\/travels\/asia\/georgia\/2025-04-03-georgian-military-road\/3621.jpg\"><\/li>\n\n<li>La <a href=\"https:\/\/fr.wikipedia.org\/wiki\/Ananouri\">forteresse d\u2019Aranouri<\/a> a longtemps servi de bastion aux eristavis d\u2019Aragvi, et \u00e0 partir du XIX<sup>e<\/sup> si\u00e8cle, aux troupes russes. On y trouve trois \u00e9glises.\n<img decoding=\"async\" src=\"\/wp-content\/uploads\/travels\/asia\/georgia\/2025-04-03-georgian-military-road\/3639.jpg\"><\/li>\n\n<li>Int\u00e9rieur de la tour Ronde. Les plafonds se sont effondr\u00e9s depuis longtemps et la g\u00e9om\u00e9trie est discutable, mais la vue reste magnifique.\n<img decoding=\"async\" src=\"\/wp-content\/uploads\/travels\/asia\/georgia\/2025-04-03-georgian-military-road\/3635.jpg\"><\/li>\n\n<li>Le clocher de la forteresse surplombe la partie peu profonde du r\u00e9servoir de Jinvali.\n<img decoding=\"async\" src=\"\/wp-content\/uploads\/travels\/asia\/georgia\/2025-04-03-georgian-military-road\/3665.jpg\"><\/li>\n\n<li>Impasse mexicaine.\n<img decoding=\"async\" src=\"\/wp-content\/uploads\/travels\/asia\/georgia\/2025-04-03-georgian-military-road\/3670.jpg\"><\/li>\n\n<li>Un m\u00e9morial d\u00e9di\u00e9 aux <a href=\"https:\/\/fr.wikipedia.org\/wiki\/Trois_cents_Aragviens\">300&nbsp;Aragviens<\/a> tomb\u00e9s h\u00e9ro\u00efquement au combat contre les Perses, pour que le roi Irakli&nbsp;II se tire h\u00e9ro\u00efquement.\n<img decoding=\"async\" src=\"\/wp-content\/uploads\/travels\/asia\/georgia\/2025-04-03-georgian-military-road\/3679.jpg\"><\/li>\n\n<li>La <a href=\"https:\/\/fr.wikipedia.org\/wiki\/R%C3%A9volution_des_Roses\">r\u00e9volution des Roses<\/a> \u00e0 la station Place de la Libert\u00e9.\n<img decoding=\"async\" src=\"\/wp-content\/uploads\/travels\/asia\/georgia\/2025-04-03-georgian-military-road\/3682.jpg\"><\/li>\n\n<\/ol><\/div>\n\n\n\n<div class=\"menu-georgia-25-container\"><ul id=\"menu-georgia-25\" class=\"menu\"><li id=\"menu-item-13130\" class=\"menu-item menu-item-type-post_type menu-item-object-page menu-item-13130\"><a href=\"https:\/\/ilupin.com\/fr\/?page_id=12969\" class=\"menu-link\">G\u00e9orgie 2025<\/a><\/li>\n<li id=\"menu-item-13124\" class=\"menu-item menu-item-type-post_type menu-item-object-page menu-item-13124\"><a href=\"https:\/\/ilupin.com\/fr\/travels\/asia\/georgia\/2025-03-28-lyon-to-tbilisi\/\" class=\"menu-link\">Lyon \u00e0 Tbilissi<\/a><\/li>\n<li id=\"menu-item-13125\" class=\"menu-item menu-item-type-post_type menu-item-object-page menu-item-13125\"><a href=\"https:\/\/ilupin.com\/fr\/travels\/asia\/georgia\/2025-03-29-tbilisi-street-art\/\" class=\"menu-link\">Art de rue<\/a><\/li>\n<li id=\"menu-item-13126\" class=\"menu-item menu-item-type-post_type menu-item-object-page menu-item-13126\"><a href=\"https:\/\/ilupin.com\/fr\/travels\/asia\/georgia\/2025-03-30-tbilisi-new-heights\/\" class=\"menu-link\">Nouveaux sommets<\/a><\/li>\n<li id=\"menu-item-13127\" class=\"menu-item menu-item-type-post_type menu-item-object-page menu-item-13127\"><a href=\"https:\/\/ilupin.com\/fr\/travels\/asia\/georgia\/2025-03-31-tbilisi-heart-and-soul\/\" class=\"menu-link\">C\u0153ur et \u00e2me<\/a><\/li>\n<li id=\"menu-item-13128\" class=\"menu-item menu-item-type-post_type menu-item-object-page menu-item-13128\"><a href=\"https:\/\/ilupin.com\/fr\/travels\/asia\/georgia\/2025-04-01-mtskheta-uplistsikhe-gori\/\" class=\"menu-link\">Mtskh\u00e9ta et Ouplistsikh\u00e9<\/a><\/li>\n<li id=\"menu-item-13129\" class=\"menu-item menu-item-type-post_type menu-item-object-page menu-item-13129\"><a href=\"https:\/\/ilupin.com\/fr\/travels\/asia\/georgia\/2025-04-02-tbilisi-parks-and-pavements\/\" class=\"menu-link\">Parcs et trottoirs<\/a><\/li>\n<li id=\"menu-item-13131\" class=\"menu-item menu-item-type-post_type menu-item-object-page menu-item-13131\"><a href=\"https:\/\/ilupin.com\/fr\/travels\/asia\/georgia\/2025-04-03-georgian-military-road\/\" class=\"menu-link\">Route militaire<\/a><\/li>\n<li id=\"menu-item-13132\" class=\"menu-item menu-item-type-post_type menu-item-object-page menu-item-13132\"><a href=\"https:\/\/ilupin.com\/fr\/travels\/asia\/georgia\/2025-04-04-tbilisi-facades-and-balconies\/\" class=\"menu-link\">Fa\u00e7ades et balcons<\/a><\/li>\n<li id=\"menu-item-13133\" class=\"menu-item menu-item-type-post_type menu-item-object-page menu-item-13133\"><a href=\"https:\/\/ilupin.com\/fr\/travels\/asia\/georgia\/2025-04-05-tbilisi-to-kutaisi\/\" class=\"menu-link\">Tbilissi\u25b8Kouta\u00efssi<\/a><\/li>\n<li id=\"menu-item-13134\" class=\"menu-item menu-item-type-post_type menu-item-object-page menu-item-13134\"><a href=\"https:\/\/ilupin.com\/fr\/travels\/asia\/georgia\/2025-04-06-kumistavi-okatse\/\" class=\"menu-link\">Koumitsavi et Okats\u00e9<\/a><\/li>\n<li id=\"menu-item-13135\" class=\"menu-item menu-item-type-post_type menu-item-object-page menu-item-13135\"><a href=\"https:\/\/ilupin.com\/fr\/travels\/asia\/georgia\/2025-04-07-kutaisi-to-lyon\/\" class=\"menu-link\">Kouta\u00efssi\u25b8Lyon<\/a><\/li>\n<\/ul><\/div>\n","protected":false},"excerpt":{"rendered":"<p>R\u00e9servoir de Jinvali pr\u00e8s d\u2019une centrale hydro\u00e9lectrique sur les rives de l\u2019Aragvi. R\u00e9put\u00e9 pour sa profondeur importante et ses couleurs incroyables. La forteresse m\u00e9di\u00e9vale de M\u00e9r\u00e9 \u00e0 huit \u00e9tages, m\u00e9connue mais charmante, sur un versant pittoresque. Sur les rives des deux&nbsp;Aragvi. Les escargots turcs m\u00e9ditent. Le 23e bureau de la soci\u00e9t\u00e9 de construction China Railway [&hellip;]<\/p>\n","protected":false},"author":1,"featured_media":0,"parent":12969,"menu_order":6,"comment_status":"closed","ping_status":"closed","template":"","meta":{"site-sidebar-layout":"default","site-content-layout":"","ast-site-content-layout":"default","site-content-style":"default","site-sidebar-style":"default","ast-global-header-display":"","ast-banner-title-visibility":"","ast-main-header-display":"","ast-hfb-above-header-display":"","ast-hfb-below-header-display":"","ast-hfb-mobile-header-display":"","site-post-title":"","ast-breadcrumbs-content":"","ast-featured-img":"","footer-sml-layout":"","ast-disable-related-posts":"","theme-transparent-header-meta":"","adv-header-id-meta":"","stick-header-meta":"","header-above-stick-meta":"","header-main-stick-meta":"","header-below-stick-meta":"","astra-migrate-meta-layouts":"set","ast-page-background-enabled":"default","ast-page-background-meta":{"desktop":{"background-color":"","background-image":"","background-repeat":"repeat","background-position":"center center","background-size":"auto","background-attachment":"scroll","background-type":"","background-media":"","overlay-type":"","overlay-color":"","overlay-opacity":"","overlay-gradient":""},"tablet":{"background-color":"","background-image":"","background-repeat":"repeat","background-position":"center center","background-size":"auto","background-attachment":"scroll","background-type":"","background-media":"","overlay-type":"","overlay-color":"","overlay-opacity":"","overlay-gradient":""},"mobile":{"background-color":"","background-image":"","background-repeat":"repeat","background-position":"center center","background-size":"auto","background-attachment":"scroll","background-type":"","background-media":"","overlay-type":"","overlay-color":"","overlay-opacity":"","overlay-gradient":""}},"ast-content-background-meta":{"desktop":{"background-color":"var(--ast-global-color-5)","background-image":"","background-repeat":"repeat","background-position":"center center","background-size":"auto","background-attachment":"scroll","background-type":"","background-media":"","overlay-type":"","overlay-color":"","overlay-opacity":"","overlay-gradient":""},"tablet":{"background-color":"var(--ast-global-color-5)","background-image":"","background-repeat":"repeat","background-position":"center center","background-size":"auto","background-attachment":"scroll","background-type":"","background-media":"","overlay-type":"","overlay-color":"","overlay-opacity":"","overlay-gradient":""},"mobile":{"background-color":"var(--ast-global-color-5)","background-image":"","background-repeat":"repeat","background-position":"center center","background-size":"auto","background-attachment":"scroll","background-type":"","background-media":"","overlay-type":"","overlay-color":"","overlay-opacity":"","overlay-gradient":""}},"footnotes":""},"class_list":["post-12986","page","type-page","status-publish","hentry"],"_links":{"self":[{"href":"https:\/\/ilupin.com\/fr\/wp-json\/wp\/v2\/pages\/12986","targetHints":{"allow":["GET"]}}],"collection":[{"href":"https:\/\/ilupin.com\/fr\/wp-json\/wp\/v2\/pages"}],"about":[{"href":"https:\/\/ilupin.com\/fr\/wp-json\/wp\/v2\/types\/page"}],"author":[{"embeddable":true,"href":"https:\/\/ilupin.com\/fr\/wp-json\/wp\/v2\/users\/1"}],"replies":[{"embeddable":true,"href":"https:\/\/ilupin.com\/fr\/wp-json\/wp\/v2\/comments?post=12986"}],"version-history":[{"count":95,"href":"https:\/\/ilupin.com\/fr\/wp-json\/wp\/v2\/pages\/12986\/revisions"}],"predecessor-version":[{"id":14854,"href":"https:\/\/ilupin.com\/fr\/wp-json\/wp\/v2\/pages\/12986\/revisions\/14854"}],"up":[{"embeddable":true,"href":"https:\/\/ilupin.com\/fr\/wp-json\/wp\/v2\/pages\/12969"}],"wp:attachment":[{"href":"https:\/\/ilupin.com\/fr\/wp-json\/wp\/v2\/media?parent=12986"}],"curies":[{"name":"wp","href":"https:\/\/api.w.org\/{rel}","templated":true}]}}