{"id":12988,"date":"2026-03-04T23:03:28","date_gmt":"2026-03-04T22:03:28","guid":{"rendered":"https:\/\/ilupin.com\/en\/?page_id=12988"},"modified":"2026-03-31T20:28:59","modified_gmt":"2026-03-31T18:28:59","slug":"2025-04-04-tbilisi-facades-and-balconies","status":"publish","type":"page","link":"https:\/\/ilupin.com\/fr\/travels\/asia\/georgia\/2025-04-04-tbilisi-facades-and-balconies\/","title":{"rendered":"Tbilissi : fa\u00e7ades et\u00a0balcons"},"content":{"rendered":"\n<div class=\"travels\"><ol>\n\n<li>Une forgeage raffin\u00e9e rue Aboviani.\n<img decoding=\"async\" src=\"\/wp-content\/uploads\/travels\/asia\/georgia\/2025-04-04-tbilisi-facades-and-balconies\/3693.jpg\"><\/li>\n\n<li>La c\u00e9l\u00e8bre place Goudiachvili.\n<img decoding=\"async\" src=\"\/wp-content\/uploads\/travels\/asia\/georgia\/2025-04-04-tbilisi-facades-and-balconies\/3705.jpg\"><\/li>\n\n<li>Coin de l\u2019artiste.\n<img decoding=\"async\" src=\"\/wp-content\/uploads\/travels\/asia\/georgia\/2025-04-04-tbilisi-facades-and-balconies\/3699.jpg\"><\/li>\n\n<li>Escaliers et mezzanines \u00e0&nbsp;couper le souffle rue Akhospir\u00e9li. \u00c0&nbsp;louer, d\u2019ailleurs.\n<img decoding=\"async\" src=\"\/wp-content\/uploads\/travels\/asia\/georgia\/2025-04-04-tbilisi-facades-and-balconies\/3707.jpg\"><\/li>\n\n<li>Travailleurs migrants.\n<img decoding=\"async\" src=\"\/wp-content\/uploads\/travels\/asia\/georgia\/2025-04-04-tbilisi-facades-and-balconies\/3714.jpg\"><\/li>\n\n<li>Une autre \u0153uvre du studio Ceramic&nbsp;Room.\n<img decoding=\"async\" src=\"\/wp-content\/uploads\/travels\/asia\/georgia\/2025-04-04-tbilisi-facades-and-balconies\/3712.jpg\"><\/li>\n\n<li>En garde Monsieur&#8239;!\n<img decoding=\"async\" src=\"\/wp-content\/uploads\/travels\/asia\/georgia\/2025-04-04-tbilisi-facades-and-balconies\/3718.jpg\"><\/li>\n\n<li>Le surr\u00e9aliste italien <a href=\"https:\/\/www.instagram.com\/vesod\/\">Vesod<\/a> raconte l\u2019histoire dramatique de M\u00e9d\u00e9e et&nbsp;Jason.\n<img decoding=\"async\" src=\"\/wp-content\/uploads\/travels\/asia\/georgia\/2025-04-04-tbilisi-facades-and-balconies\/3723.jpg\"><\/li>\n\n<li>Le th\u00e9\u00e2tre exp\u00e9rimental Liberty et l\u2019h\u00f4tel du m\u00eame nom. Le premier est encens\u00e9, le second moins.\n<img decoding=\"async\" src=\"\/wp-content\/uploads\/travels\/asia\/georgia\/2025-04-04-tbilisi-facades-and-balconies\/3737.jpg\"><\/li>\n\n<li>L\u2019h\u00f4tel n\u00e9o-futuriste et contextuel Paragraphe, de l\u2019autre c\u00f4t\u00e9 de la rue, est plus populaire.\n<img decoding=\"async\" src=\"\/wp-content\/uploads\/travels\/asia\/georgia\/2025-04-04-tbilisi-facades-and-balconies\/3747.jpg\"><\/li>\n\n<li>Fontaines de style urbanistique sovi\u00e9tique orn\u00e9es de motifs traditionnels, pr\u00e8s des libraires de&nbsp;rue.\n<img decoding=\"async\" src=\"\/wp-content\/uploads\/travels\/asia\/georgia\/2025-04-04-tbilisi-facades-and-balconies\/3741.jpg\"><\/li>\n\n<li>Trois \u00e9poques sans espaces&#8239;: <span class=\"nobr\">n\u00e9o-gothique<\/span> imp\u00e9rial (\u00e9cole de ballet), r\u00e9alisme socialiste tardif <span class=\"nobr\">(bas-relief),<\/span> contemporain post-sovi\u00e9tique (banque).\n<img decoding=\"async\" src=\"\/wp-content\/uploads\/travels\/asia\/georgia\/2025-04-04-tbilisi-facades-and-balconies\/3756.jpg\"><\/li>\n\n<li>March\u00e9 aux fleurs place Orb\u00e9liani.\n<img decoding=\"async\" src=\"\/wp-content\/uploads\/travels\/asia\/georgia\/2025-04-04-tbilisi-facades-and-balconies\/3758.jpg\"><\/li>\n\n<li>Le vieux et le nouveau Tbilissi sur des balcons voisins. Parce qu\u2019ils le peuvent.\n<img decoding=\"async\" src=\"\/wp-content\/uploads\/travels\/asia\/georgia\/2025-04-04-tbilisi-facades-and-balconies\/3759.jpg\"><\/li>\n\n<li>Cath\u00e9drale de la St.&#8239;Trinit\u00e9 \u00e0 une distance respectueuse.\n<img decoding=\"async\" src=\"\/wp-content\/uploads\/travels\/asia\/georgia\/2025-04-04-tbilisi-facades-and-balconies\/3765s.jpg\"><\/li>\n\n<li>Des lilas rue Sundukiani. <span class=\"nobr\">Le sac-poubelle<\/span> fait partie int\u00e9grante de la composition, on a rien \u00e0 se plaindre.\n<img decoding=\"async\" src=\"\/wp-content\/uploads\/travels\/asia\/georgia\/2025-04-04-tbilisi-facades-and-balconies\/3767-2.jpg\"><\/li>\n\n<li><a href=\"https:\/\/georgia.travel\/davit-agmashenebeli-avenue-n36\">Maison Tchavtchanidz\u00e9<\/a> de style Art nouveau de Tbilissi. On y trouve \u00e9galement une fresque int\u00e9rieure reprenant les illustrations de Mih\u00e1ly&nbsp;Zichy.\n<img decoding=\"async\" src=\"\/wp-content\/uploads\/travels\/asia\/georgia\/2025-04-04-tbilisi-facades-and-balconies\/3770-2.jpg\"><\/li>\n\n<li>Un \u00e9clectisme mitieux tbilissien, teint\u00e9 d\u2019Art nouveau, avec un \u00ab&#8239;Demain&#8239;\u00bb ironique (qui n\u2019arrivera <a href=\"https:\/\/edgeryders.eu\/t\/mariam-natroshvili-detu-jintcharadze-urban-artists-in-georgia\/4550\">jamais<\/a>) sur le&nbsp;mur.\n<img decoding=\"async\" src=\"\/wp-content\/uploads\/travels\/asia\/georgia\/2025-04-04-tbilisi-facades-and-balconies\/3773.jpg\"><\/li>\n\n<li>Une fr\u00e9n\u00e9sie de constructions priv\u00e9es dans la cour du Service d\u2019urgence. L\u2019\u00e9tat avec le peuple, en quelque sorte.\n<img decoding=\"async\" src=\"\/wp-content\/uploads\/travels\/asia\/georgia\/2025-04-04-tbilisi-facades-and-balconies\/3776.jpg\"><\/li>\n\n<li>Les maisons de galerie du XIX<sup>e<\/sup> si\u00e8cle ont leur charme, mais se d\u00e9t\u00e9riorent vite et p\u00e9rissent souvent (il&nbsp;est plus facile \u00e0 d\u00e9molir qu\u2019\u00e0 restaurer).\n<img decoding=\"async\" src=\"\/wp-content\/uploads\/travels\/asia\/georgia\/2025-04-04-tbilisi-facades-and-balconies\/3778.jpg\"><\/li>\n\n<li>Restauration de Gosha.\n<img decoding=\"async\" src=\"\/wp-content\/uploads\/travels\/asia\/georgia\/2025-04-04-tbilisi-facades-and-balconies\/3783.jpg\"><\/li>\n\n<li>Art d\u00e9coratif monumental fin-sovietique en plastique sur la fa\u00e7ade de l\u2019ancien grand magasin (aujourd\u2019hui le centre commercial) \u00ab&#8239;Mosa\u00efque&#8239;\u00bb.\n<img decoding=\"async\" src=\"\/wp-content\/uploads\/travels\/asia\/georgia\/2025-04-04-tbilisi-facades-and-balconies\/3785.jpg\"><\/li>\n\n<li>Le monument aux h\u00e9ros de la guerre de 2008 est critiqu\u00e9 pour son emplacement infernal au milieu d\u2019un <span class=\"nobr\">rond-point.<\/span> J\u2019ai pris l\u2019image depuis un&nbsp;bus.\n<img decoding=\"async\" src=\"\/wp-content\/uploads\/travels\/asia\/georgia\/2025-04-04-tbilisi-facades-and-balconies\/3798.jpg\"><\/li>\n\n<li><a href=\"https:\/\/fr.wikipedia.org\/wiki\/Vladimir_Kara-Mourza\">Kara-Mourza<\/a> a \u00e9t\u00e9 condamn\u00e9 \u00e0 25&nbsp;ans de prison en Russie pour sa position <span class=\"nobr\">anti-guerre,<\/span> lib\u00e9r\u00e9 apr\u00e8s plus de 2&nbsp;ans lors d\u2019un \u00e9change de prisonniers.\n<img decoding=\"async\" src=\"\/wp-content\/uploads\/travels\/asia\/georgia\/2025-04-04-tbilisi-facades-and-balconies\/3816-2.jpg\"><\/li>\n\n<li>L\u2019h\u00f4tel Affiche, de style <span class=\"nobr\">r\u00e9tro-futuriste,<\/span> est con\u00e7u pour refl\u00e9ter le futur tel qu\u2019il \u00e9tait imagin\u00e9 dans le&nbsp;pass\u00e9.\n<img decoding=\"async\" src=\"\/wp-content\/uploads\/travels\/asia\/georgia\/2025-04-04-tbilisi-facades-and-balconies\/3799.jpg\"><\/li>\n\n<li>L\u2019\u00e9glise du prince <a href=\"https:\/\/fr.wikipedia.org\/wiki\/Michel_III_de_Vladimir\">Michel de Tver<\/a> se trouve juste en dessous du t\u00e9l\u00e9ph\u00e9rique que j\u2019ai r\u00e9cemment voulu emprunter.\n<img decoding=\"async\" src=\"\/wp-content\/uploads\/travels\/asia\/georgia\/2025-04-04-tbilisi-facades-and-balconies\/3814.jpg\"><\/li>\n\n<li>La station de t\u00e9l\u00e9ph\u00e9rique Mtatsminda-Roustav\u00e9li dans l\u2019esprit <s>d\u00e9lirant<\/s> d\u2019\u00e9clectisme pseudo-historique aux motifs orientaux.\n<img decoding=\"async\" src=\"\/wp-content\/uploads\/travels\/asia\/georgia\/2025-04-04-tbilisi-facades-and-balconies\/3827.jpg\"><\/li>\n\n<li>Le soleil se couche rapidement derri\u00e8re l\u2019horizon, estompant les couleurs, mais vous savez d\u00e9j\u00e0 tout&nbsp;ici.\n<img decoding=\"async\" src=\"\/wp-content\/uploads\/travels\/asia\/georgia\/2025-04-04-tbilisi-facades-and-balconies\/3828.jpg\"><\/li>\n\n<li>La station inf\u00e9rieure est discr\u00e8tement dissimul\u00e9e derri\u00e8re l\u2019Acad\u00e9mie des sciences. Depuis la fa\u00e7ade sur l\u2019avenue Roustav\u00e9li, on voit rien du&nbsp;tout.\n<img decoding=\"async\" src=\"\/wp-content\/uploads\/travels\/asia\/georgia\/2025-04-04-tbilisi-facades-and-balconies\/3854-2.jpg\"><\/li>\n\n<li>Bonne nuit Tbilissi.\n<img decoding=\"async\" src=\"\/wp-content\/uploads\/travels\/asia\/georgia\/2025-04-04-tbilisi-facades-and-balconies\/3866.jpg\"><\/li>\n\n<\/ol><\/div>\n\n\n\n<div class=\"menu-georgia-25-container\"><ul id=\"menu-georgia-25\" class=\"menu\"><li id=\"menu-item-13130\" class=\"menu-item menu-item-type-post_type menu-item-object-page menu-item-13130\"><a href=\"https:\/\/ilupin.com\/fr\/?page_id=12969\" class=\"menu-link\">G\u00e9orgie 2025<\/a><\/li>\n<li id=\"menu-item-13124\" class=\"menu-item menu-item-type-post_type menu-item-object-page menu-item-13124\"><a href=\"https:\/\/ilupin.com\/fr\/travels\/asia\/georgia\/2025-03-28-lyon-to-tbilisi\/\" class=\"menu-link\">Lyon \u00e0 Tbilissi<\/a><\/li>\n<li id=\"menu-item-13125\" class=\"menu-item menu-item-type-post_type menu-item-object-page menu-item-13125\"><a href=\"https:\/\/ilupin.com\/fr\/travels\/asia\/georgia\/2025-03-29-tbilisi-street-art\/\" class=\"menu-link\">Art de rue<\/a><\/li>\n<li id=\"menu-item-13126\" class=\"menu-item menu-item-type-post_type menu-item-object-page menu-item-13126\"><a href=\"https:\/\/ilupin.com\/fr\/travels\/asia\/georgia\/2025-03-30-tbilisi-new-heights\/\" class=\"menu-link\">Nouveaux sommets<\/a><\/li>\n<li id=\"menu-item-13127\" class=\"menu-item menu-item-type-post_type menu-item-object-page menu-item-13127\"><a href=\"https:\/\/ilupin.com\/fr\/travels\/asia\/georgia\/2025-03-31-tbilisi-heart-and-soul\/\" class=\"menu-link\">C\u0153ur et \u00e2me<\/a><\/li>\n<li id=\"menu-item-13128\" class=\"menu-item menu-item-type-post_type menu-item-object-page menu-item-13128\"><a href=\"https:\/\/ilupin.com\/fr\/travels\/asia\/georgia\/2025-04-01-mtskheta-uplistsikhe-gori\/\" class=\"menu-link\">Mtskh\u00e9ta et Ouplistsikh\u00e9<\/a><\/li>\n<li id=\"menu-item-13129\" class=\"menu-item menu-item-type-post_type menu-item-object-page menu-item-13129\"><a href=\"https:\/\/ilupin.com\/fr\/travels\/asia\/georgia\/2025-04-02-tbilisi-parks-and-pavements\/\" class=\"menu-link\">Parcs et trottoirs<\/a><\/li>\n<li id=\"menu-item-13131\" class=\"menu-item menu-item-type-post_type menu-item-object-page menu-item-13131\"><a href=\"https:\/\/ilupin.com\/fr\/travels\/asia\/georgia\/2025-04-03-georgian-military-road\/\" class=\"menu-link\">Route militaire<\/a><\/li>\n<li id=\"menu-item-13132\" class=\"menu-item menu-item-type-post_type menu-item-object-page menu-item-13132\"><a href=\"https:\/\/ilupin.com\/fr\/travels\/asia\/georgia\/2025-04-04-tbilisi-facades-and-balconies\/\" class=\"menu-link\">Fa\u00e7ades et balcons<\/a><\/li>\n<li id=\"menu-item-13133\" class=\"menu-item menu-item-type-post_type menu-item-object-page menu-item-13133\"><a href=\"https:\/\/ilupin.com\/fr\/travels\/asia\/georgia\/2025-04-05-tbilisi-to-kutaisi\/\" class=\"menu-link\">Tbilissi\u25b8Kouta\u00efssi<\/a><\/li>\n<li id=\"menu-item-13134\" class=\"menu-item menu-item-type-post_type menu-item-object-page menu-item-13134\"><a href=\"https:\/\/ilupin.com\/fr\/travels\/asia\/georgia\/2025-04-06-kumistavi-okatse\/\" class=\"menu-link\">Koumitsavi et Okats\u00e9<\/a><\/li>\n<li id=\"menu-item-13135\" class=\"menu-item menu-item-type-post_type menu-item-object-page menu-item-13135\"><a href=\"https:\/\/ilupin.com\/fr\/travels\/asia\/georgia\/2025-04-07-kutaisi-to-lyon\/\" class=\"menu-link\">Kouta\u00efssi\u25b8Lyon<\/a><\/li>\n<\/ul><\/div>\n","protected":false},"excerpt":{"rendered":"<p>Une forgeage raffin\u00e9e rue Aboviani. La c\u00e9l\u00e8bre place Goudiachvili. Coin de l\u2019artiste. Escaliers et mezzanines \u00e0&nbsp;couper le souffle rue Akhospir\u00e9li. \u00c0&nbsp;louer, d\u2019ailleurs. Travailleurs migrants. Une autre \u0153uvre du studio Ceramic&nbsp;Room. En garde Monsieur&#8239;! Le surr\u00e9aliste italien Vesod raconte l\u2019histoire dramatique de M\u00e9d\u00e9e et&nbsp;Jason. Le th\u00e9\u00e2tre exp\u00e9rimental Liberty et l\u2019h\u00f4tel du m\u00eame nom. Le premier est [&hellip;]<\/p>\n","protected":false},"author":1,"featured_media":0,"parent":12969,"menu_order":7,"comment_status":"closed","ping_status":"closed","template":"","meta":{"site-sidebar-layout":"default","site-content-layout":"","ast-site-content-layout":"default","site-content-style":"default","site-sidebar-style":"default","ast-global-header-display":"","ast-banner-title-visibility":"","ast-main-header-display":"","ast-hfb-above-header-display":"","ast-hfb-below-header-display":"","ast-hfb-mobile-header-display":"","site-post-title":"","ast-breadcrumbs-content":"","ast-featured-img":"","footer-sml-layout":"","ast-disable-related-posts":"","theme-transparent-header-meta":"","adv-header-id-meta":"","stick-header-meta":"","header-above-stick-meta":"","header-main-stick-meta":"","header-below-stick-meta":"","astra-migrate-meta-layouts":"set","ast-page-background-enabled":"default","ast-page-background-meta":{"desktop":{"background-color":"","background-image":"","background-repeat":"repeat","background-position":"center center","background-size":"auto","background-attachment":"scroll","background-type":"","background-media":"","overlay-type":"","overlay-color":"","overlay-opacity":"","overlay-gradient":""},"tablet":{"background-color":"","background-image":"","background-repeat":"repeat","background-position":"center center","background-size":"auto","background-attachment":"scroll","background-type":"","background-media":"","overlay-type":"","overlay-color":"","overlay-opacity":"","overlay-gradient":""},"mobile":{"background-color":"","background-image":"","background-repeat":"repeat","background-position":"center center","background-size":"auto","background-attachment":"scroll","background-type":"","background-media":"","overlay-type":"","overlay-color":"","overlay-opacity":"","overlay-gradient":""}},"ast-content-background-meta":{"desktop":{"background-color":"var(--ast-global-color-5)","background-image":"","background-repeat":"repeat","background-position":"center center","background-size":"auto","background-attachment":"scroll","background-type":"","background-media":"","overlay-type":"","overlay-color":"","overlay-opacity":"","overlay-gradient":""},"tablet":{"background-color":"var(--ast-global-color-5)","background-image":"","background-repeat":"repeat","background-position":"center center","background-size":"auto","background-attachment":"scroll","background-type":"","background-media":"","overlay-type":"","overlay-color":"","overlay-opacity":"","overlay-gradient":""},"mobile":{"background-color":"var(--ast-global-color-5)","background-image":"","background-repeat":"repeat","background-position":"center center","background-size":"auto","background-attachment":"scroll","background-type":"","background-media":"","overlay-type":"","overlay-color":"","overlay-opacity":"","overlay-gradient":""}},"footnotes":""},"class_list":["post-12988","page","type-page","status-publish","hentry"],"_links":{"self":[{"href":"https:\/\/ilupin.com\/fr\/wp-json\/wp\/v2\/pages\/12988","targetHints":{"allow":["GET"]}}],"collection":[{"href":"https:\/\/ilupin.com\/fr\/wp-json\/wp\/v2\/pages"}],"about":[{"href":"https:\/\/ilupin.com\/fr\/wp-json\/wp\/v2\/types\/page"}],"author":[{"embeddable":true,"href":"https:\/\/ilupin.com\/fr\/wp-json\/wp\/v2\/users\/1"}],"replies":[{"embeddable":true,"href":"https:\/\/ilupin.com\/fr\/wp-json\/wp\/v2\/comments?post=12988"}],"version-history":[{"count":120,"href":"https:\/\/ilupin.com\/fr\/wp-json\/wp\/v2\/pages\/12988\/revisions"}],"predecessor-version":[{"id":14840,"href":"https:\/\/ilupin.com\/fr\/wp-json\/wp\/v2\/pages\/12988\/revisions\/14840"}],"up":[{"embeddable":true,"href":"https:\/\/ilupin.com\/fr\/wp-json\/wp\/v2\/pages\/12969"}],"wp:attachment":[{"href":"https:\/\/ilupin.com\/fr\/wp-json\/wp\/v2\/media?parent=12988"}],"curies":[{"name":"wp","href":"https:\/\/api.w.org\/{rel}","templated":true}]}}