{"id":12991,"date":"2026-03-04T23:10:21","date_gmt":"2026-03-04T22:10:21","guid":{"rendered":"https:\/\/ilupin.com\/en\/?page_id=12991"},"modified":"2026-04-01T22:24:50","modified_gmt":"2026-04-01T20:24:50","slug":"2025-04-05-tbilisi-to-kutaisi","status":"publish","type":"page","link":"https:\/\/ilupin.com\/fr\/travels\/asia\/georgia\/2025-04-05-tbilisi-to-kutaisi\/","title":{"rendered":"Tbilissi \u00e0 Kouta\u00efssi (via\u00a0Sataplia)"},"content":{"rendered":"\n<div class=\"travels\"><ol>\n\n<li>La gare centrale de la capitale a tout fait pour qu\u2019on ne la trouve jamais. La fa\u00e7ade est couverte d\u2019enseignes, mais ne montre aucun signe de trains.\n<img decoding=\"async\" src=\"\/wp-content\/uploads\/travels\/asia\/georgia\/2025-04-05-tbilisi-to-kutaisi\/3871.jpg\"><\/li>\n\n<li>C\u2019est encore pire \u00e0 l\u2019int\u00e9rieur. Essayez pas de trouver le quai <span class=\"nobr\">vous-m\u00eame,<\/span> tentez pas le diable. Demandez aux anciens, ils vous guideront.\n<img decoding=\"async\" src=\"\/wp-content\/uploads\/travels\/asia\/georgia\/2025-04-05-tbilisi-to-kutaisi\/3874.jpg\"><\/li>\n\n<li>La G\u00e9orgie est un pays de voiture, il faut l\u2019accepter. Les passionn\u00e9s de trains comme moi sont condamn\u00e9s \u00e0 la douleur et \u00e0 l\u2019humiliation.\n<img decoding=\"async\" src=\"\/wp-content\/uploads\/travels\/asia\/georgia\/2025-04-05-tbilisi-to-kutaisi\/3875.jpg\"><\/li>\n\n<li>Il n\u2019y a aucun trajet direct entre Tbilissi et Kouta\u00efssi, \u00e0&nbsp;quoi bon&#8239;? Mon astuce personnelle, c\u2019est la station minuscule Rioni pas loin de la ville.\n<img decoding=\"async\" src=\"\/wp-content\/uploads\/travels\/asia\/georgia\/2025-04-05-tbilisi-to-kutaisi\/3906.jpg\"><\/li>\n\n<li>Apr\u00e8s le d\u00e9jeuner \u00e0 Kouta\u00efssi, je me dirige vers la r\u00e9serve naturelle de <a href=\"https:\/\/georgia.to\/fr\/places-to-go\/imereti\/sataplia-nature-reserve\/\">Sataplia<\/a> et sa for\u00eat colchienne end\u00e9mique. On y trouve de tout&#8239;!\n<img decoding=\"async\" src=\"\/wp-content\/uploads\/travels\/asia\/georgia\/2025-04-05-tbilisi-to-kutaisi\/3911.jpg\"><\/li>\n\n<li>Une aub\u00e9pine, par exemple.\n<img decoding=\"async\" src=\"\/wp-content\/uploads\/travels\/asia\/georgia\/2025-04-05-tbilisi-to-kutaisi\/4134.jpg\"><\/li>\n\n<li>On y peut \u00e9galement trouver un <a href=\"https:\/\/fr.wikipedia.org\/wiki\/Triceratops\">triceratops<\/a> plut\u00f4t convaincant. La cl\u00f4ture et le socle sont finement travaill\u00e9s et presque invisibles.\n<img decoding=\"async\" src=\"\/wp-content\/uploads\/travels\/asia\/georgia\/2025-04-05-tbilisi-to-kutaisi\/3913.jpg\"><\/li>\n\n<li>Probablement un <a href=\"https:\/\/fr.wikipedia.org\/wiki\/Pt%C3%A9ranodon\">pt\u00e9ranodon<\/a>. Il y a bien quelques libert\u00e9s artistiques (le corps massif, par exemple), mais quelle dynamique&#8239;!\n<img decoding=\"async\" src=\"\/wp-content\/uploads\/travels\/asia\/georgia\/2025-04-05-tbilisi-to-kutaisi\/4121.jpg\"><\/li>\n\n<li>Le T-rex, comme ses voisins, est plein de vie&#8239;: il ouvre la gueule, rugit, clignote et se remue. En&nbsp;g\u00e9n\u00e9ral, c\u2019est beaucoup plus cool ici qu\u2019<a href=\"..\/..\/..\/eastern-europe\/romania\/2023-06-02-village-museum\/#1791\">\u00e0&nbsp;Bucarest<\/a>.\n<img decoding=\"async\" src=\"\/wp-content\/uploads\/travels\/asia\/georgia\/2025-04-05-tbilisi-to-kutaisi\/3955.jpg\"><\/li>\n\n<li>Tous les sons sont imaginaires par d\u00e9finition&#8239;: on ignore \u00e0 quoi ils ressemblaient. Mais si on veut susciter un int\u00e9r\u00eat pour la pal\u00e9ontologie, c\u2019est&nbsp;ici.\n<img decoding=\"async\" src=\"\/wp-content\/uploads\/travels\/asia\/georgia\/2025-04-05-tbilisi-to-kutaisi\/3916.jpg\"><\/li>\n\n<li>Alors peut-\u00eatre que les empreintes du <a href=\"https:\/\/en.wikipedia.org\/wiki\/Satapliasaurus\">satapliasaurus<\/a> dans le calcaire jurassique ressembleront un peu moins \u00e0 \u00ab&#8239;une poule a couru sur du b\u00e9ton&#8239;\u00bb.\n<img decoding=\"async\" src=\"\/wp-content\/uploads\/travels\/asia\/georgia\/2025-04-05-tbilisi-to-kutaisi\/3968.jpg\"><\/li>\n\n<li>Mais l\u2019impression la plus marquante dans la r\u00e9serve venait sans conteste du pont de Cristal&#8239;: un balcon de verre surplombant l\u2019ab\u00eeme.\n<img decoding=\"async\" src=\"\/wp-content\/uploads\/travels\/asia\/georgia\/2025-04-05-tbilisi-to-kutaisi\/3947.jpg\"><\/li>\n\n<li>En bas, c\u2019est comme&nbsp;\u00e7a.\n<img decoding=\"async\" src=\"\/wp-content\/uploads\/travels\/asia\/georgia\/2025-04-05-tbilisi-to-kutaisi\/3936.jpg\"><\/li>\n\n<li>Et devant, c\u2019est comme&nbsp;\u00e7a.\n<img decoding=\"async\" src=\"\/wp-content\/uploads\/travels\/asia\/georgia\/2025-04-05-tbilisi-to-kutaisi\/3931.jpg\"><\/li>\n\n<li>Un joli auvent surplombe les c\u00e9l\u00e8bres grottes <a href=\"https:\/\/fr.wikipedia.org\/wiki\/Karst\">karstiques<\/a>.\n<img decoding=\"async\" src=\"\/wp-content\/uploads\/travels\/asia\/georgia\/2025-04-05-tbilisi-to-kutaisi\/3988.jpg\"><\/li>\n\n<li>Bienvenue dans le monde souterrain (360&nbsp;m <span class=\"nobr\">au-dessus<\/span> du niveau de la&nbsp;mer).\n<img decoding=\"async\" src=\"\/wp-content\/uploads\/travels\/asia\/georgia\/2025-04-05-tbilisi-to-kutaisi\/4010.jpg\"><\/li>\n\n<li>Les <a href=\"https:\/\/georgia.travel\/sataplia-cave-and-nature-reserve\">grottes de Sataplia<\/a> ont \u00e9t\u00e9 d\u00e9couvertes il y a exactement cent ans par l\u2019enseignant et naturaliste Petr\u00e9 Tchaboukiani.\n<img decoding=\"async\" src=\"\/wp-content\/uploads\/travels\/asia\/georgia\/2025-04-05-tbilisi-to-kutaisi\/4006.jpg\"><\/li>\n\n<li>Comme de coutume, stalactites, stalagmites, colonnes, rochers et autres merveilles y poussent en abondance.\n<img decoding=\"async\" src=\"\/wp-content\/uploads\/travels\/asia\/georgia\/2025-04-05-tbilisi-to-kutaisi\/4031.jpg\"><\/li>\n\n<li>Autrefois, des abeilles y vivaient, mais lass\u00e9es du cirque de couleurs, elles se sont barr\u00e9es. Maintenant, c\u2019est des araign\u00e9es, des vers et des touristes.\n<img decoding=\"async\" src=\"\/wp-content\/uploads\/travels\/asia\/georgia\/2025-04-05-tbilisi-to-kutaisi\/4029.jpg\"><\/li>\n\n<li>Pour \u00eatre juste, seule une des cinq grottes est ouverte au public\u00a0; des sp\u00e9l\u00e9ologues et des pal\u00e9ontologues travaillent dans les autres.\n<img decoding=\"async\" src=\"\/wp-content\/uploads\/travels\/asia\/georgia\/2025-04-05-tbilisi-to-kutaisi\/4039.jpg\"><\/li>\n\n<li>Dracula approuve.\n<img decoding=\"async\" src=\"\/wp-content\/uploads\/travels\/asia\/georgia\/2025-04-05-tbilisi-to-kutaisi\/4063.jpg\"><\/li>\n\n<li>\u00c0 mon humble avis, un \u00e9clairage mod\u00e9r\u00e9 et neutre conviendrait bien mieux \u00e0 la grande cr\u00e9ation du temps et de l\u2019espace.\n<img decoding=\"async\" src=\"\/wp-content\/uploads\/travels\/asia\/georgia\/2025-04-05-tbilisi-to-kutaisi\/4068.jpg\"><\/li>\n\n<li>Les sculptures naturelles sont belles en <span class=\"nobr\">elles-m\u00eames,<\/span> pourquoi diable les peindre&#8239;?\n<img decoding=\"async\" src=\"\/wp-content\/uploads\/travels\/asia\/georgia\/2025-04-05-tbilisi-to-kutaisi\/4087.jpg\"><\/li>\n\n<li>Un instant monochrome.\n<img decoding=\"async\" src=\"\/wp-content\/uploads\/travels\/asia\/georgia\/2025-04-05-tbilisi-to-kutaisi\/4091.jpg\"><\/li>\n\n<li>La sortie de la grotte se fond harmonieusement dans le paysage naturel, et merci pour&nbsp;cela.\n<img decoding=\"async\" src=\"\/wp-content\/uploads\/travels\/asia\/georgia\/2025-04-05-tbilisi-to-kutaisi\/4094.jpg\"><\/li>\n\n<li>Au revoir Sataplia.\n<img decoding=\"async\" src=\"\/wp-content\/uploads\/travels\/asia\/georgia\/2025-04-05-tbilisi-to-kutaisi\/3932.jpg\"><\/li>\n\n<li><a href=\"https:\/\/www.instagram.com\/sasha.korban\">Sasha Korban<\/a> sur l\u2019amour inconditionnel de nos proches&#8239;: il se manifeste dans les petites choses, semble naturel et passe souvent inaper\u00e7u.\n<img decoding=\"async\" src=\"\/wp-content\/uploads\/travels\/asia\/georgia\/2025-04-05-tbilisi-to-kutaisi\/4151.jpg\"><\/li>\n\n<li>La <a href=\"https:\/\/eurasia.travel\/fr\/georgia\/kutaisi\/colchian-fountain\/\">fontaine de Colchide<\/a> de David Gogitcha\u00efchvili, dans le centre de Kouta\u00efssi, s\u2019inspire des bijoux de l\u2019\u00e2ge du bronze g\u00e9orgien.\n<img decoding=\"async\" src=\"\/wp-content\/uploads\/travels\/asia\/georgia\/2025-04-05-tbilisi-to-kutaisi\/4159.jpg\"><\/li>\n\n<li>Le th\u00e9\u00e2tre dramatique <span class=\"nobr\">n\u00e9o-Renaissance<\/span> <a href=\"https:\/\/fr.wikipedia.org\/wiki\/Lado_Aleksi-Meskhichvili\">Lado&nbsp;Meskhichvili<\/a>.\n<img decoding=\"async\" src=\"\/wp-content\/uploads\/travels\/asia\/georgia\/2025-04-05-tbilisi-to-kutaisi\/4166.jpg\"><\/li>\n\n<li>Bonne nuit Kouta\u00efssi.\n<img decoding=\"async\" src=\"\/wp-content\/uploads\/travels\/asia\/georgia\/2025-04-05-tbilisi-to-kutaisi\/4171.jpg\"><\/li>\n\n<\/ol><\/div>\n\n\n\n<div class=\"menu-georgia-25-container\"><ul id=\"menu-georgia-25\" class=\"menu\"><li id=\"menu-item-13130\" class=\"menu-item menu-item-type-post_type menu-item-object-page menu-item-13130\"><a href=\"https:\/\/ilupin.com\/fr\/?page_id=12969\" class=\"menu-link\">G\u00e9orgie 2025<\/a><\/li>\n<li id=\"menu-item-13124\" class=\"menu-item menu-item-type-post_type menu-item-object-page menu-item-13124\"><a href=\"https:\/\/ilupin.com\/fr\/travels\/asia\/georgia\/2025-03-28-lyon-to-tbilisi\/\" class=\"menu-link\">Lyon \u00e0 Tbilissi<\/a><\/li>\n<li id=\"menu-item-13125\" class=\"menu-item menu-item-type-post_type menu-item-object-page menu-item-13125\"><a href=\"https:\/\/ilupin.com\/fr\/travels\/asia\/georgia\/2025-03-29-tbilisi-street-art\/\" class=\"menu-link\">Art de rue<\/a><\/li>\n<li id=\"menu-item-13126\" class=\"menu-item menu-item-type-post_type menu-item-object-page menu-item-13126\"><a href=\"https:\/\/ilupin.com\/fr\/travels\/asia\/georgia\/2025-03-30-tbilisi-new-heights\/\" class=\"menu-link\">Nouveaux sommets<\/a><\/li>\n<li id=\"menu-item-13127\" class=\"menu-item menu-item-type-post_type menu-item-object-page menu-item-13127\"><a href=\"https:\/\/ilupin.com\/fr\/travels\/asia\/georgia\/2025-03-31-tbilisi-heart-and-soul\/\" class=\"menu-link\">C\u0153ur et \u00e2me<\/a><\/li>\n<li id=\"menu-item-13128\" class=\"menu-item menu-item-type-post_type menu-item-object-page menu-item-13128\"><a href=\"https:\/\/ilupin.com\/fr\/travels\/asia\/georgia\/2025-04-01-mtskheta-uplistsikhe-gori\/\" class=\"menu-link\">Mtskh\u00e9ta et Ouplistsikh\u00e9<\/a><\/li>\n<li id=\"menu-item-13129\" class=\"menu-item menu-item-type-post_type menu-item-object-page menu-item-13129\"><a href=\"https:\/\/ilupin.com\/fr\/travels\/asia\/georgia\/2025-04-02-tbilisi-parks-and-pavements\/\" class=\"menu-link\">Parcs et trottoirs<\/a><\/li>\n<li id=\"menu-item-13131\" class=\"menu-item menu-item-type-post_type menu-item-object-page menu-item-13131\"><a href=\"https:\/\/ilupin.com\/fr\/travels\/asia\/georgia\/2025-04-03-georgian-military-road\/\" class=\"menu-link\">Route militaire<\/a><\/li>\n<li id=\"menu-item-13132\" class=\"menu-item menu-item-type-post_type menu-item-object-page menu-item-13132\"><a href=\"https:\/\/ilupin.com\/fr\/travels\/asia\/georgia\/2025-04-04-tbilisi-facades-and-balconies\/\" class=\"menu-link\">Fa\u00e7ades et balcons<\/a><\/li>\n<li id=\"menu-item-13133\" class=\"menu-item menu-item-type-post_type menu-item-object-page menu-item-13133\"><a href=\"https:\/\/ilupin.com\/fr\/travels\/asia\/georgia\/2025-04-05-tbilisi-to-kutaisi\/\" class=\"menu-link\">Tbilissi\u25b8Kouta\u00efssi<\/a><\/li>\n<li id=\"menu-item-13134\" class=\"menu-item menu-item-type-post_type menu-item-object-page menu-item-13134\"><a href=\"https:\/\/ilupin.com\/fr\/travels\/asia\/georgia\/2025-04-06-kumistavi-okatse\/\" class=\"menu-link\">Koumitsavi et Okats\u00e9<\/a><\/li>\n<li id=\"menu-item-13135\" class=\"menu-item menu-item-type-post_type menu-item-object-page menu-item-13135\"><a href=\"https:\/\/ilupin.com\/fr\/travels\/asia\/georgia\/2025-04-07-kutaisi-to-lyon\/\" class=\"menu-link\">Kouta\u00efssi\u25b8Lyon<\/a><\/li>\n<\/ul><\/div>\n","protected":false},"excerpt":{"rendered":"<p>La gare centrale de la capitale a tout fait pour qu\u2019on ne la trouve jamais. La fa\u00e7ade est couverte d\u2019enseignes, mais ne montre aucun signe de trains. C\u2019est encore pire \u00e0 l\u2019int\u00e9rieur. Essayez pas de trouver le quai vous-m\u00eame, tentez pas le diable. Demandez aux anciens, ils vous guideront. La G\u00e9orgie est un pays de [&hellip;]<\/p>\n","protected":false},"author":1,"featured_media":0,"parent":12969,"menu_order":8,"comment_status":"closed","ping_status":"closed","template":"","meta":{"site-sidebar-layout":"default","site-content-layout":"","ast-site-content-layout":"default","site-content-style":"default","site-sidebar-style":"default","ast-global-header-display":"","ast-banner-title-visibility":"","ast-main-header-display":"","ast-hfb-above-header-display":"","ast-hfb-below-header-display":"","ast-hfb-mobile-header-display":"","site-post-title":"","ast-breadcrumbs-content":"","ast-featured-img":"","footer-sml-layout":"","ast-disable-related-posts":"","theme-transparent-header-meta":"","adv-header-id-meta":"","stick-header-meta":"","header-above-stick-meta":"","header-main-stick-meta":"","header-below-stick-meta":"","astra-migrate-meta-layouts":"set","ast-page-background-enabled":"default","ast-page-background-meta":{"desktop":{"background-color":"","background-image":"","background-repeat":"repeat","background-position":"center center","background-size":"auto","background-attachment":"scroll","background-type":"","background-media":"","overlay-type":"","overlay-color":"","overlay-opacity":"","overlay-gradient":""},"tablet":{"background-color":"","background-image":"","background-repeat":"repeat","background-position":"center center","background-size":"auto","background-attachment":"scroll","background-type":"","background-media":"","overlay-type":"","overlay-color":"","overlay-opacity":"","overlay-gradient":""},"mobile":{"background-color":"","background-image":"","background-repeat":"repeat","background-position":"center center","background-size":"auto","background-attachment":"scroll","background-type":"","background-media":"","overlay-type":"","overlay-color":"","overlay-opacity":"","overlay-gradient":""}},"ast-content-background-meta":{"desktop":{"background-color":"var(--ast-global-color-5)","background-image":"","background-repeat":"repeat","background-position":"center center","background-size":"auto","background-attachment":"scroll","background-type":"","background-media":"","overlay-type":"","overlay-color":"","overlay-opacity":"","overlay-gradient":""},"tablet":{"background-color":"var(--ast-global-color-5)","background-image":"","background-repeat":"repeat","background-position":"center center","background-size":"auto","background-attachment":"scroll","background-type":"","background-media":"","overlay-type":"","overlay-color":"","overlay-opacity":"","overlay-gradient":""},"mobile":{"background-color":"var(--ast-global-color-5)","background-image":"","background-repeat":"repeat","background-position":"center center","background-size":"auto","background-attachment":"scroll","background-type":"","background-media":"","overlay-type":"","overlay-color":"","overlay-opacity":"","overlay-gradient":""}},"footnotes":""},"class_list":["post-12991","page","type-page","status-publish","hentry"],"_links":{"self":[{"href":"https:\/\/ilupin.com\/fr\/wp-json\/wp\/v2\/pages\/12991","targetHints":{"allow":["GET"]}}],"collection":[{"href":"https:\/\/ilupin.com\/fr\/wp-json\/wp\/v2\/pages"}],"about":[{"href":"https:\/\/ilupin.com\/fr\/wp-json\/wp\/v2\/types\/page"}],"author":[{"embeddable":true,"href":"https:\/\/ilupin.com\/fr\/wp-json\/wp\/v2\/users\/1"}],"replies":[{"embeddable":true,"href":"https:\/\/ilupin.com\/fr\/wp-json\/wp\/v2\/comments?post=12991"}],"version-history":[{"count":133,"href":"https:\/\/ilupin.com\/fr\/wp-json\/wp\/v2\/pages\/12991\/revisions"}],"predecessor-version":[{"id":14855,"href":"https:\/\/ilupin.com\/fr\/wp-json\/wp\/v2\/pages\/12991\/revisions\/14855"}],"up":[{"embeddable":true,"href":"https:\/\/ilupin.com\/fr\/wp-json\/wp\/v2\/pages\/12969"}],"wp:attachment":[{"href":"https:\/\/ilupin.com\/fr\/wp-json\/wp\/v2\/media?parent=12991"}],"curies":[{"name":"wp","href":"https:\/\/api.w.org\/{rel}","templated":true}]}}