{"id":12993,"date":"2026-03-04T23:18:06","date_gmt":"2026-03-04T22:18:06","guid":{"rendered":"https:\/\/ilupin.com\/en\/?page_id=12993"},"modified":"2026-04-04T00:39:15","modified_gmt":"2026-04-03T22:39:15","slug":"2025-04-06-kumistavi-okatse","status":"publish","type":"page","link":"https:\/\/ilupin.com\/fr\/travels\/asia\/georgia\/2025-04-06-kumistavi-okatse\/","title":{"rendered":"Kouta\u00efssi, Tskhaltoubo, Koumistavi et\u00a0Okats\u00e9"},"content":{"rendered":"\n<div class=\"travels\"><ol>\n\n<li>Rezo Gabriadze, fondateur du Th\u00e9\u00e2tre de marionnettes, est retourn\u00e9 dans sa ville natale de Kouta\u00efssi gr\u00e2ce au muraliste indien <a href=\"https:\/\/www.instagram.com\/afzan_pirzade\/\">Afzan Pirzade<\/a>.\n<img decoding=\"async\" src=\"\/wp-content\/uploads\/travels\/asia\/georgia\/2025-04-06-kumistavi-okatse\/4186-3.jpg\"><\/li>\n\n<li><a href=\"https:\/\/fr.wikipedia.org\/wiki\/Cath%C3%A9drale_de_Bagrati\">Cath\u00e9drale de Bagrati<\/a> du XI<sup>e<\/sup> si\u00e8cle. Dynamit\u00e9e par les Turcs en 1691, bombard\u00e9e par les Russes en 1770, achev\u00e9e par Saakachvili malgr\u00e9 l\u2019UNESCO.\n<img decoding=\"async\" src=\"\/wp-content\/uploads\/travels\/asia\/georgia\/2025-04-06-kumistavi-okatse\/4207.jpg\"><\/li>\n\n<li>Le temple se dresse sur une haute colline surplombant Kouta\u00efssi et la cha\u00eene du Caucase.\n<img decoding=\"async\" src=\"\/wp-content\/uploads\/travels\/asia\/georgia\/2025-04-06-kumistavi-okatse\/4203.jpg\"><\/li>\n\n<li>Sur la m\u00eame colline, les ruines de la forteresse d\u2019Oukim\u00e9rioni du VI<sup>e<\/sup> si\u00e8cle. La&nbsp;partie inf\u00e9rieure de la <a href=\"https:\/\/en.wikipedia.org\/wiki\/Flanking_tower\">tour de flanc<\/a> est assez bien conserv\u00e9e.\n<img decoding=\"async\" src=\"\/wp-content\/uploads\/travels\/asia\/georgia\/2025-04-06-kumistavi-okatse\/4212.jpg\"><\/li>\n\n<li>La fresque sur l\u2019av. Roustav\u00e9li rend hommage \u00e0 Tamaz Nikitine, tu\u00e9 \u00e0&nbsp;26&nbsp;ans pendant la guerre de&nbsp;2008. Son fils Saba a r\u00e9cemment f\u00eat\u00e9 ses 17&nbsp;ans.\n<img decoding=\"async\" src=\"\/wp-content\/uploads\/travels\/asia\/georgia\/2025-04-06-kumistavi-okatse\/4221.jpg\"><\/li>\n\n<li>Depuis des ann\u00e9es, ils menacent de restaurer le sanatorium sovi\u00e9tique abandonn\u00e9 \u00ab&#8239;Savane&#8239;\u00bb \u00e0 <a href=\"https:\/\/www.kathmanduandbeyond.com\/abandoned-soviet-sanatoriums-tskaltubo-georgia\/\">Tskhaltoubo<\/a>. \u041deureusement, c\u2019est pas encore fait.\n<img decoding=\"async\" src=\"\/wp-content\/uploads\/travels\/asia\/georgia\/2025-04-06-kumistavi-okatse\/4232.jpg\"><\/li>\n\n<li>\u00c0 ma grande honte, j\u2019en avais jamais entendu parler, bien que j\u2019adore ce genre d\u2019endroits&#8239;; l\u2019incomparable <a href=\"https:\/\/gotrip.ge\/en\/driver\/?id=1190\">Davit<\/a> <span class=\"nobr\">lui-m\u00eame<\/span> a sugg\u00e9r\u00e9 de venir&nbsp;ici.\n<img decoding=\"async\" src=\"\/wp-content\/uploads\/travels\/asia\/georgia\/2025-04-06-kumistavi-okatse\/4235.jpg\"><\/li>\n\n<li>Une chambre avec vue.\n<img decoding=\"async\" src=\"\/wp-content\/uploads\/travels\/asia\/georgia\/2025-04-06-kumistavi-okatse\/4236.jpg\"><\/li>\n\n<li>Un avenir radieux.\n<img decoding=\"async\" src=\"\/wp-content\/uploads\/travels\/asia\/georgia\/2025-04-06-kumistavi-okatse\/4240.jpg\"><\/li>\n\n<li>Je poursuis ma route. Une libellule extraterrestre (avec une trompe de papillon, pour une raison quelconque) est de service au guichet de la grotte.\n<img decoding=\"async\" src=\"\/wp-content\/uploads\/travels\/asia\/georgia\/2025-04-06-kumistavi-okatse\/4263.jpg\"><\/li>\n\n<li>La <a href=\"https:\/\/fr.wikipedia.org\/wiki\/Monument_naturel_de_la_grotte_de_Prom%C3%A9th%C3%A9e\">grotte de Koumistavi<\/a> a \u00e9t\u00e9 d\u00e9couverte qu\u2019en&nbsp;1983 et am\u00e9nag\u00e9e pour les visiteurs trente ans plus&nbsp;tard.\n<img decoding=\"async\" src=\"\/wp-content\/uploads\/travels\/asia\/georgia\/2025-04-06-kumistavi-okatse\/4300.jpg\"><\/li>\n\n<li>Le nom \u00ab&#8239;Grotte de Prom\u00e9th\u00e9e&#8239;\u00bb est apparu gr\u00e2ce aux efforts de Saakachvili, un grand expert en marketing international.\n<img decoding=\"async\" src=\"\/wp-content\/uploads\/travels\/asia\/georgia\/2025-04-06-kumistavi-okatse\/4302.jpg\"><\/li>\n\n<li>Une r\u00e9f\u00e9rence plus naturelle aurait \u00e9t\u00e9 l\u2019histoire du h\u00e9ros \u00e9pique g\u00e9orgien antique <a href=\"https:\/\/fr.wikipedia.org\/wiki\/Amiran\">Amirani<\/a>, mais les personnages grecs se vendent mieux.\n<img decoding=\"async\" src=\"\/wp-content\/uploads\/travels\/asia\/georgia\/2025-04-06-kumistavi-okatse\/4322.jpg\"><\/li>\n\n<li>Et dieu (au choix, selon votre go\u00fbt) voit&nbsp;tout&#8239;!\n<img decoding=\"async\" src=\"\/wp-content\/uploads\/travels\/asia\/georgia\/2025-04-06-kumistavi-okatse\/4335.jpg\"><\/li>\n\n<li>Koumistavi est la plus grande grotte de G\u00e9orgie. Les visiteurs peuvent voir qu\u2019une section relativement courte (1&nbsp;km sur&nbsp;11) mais impressionnante.\n<img decoding=\"async\" src=\"\/wp-content\/uploads\/travels\/asia\/georgia\/2025-04-06-kumistavi-okatse\/4351.jpg\"><\/li>\n\n<li>Mention sp\u00e9ciale \u00e0 la lumi\u00e8re douce et tamis\u00e9e qui met en valeur la beaut\u00e9 naturelle des min\u00e9raux. Eh&nbsp;oui, Sataplia, c\u2019\u00e9tait possible.\n<img decoding=\"async\" src=\"\/wp-content\/uploads\/travels\/asia\/georgia\/2025-04-06-kumistavi-okatse\/4352.jpg\"><\/li>\n\n<li>Prochain arr\u00eat&#8239;: la <a href=\"https:\/\/fr.wikipedia.org\/wiki\/Monument_naturel_de_la_gorge_d%27Okatse\">gorge d\u2019Okats\u00e9<\/a>, avec une \u00e9troite route m\u00e9tallique suspendue <span class=\"nobr\">au-dessus<\/span> d\u2019un gouffre verdoyant qui s\u2019\u00e9tend \u00e0 perte de&nbsp;vue.\n<img decoding=\"async\" src=\"\/wp-content\/uploads\/travels\/asia\/georgia\/2025-04-06-kumistavi-okatse\/4406.jpg\"><\/li>\n\n<li>Un pont naturel.\n<img decoding=\"async\" src=\"\/wp-content\/uploads\/travels\/asia\/georgia\/2025-04-06-kumistavi-okatse\/4437.jpg\"><\/li>\n\n<li>La gorge d\u2019Okats\u00e9 a une profondeur d\u2019environ 50&nbsp;m et la rivi\u00e8re Okats\u00e9 \u00e0 son&nbsp;fond.\n<img decoding=\"async\" src=\"\/wp-content\/uploads\/travels\/asia\/georgia\/2025-04-06-kumistavi-okatse\/4454.jpg\"><\/li>\n\n<li>Des \u00e9tendues bleues.\n<img decoding=\"async\" src=\"\/wp-content\/uploads\/travels\/asia\/georgia\/2025-04-06-kumistavi-okatse\/4455.jpg\"><\/li>\n\n<li>Un pont artificiel pour ceux qui ont surv\u00e9cu \u00e0 la route suspendue.\n<img decoding=\"async\" src=\"\/wp-content\/uploads\/travels\/asia\/georgia\/2025-04-06-kumistavi-okatse\/4472.jpg\"><\/li>\n\n<li>En bas, c\u2019est comme&nbsp;\u00e7a.\n<img decoding=\"async\" src=\"\/wp-content\/uploads\/travels\/asia\/georgia\/2025-04-06-kumistavi-okatse\/4462.jpg\"><\/li>\n\n<li>Des toilettes pr\u00e8s de la sortie.\n<img decoding=\"async\" src=\"\/wp-content\/uploads\/travels\/asia\/georgia\/2025-04-06-kumistavi-okatse\/4488.jpg\"><\/li>\n\n<li>Vue d\u2019Okats\u00e9 depuis un autre pont, plus&nbsp;bas.\n<img decoding=\"async\" src=\"\/wp-content\/uploads\/travels\/asia\/georgia\/2025-04-06-kumistavi-okatse\/4499.jpg\"><\/li>\n\n<li>L\u2019hell\u00e9bore caucasien est sacr\u00e9ment v\u00e9n\u00e9neux, mais magnifique.\n<img decoding=\"async\" src=\"\/wp-content\/uploads\/travels\/asia\/georgia\/2025-04-06-kumistavi-okatse\/4505.jpg\"><\/li>\n\n<li>Le m\u00e9morial fin-sovi\u00e9tique a \u00e9t\u00e9 red\u00e9di\u00e9 \u00e0 \u10d7\u10d0\u10db\u10d7\u10d0, probablement \u00e0 la jeune kouta\u00efssienne <a href=\"https:\/\/www.findagrave.com\/memorial\/74004520\/tamta-liparteliani\/photo\">Tamta Lipart\u00e9liani<\/a> tu\u00e9e lors de l\u2019attentat d\u2019Ut\u00f8ya.\n<img decoding=\"async\" src=\"\/wp-content\/uploads\/travels\/asia\/georgia\/2025-04-06-kumistavi-okatse\/4540.jpg\"><\/li>\n\n<li>Monplaisir \u00e0 Kouta\u00efssi&#8239;: la mascotte de l\u2019artiste fran\u00e7aise <a href=\"https:\/\/www.viniegraffiti.com\/\">Vinie<\/a>, la Journ\u00e9e de la langue maternelle par les g\u00e9orgiennes Musya Qeburia et&nbsp;TamOonz.\n<img decoding=\"async\" src=\"\/wp-content\/uploads\/travels\/asia\/georgia\/2025-04-06-kumistavi-okatse\/4558.jpg\"><\/li>\n\n<li>Une autre \u0153uvre de <a href=\"https:\/\/musya.ge\/\">Musya Qeburia<\/a> \u00ab&#8239;J\u2019ai pas choisi \u00e7a&#8239;\u00bb, r\u00e9alis\u00e9e pour World Vision qui aide les enfants <span class=\"nobr\">sans-abri<\/span> (avec des clims, par exemple).\n<img decoding=\"async\" src=\"\/wp-content\/uploads\/travels\/asia\/georgia\/2025-04-06-kumistavi-okatse\/4565.jpg\"><\/li>\n\n<li>Un charmant t\u00e9l\u00e9ph\u00e9rique surplombant la rivi\u00e8re Rioni. Construit en&nbsp;1961, il semble n\u2019avoir pas chang\u00e9 depuis.\n<img decoding=\"async\" src=\"\/wp-content\/uploads\/travels\/asia\/georgia\/2025-04-06-kumistavi-okatse\/4566.jpg\"><\/li>\n\n<li>Lampr\u00e9douzo-m\u00e9douzo&#8239;! T\u00e9mur Pkhakadz\u00e9 a recr\u00e9\u00e9 le <a href=\"https:\/\/www.youtube.com\/watch?v=IB-OFzLEA_U&#038;t=3551s\">gar\u00e7on de Picasso<\/a> du film \u00ab&#8239;Exposition extraordinaire&#8239;\u00bb selon un sc\u00e9nario de Rezo Gabriadze.\n<img decoding=\"async\" src=\"\/wp-content\/uploads\/travels\/asia\/georgia\/2025-04-06-kumistavi-okatse\/4576.jpg\"><\/li>\n\n<\/ol><\/div>\n\n\n\n<div class=\"menu-georgia-25-container\"><ul id=\"menu-georgia-25\" class=\"menu\"><li id=\"menu-item-13130\" class=\"menu-item menu-item-type-post_type menu-item-object-page menu-item-13130\"><a href=\"https:\/\/ilupin.com\/fr\/?page_id=12969\" class=\"menu-link\">G\u00e9orgie 2025<\/a><\/li>\n<li id=\"menu-item-13124\" class=\"menu-item menu-item-type-post_type menu-item-object-page menu-item-13124\"><a href=\"https:\/\/ilupin.com\/fr\/travels\/asia\/georgia\/2025-03-28-lyon-to-tbilisi\/\" class=\"menu-link\">Lyon \u00e0 Tbilissi<\/a><\/li>\n<li id=\"menu-item-13125\" class=\"menu-item menu-item-type-post_type menu-item-object-page menu-item-13125\"><a href=\"https:\/\/ilupin.com\/fr\/travels\/asia\/georgia\/2025-03-29-tbilisi-street-art\/\" class=\"menu-link\">Art de rue<\/a><\/li>\n<li id=\"menu-item-13126\" class=\"menu-item menu-item-type-post_type menu-item-object-page menu-item-13126\"><a href=\"https:\/\/ilupin.com\/fr\/travels\/asia\/georgia\/2025-03-30-tbilisi-new-heights\/\" class=\"menu-link\">Nouveaux sommets<\/a><\/li>\n<li id=\"menu-item-13127\" class=\"menu-item menu-item-type-post_type menu-item-object-page menu-item-13127\"><a href=\"https:\/\/ilupin.com\/fr\/travels\/asia\/georgia\/2025-03-31-tbilisi-heart-and-soul\/\" class=\"menu-link\">C\u0153ur et \u00e2me<\/a><\/li>\n<li id=\"menu-item-13128\" class=\"menu-item menu-item-type-post_type menu-item-object-page menu-item-13128\"><a href=\"https:\/\/ilupin.com\/fr\/travels\/asia\/georgia\/2025-04-01-mtskheta-uplistsikhe-gori\/\" class=\"menu-link\">Mtskh\u00e9ta et Ouplistsikh\u00e9<\/a><\/li>\n<li id=\"menu-item-13129\" class=\"menu-item menu-item-type-post_type menu-item-object-page menu-item-13129\"><a href=\"https:\/\/ilupin.com\/fr\/travels\/asia\/georgia\/2025-04-02-tbilisi-parks-and-pavements\/\" class=\"menu-link\">Parcs et trottoirs<\/a><\/li>\n<li id=\"menu-item-13131\" class=\"menu-item menu-item-type-post_type menu-item-object-page menu-item-13131\"><a href=\"https:\/\/ilupin.com\/fr\/travels\/asia\/georgia\/2025-04-03-georgian-military-road\/\" class=\"menu-link\">Route militaire<\/a><\/li>\n<li id=\"menu-item-13132\" class=\"menu-item menu-item-type-post_type menu-item-object-page menu-item-13132\"><a href=\"https:\/\/ilupin.com\/fr\/travels\/asia\/georgia\/2025-04-04-tbilisi-facades-and-balconies\/\" class=\"menu-link\">Fa\u00e7ades et balcons<\/a><\/li>\n<li id=\"menu-item-13133\" class=\"menu-item menu-item-type-post_type menu-item-object-page menu-item-13133\"><a href=\"https:\/\/ilupin.com\/fr\/travels\/asia\/georgia\/2025-04-05-tbilisi-to-kutaisi\/\" class=\"menu-link\">Tbilissi\u25b8Kouta\u00efssi<\/a><\/li>\n<li id=\"menu-item-13134\" class=\"menu-item menu-item-type-post_type menu-item-object-page menu-item-13134\"><a href=\"https:\/\/ilupin.com\/fr\/travels\/asia\/georgia\/2025-04-06-kumistavi-okatse\/\" class=\"menu-link\">Koumitsavi et Okats\u00e9<\/a><\/li>\n<li id=\"menu-item-13135\" class=\"menu-item menu-item-type-post_type menu-item-object-page menu-item-13135\"><a href=\"https:\/\/ilupin.com\/fr\/travels\/asia\/georgia\/2025-04-07-kutaisi-to-lyon\/\" class=\"menu-link\">Kouta\u00efssi\u25b8Lyon<\/a><\/li>\n<\/ul><\/div>\n","protected":false},"excerpt":{"rendered":"<p>Rezo Gabriadze, fondateur du Th\u00e9\u00e2tre de marionnettes, est retourn\u00e9 dans sa ville natale de Kouta\u00efssi gr\u00e2ce au muraliste indien Afzan Pirzade. Cath\u00e9drale de Bagrati du XIe si\u00e8cle. Dynamit\u00e9e par les Turcs en 1691, bombard\u00e9e par les Russes en 1770, achev\u00e9e par Saakachvili malgr\u00e9 l\u2019UNESCO. Le temple se dresse sur une haute colline surplombant Kouta\u00efssi et [&hellip;]<\/p>\n","protected":false},"author":1,"featured_media":0,"parent":12969,"menu_order":9,"comment_status":"closed","ping_status":"closed","template":"","meta":{"site-sidebar-layout":"default","site-content-layout":"","ast-site-content-layout":"default","site-content-style":"default","site-sidebar-style":"default","ast-global-header-display":"","ast-banner-title-visibility":"","ast-main-header-display":"","ast-hfb-above-header-display":"","ast-hfb-below-header-display":"","ast-hfb-mobile-header-display":"","site-post-title":"","ast-breadcrumbs-content":"","ast-featured-img":"","footer-sml-layout":"","ast-disable-related-posts":"","theme-transparent-header-meta":"","adv-header-id-meta":"","stick-header-meta":"","header-above-stick-meta":"","header-main-stick-meta":"","header-below-stick-meta":"","astra-migrate-meta-layouts":"set","ast-page-background-enabled":"default","ast-page-background-meta":{"desktop":{"background-color":"","background-image":"","background-repeat":"repeat","background-position":"center center","background-size":"auto","background-attachment":"scroll","background-type":"","background-media":"","overlay-type":"","overlay-color":"","overlay-opacity":"","overlay-gradient":""},"tablet":{"background-color":"","background-image":"","background-repeat":"repeat","background-position":"center center","background-size":"auto","background-attachment":"scroll","background-type":"","background-media":"","overlay-type":"","overlay-color":"","overlay-opacity":"","overlay-gradient":""},"mobile":{"background-color":"","background-image":"","background-repeat":"repeat","background-position":"center center","background-size":"auto","background-attachment":"scroll","background-type":"","background-media":"","overlay-type":"","overlay-color":"","overlay-opacity":"","overlay-gradient":""}},"ast-content-background-meta":{"desktop":{"background-color":"var(--ast-global-color-5)","background-image":"","background-repeat":"repeat","background-position":"center center","background-size":"auto","background-attachment":"scroll","background-type":"","background-media":"","overlay-type":"","overlay-color":"","overlay-opacity":"","overlay-gradient":""},"tablet":{"background-color":"var(--ast-global-color-5)","background-image":"","background-repeat":"repeat","background-position":"center center","background-size":"auto","background-attachment":"scroll","background-type":"","background-media":"","overlay-type":"","overlay-color":"","overlay-opacity":"","overlay-gradient":""},"mobile":{"background-color":"var(--ast-global-color-5)","background-image":"","background-repeat":"repeat","background-position":"center center","background-size":"auto","background-attachment":"scroll","background-type":"","background-media":"","overlay-type":"","overlay-color":"","overlay-opacity":"","overlay-gradient":""}},"footnotes":""},"class_list":["post-12993","page","type-page","status-publish","hentry"],"_links":{"self":[{"href":"https:\/\/ilupin.com\/fr\/wp-json\/wp\/v2\/pages\/12993","targetHints":{"allow":["GET"]}}],"collection":[{"href":"https:\/\/ilupin.com\/fr\/wp-json\/wp\/v2\/pages"}],"about":[{"href":"https:\/\/ilupin.com\/fr\/wp-json\/wp\/v2\/types\/page"}],"author":[{"embeddable":true,"href":"https:\/\/ilupin.com\/fr\/wp-json\/wp\/v2\/users\/1"}],"replies":[{"embeddable":true,"href":"https:\/\/ilupin.com\/fr\/wp-json\/wp\/v2\/comments?post=12993"}],"version-history":[{"count":173,"href":"https:\/\/ilupin.com\/fr\/wp-json\/wp\/v2\/pages\/12993\/revisions"}],"predecessor-version":[{"id":14869,"href":"https:\/\/ilupin.com\/fr\/wp-json\/wp\/v2\/pages\/12993\/revisions\/14869"}],"up":[{"embeddable":true,"href":"https:\/\/ilupin.com\/fr\/wp-json\/wp\/v2\/pages\/12969"}],"wp:attachment":[{"href":"https:\/\/ilupin.com\/fr\/wp-json\/wp\/v2\/media?parent=12993"}],"curies":[{"name":"wp","href":"https:\/\/api.w.org\/{rel}","templated":true}]}}