{"id":13,"date":"2019-03-16T15:35:05","date_gmt":"2019-03-16T14:35:05","guid":{"rendered":"https:\/\/ilupin.com\/?page_id=13"},"modified":"2026-03-31T17:37:44","modified_gmt":"2026-03-31T15:37:44","slug":"photo","status":"publish","type":"page","link":"https:\/\/ilupin.com\/fr\/photo\/","title":{"rendered":"Instant saisi"},"content":{"rendered":"\n<p>Ici habitent des exemples isol\u00e9s d\u2019une de mes grandes passions qui est aussi devenue mon m\u00e9tier il&nbsp;y&nbsp;a quelque temps.<\/p>\n\n<div class=\"section-list\">\n<h2 id=\"pro\">Pour l\u2019argent<\/h2>\n<p>Depuis 2019, je r\u00e9alise environ 300 \u00e0 400 s\u00e9ances photos professionnelles par an dans divers genres hors studio.<\/p>\n<\/div>\n\n\n\n<figure class=\"wp-block-gallery has-nested-images columns-4 wp-block-gallery-1 is-layout-flex wp-block-gallery-is-layout-flex\">\n<figure class=\"wp-block-image size-full\"><img loading=\"lazy\" decoding=\"async\" width=\"300\" height=\"200\" data-id=\"12468\" src=\"https:\/\/ilupin.com\/wp-content\/uploads\/2024\/10\/lil-portrait.jpg\" alt=\"\" class=\"wp-image-12468\" srcset=\"https:\/\/ilupin.com\/wp-content\/uploads\/2024\/10\/lil-portrait.jpg 300w, https:\/\/ilupin.com\/wp-content\/uploads\/2024\/10\/lil-portrait-200x133.jpg 200w\" sizes=\"auto, (max-width: 300px) 100vw, 300px\" \/><figcaption class=\"wp-element-caption\"><a href=\"https:\/\/ilupin.com\/fr\/photo\/pro\/portrait\/\" data-type=\"page\" data-id=\"12030\">Portrait<\/a><\/figcaption><\/figure>\n\n\n\n<figure class=\"wp-block-image size-full\"><img loading=\"lazy\" decoding=\"async\" width=\"300\" height=\"200\" data-id=\"12164\" src=\"https:\/\/ilupin.com\/wp-content\/uploads\/2024\/10\/working.jpg\" alt=\"\" class=\"wp-image-12164\" srcset=\"https:\/\/ilupin.com\/wp-content\/uploads\/2024\/10\/working.jpg 300w, https:\/\/ilupin.com\/wp-content\/uploads\/2024\/10\/working-200x133.jpg 200w\" sizes=\"auto, (max-width: 300px) 100vw, 300px\" \/><figcaption class=\"wp-element-caption\"><a href=\"https:\/\/ilupin.com\/fr\/photo\/pro\/at-work\/\" data-type=\"page\" data-id=\"12175\">Au travail<\/a><\/figcaption><\/figure>\n\n\n\n<figure class=\"wp-block-image size-full\"><img loading=\"lazy\" decoding=\"async\" width=\"300\" height=\"200\" data-id=\"12178\" src=\"https:\/\/ilupin.com\/wp-content\/uploads\/2024\/10\/real-estate.jpg\" alt=\"\" class=\"wp-image-12178\" srcset=\"https:\/\/ilupin.com\/wp-content\/uploads\/2024\/10\/real-estate.jpg 300w, https:\/\/ilupin.com\/wp-content\/uploads\/2024\/10\/real-estate-200x133.jpg 200w\" sizes=\"auto, (max-width: 300px) 100vw, 300px\" \/><figcaption class=\"wp-element-caption\"><a href=\"https:\/\/ilupin.com\/fr\/photo\/pro\/real-estate\/\" data-type=\"page\" data-id=\"12037\">Immobilier<\/a><\/figcaption><\/figure>\n\n\n\n<figure class=\"wp-block-image size-full\"><img loading=\"lazy\" decoding=\"async\" width=\"300\" height=\"200\" data-id=\"12206\" src=\"https:\/\/ilupin.com\/wp-content\/uploads\/2024\/10\/hotel.jpg\" alt=\"\" class=\"wp-image-12206\" srcset=\"https:\/\/ilupin.com\/wp-content\/uploads\/2024\/10\/hotel.jpg 300w, https:\/\/ilupin.com\/wp-content\/uploads\/2024\/10\/hotel-200x133.jpg 200w\" sizes=\"auto, (max-width: 300px) 100vw, 300px\" \/><figcaption class=\"wp-element-caption\"><a href=\"https:\/\/ilupin.com\/fr\/photo\/pro\/hotel\/\" data-type=\"page\" data-id=\"12039\">H\u00f4tel<\/a><\/figcaption><\/figure>\n\n\n\n<figure class=\"wp-block-image size-full\"><img loading=\"lazy\" decoding=\"async\" width=\"300\" height=\"200\" data-id=\"12219\" src=\"https:\/\/ilupin.com\/wp-content\/uploads\/2024\/10\/beauty-salon.jpg\" alt=\"\" class=\"wp-image-12219\" srcset=\"https:\/\/ilupin.com\/wp-content\/uploads\/2024\/10\/beauty-salon.jpg 300w, https:\/\/ilupin.com\/wp-content\/uploads\/2024\/10\/beauty-salon-200x133.jpg 200w\" sizes=\"auto, (max-width: 300px) 100vw, 300px\" \/><figcaption class=\"wp-element-caption\"><a href=\"https:\/\/ilupin.com\/fr\/photo\/pro\/beauty-salon\/\" data-type=\"page\" data-id=\"12041\">Salon de beaut\u00e9<\/a><\/figcaption><\/figure>\n\n\n\n<figure class=\"wp-block-image size-full\"><img loading=\"lazy\" decoding=\"async\" width=\"300\" height=\"200\" data-id=\"12231\" src=\"https:\/\/ilupin.com\/wp-content\/uploads\/2024\/10\/cosmetic.jpg\" alt=\"\" class=\"wp-image-12231\" srcset=\"https:\/\/ilupin.com\/wp-content\/uploads\/2024\/10\/cosmetic.jpg 300w, https:\/\/ilupin.com\/wp-content\/uploads\/2024\/10\/cosmetic-200x133.jpg 200w\" sizes=\"auto, (max-width: 300px) 100vw, 300px\" \/><figcaption class=\"wp-element-caption\"><a href=\"https:\/\/ilupin.com\/fr\/photo\/pro\/cosmetics\/\" data-type=\"page\" data-id=\"12043\">Cosm\u00e9tique<\/a><\/figcaption><\/figure>\n\n\n\n<figure class=\"wp-block-image size-full\"><img loading=\"lazy\" decoding=\"async\" width=\"300\" height=\"200\" data-id=\"12243\" src=\"https:\/\/ilupin.com\/wp-content\/uploads\/2024\/10\/restaurant.jpg\" alt=\"\" class=\"wp-image-12243\" srcset=\"https:\/\/ilupin.com\/wp-content\/uploads\/2024\/10\/restaurant.jpg 300w, https:\/\/ilupin.com\/wp-content\/uploads\/2024\/10\/restaurant-200x133.jpg 200w\" sizes=\"auto, (max-width: 300px) 100vw, 300px\" \/><figcaption class=\"wp-element-caption\"><a href=\"https:\/\/ilupin.com\/fr\/photo\/pro\/restaurant\/\" data-type=\"page\" data-id=\"12045\">Restaurant<\/a><\/figcaption><\/figure>\n\n\n\n<figure class=\"wp-block-image size-full\"><img loading=\"lazy\" decoding=\"async\" width=\"300\" height=\"200\" data-id=\"12255\" src=\"https:\/\/ilupin.com\/wp-content\/uploads\/2024\/10\/menu.jpg\" alt=\"\" class=\"wp-image-12255\" srcset=\"https:\/\/ilupin.com\/wp-content\/uploads\/2024\/10\/menu.jpg 300w, https:\/\/ilupin.com\/wp-content\/uploads\/2024\/10\/menu-200x133.jpg 200w\" sizes=\"auto, (max-width: 300px) 100vw, 300px\" \/><figcaption class=\"wp-element-caption\"><a href=\"https:\/\/ilupin.com\/fr\/photo\/pro\/menu\/\" data-type=\"page\" data-id=\"12047\">Menu<\/a><\/figcaption><\/figure>\n\n\n\n<figure class=\"wp-block-image size-full\"><img loading=\"lazy\" decoding=\"async\" width=\"300\" height=\"200\" data-id=\"12269\" src=\"https:\/\/ilupin.com\/wp-content\/uploads\/2024\/10\/optical-shop.jpg\" alt=\"\" class=\"wp-image-12269\" srcset=\"https:\/\/ilupin.com\/wp-content\/uploads\/2024\/10\/optical-shop.jpg 300w, https:\/\/ilupin.com\/wp-content\/uploads\/2024\/10\/optical-shop-200x133.jpg 200w\" sizes=\"auto, (max-width: 300px) 100vw, 300px\" \/><figcaption class=\"wp-element-caption\"><a href=\"https:\/\/ilupin.com\/fr\/photo\/pro\/optical-shop\/\" data-type=\"page\" data-id=\"12049\">Salon d\u2019optique<\/a><\/figcaption><\/figure>\n\n\n\n<figure class=\"wp-block-image size-full\"><img loading=\"lazy\" decoding=\"async\" width=\"300\" height=\"200\" data-id=\"12281\" src=\"https:\/\/ilupin.com\/wp-content\/uploads\/2024\/10\/office-space.jpg\" alt=\"\" class=\"wp-image-12281\" srcset=\"https:\/\/ilupin.com\/wp-content\/uploads\/2024\/10\/office-space.jpg 300w, https:\/\/ilupin.com\/wp-content\/uploads\/2024\/10\/office-space-200x133.jpg 200w\" sizes=\"auto, (max-width: 300px) 100vw, 300px\" \/><figcaption class=\"wp-element-caption\"><a href=\"https:\/\/ilupin.com\/fr\/photo\/pro\/office-space\/\" data-type=\"page\" data-id=\"12051\">Espace bureau<\/a><\/figcaption><\/figure>\n\n\n\n<figure class=\"wp-block-image size-full\"><img loading=\"lazy\" decoding=\"async\" width=\"300\" height=\"200\" data-id=\"12301\" src=\"https:\/\/ilupin.com\/wp-content\/uploads\/2024\/10\/parking.jpg\" alt=\"\" class=\"wp-image-12301\" srcset=\"https:\/\/ilupin.com\/wp-content\/uploads\/2024\/10\/parking.jpg 300w, https:\/\/ilupin.com\/wp-content\/uploads\/2024\/10\/parking-200x133.jpg 200w\" sizes=\"auto, (max-width: 300px) 100vw, 300px\" \/><figcaption class=\"wp-element-caption\"><a href=\"https:\/\/ilupin.com\/fr\/photo\/pro\/parking\/\" data-type=\"page\" data-id=\"12053\">Parking<\/a><\/figcaption><\/figure>\n\n\n\n<figure class=\"wp-block-image size-full\"><img loading=\"lazy\" decoding=\"async\" width=\"300\" height=\"200\" data-id=\"12314\" src=\"https:\/\/ilupin.com\/wp-content\/uploads\/2024\/10\/equipment.jpg\" alt=\"\" class=\"wp-image-12314\" srcset=\"https:\/\/ilupin.com\/wp-content\/uploads\/2024\/10\/equipment.jpg 300w, https:\/\/ilupin.com\/wp-content\/uploads\/2024\/10\/equipment-200x133.jpg 200w\" sizes=\"auto, (max-width: 300px) 100vw, 300px\" \/><figcaption class=\"wp-element-caption\"><a href=\"https:\/\/ilupin.com\/fr\/photo\/pro\/equipment\/\" data-type=\"page\" data-id=\"12055\">\u00c9quipement<\/a><\/figcaption><\/figure>\n<\/figure>\n\n\n\n<div class=\"section-list br-before\">\n<h2 id=\"art\">Par amour<\/h2>\n<p>J\u2019aime d\u00e9couvrir et partager la beaut\u00e9 du monde. La&nbsp;rubrique n\u2019a pas \u00e9t\u00e9 mise \u00e0&nbsp;jour depuis 2019&#8239;; je travaille actuellement sur des <a href=\"..\/travels\/\">r\u00e9cits&nbsp;photos<\/a>.<\/p>\n<\/div>\n\n\n\n<figure class=\"wp-block-gallery has-nested-images columns-4 aligncenter wp-block-gallery-2 is-layout-flex wp-block-gallery-is-layout-flex\">\n<figure class=\"wp-block-image size-large\"><img decoding=\"async\" data-id=\"243\" src=\"\/wp-content\/uploads\/2019\/03\/people.jpg\" alt=\"\" class=\"wp-image-243\"\/><figcaption class=\"wp-element-caption\"><a href=\"https:\/\/ilupin.com\/fr\/photo\/art\/people\/\" data-type=\"page\" data-id=\"15\">Gens<\/a><\/figcaption><\/figure>\n\n\n\n<figure class=\"wp-block-image size-large\"><img decoding=\"async\" data-id=\"237\" src=\"\/wp-content\/uploads\/2019\/03\/fauna.jpg\" alt=\"\" class=\"wp-image-237\"\/><figcaption class=\"wp-element-caption\"><a href=\"art\/fauna\">Faune<\/a><\/figcaption><\/figure>\n\n\n\n<figure class=\"wp-block-image size-large\"><img decoding=\"async\" data-id=\"238\" src=\"\/wp-content\/uploads\/2019\/03\/flora.jpg\" alt=\"\" class=\"wp-image-238\"\/><figcaption class=\"wp-element-caption\"><a href=\"art\/flora\">Flore<\/a><\/figcaption><\/figure>\n\n\n\n<figure class=\"wp-block-image size-large\"><img decoding=\"async\" data-id=\"241\" src=\"\/wp-content\/uploads\/2019\/03\/leisure.jpg\" alt=\"\" class=\"wp-image-241\"\/><figcaption class=\"wp-element-caption\"><a href=\"art\/leisure\">Loisir<\/a><\/figcaption><\/figure>\n\n\n\n<figure class=\"wp-block-image size-large\"><img decoding=\"async\" data-id=\"245\" src=\"\/wp-content\/uploads\/2019\/03\/view.jpg\" alt=\"\" class=\"wp-image-245\"\/><figcaption class=\"wp-element-caption\"><a href=\"art\/view\">Vue<\/a><\/figcaption><\/figure>\n\n\n\n<figure class=\"wp-block-image size-large\"><img decoding=\"async\" data-id=\"242\" src=\"\/wp-content\/uploads\/2019\/03\/park.jpg\" alt=\"\" class=\"wp-image-242\"\/><figcaption class=\"wp-element-caption\"><a href=\"art\/park\">Parc<\/a><\/figcaption><\/figure>\n\n\n\n<figure class=\"wp-block-image size-large\"><img loading=\"lazy\" decoding=\"async\" width=\"300\" height=\"225\" data-id=\"1741\" src=\"\/wp-content\/uploads\/2019\/03\/waterfront.jpg\" alt=\"\" class=\"wp-image-1741\" srcset=\"https:\/\/ilupin.com\/wp-content\/uploads\/2019\/03\/waterfront.jpg 300w, https:\/\/ilupin.com\/wp-content\/uploads\/2019\/03\/waterfront-200x150.jpg 200w\" sizes=\"auto, (max-width: 300px) 100vw, 300px\" \/><figcaption class=\"wp-element-caption\"><a href=\"art\/waterfront\">Quai<\/a><\/figcaption><\/figure>\n\n\n\n<figure class=\"wp-block-image size-large\"><img decoding=\"async\" data-id=\"236\" src=\"\/wp-content\/uploads\/2019\/03\/details.jpg\" alt=\"\" class=\"wp-image-236\"\/><figcaption class=\"wp-element-caption\"><a href=\"art\/details\">D\u00e9tails<\/a><\/figcaption><\/figure>\n\n\n\n<figure class=\"wp-block-image size-large\"><img decoding=\"async\" data-id=\"234\" src=\"\/wp-content\/uploads\/2019\/03\/architecture.jpg\" alt=\"\" class=\"wp-image-234\"\/><figcaption class=\"wp-element-caption\"><a href=\"art\/architecture\">Architecture<\/a><\/figcaption><\/figure>\n\n\n\n<figure class=\"wp-block-image size-large\"><img decoding=\"async\" data-id=\"244\" src=\"\/wp-content\/uploads\/2019\/03\/sculpture.jpg\" alt=\"\" class=\"wp-image-244\"\/><figcaption class=\"wp-element-caption\"><a href=\"art\/sculpture\">Sculpture<\/a><\/figcaption><\/figure>\n\n\n\n<figure class=\"wp-block-image size-large\"><img decoding=\"async\" data-id=\"240\" src=\"\/wp-content\/uploads\/2019\/03\/installation.jpg\" alt=\"\" class=\"wp-image-240\"\/><figcaption class=\"wp-element-caption\"><a href=\"art\/installation\">Installation<\/a><\/figcaption><\/figure>\n\n\n\n<figure class=\"wp-block-image size-large\"><img decoding=\"async\" data-id=\"239\" src=\"\/wp-content\/uploads\/2019\/03\/industry.jpg\" alt=\"\" class=\"wp-image-239\"\/><figcaption class=\"wp-element-caption\"><a href=\"art\/industry\">Industrie<\/a><\/figcaption><\/figure>\n<\/figure>\n","protected":false},"excerpt":{"rendered":"<p>Ici habitent des exemples isol\u00e9s d\u2019une de mes grandes passions qui est aussi devenue mon m\u00e9tier il&nbsp;y&nbsp;a quelque temps. Pour l\u2019argent Depuis 2019, je r\u00e9alise environ 300 \u00e0 400 s\u00e9ances photos professionnelles par an dans divers genres hors studio. Par amour J\u2019aime d\u00e9couvrir et partager la beaut\u00e9 du monde. La&nbsp;rubrique n\u2019a pas \u00e9t\u00e9 mise \u00e0&nbsp;jour [&hellip;]<\/p>\n","protected":false},"author":1,"featured_media":0,"parent":0,"menu_order":3,"comment_status":"closed","ping_status":"closed","template":"","meta":{"site-sidebar-layout":"default","site-content-layout":null,"ast-site-content-layout":"default","site-content-style":"default","site-sidebar-style":"default","ast-global-header-display":"","ast-banner-title-visibility":"","ast-main-header-display":"","ast-hfb-above-header-display":null,"ast-hfb-below-header-display":null,"ast-hfb-mobile-header-display":null,"site-post-title":"","ast-breadcrumbs-content":null,"ast-featured-img":"","footer-sml-layout":"","ast-disable-related-posts":"","theme-transparent-header-meta":"default","adv-header-id-meta":null,"stick-header-meta":null,"header-above-stick-meta":null,"header-main-stick-meta":null,"header-below-stick-meta":null,"astra-migrate-meta-layouts":"set","ast-page-background-enabled":"default","ast-page-background-meta":{"desktop":{"background-color":"","background-image":"","background-repeat":"repeat","background-position":"center center","background-size":"auto","background-attachment":"scroll","background-type":"","background-media":"","overlay-type":"","overlay-color":"","overlay-opacity":"","overlay-gradient":""},"tablet":{"background-color":"","background-image":"","background-repeat":"repeat","background-position":"center center","background-size":"auto","background-attachment":"scroll","background-type":"","background-media":"","overlay-type":"","overlay-color":"","overlay-opacity":"","overlay-gradient":""},"mobile":{"background-color":"","background-image":"","background-repeat":"repeat","background-position":"center center","background-size":"auto","background-attachment":"scroll","background-type":"","background-media":"","overlay-type":"","overlay-color":"","overlay-opacity":"","overlay-gradient":""}},"ast-content-background-meta":{"desktop":{"background-color":"var(--ast-global-color-5)","background-image":"","background-repeat":"repeat","background-position":"center center","background-size":"auto","background-attachment":"scroll","background-type":"","background-media":"","overlay-type":"","overlay-color":"","overlay-opacity":"","overlay-gradient":""},"tablet":{"background-color":"var(--ast-global-color-5)","background-image":"","background-repeat":"repeat","background-position":"center center","background-size":"auto","background-attachment":"scroll","background-type":"","background-media":"","overlay-type":"","overlay-color":"","overlay-opacity":"","overlay-gradient":""},"mobile":{"background-color":"var(--ast-global-color-5)","background-image":"","background-repeat":"repeat","background-position":"center center","background-size":"auto","background-attachment":"scroll","background-type":"","background-media":"","overlay-type":"","overlay-color":"","overlay-opacity":"","overlay-gradient":""}},"footnotes":""},"class_list":["post-13","page","type-page","status-publish","hentry"],"_links":{"self":[{"href":"https:\/\/ilupin.com\/fr\/wp-json\/wp\/v2\/pages\/13","targetHints":{"allow":["GET"]}}],"collection":[{"href":"https:\/\/ilupin.com\/fr\/wp-json\/wp\/v2\/pages"}],"about":[{"href":"https:\/\/ilupin.com\/fr\/wp-json\/wp\/v2\/types\/page"}],"author":[{"embeddable":true,"href":"https:\/\/ilupin.com\/fr\/wp-json\/wp\/v2\/users\/1"}],"replies":[{"embeddable":true,"href":"https:\/\/ilupin.com\/fr\/wp-json\/wp\/v2\/comments?post=13"}],"version-history":[{"count":203,"href":"https:\/\/ilupin.com\/fr\/wp-json\/wp\/v2\/pages\/13\/revisions"}],"predecessor-version":[{"id":14821,"href":"https:\/\/ilupin.com\/fr\/wp-json\/wp\/v2\/pages\/13\/revisions\/14821"}],"wp:attachment":[{"href":"https:\/\/ilupin.com\/fr\/wp-json\/wp\/v2\/media?parent=13"}],"curies":[{"name":"wp","href":"https:\/\/api.w.org\/{rel}","templated":true}]}}