{"id":15,"date":"2019-03-16T15:35:57","date_gmt":"2019-03-16T14:35:57","guid":{"rendered":"https:\/\/ilupin.com\/?page_id=15"},"modified":"2024-10-22T02:57:29","modified_gmt":"2024-10-22T00:57:29","slug":"people","status":"publish","type":"page","link":"https:\/\/ilupin.com\/fr\/photo\/art\/people\/","title":{"rendered":"Gens"},"content":{"rendered":"\n<figure id=\"1\" class=\"wp-block-image name\"><a href=\"#1\"><img decoding=\"async\" src=\"\/wp-content\/uploads\/2019\/03\/people_2010-09_Hainan.jpg\" alt=\"\" class=\"wp-image-190\"><\/a><figcaption>Septembre 2010, Hainan, Chine<\/figcaption><\/figure>\n\n\n\n<figure id=\"2\" class=\"wp-block-image name\"><a href=\"#2\"><img decoding=\"async\" src=\"\/wp-content\/uploads\/2019\/03\/people_2011-03_St-Petersburg.jpg\" alt=\"\" class=\"wp-image-191\"><\/a><figcaption>Mars 2011, Saint-P\u00e9tersbourg, Russie<\/figcaption><\/figure>\n\n\n\n<figure id=\"3\" class=\"wp-block-image name\"><a href=\"#3\"><img decoding=\"async\" src=\"\/wp-content\/uploads\/2019\/03\/people_2011-04_Marrakesh.jpg\" alt=\"\" class=\"wp-image-192\"><\/a><figcaption>Avril 2011, Marrakech, Maroc<\/figcaption><\/figure>\n\n\n\n<figure id=\"4\" class=\"wp-block-image name\"><a href=\"#4\"><img decoding=\"async\" src=\"\/wp-content\/uploads\/2019\/03\/people_2013-05_Florence.jpg\" alt=\"\" class=\"wp-image-193\"><\/a><figcaption>Mai 2013, Florence, Italie<\/figcaption><\/figure>\n\n\n\n<figure id=\"5\" class=\"wp-block-image name\"><a href=\"#5\"><img decoding=\"async\" src=\"\/wp-content\/uploads\/2019\/03\/people_2017-04_Geneva.jpg\" alt=\"\" class=\"wp-image-194\"><\/a><figcaption>Avril 2017, Gen\u00e8ve, Suisse<br><\/figcaption><\/figure>\n\n\n\n<figure id=\"6\" class=\"wp-block-image name\"><a href=\"#6\"><img decoding=\"async\" src=\"\/wp-content\/uploads\/2019\/03\/people_2017-04_Neuchatel.jpg\" alt=\"\" class=\"wp-image-195\"><\/a><figcaption>Avril 2017, Neuch\u00e2tel, Suisse<\/figcaption><\/figure>\n\n\n\n<figure id=\"7\" class=\"wp-block-image name\"><a href=\"#7\"><img decoding=\"async\" src=\"\/wp-content\/uploads\/2019\/03\/people_2017-08_Faxafoss.jpg\" alt=\"\" class=\"wp-image-196\"><\/a><figcaption>Ao\u00fbt 2017, Faxafoss, Islande<br><\/figcaption><\/figure>\n\n\n\n<figure id=\"8\" class=\"wp-block-image name\"><a href=\"#8\"><img decoding=\"async\" src=\"\/wp-content\/uploads\/2019\/03\/people_2017-08_Jokulsarlon.jpg\" alt=\"\" class=\"wp-image-197\"><\/a><figcaption>Ao\u00fbt 2017, J\u00f6kuls\u00e1rl\u00f3n, Islande<\/figcaption><\/figure>\n\n\n\n<figure id=\"9\" class=\"wp-block-image name\"><a href=\"#9\"><img decoding=\"async\" src=\"\/wp-content\/uploads\/2019\/03\/people_2018-02_Valetta.jpg\" alt=\"\" class=\"wp-image-198\"><\/a><figcaption>F\u00e9vrier 2018, La Valette, Malte<br><\/figcaption><\/figure>\n\n\n\n<figure id=\"10\" class=\"wp-block-image name\"><a href=\"#10\"><img decoding=\"async\" src=\"\/wp-content\/uploads\/2019\/03\/people_2018-07_Voringfossen.jpg\" alt=\"\" class=\"wp-image-199\"><\/a><figcaption>Juillet 2018, V\u00f8ringsfossen, Norv\u00e8ge<\/figcaption><\/figure>\n\n\n\n<div class=\"menu-photo-art-container\"><ul id=\"menu-photo-art\" class=\"menu\"><li id=\"menu-item-8096\" class=\"menu-item menu-item-type-post_type menu-item-object-page menu-item-8096\"><a href=\"https:\/\/ilupin.com\/fr\/?page_id=8082\" class=\"menu-link\">Par amour<\/a><\/li>\n<li id=\"menu-item-3722\" class=\"menu-item menu-item-type-post_type menu-item-object-page menu-item-3722\"><a href=\"https:\/\/ilupin.com\/fr\/photo\/art\/people\/\" class=\"menu-link\">Gens<\/a><\/li>\n<li id=\"menu-item-3723\" class=\"menu-item menu-item-type-post_type menu-item-object-page menu-item-3723\"><a href=\"https:\/\/ilupin.com\/fr\/photo\/art\/fauna\/\" class=\"menu-link\">Faune<\/a><\/li>\n<li id=\"menu-item-3724\" class=\"menu-item menu-item-type-post_type menu-item-object-page menu-item-3724\"><a href=\"https:\/\/ilupin.com\/fr\/photo\/art\/flora\/\" class=\"menu-link\">Flore<\/a><\/li>\n<li id=\"menu-item-3725\" class=\"menu-item menu-item-type-post_type menu-item-object-page menu-item-3725\"><a href=\"https:\/\/ilupin.com\/fr\/photo\/art\/leisure\/\" class=\"menu-link\">Loisir<\/a><\/li>\n<li id=\"menu-item-3726\" class=\"menu-item menu-item-type-post_type menu-item-object-page menu-item-3726\"><a href=\"https:\/\/ilupin.com\/fr\/photo\/art\/view\/\" class=\"menu-link\">Vue<\/a><\/li>\n<li id=\"menu-item-3727\" class=\"menu-item menu-item-type-post_type menu-item-object-page menu-item-3727\"><a href=\"https:\/\/ilupin.com\/fr\/photo\/art\/park\/\" class=\"menu-link\">Par\u0441<\/a><\/li>\n<li id=\"menu-item-3728\" class=\"menu-item menu-item-type-post_type menu-item-object-page menu-item-3728\"><a href=\"https:\/\/ilupin.com\/fr\/photo\/art\/waterfront\/\" class=\"menu-link\">Quai<\/a><\/li>\n<li id=\"menu-item-3729\" class=\"menu-item menu-item-type-post_type menu-item-object-page menu-item-3729\"><a href=\"https:\/\/ilupin.com\/fr\/photo\/art\/details\/\" class=\"menu-link\">D\u00e9tails<\/a><\/li>\n<li id=\"menu-item-3730\" class=\"menu-item menu-item-type-post_type menu-item-object-page menu-item-3730\"><a href=\"https:\/\/ilupin.com\/fr\/photo\/art\/architecture\/\" class=\"menu-link\">Architecture<\/a><\/li>\n<li id=\"menu-item-3731\" class=\"menu-item menu-item-type-post_type menu-item-object-page menu-item-3731\"><a href=\"https:\/\/ilupin.com\/fr\/photo\/art\/sculpture\/\" class=\"menu-link\">Sculpture<\/a><\/li>\n<li id=\"menu-item-3732\" class=\"menu-item menu-item-type-post_type menu-item-object-page menu-item-3732\"><a href=\"https:\/\/ilupin.com\/fr\/photo\/art\/installation\/\" class=\"menu-link\">Installation<\/a><\/li>\n<li id=\"menu-item-3733\" class=\"menu-item menu-item-type-post_type menu-item-object-page menu-item-3733\"><a href=\"https:\/\/ilupin.com\/fr\/photo\/art\/industry\/\" class=\"menu-link\">Industrie<\/a><\/li>\n<\/ul><\/div>\n\n\n\n<p><\/p>\n","protected":false},"excerpt":{"rendered":"<p>Septembre 2010, Hainan, Chine Mars 2011, Saint-P\u00e9tersbourg, Russie Avril 2011, Marrakech, Maroc Mai 2013, Florence, Italie Avril 2017, Gen\u00e8ve, Suisse Avril 2017, Neuch\u00e2tel, Suisse Ao\u00fbt 2017, Faxafoss, Islande Ao\u00fbt 2017, J\u00f6kuls\u00e1rl\u00f3n, Islande F\u00e9vrier 2018, La Valette, Malte Juillet 2018, V\u00f8ringsfossen, Norv\u00e8ge<\/p>\n","protected":false},"author":1,"featured_media":0,"parent":8082,"menu_order":1,"comment_status":"closed","ping_status":"closed","template":"","meta":{"site-sidebar-layout":"default","site-content-layout":null,"ast-site-content-layout":"default","site-content-style":"default","site-sidebar-style":"default","ast-global-header-display":"","ast-banner-title-visibility":"","ast-main-header-display":"","ast-hfb-above-header-display":null,"ast-hfb-below-header-display":null,"ast-hfb-mobile-header-display":null,"site-post-title":"","ast-breadcrumbs-content":null,"ast-featured-img":"","footer-sml-layout":"","ast-disable-related-posts":"","theme-transparent-header-meta":"default","adv-header-id-meta":null,"stick-header-meta":null,"header-above-stick-meta":null,"header-main-stick-meta":null,"header-below-stick-meta":null,"astra-migrate-meta-layouts":"set","ast-page-background-enabled":"default","ast-page-background-meta":{"desktop":{"background-color":"","background-image":"","background-repeat":"repeat","background-position":"center center","background-size":"auto","background-attachment":"scroll","background-type":"","background-media":"","overlay-type":"","overlay-color":"","overlay-opacity":"","overlay-gradient":""},"tablet":{"background-color":"","background-image":"","background-repeat":"repeat","background-position":"center center","background-size":"auto","background-attachment":"scroll","background-type":"","background-media":"","overlay-type":"","overlay-color":"","overlay-opacity":"","overlay-gradient":""},"mobile":{"background-color":"","background-image":"","background-repeat":"repeat","background-position":"center center","background-size":"auto","background-attachment":"scroll","background-type":"","background-media":"","overlay-type":"","overlay-color":"","overlay-opacity":"","overlay-gradient":""}},"ast-content-background-meta":{"desktop":{"background-color":"var(--ast-global-color-5)","background-image":"","background-repeat":"repeat","background-position":"center center","background-size":"auto","background-attachment":"scroll","background-type":"","background-media":"","overlay-type":"","overlay-color":"","overlay-opacity":"","overlay-gradient":""},"tablet":{"background-color":"var(--ast-global-color-5)","background-image":"","background-repeat":"repeat","background-position":"center center","background-size":"auto","background-attachment":"scroll","background-type":"","background-media":"","overlay-type":"","overlay-color":"","overlay-opacity":"","overlay-gradient":""},"mobile":{"background-color":"var(--ast-global-color-5)","background-image":"","background-repeat":"repeat","background-position":"center center","background-size":"auto","background-attachment":"scroll","background-type":"","background-media":"","overlay-type":"","overlay-color":"","overlay-opacity":"","overlay-gradient":""}},"footnotes":""},"class_list":["post-15","page","type-page","status-publish","hentry"],"_links":{"self":[{"href":"https:\/\/ilupin.com\/fr\/wp-json\/wp\/v2\/pages\/15","targetHints":{"allow":["GET"]}}],"collection":[{"href":"https:\/\/ilupin.com\/fr\/wp-json\/wp\/v2\/pages"}],"about":[{"href":"https:\/\/ilupin.com\/fr\/wp-json\/wp\/v2\/types\/page"}],"author":[{"embeddable":true,"href":"https:\/\/ilupin.com\/fr\/wp-json\/wp\/v2\/users\/1"}],"replies":[{"embeddable":true,"href":"https:\/\/ilupin.com\/fr\/wp-json\/wp\/v2\/comments?post=15"}],"version-history":[{"count":71,"href":"https:\/\/ilupin.com\/fr\/wp-json\/wp\/v2\/pages\/15\/revisions"}],"predecessor-version":[{"id":12536,"href":"https:\/\/ilupin.com\/fr\/wp-json\/wp\/v2\/pages\/15\/revisions\/12536"}],"up":[{"embeddable":true,"href":"https:\/\/ilupin.com\/fr\/wp-json\/wp\/v2\/pages\/8082"}],"wp:attachment":[{"href":"https:\/\/ilupin.com\/fr\/wp-json\/wp\/v2\/media?parent=15"}],"curies":[{"name":"wp","href":"https:\/\/api.w.org\/{rel}","templated":true}]}}