{"id":15010,"date":"2026-05-01T01:38:33","date_gmt":"2026-04-30T23:38:33","guid":{"rendered":"https:\/\/ilupin.com\/en\/?page_id=15010"},"modified":"2026-05-01T04:11:23","modified_gmt":"2026-05-01T02:11:23","slug":"symbolics","status":"publish","type":"page","link":"https:\/\/ilupin.com\/fr\/symbolics\/","title":{"rendered":"Il y a quelque chose l\u00e0"},"content":{"rendered":"\n<div class=\"wp-block-image\">\n  <figure class=\"alignright\">\n     <img decoding=\"async\" src=\"https:\/\/ilupin.com\/wp-content\/uploads\/photo\/sections\/symbols.jpg\">\n  <\/figure>\n<\/div>\n\n<p>Le design \u00e9pur\u00e9 du site n\u2019est pas d\u00e9pourvu de symbolisme.<\/p>\n\n<p>The logo <img decoding=\"async\" class=\"symbols-logo-icon\" src=\"\/favicon.ico\"> est le monogramme compos\u00e9 des lettres <span class=\"symbols-logo-font\">ilupin<\/span> avec sa licence po\u00e9tique comme le&nbsp;<span class=\"symbols-logo-font\">p<\/span> non arrondi. Sa&nbsp;sym\u00e9trie centrale est mise en valeur en passant la souris.<\/p>\n\n<p>Les fl\u00e8ches <span class=\"symbols-arrow\">\u25b8<\/span> de style joueur plac\u00e9es \u00e0 des endroits inattendus refl\u00e8tent l\u2019attitude respectueuse de l\u2019auteur envers la musique en g\u00e9n\u00e9ral et les traductions de chansons en particulier.<\/p>\n\n<p>Les h\u00e9rissons \ud83e\udd94 \u00e0 l\u2019accueil font subtilement allusion \u00e0 l\u2019immense population d\u2019erinaceinae dont l\u2019auteur prend soin&#8239;: c\u2019est historiquement ainsi.<\/p>\n\n<p>Le vert et l\u2019orange sont tout simplement magnifiques.<\/p>\n","protected":false},"excerpt":{"rendered":"<p>Le design \u00e9pur\u00e9 du site n\u2019est pas d\u00e9pourvu de symbolisme. The logo est le monogramme compos\u00e9 des lettres ilupin avec sa licence po\u00e9tique comme le&nbsp;p non arrondi. Sa&nbsp;sym\u00e9trie centrale est mise en valeur en passant la souris. Les fl\u00e8ches \u25b8 de style joueur plac\u00e9es \u00e0 des endroits inattendus refl\u00e8tent l\u2019attitude respectueuse de l\u2019auteur envers la [&hellip;]<\/p>\n","protected":false},"author":1,"featured_media":0,"parent":0,"menu_order":0,"comment_status":"closed","ping_status":"closed","template":"","meta":{"site-sidebar-layout":"default","site-content-layout":"","ast-site-content-layout":"default","site-content-style":"default","site-sidebar-style":"default","ast-global-header-display":"","ast-banner-title-visibility":"","ast-main-header-display":"","ast-hfb-above-header-display":"","ast-hfb-below-header-display":"","ast-hfb-mobile-header-display":"","site-post-title":"","ast-breadcrumbs-content":"","ast-featured-img":"","footer-sml-layout":"","ast-disable-related-posts":"","theme-transparent-header-meta":"","adv-header-id-meta":"","stick-header-meta":"","header-above-stick-meta":"","header-main-stick-meta":"","header-below-stick-meta":"","astra-migrate-meta-layouts":"set","ast-page-background-enabled":"default","ast-page-background-meta":{"desktop":{"background-color":"","background-image":"","background-repeat":"repeat","background-position":"center center","background-size":"auto","background-attachment":"scroll","background-type":"","background-media":"","overlay-type":"","overlay-color":"","overlay-opacity":"","overlay-gradient":""},"tablet":{"background-color":"","background-image":"","background-repeat":"repeat","background-position":"center center","background-size":"auto","background-attachment":"scroll","background-type":"","background-media":"","overlay-type":"","overlay-color":"","overlay-opacity":"","overlay-gradient":""},"mobile":{"background-color":"","background-image":"","background-repeat":"repeat","background-position":"center center","background-size":"auto","background-attachment":"scroll","background-type":"","background-media":"","overlay-type":"","overlay-color":"","overlay-opacity":"","overlay-gradient":""}},"ast-content-background-meta":{"desktop":{"background-color":"var(--ast-global-color-5)","background-image":"","background-repeat":"repeat","background-position":"center center","background-size":"auto","background-attachment":"scroll","background-type":"","background-media":"","overlay-type":"","overlay-color":"","overlay-opacity":"","overlay-gradient":""},"tablet":{"background-color":"var(--ast-global-color-5)","background-image":"","background-repeat":"repeat","background-position":"center center","background-size":"auto","background-attachment":"scroll","background-type":"","background-media":"","overlay-type":"","overlay-color":"","overlay-opacity":"","overlay-gradient":""},"mobile":{"background-color":"var(--ast-global-color-5)","background-image":"","background-repeat":"repeat","background-position":"center center","background-size":"auto","background-attachment":"scroll","background-type":"","background-media":"","overlay-type":"","overlay-color":"","overlay-opacity":"","overlay-gradient":""}},"footnotes":""},"class_list":["post-15010","page","type-page","status-publish","hentry"],"_links":{"self":[{"href":"https:\/\/ilupin.com\/fr\/wp-json\/wp\/v2\/pages\/15010","targetHints":{"allow":["GET"]}}],"collection":[{"href":"https:\/\/ilupin.com\/fr\/wp-json\/wp\/v2\/pages"}],"about":[{"href":"https:\/\/ilupin.com\/fr\/wp-json\/wp\/v2\/types\/page"}],"author":[{"embeddable":true,"href":"https:\/\/ilupin.com\/fr\/wp-json\/wp\/v2\/users\/1"}],"replies":[{"embeddable":true,"href":"https:\/\/ilupin.com\/fr\/wp-json\/wp\/v2\/comments?post=15010"}],"version-history":[{"count":22,"href":"https:\/\/ilupin.com\/fr\/wp-json\/wp\/v2\/pages\/15010\/revisions"}],"predecessor-version":[{"id":15046,"href":"https:\/\/ilupin.com\/fr\/wp-json\/wp\/v2\/pages\/15010\/revisions\/15046"}],"wp:attachment":[{"href":"https:\/\/ilupin.com\/fr\/wp-json\/wp\/v2\/media?parent=15010"}],"curies":[{"name":"wp","href":"https:\/\/api.w.org\/{rel}","templated":true}]}}