{"id":2131,"date":"2019-04-01T21:09:10","date_gmt":"2019-04-01T19:09:10","guid":{"rendered":"https:\/\/ilupin.com\/en\/?page_id=2131"},"modified":"2026-04-03T17:59:44","modified_gmt":"2026-04-03T15:59:44","slug":"updates","status":"publish","type":"page","link":"https:\/\/ilupin.com\/fr\/updates\/","title":{"rendered":"Quoi de neuf"},"content":{"rendered":"\n<div class=\"wp-block-image\">\n  <figure class=\"alignright\">\n     <img decoding=\"async\" src=\"https:\/\/ilupin.com\/wp-content\/uploads\/photo\/sections\/updates.jpg\">\n  <\/figure>\n<\/div>\n\n<div class=\"updates\">\n\n<p><span>29\/03\/2026<\/span>Un nouveau r\u00e9cit photo sur la <a href=\"..\/travels\/#georgia-25\">G\u00e9orgie<\/a> est apparu dans la rubrique \u00ab&#8239;Voyages&#8239;\u00bb.<\/p>\n\n<p><span>16\/02\/2026<\/span>Le catalogue des <a href=\"..\/songs\">chansons traduites<\/a> a subi une r\u00e9organisation radicale, devenant trois fois plus compact et pratique.<\/p>\n\n<p><span>07\/09\/2025<\/span>Toutes les mises \u00e0 jour ant\u00e9rieures \u00e0 celles de l\u2019ann\u00e9e avant-derni\u00e8re ont \u00e9t\u00e9 masqu\u00e9es sous spoiler. Ouvrez \u00e0&nbsp;vos risques et&nbsp;p\u00e9rils.<\/p>\n\n<p><span>02\/09\/2025<\/span>Un nouveau selfie est apparu dans la sous-section <a href=\"..\/about\">\u00c0&nbsp;propos<\/a>, marquant la premi\u00e8re mise \u00e0&nbsp;jour du site cette ann\u00e9e (honte \u00e0&nbsp;moi), mais certainement pas la&nbsp;derni\u00e8re.<\/p>\n\n<p><span>18\/10\/2024<\/span>Chaque photo du <a href=\"..\/photo\/#pro\">portfolio<\/a> est devenue un lien ancr\u00e9 vers elle-m\u00eame.<\/p>\n\n<p><span>14\/10\/2024<\/span>Le tant attendu <a href=\"..\/photo\/#pro\">portfolio<\/a> professionnel dans douze genres a \u00e9t\u00e9 ajout\u00e9 sur la page photo.<\/p>\n\n<p><span>21\/08\/2024<\/span>Les notes de marge (toujours \u00e9crites dans la langue de l\u2019\u0153uvre \u00e0 laquelle elles font r\u00e9f\u00e9rence) sont d\u00e9sormais marqu\u00e9es de l\u2019index <sup>fr<\/sup>, <sup>en<\/sup> ou&nbsp;<sup>ru<\/sup> lorsque la langue du site est diff\u00e9rente. Ainsi, sous la traduction fran\u00e7aise de <a href=\"..\/songs\/ru-to-fr\/auteur\/\">L\u2019Auteur<\/a>, la version fran\u00e7aise du site affiche simplement <i>Notes de marge<\/i>, mais la version russe montre <i>\u0417\u0430\u043c\u0435\u0442\u043a\u0438 \u043d\u0430&nbsp;\u043f\u043e\u043b\u044f\u0445<sup>fr<\/sup><\/i>. Et&nbsp;vice versa&#8239;: le livre audio russe <a href=\"..\/books\/audiobooks\/averchenko\/new-history\/\">La Nouvelle histoire<\/a> est compl\u00e9t\u00e9 par <i>\u0417\u0430\u043c\u0435\u0442\u043a\u0438 \u043d\u0430&nbsp;\u043f\u043e\u043b\u044f\u0445<\/i> dans la version russe du site et par <i>Notes de&nbsp;marge<sup>ru<\/sup><\/i> dans la version fran\u00e7aise.<\/p>\n\n<p><span>09\/08\/2024<\/span>Un joli autographe est apparu sur la page d\u2019<a href=\"..\/\">accueil<\/a>. Les mains se souviennent.<\/p>\n\n<p><span>01\/08\/2024<\/span>La sous-section <a href=\"..\/about\">\u00c0&nbsp;propos<\/a> a \u00e9t\u00e9 cr\u00e9\u00e9e, ce qui a permis de d\u00e9charger consid\u00e9rablement la page d\u2019accueil, sur laquelle il reste surtout des liens et des h\u00e9rissons.<\/p>\n\n<p><span>26\/06\/2024<\/span>La traduction po\u00e9tique en russe <a href=\"..\/songs\/en-to-ru\/believer\">\u042f&nbsp;\u0432\u0435\u0440\u044e (Believer)<\/a> a&nbsp;\u00e9t\u00e9 publi\u00e9e, sur le d\u00e9passement et le devenir \u00e0&nbsp;travers la douleur. Que cette coupe s\u2019\u00e9loigne de&nbsp;vous.<\/p>\n\n<p><span>14\/06\/2024<\/span>Le premier livre audio russe <a href=\"..\/books\/audiobooks\/averchenko\/new-history\/\">La Nouvelle histoire<\/a> d\u2019Arkady Avertchenko a&nbsp;\u00e9t\u00e9 publi\u00e9. Ses&nbsp;24&nbsp;chapitres sont regroup\u00e9s dans une liste de lecture pratique et \u00e9l\u00e9gante, soigneusement trait\u00e9e avec une lime CSS pour le bien de mes auditeurs pr\u00e9f\u00e9r\u00e9s. Les&nbsp;gourmets appr\u00e9cieront surtout les d\u00e9sormais traditionnelles notes de&nbsp;marge.<\/p>\n\n<p><span>09\/06\/2024<\/span>La rubrique \u00ab&#8239;Loisirs&#8239;\u00bb a&nbsp;fait l\u2019objet d\u2019une r\u00e9invention, d\u2019une r\u00e9organisation et d\u2019un renommage en <a href=\"..\/books\/\">Livres<\/a>. D\u00e9sormais, les livres audio (prochainement), les po\u00e8mes et la grammaire y vivent, tout en&nbsp;russe.<\/p>\n\n<\/div>\n\n<details id=\"updates\"><summary class=\"upd\"><\/summary><div class=\"updates\">\n\n<p><span>27\/10\/2023<\/span>La&nbsp;rubrique <a href=\"..\/travels\/\">Voyages<\/a> a&nbsp;\u00e9t\u00e9 cr\u00e9\u00e9e avec son premier r\u00e9cit photo (sur la&nbsp;Roumanie). Et&nbsp;il&nbsp;y&nbsp;en a une cinquantaine de&nbsp;plus \u00e0&nbsp;venir.<\/p>\n\n<p><span>03\/09\/2023<\/span>Les drapeaux de pays dans le menu principal ont \u00e9t\u00e9 remplac\u00e9s par les codes \u00e0&nbsp;deux lettres <span class=\"nobr\"><a href=\"https:\/\/fr.wikipedia.org\/wiki\/Liste_des_codes_ISO_639-1\">ISO 639-1<\/a><\/span>. C\u2019est un&nbsp;peu plus asc\u00e9tique et beaucoup plus pr\u00e9cis maintenant. Les langues ne&nbsp;connaissent pas de&nbsp;fronti\u00e8res.<\/p>\n\n<p><span>27\/08\/2023<\/span>De nouvelles notes de marge de quelques traductions sont apparues&#8239;: <a href=\"..\/songs\/ru-to-fr\/auteur\/#notes\">L\u2019Auteur<\/a> (en&nbsp;fran\u00e7ais), <a href=\"..\/songs\/fr-to-ru\/jai-le-droit-aussi\/#notes\" class=\"nobr\">\u041f\u0440\u0430\u0432\u043e \u0431\u044b\u0442\u044c \u0441\u043e\u0431\u043e\u0439<\/a>, <a href=\"..\/songs\/en-to-ru\/therapy\/#notes\" class=\"nobr\">\u041f\u0441\u0438\u0445\u043e\u0442\u0435\u0440\u0430\u043f\u0438\u044f<\/a> et <a href=\"..\/songs\/es-to-ru\/hasta-siempre-comandante\/#notes\" class=\"nobr\">\u0414\u043e \u0441\u0432\u0438\u0434\u0430\u043d\u044c\u044f, \u043a\u043e\u043c\u0430\u043d\u0434\u0430\u043d\u0442\u0435<\/a> (en&nbsp;russe).<\/p>\n\n<p><span>04\/07\/2023<\/span>Deux sous-sections photos ont \u00e9t\u00e9 cr\u00e9\u00e9es&#8239;: <a href=\"..\/photo\/#pro\">Pour&nbsp;l\u2019argent<\/a> et <a href=\"..\/photo\/#art\">Par&nbsp;amour<\/a>. Les cas sont diff\u00e9rents, apr\u00e8s&nbsp;tout.<\/p>\n\n<p><span>11\/05\/2023<\/span>La traduction po\u00e9tique en russe <a href=\"..\/songs\/fr-to-ru\/bricoleur\/\">\u0417\u043e\u043b\u043e\u0442\u044b\u0435&nbsp;\u0440\u0443\u043a\u0438 (Le&nbsp;Bricoleur)<\/a> a \u00e9t\u00e9 publi\u00e9e. \u00c0&nbsp;tous mes petits amis qui connaissaient non par ou\u00ef-dire mon id\u00e9e de \u00ab&#8239;fa(ill)is-le toi-m\u00eame&#8239;\u00bb.<\/p>\n\n<p><span>31\/03\/2023<\/span>La photo sur la page d\u2019<a href=\"..\/\">accueil<\/a> a&nbsp;\u00e9t\u00e9 mise \u00e0&nbsp;jour. Apr\u00e8s tout, j\u2019ai maintenant quatre ans de plus et quatorze kilos de moins, il faut bien le d\u00e9signer.<\/p>\n\n<p><span>23\/01\/2023<\/span>Les notes de marge de quelques traductions sont apparues&#8239;: <a href=\"..\/songs\/ru-to-fr\/guerre\/#notes\">La&nbsp;Guerre<\/a> (en&nbsp;fran\u00e7ais), <a href=\"..\/songs\/fr-to-ru\/pomme-c\/#notes\" class=\"nobr\">\u041a\u043e\u043d\u0442\u0440\u043e\u043b-\u0446\u044d<\/a>, <a href=\"..\/songs\/fr-to-ru\/fanny-ardant-et-moi\/#notes\" class=\"nobr\">\u0424\u0430\u043d\u043d\u0438 \u0410\u0440\u0434\u0430\u043d \u0438 \u044f<\/a> et <a href=\"..\/songs\/en-to-ru\/day-before-you-came\/#notes\" class=\"nobr\">\u0417\u0430 \u0434\u0435\u043d\u044c \u0434\u043e \u043d\u0430\u0441 \u0441 \u0442\u043e\u0431\u043e\u0439<\/a> (en&nbsp;russe). Et&nbsp;ce n\u2019est que le&nbsp;d\u00e9but.<\/p>\n\n<p><span>13\/10\/2022<\/span>La sous-section tant attendue <a href=\"..\/hobbies\/#funny\">Dr\u00f4les<\/a> a \u00e9t\u00e9 cr\u00e9\u00e9e. C\u2019est le dernier hobby en russe seulement, je vous jure.<\/p>\n\n<p><span>30\/09\/2022<\/span>Le&nbsp;po\u00e8me <a href=\"..\/hobbies\/lyrical\/belated\/\">\u0417\u0430\u043f\u043e\u0437\u0434\u0430\u043b\u043e\u0435<\/a> a&nbsp;\u00e9t\u00e9 publi\u00e9. \u00c0&nbsp;mes amis russes et&nbsp;ukrainiens perdus dans le&nbsp;monde&nbsp;fou.<\/p>\n\n<p><span>27\/09\/2022<\/span>La rubrique <a href=\"..\/hobbies\/\">Hobbys<\/a> a&nbsp;\u00e9t\u00e9 cr\u00e9\u00e9e. Il&nbsp;n\u2019y&nbsp;a que deux sous-sections jusqu\u2019ici (mais aussi des noms prometteurs de six&nbsp;autres).<\/p>\n\n<p><span>28\/02\/2022<\/span>La traduction po\u00e9tique du russe <a href=\"..\/songs\/ru-to-fr\/guerre\/\">La&nbsp;Guerre (\u0412\u043e\u0439\u043d\u0430)<\/a> a&nbsp;\u00e9t\u00e9 publi\u00e9e.<\/p>\n\n<p><span>05\/02\/2022<\/span>La traduction po\u00e9tique <a href=\"..\/songs\/en-to-ru\/therapy\">\u041f\u0441\u0438\u0445\u043e\u0442\u0435\u0440\u0430\u043f\u0438\u044f (Therapy)<\/a> a&nbsp;\u00e9t\u00e9 publi\u00e9e. L\u2019interpr\u00e9tation m\u00eame, que ce soit en russe ou en anglais, sera tr\u00e8s th\u00e9rapeutique, surtout si vous r\u00e9ussissez du premier coup.<\/p>\n\n<p><span>31\/08\/2021<\/span>La traduction po\u00e9tique du russe <a href=\"..\/songs\/ru-to-fr\/auteur\/\">L\u2019Auteur (\u0410\u0432\u0442\u043e\u0440)<\/a> a&nbsp;\u00e9t\u00e9 publi\u00e9e. La chanson originale aurait pu \u00eatre mon hymne de l\u2019\u00e9cole si M.&nbsp;Tch\u00e9bykine ne faisait pas ses \u00e9tudes en m\u00eame temps que&nbsp;moi.<\/p>\n\n<p><span>15\/04\/2021<\/span>La traduction po\u00e9tique du russe <a href=\"..\/songs\/ru-to-fr\/votre-majeste-la-femme\/\">Votre&nbsp;Majest\u00e9 la&nbsp;Femme (\u0412\u0430\u0448\u0435&nbsp;\u0432\u0435\u043b\u0438\u0447\u0435\u0441\u0442\u0432\u043e \u0416\u0435\u043d\u0449\u0438\u043d\u0430)<\/a> a&nbsp;\u00e9t\u00e9 publi\u00e9e en tant que mon modeste cadeau \u00e0&nbsp;la seule et unique Ma\u00eetresse de la Montagne de cuivre \u00e0&nbsp;l\u2019occasion de son anniversaire.<\/p>\n\n<p><span>11\/04\/2021<\/span>La rubrique des <a href=\"..\/songs\">chansons traduites<\/a> a&nbsp;\u00e9t\u00e9 lav\u00e9e et frott\u00e9e. Un&nbsp;lien vers chaque \u0153uvre est maintenant compl\u00e9t\u00e9 par une courte clarification entre les parenth\u00e8ses&#8239;: le&nbsp;nom de l\u2019original et de son interpr\u00e8te (ou de <span class=\"performance\">sa&nbsp;source<\/span> si elle est plus c\u00e9l\u00e8bre). Les d\u00e9chets visuels et informationnels ont \u00e9t\u00e9 balay\u00e9s&#8239;: les tableaux, les albums etc. C\u2019est un site cr\u00e9atif quand m\u00eame et non pas un registre comptable.<\/p>\n\n<p><span>24\/05\/2020<\/span>La traduction po\u00e9tique <a href=\"..\/songs\/fr-to-ru\/pomme-c\/\">\u041a\u043e\u043d\u0442\u0440\u043e\u043b-\u0446\u044d (Pomme&nbsp;C)<\/a> a&nbsp;\u00e9t\u00e9 publi\u00e9e. Si&nbsp;le russe n\u2019est pas vraiment votre tasse de&nbsp;th\u00e9, vous pouvez au&nbsp;moins savourer le&nbsp;jeu de mots \u00e9poustouflant de l\u2019original fran\u00e7ais. Ma&nbsp;d\u00e9esse, elle seule vaut le&nbsp;coup.<\/p>\n\n<p><span>05\/05\/2020<\/span>La rubrique de mises \u00e0&nbsp;jour a&nbsp;\u00e9t\u00e9 cr\u00e9\u00e9e et vous \u00eates en train de l\u2019\u00e9tudier. La&nbsp;date du dernier renouvellement s\u2019affiche d\u00e9sormais en pied de chaque&nbsp;page.<\/p>\n\n<p><span>23\/04\/2020<\/span>La rubrique de <a href=\"..\/contact\">contact<\/a> a d\u00e9m\u00e9nag\u00e9 du premier niveau au sous-menu de l\u2019accueil. Avec le temps, d\u2019autres rubriques auxiliaires vont s\u2019y installer.<\/p>\n\n<p><span>20\/04\/2020<\/span>La rubrique des <a href=\"..\/songs\">chansons traduites<\/a> (dans cinq directions) a&nbsp;\u00e9t\u00e9 cr\u00e9\u00e9e. La commutation entre l\u2019original et le mot-\u00e0-mot n\u2019a \u00e9t\u00e9 con\u00e7ue qu\u2019en CSS, si quelqu\u2019un est int\u00e9ress\u00e9&#8239;; pour les champs communs et la navigation subtile j\u2019ai  du tourmenter&nbsp;JS. La&nbsp;rubrique n\u2019est pas encore optimis\u00e9e pour les portables car son contenu ne le pr\u00e9voit&nbsp;pas.<\/p>\n\n<p><span>06\/06\/2019<\/span>Le lien vers la rubrique parente a&nbsp;\u00e9t\u00e9 ajout\u00e9 dans le menu additionnel <a href=\"..\/photo\/art\/flora\/#10\">en&nbsp;bas<\/a> pour compl\u00e9ter le tableau. Les bords d\u2019images et les s\u00e9parateurs de menu sont devenus sensiblement plus p\u00e2les (parce qu\u2019ils ne sont pas si importants).<\/p>\n\n<p><span>13\/05\/2019<\/span>Chaque photo est devenue un lien ancr\u00e9 vers elle-m\u00eame, ce qui est pratique si vous voulez <a href=\"..\/photo\/art\/fauna\/#3\">la&nbsp;montrer<\/a> dans un contexte. \u00c0&nbsp;part \u00e7a, comme le click bouge l\u2019image vers le haut de l\u2019\u00e9cran, on peut faire d\u00e9filer la page en cliquant sur la photo suivante. Tentez le coup, vous l\u2019aimerez.<\/p>\n\n<p><span>29\/04\/2019<\/span>La version mobile a&nbsp;\u00e9t\u00e9 optimis\u00e9e. En particulier, les noms de sous-rubriques <a href=\"..\/photo\">photo<\/a> apparaissent non pas apr\u00e8s avoir plac\u00e9 le curseur sur eux, mais instantan\u00e9ment, si vous utilisez un doigt en tant que curseur et n\u2019avez pas ce dernier \u00e0&nbsp;placer.<\/p>\n\n<p><span>25\/03\/2019<\/span>Le nouveau site a&nbsp;\u00e9t\u00e9 lanc\u00e9. \u00c0&nbsp;l\u2019int\u00e9rieur, on&nbsp;a la plateforme <a href=\"https:\/\/wordpress.com\" target=\"_blank\" rel=\"noopener noreferrer\">WordPress<\/a>, le th\u00e8me <a href=\"https:\/\/wpastra.com\" target=\"_blank\" rel=\"noopener noreferrer\">Astra<\/a>, une poign\u00e9e de plugins et l\u2019archipel CSS. \u00c0&nbsp;l\u2019ext\u00e9rieur, on&nbsp;a <a href=\"..\/\">accueil<\/a>, <a href=\"..\/photo\">photo<\/a>, <a href=\"..\/contact\">contact<\/a> et quelques jolis trucs. Vous avez d\u00e9j\u00e0 plac\u00e9 le curseur sur le&nbsp;logo&#8239;?<\/p>\n\n<p><span>2013\u20132018<\/span>L\u2019\u00e2ge sombre. Une carte de visite en HTML nu. J\u2019ai peur de le&nbsp;revivre.<\/p>\n\n<\/div><\/details>\n\n\n\n<p><\/p>\n","protected":false},"excerpt":{"rendered":"<p>29\/03\/2026Un nouveau r\u00e9cit photo sur la G\u00e9orgie est apparu dans la rubrique \u00ab&#8239;Voyages&#8239;\u00bb. 16\/02\/2026Le catalogue des chansons traduites a subi une r\u00e9organisation radicale, devenant trois fois plus compact et pratique. 07\/09\/2025Toutes les mises \u00e0 jour ant\u00e9rieures \u00e0 celles de l\u2019ann\u00e9e avant-derni\u00e8re ont \u00e9t\u00e9 masqu\u00e9es sous spoiler. Ouvrez \u00e0&nbsp;vos risques et&nbsp;p\u00e9rils. 02\/09\/2025Un nouveau selfie est apparu [&hellip;]<\/p>\n","protected":false},"author":1,"featured_media":0,"parent":0,"menu_order":0,"comment_status":"closed","ping_status":"closed","template":"","meta":{"site-sidebar-layout":"default","site-content-layout":null,"ast-site-content-layout":"default","site-content-style":"default","site-sidebar-style":"default","ast-global-header-display":"","ast-banner-title-visibility":"","ast-main-header-display":"","ast-hfb-above-header-display":null,"ast-hfb-below-header-display":null,"ast-hfb-mobile-header-display":null,"site-post-title":"","ast-breadcrumbs-content":null,"ast-featured-img":"","footer-sml-layout":"","ast-disable-related-posts":"","theme-transparent-header-meta":"default","adv-header-id-meta":null,"stick-header-meta":null,"header-above-stick-meta":null,"header-main-stick-meta":null,"header-below-stick-meta":null,"astra-migrate-meta-layouts":"set","ast-page-background-enabled":"default","ast-page-background-meta":{"desktop":{"background-color":"","background-image":"","background-repeat":"repeat","background-position":"center center","background-size":"auto","background-attachment":"scroll","background-type":"","background-media":"","overlay-type":"","overlay-color":"","overlay-opacity":"","overlay-gradient":""},"tablet":{"background-color":"","background-image":"","background-repeat":"repeat","background-position":"center center","background-size":"auto","background-attachment":"scroll","background-type":"","background-media":"","overlay-type":"","overlay-color":"","overlay-opacity":"","overlay-gradient":""},"mobile":{"background-color":"","background-image":"","background-repeat":"repeat","background-position":"center center","background-size":"auto","background-attachment":"scroll","background-type":"","background-media":"","overlay-type":"","overlay-color":"","overlay-opacity":"","overlay-gradient":""}},"ast-content-background-meta":{"desktop":{"background-color":"var(--ast-global-color-5)","background-image":"","background-repeat":"repeat","background-position":"center center","background-size":"auto","background-attachment":"scroll","background-type":"","background-media":"","overlay-type":"","overlay-color":"","overlay-opacity":"","overlay-gradient":""},"tablet":{"background-color":"var(--ast-global-color-5)","background-image":"","background-repeat":"repeat","background-position":"center center","background-size":"auto","background-attachment":"scroll","background-type":"","background-media":"","overlay-type":"","overlay-color":"","overlay-opacity":"","overlay-gradient":""},"mobile":{"background-color":"var(--ast-global-color-5)","background-image":"","background-repeat":"repeat","background-position":"center center","background-size":"auto","background-attachment":"scroll","background-type":"","background-media":"","overlay-type":"","overlay-color":"","overlay-opacity":"","overlay-gradient":""}},"footnotes":""},"class_list":["post-2131","page","type-page","status-publish","hentry"],"_links":{"self":[{"href":"https:\/\/ilupin.com\/fr\/wp-json\/wp\/v2\/pages\/2131","targetHints":{"allow":["GET"]}}],"collection":[{"href":"https:\/\/ilupin.com\/fr\/wp-json\/wp\/v2\/pages"}],"about":[{"href":"https:\/\/ilupin.com\/fr\/wp-json\/wp\/v2\/types\/page"}],"author":[{"embeddable":true,"href":"https:\/\/ilupin.com\/fr\/wp-json\/wp\/v2\/users\/1"}],"replies":[{"embeddable":true,"href":"https:\/\/ilupin.com\/fr\/wp-json\/wp\/v2\/comments?post=2131"}],"version-history":[{"count":598,"href":"https:\/\/ilupin.com\/fr\/wp-json\/wp\/v2\/pages\/2131\/revisions"}],"predecessor-version":[{"id":14858,"href":"https:\/\/ilupin.com\/fr\/wp-json\/wp\/v2\/pages\/2131\/revisions\/14858"}],"wp:attachment":[{"href":"https:\/\/ilupin.com\/fr\/wp-json\/wp\/v2\/media?parent=2131"}],"curies":[{"name":"wp","href":"https:\/\/api.w.org\/{rel}","templated":true}]}}