{"id":360,"date":"2019-03-17T11:51:09","date_gmt":"2019-03-17T10:51:09","guid":{"rendered":"https:\/\/ilupin.com\/?page_id=360"},"modified":"2024-08-11T17:11:47","modified_gmt":"2024-08-11T15:11:47","slug":"home","status":"publish","type":"page","link":"https:\/\/ilupin.com\/fr\/","title":{"rendered":"On\u00a0a\u00a0quoi\u00a0l\u00e0"},"content":{"rendered":"\n<div class=\"wp-block-image\">\n  <figure class=\"alignright\">\n     <img decoding=\"async\" src=\"https:\/\/ilupin.com\/wp-content\/uploads\/photo\/sections\/home.jpg\">\n  <\/figure>\n<\/div>\n\n<p>Le site est d\u00e9di\u00e9 \u00e0 ma cr\u00e9ativit\u00e9 inspir\u00e9e qui est repr\u00e9sent\u00e9e par les <a href=\"songs\">chansons traduites<\/a>, <a href=\"travels\">carnets de voyage<\/a>, <a href=\"photo\">photographies<\/a>, <a href=\"books\/#audiobooks\">livres audio<\/a>, <a href=\"books\/#poems\">po\u00e8mes<\/a> et <a href=\"books\/#grammar\">grammaire<\/a>. Les sections s\u2019enrichissent p\u00e9riodiquement de nouvelles \u0153uvres et le site s\u2019enrichit de nouvelles sections.<\/p>\n\n<p>Sur des pages s\u00e9par\u00e9es je parle <a href=\"about\">de&nbsp;moi<\/a>, de mes <a href=\"contact\">coordonn\u00e9es<\/a> et des <a href=\"updates\">mises&nbsp;\u00e0&nbsp;jour<\/a>.<\/p>\n\n<figure class=\"love-fr\">\n   <img decoding=\"async\" src=\"https:\/\/ilupin.com\/wp-content\/uploads\/photo\/sections\/love-fr.jpg\">\n<\/figure>\n\n<p><a href=\"..\/en\">In English<\/a><span class=\"lang-dot\"><\/span><a href=\"..\/ru\">\u041d\u0430 \u0440\u0443\u0441\u0441\u043a\u043e\u043c<\/a><\/p>\n\n\n\n<p><\/p>\n","protected":false},"excerpt":{"rendered":"<p>Le site est d\u00e9di\u00e9 \u00e0 ma cr\u00e9ativit\u00e9 inspir\u00e9e qui est repr\u00e9sent\u00e9e par les chansons traduites, carnets de voyage, photographies, livres audio, po\u00e8mes et grammaire. Les sections s\u2019enrichissent p\u00e9riodiquement de nouvelles \u0153uvres et le site s\u2019enrichit de nouvelles sections. Sur des pages s\u00e9par\u00e9es je parle de&nbsp;moi, de mes coordonn\u00e9es et des mises&nbsp;\u00e0&nbsp;jour. In English\u041d\u0430 \u0440\u0443\u0441\u0441\u043a\u043e\u043c<\/p>\n","protected":false},"author":1,"featured_media":0,"parent":0,"menu_order":0,"comment_status":"closed","ping_status":"closed","template":"","meta":{"site-sidebar-layout":"default","site-content-layout":null,"ast-site-content-layout":"default","site-content-style":"default","site-sidebar-style":"default","ast-global-header-display":"","ast-banner-title-visibility":"","ast-main-header-display":"","ast-hfb-above-header-display":null,"ast-hfb-below-header-display":null,"ast-hfb-mobile-header-display":null,"site-post-title":"","ast-breadcrumbs-content":null,"ast-featured-img":"","footer-sml-layout":"","ast-disable-related-posts":"","theme-transparent-header-meta":"default","adv-header-id-meta":null,"stick-header-meta":null,"header-above-stick-meta":null,"header-main-stick-meta":null,"header-below-stick-meta":null,"astra-migrate-meta-layouts":"set","ast-page-background-enabled":"default","ast-page-background-meta":{"desktop":{"background-color":"","background-image":"","background-repeat":"repeat","background-position":"center center","background-size":"auto","background-attachment":"scroll","background-type":"","background-media":"","overlay-type":"","overlay-color":"","overlay-opacity":"","overlay-gradient":""},"tablet":{"background-color":"","background-image":"","background-repeat":"repeat","background-position":"center center","background-size":"auto","background-attachment":"scroll","background-type":"","background-media":"","overlay-type":"","overlay-color":"","overlay-opacity":"","overlay-gradient":""},"mobile":{"background-color":"","background-image":"","background-repeat":"repeat","background-position":"center center","background-size":"auto","background-attachment":"scroll","background-type":"","background-media":"","overlay-type":"","overlay-color":"","overlay-opacity":"","overlay-gradient":""}},"ast-content-background-meta":{"desktop":{"background-color":"var(--ast-global-color-5)","background-image":"","background-repeat":"repeat","background-position":"center center","background-size":"auto","background-attachment":"scroll","background-type":"","background-media":"","overlay-type":"","overlay-color":"","overlay-opacity":"","overlay-gradient":""},"tablet":{"background-color":"var(--ast-global-color-5)","background-image":"","background-repeat":"repeat","background-position":"center center","background-size":"auto","background-attachment":"scroll","background-type":"","background-media":"","overlay-type":"","overlay-color":"","overlay-opacity":"","overlay-gradient":""},"mobile":{"background-color":"var(--ast-global-color-5)","background-image":"","background-repeat":"repeat","background-position":"center center","background-size":"auto","background-attachment":"scroll","background-type":"","background-media":"","overlay-type":"","overlay-color":"","overlay-opacity":"","overlay-gradient":""}},"footnotes":""},"class_list":["post-360","page","type-page","status-publish","hentry"],"_links":{"self":[{"href":"https:\/\/ilupin.com\/fr\/wp-json\/wp\/v2\/pages\/360","targetHints":{"allow":["GET"]}}],"collection":[{"href":"https:\/\/ilupin.com\/fr\/wp-json\/wp\/v2\/pages"}],"about":[{"href":"https:\/\/ilupin.com\/fr\/wp-json\/wp\/v2\/types\/page"}],"author":[{"embeddable":true,"href":"https:\/\/ilupin.com\/fr\/wp-json\/wp\/v2\/users\/1"}],"replies":[{"embeddable":true,"href":"https:\/\/ilupin.com\/fr\/wp-json\/wp\/v2\/comments?post=360"}],"version-history":[{"count":365,"href":"https:\/\/ilupin.com\/fr\/wp-json\/wp\/v2\/pages\/360\/revisions"}],"predecessor-version":[{"id":11881,"href":"https:\/\/ilupin.com\/fr\/wp-json\/wp\/v2\/pages\/360\/revisions\/11881"}],"wp:attachment":[{"href":"https:\/\/ilupin.com\/fr\/wp-json\/wp\/v2\/media?parent=360"}],"curies":[{"name":"wp","href":"https:\/\/api.w.org\/{rel}","templated":true}]}}