{"id":5723,"date":"2021-10-24T14:46:07","date_gmt":"2021-10-24T12:46:07","guid":{"rendered":"https:\/\/ilupin.com\/ru\/?page_id=5723"},"modified":"2024-06-22T16:42:26","modified_gmt":"2024-06-22T14:42:26","slug":"books","status":"publish","type":"page","link":"https:\/\/ilupin.com\/fr\/books\/","title":{"rendered":"Mot magique"},"content":{"rendered":"\n<div class=\"wp-block-image\">\n  <figure class=\"alignright\">\n     <img decoding=\"async\" src=\"https:\/\/ilupin.com\/wp-content\/uploads\/photo\/sections\/books.jpg\">\n  <\/figure>\n<\/div>\n\n<p>Ici habitent mes trucs cr\u00e9atifs (en russe seulement) qui sont en quelque sort li\u00e9s \u00e0 la litt\u00e9rature.<\/p>\n\n<div class=\"section-list\">\n\n<h2 id=\"audiobooks\">Livres audio<\/h2>\n<p>Je lis expressivement des chefs d\u2019\u0153uvre des classiques russes.<\/p>\n<ul class=\"travels-list\">\n  <li id=\"averchenko\"><div class=\"menu-averchenko-container\"><ul id=\"menu-averchenko\" class=\"menu\"><li id=\"menu-item-11067\" class=\"menu-item menu-item-type-post_type menu-item-object-page menu-item-11067\"><a href=\"https:\/\/ilupin.com\/fr\/?page_id=10907\" class=\"menu-link\">Arkady Avertchenko<\/a><\/li>\n<li id=\"menu-item-11068\" class=\"menu-item menu-item-type-post_type menu-item-object-page menu-item-11068\"><a href=\"https:\/\/ilupin.com\/fr\/books\/audiobooks\/averchenko\/new-history\/\" class=\"menu-link\">La Nouvelle histoire<\/a><\/li>\n<\/ul><\/div><\/li>\n<\/ul>\n\n<h2 id=\"poems\">Po\u00e8mes<\/h2>\n<p>J\u2019\u00e9cris des vers tant\u00f4t tristes et radieux, tant\u00f4t dr\u00f4les et voyous<span class=\"super-note\">*<\/span>, ces derniers souvent sous forme de parodie (le gros vocabulaire arrive).<\/p>\n<ul class=\"travels-list\">\n  <li id=\"lyrical\"><div class=\"menu-lyrical-container\"><ul id=\"menu-lyrical\" class=\"menu\"><li id=\"menu-item-6706\" class=\"menu-item menu-item-type-post_type menu-item-object-page menu-item-6706\"><a href=\"https:\/\/ilupin.com\/fr\/?page_id=6563\" class=\"menu-link\">Lyriques<\/a><\/li>\n<li id=\"menu-item-6707\" class=\"menu-item menu-item-type-post_type menu-item-object-page menu-item-6707\"><a href=\"https:\/\/ilupin.com\/fr\/books\/lyrical\/belated\/\" class=\"menu-link\">Tardif<\/a><\/li>\n<li id=\"menu-item-6708\" class=\"menu-item menu-item-type-post_type menu-item-object-page menu-item-6708\"><a href=\"https:\/\/ilupin.com\/fr\/books\/lyrical\/basic\/\" class=\"menu-link\">Basique<\/a><\/li>\n<li id=\"menu-item-6709\" class=\"menu-item menu-item-type-post_type menu-item-object-page menu-item-6709\"><a href=\"https:\/\/ilupin.com\/fr\/books\/lyrical\/may-i\/\" class=\"menu-link\">Puis-je\u202f?<\/a><\/li>\n<li id=\"menu-item-6710\" class=\"menu-item menu-item-type-post_type menu-item-object-page menu-item-6710\"><a href=\"https:\/\/ilupin.com\/fr\/books\/lyrical\/days-of-waiting\/\" class=\"menu-link\">Les Jours d\u2019attente<\/a><\/li>\n<li id=\"menu-item-6711\" class=\"menu-item menu-item-type-post_type menu-item-object-page menu-item-6711\"><a href=\"https:\/\/ilupin.com\/fr\/books\/lyrical\/to-friends\/\" class=\"menu-link\">Aux amis<\/a><\/li>\n<li id=\"menu-item-6712\" class=\"menu-item menu-item-type-post_type menu-item-object-page menu-item-6712\"><a href=\"https:\/\/ilupin.com\/fr\/books\/lyrical\/to-virginia-woolf\/\" class=\"menu-link\">\u00c0 Virginia Woolf<\/a><\/li>\n<li id=\"menu-item-6713\" class=\"menu-item menu-item-type-post_type menu-item-object-page menu-item-6713\"><a href=\"https:\/\/ilupin.com\/fr\/books\/lyrical\/rose\/\" class=\"menu-link\">La Rose<\/a><\/li>\n<li id=\"menu-item-6714\" class=\"menu-item menu-item-type-post_type menu-item-object-page menu-item-6714\"><a href=\"https:\/\/ilupin.com\/fr\/books\/lyrical\/rubai-of-spring\/\" class=\"menu-link\">Les Ruba\u00efs de printemps<\/a><\/li>\n<li id=\"menu-item-6715\" class=\"menu-item menu-item-type-post_type menu-item-object-page menu-item-6715\"><a href=\"https:\/\/ilupin.com\/fr\/books\/lyrical\/phoenix\/\" class=\"menu-link\">Le Ph\u00e9nix<\/a><\/li>\n<li id=\"menu-item-6717\" class=\"menu-item menu-item-type-post_type menu-item-object-page menu-item-6717\"><a href=\"https:\/\/ilupin.com\/fr\/books\/lyrical\/before\/\" class=\"menu-link\">Avant de<\/a><\/li>\n<li id=\"menu-item-6718\" class=\"menu-item menu-item-type-post_type menu-item-object-page menu-item-6718\"><a href=\"https:\/\/ilupin.com\/fr\/books\/lyrical\/rubai-of-autumn\/\" class=\"menu-link\">Les Ruba\u00efs d\u2019automne<\/a><\/li>\n<li id=\"menu-item-6719\" class=\"menu-item menu-item-type-post_type menu-item-object-page menu-item-6719\"><a href=\"https:\/\/ilupin.com\/fr\/books\/lyrical\/kuskovo\/\" class=\"menu-link\">Kouskovo<\/a><\/li>\n<\/ul><\/div><\/li>\n  <li id=\"funny\"><div class=\"menu-funny-container\"><ul id=\"menu-funny\" class=\"menu\"><li id=\"menu-item-6869\" class=\"menu-item menu-item-type-post_type menu-item-object-page menu-item-6869\"><a href=\"https:\/\/ilupin.com\/fr\/?page_id=6797\" class=\"menu-link\">Comiques<\/a><\/li>\n<li id=\"menu-item-6868\" class=\"menu-item menu-item-type-post_type menu-item-object-page menu-item-6868\"><a href=\"https:\/\/ilupin.com\/fr\/books\/funny\/murka-at-a-summit\/\" class=\"menu-link\">Mourka au sommet*<\/a><\/li>\n<li id=\"menu-item-6867\" class=\"menu-item menu-item-type-post_type menu-item-object-page menu-item-6867\"><a href=\"https:\/\/ilupin.com\/fr\/books\/funny\/ilupin-s-baggage\/\" class=\"menu-link\">Les Bagages d\u2019Ilupin<\/a><\/li>\n<li id=\"menu-item-6866\" class=\"menu-item menu-item-type-post_type menu-item-object-page menu-item-6866\"><a href=\"https:\/\/ilupin.com\/fr\/books\/funny\/traditional-sex\/\" class=\"menu-link\">Un Sexe traditionnel<\/a><\/li>\n<li id=\"menu-item-6865\" class=\"menu-item menu-item-type-post_type menu-item-object-page menu-item-6865\"><a href=\"https:\/\/ilupin.com\/fr\/books\/funny\/pussy-riot-and-our-everything\/\" class=\"menu-link\">Pussy Riot et notre tout<\/a><\/li>\n<li id=\"menu-item-6864\" class=\"menu-item menu-item-type-post_type menu-item-object-page menu-item-6864\"><a href=\"https:\/\/ilupin.com\/fr\/books\/funny\/corporate-lullaby\/\" class=\"menu-link\">Une Berceuse d\u2019affaire<\/a><\/li>\n<li id=\"menu-item-6992\" class=\"menu-item menu-item-type-post_type menu-item-object-page menu-item-6992\"><a href=\"https:\/\/ilupin.com\/fr\/books\/funny\/crow-and-fox\/\" class=\"menu-link\">Le Corbeau et le Renard*<\/a><\/li>\n<li id=\"menu-item-6861\" class=\"menu-item menu-item-type-post_type menu-item-object-page menu-item-6861\"><a href=\"https:\/\/ilupin.com\/fr\/books\/funny\/oratrice\/\" class=\"menu-link\">L\u2019Oratrice<\/a><\/li>\n<li id=\"menu-item-6860\" class=\"menu-item menu-item-type-post_type menu-item-object-page menu-item-6860\"><a href=\"https:\/\/ilupin.com\/fr\/books\/funny\/insecticide\/\" class=\"menu-link\">L\u2019Insecticide<\/a><\/li>\n<\/ul><\/div><\/li>\n<\/ul>\n\n<h2 id=\"grammar\">Grammaire<\/h2>\n<p>Sur <a href=\"http:\/\/gramotno.li\">gramotno.li<\/a> (ce qui veut dire \u00ab&#8239;est-ce bien \u00e9crit&#8239;?&#8239;\u00bb en&nbsp;russe), je donne des r\u00e9ponses int\u00e9ressantes et&nbsp;\u00e9ducatives aux questions sur la&nbsp;langue russe, souvent avec des exemples de la litt\u00e9rature.<\/p>\n\n<\/div>\n\n\n\n<p><\/p>\n","protected":false},"excerpt":{"rendered":"<p>Ici habitent mes trucs cr\u00e9atifs (en russe seulement) qui sont en quelque sort li\u00e9s \u00e0 la litt\u00e9rature. Livres audio Je lis expressivement des chefs d\u2019\u0153uvre des classiques russes. Po\u00e8mes J\u2019\u00e9cris des vers tant\u00f4t tristes et radieux, tant\u00f4t dr\u00f4les et voyous*, ces derniers souvent sous forme de parodie (le gros vocabulaire arrive). Grammaire Sur gramotno.li (ce [&hellip;]<\/p>\n","protected":false},"author":1,"featured_media":0,"parent":0,"menu_order":5,"comment_status":"closed","ping_status":"closed","template":"","meta":{"site-sidebar-layout":"default","site-content-layout":null,"ast-site-content-layout":"default","site-content-style":"default","site-sidebar-style":"default","ast-global-header-display":"","ast-banner-title-visibility":"","ast-main-header-display":"","ast-hfb-above-header-display":null,"ast-hfb-below-header-display":null,"ast-hfb-mobile-header-display":null,"site-post-title":"","ast-breadcrumbs-content":null,"ast-featured-img":"","footer-sml-layout":"","ast-disable-related-posts":"","theme-transparent-header-meta":"default","adv-header-id-meta":null,"stick-header-meta":null,"header-above-stick-meta":null,"header-main-stick-meta":null,"header-below-stick-meta":null,"astra-migrate-meta-layouts":"set","ast-page-background-enabled":"default","ast-page-background-meta":{"desktop":{"background-color":"","background-image":"","background-repeat":"repeat","background-position":"center center","background-size":"auto","background-attachment":"scroll","background-type":"","background-media":"","overlay-type":"","overlay-color":"","overlay-opacity":"","overlay-gradient":""},"tablet":{"background-color":"","background-image":"","background-repeat":"repeat","background-position":"center center","background-size":"auto","background-attachment":"scroll","background-type":"","background-media":"","overlay-type":"","overlay-color":"","overlay-opacity":"","overlay-gradient":""},"mobile":{"background-color":"","background-image":"","background-repeat":"repeat","background-position":"center center","background-size":"auto","background-attachment":"scroll","background-type":"","background-media":"","overlay-type":"","overlay-color":"","overlay-opacity":"","overlay-gradient":""}},"ast-content-background-meta":{"desktop":{"background-color":"var(--ast-global-color-5)","background-image":"","background-repeat":"repeat","background-position":"center center","background-size":"auto","background-attachment":"scroll","background-type":"","background-media":"","overlay-type":"","overlay-color":"","overlay-opacity":"","overlay-gradient":""},"tablet":{"background-color":"var(--ast-global-color-5)","background-image":"","background-repeat":"repeat","background-position":"center center","background-size":"auto","background-attachment":"scroll","background-type":"","background-media":"","overlay-type":"","overlay-color":"","overlay-opacity":"","overlay-gradient":""},"mobile":{"background-color":"var(--ast-global-color-5)","background-image":"","background-repeat":"repeat","background-position":"center center","background-size":"auto","background-attachment":"scroll","background-type":"","background-media":"","overlay-type":"","overlay-color":"","overlay-opacity":"","overlay-gradient":""}},"footnotes":""},"class_list":["post-5723","page","type-page","status-publish","hentry"],"_links":{"self":[{"href":"https:\/\/ilupin.com\/fr\/wp-json\/wp\/v2\/pages\/5723","targetHints":{"allow":["GET"]}}],"collection":[{"href":"https:\/\/ilupin.com\/fr\/wp-json\/wp\/v2\/pages"}],"about":[{"href":"https:\/\/ilupin.com\/fr\/wp-json\/wp\/v2\/types\/page"}],"author":[{"embeddable":true,"href":"https:\/\/ilupin.com\/fr\/wp-json\/wp\/v2\/users\/1"}],"replies":[{"embeddable":true,"href":"https:\/\/ilupin.com\/fr\/wp-json\/wp\/v2\/comments?post=5723"}],"version-history":[{"count":235,"href":"https:\/\/ilupin.com\/fr\/wp-json\/wp\/v2\/pages\/5723\/revisions"}],"predecessor-version":[{"id":11335,"href":"https:\/\/ilupin.com\/fr\/wp-json\/wp\/v2\/pages\/5723\/revisions\/11335"}],"wp:attachment":[{"href":"https:\/\/ilupin.com\/fr\/wp-json\/wp\/v2\/media?parent=5723"}],"curies":[{"name":"wp","href":"https:\/\/api.w.org\/{rel}","templated":true}]}}