{"id":59,"date":"2019-03-16T16:50:26","date_gmt":"2019-03-16T15:50:26","guid":{"rendered":"https:\/\/ilupin.com\/?page_id=59"},"modified":"2023-07-05T00:15:44","modified_gmt":"2023-07-04T22:15:44","slug":"architecture","status":"publish","type":"page","link":"https:\/\/ilupin.com\/fr\/photo\/art\/architecture\/","title":{"rendered":"Architecture"},"content":{"rendered":"\n<figure id=\"1\" class=\"wp-block-image name\"><a href=\"#1\"><img decoding=\"async\" src=\"\/wp-content\/uploads\/2019\/03\/architecture_2010-09_Hainan.jpg\" alt=\"\" class=\"wp-image-100\"><\/a><figcaption>Septembre 2010, Hainan, Chine<\/figcaption><\/figure>\n\n\n\n<figure id=\"2\" class=\"wp-block-image name\"><a href=\"#2\"><img decoding=\"async\" src=\"\/wp-content\/uploads\/2019\/03\/architecture_2011-04_High-Atlas.jpg\" alt=\"\" class=\"wp-image-101\"><\/a><figcaption>Avril 2011, Hautes-Atlas, Maroc<br><\/figcaption><\/figure>\n\n\n\n<figure id=\"3\" class=\"wp-block-image name\"><a href=\"#3\"><img decoding=\"async\" src=\"\/wp-content\/uploads\/2019\/03\/architecture_2013-03_Barcelona.jpg\" alt=\"\" class=\"wp-image-102\"><\/a><figcaption>Mars 2013, Barcelone, Espagne<\/figcaption><\/figure>\n\n\n\n<figure id=\"4\" class=\"wp-block-image name\"><a href=\"#4\"><img decoding=\"async\" src=\"\/wp-content\/uploads\/2019\/03\/architecture_2013-12_Stockholm.jpg\" alt=\"\" class=\"wp-image-103\"><\/a><figcaption>D\u00e9cembre 2013, Stockholm, Su\u00e8de<\/figcaption><\/figure>\n\n\n\n<figure id=\"5\" class=\"wp-block-image name\"><a href=\"#5\"><img decoding=\"async\" src=\"\/wp-content\/uploads\/2019\/03\/architecture_2014-06_Toronto.jpg\" alt=\"\" class=\"wp-image-104\"><\/a><figcaption>Juin 2014, Toronto, Canada<\/figcaption><\/figure>\n\n\n\n<figure id=\"6\" class=\"wp-block-image name\"><a href=\"#6\"><img decoding=\"async\" src=\"\/wp-content\/uploads\/2019\/03\/architecture_2017-08_Reykjavik.jpg\" alt=\"\" class=\"wp-image-105\"><\/a><figcaption>Ao\u00fbt 2017, Reykjav\u00edk, Islande<\/figcaption><\/figure>\n\n\n\n<figure id=\"7\" class=\"wp-block-image name\"><a href=\"#7\"><img decoding=\"async\" src=\"\/wp-content\/uploads\/2019\/03\/architecture_2018-02_Birgu.jpg\" alt=\"\" class=\"wp-image-106\"><\/a><figcaption>F\u00e9vrier 2018, Il-Birgu, Malte<\/figcaption><\/figure>\n\n\n\n<figure id=\"8\" class=\"wp-block-image name\"><a href=\"#8\"><img decoding=\"async\" src=\"\/wp-content\/uploads\/2019\/03\/architecture_2018-07_Oslo.jpg\" alt=\"\" class=\"wp-image-107\"><\/a><figcaption>Juillet 2018, Oslo, Norv\u00e8ge<\/figcaption><\/figure>\n\n\n\n<figure id=\"9\" class=\"wp-block-image name\"><a href=\"#9\"><img decoding=\"async\" src=\"\/wp-content\/uploads\/2019\/03\/architecture_2018-09_Lyon.jpg\" alt=\"\" class=\"wp-image-108\"><\/a><figcaption>Septembre 2018, Lyon, France<\/figcaption><\/figure>\n\n\n\n<figure id=\"10\" class=\"wp-block-image name\"><a href=\"#10\"><img decoding=\"async\" src=\"\/wp-content\/uploads\/2019\/03\/architecture_2018-12_Brussels.jpg\" alt=\"\" class=\"wp-image-109\"><\/a><figcaption>D\u00e9cembre 2018, Bruxelles, Belgique<\/figcaption><\/figure>\n\n\n\n<div class=\"menu-photo-art-container\"><ul id=\"menu-photo-art\" class=\"menu\"><li id=\"menu-item-8096\" class=\"menu-item menu-item-type-post_type menu-item-object-page menu-item-8096\"><a href=\"https:\/\/ilupin.com\/fr\/?page_id=8082\" class=\"menu-link\">Par amour<\/a><\/li>\n<li id=\"menu-item-3722\" class=\"menu-item menu-item-type-post_type menu-item-object-page menu-item-3722\"><a href=\"https:\/\/ilupin.com\/fr\/photo\/art\/people\/\" class=\"menu-link\">Gens<\/a><\/li>\n<li id=\"menu-item-3723\" class=\"menu-item menu-item-type-post_type menu-item-object-page menu-item-3723\"><a href=\"https:\/\/ilupin.com\/fr\/photo\/art\/fauna\/\" class=\"menu-link\">Faune<\/a><\/li>\n<li id=\"menu-item-3724\" class=\"menu-item menu-item-type-post_type menu-item-object-page menu-item-3724\"><a href=\"https:\/\/ilupin.com\/fr\/photo\/art\/flora\/\" class=\"menu-link\">Flore<\/a><\/li>\n<li id=\"menu-item-3725\" class=\"menu-item menu-item-type-post_type menu-item-object-page menu-item-3725\"><a href=\"https:\/\/ilupin.com\/fr\/photo\/art\/leisure\/\" class=\"menu-link\">Loisir<\/a><\/li>\n<li id=\"menu-item-3726\" class=\"menu-item menu-item-type-post_type menu-item-object-page menu-item-3726\"><a href=\"https:\/\/ilupin.com\/fr\/photo\/art\/view\/\" class=\"menu-link\">Vue<\/a><\/li>\n<li id=\"menu-item-3727\" class=\"menu-item menu-item-type-post_type menu-item-object-page menu-item-3727\"><a href=\"https:\/\/ilupin.com\/fr\/photo\/art\/park\/\" class=\"menu-link\">Par\u0441<\/a><\/li>\n<li id=\"menu-item-3728\" class=\"menu-item menu-item-type-post_type menu-item-object-page menu-item-3728\"><a href=\"https:\/\/ilupin.com\/fr\/photo\/art\/waterfront\/\" class=\"menu-link\">Quai<\/a><\/li>\n<li id=\"menu-item-3729\" class=\"menu-item menu-item-type-post_type menu-item-object-page menu-item-3729\"><a href=\"https:\/\/ilupin.com\/fr\/photo\/art\/details\/\" class=\"menu-link\">D\u00e9tails<\/a><\/li>\n<li id=\"menu-item-3730\" class=\"menu-item menu-item-type-post_type menu-item-object-page menu-item-3730\"><a href=\"https:\/\/ilupin.com\/fr\/photo\/art\/architecture\/\" class=\"menu-link\">Architecture<\/a><\/li>\n<li id=\"menu-item-3731\" class=\"menu-item menu-item-type-post_type menu-item-object-page menu-item-3731\"><a href=\"https:\/\/ilupin.com\/fr\/photo\/art\/sculpture\/\" class=\"menu-link\">Sculpture<\/a><\/li>\n<li id=\"menu-item-3732\" class=\"menu-item menu-item-type-post_type menu-item-object-page menu-item-3732\"><a href=\"https:\/\/ilupin.com\/fr\/photo\/art\/installation\/\" class=\"menu-link\">Installation<\/a><\/li>\n<li id=\"menu-item-3733\" class=\"menu-item menu-item-type-post_type menu-item-object-page menu-item-3733\"><a href=\"https:\/\/ilupin.com\/fr\/photo\/art\/industry\/\" class=\"menu-link\">Industrie<\/a><\/li>\n<\/ul><\/div>\n\n\n\n<p><\/p>\n","protected":false},"excerpt":{"rendered":"<p>Septembre 2010, Hainan, Chine Avril 2011, Hautes-Atlas, Maroc Mars 2013, Barcelone, Espagne D\u00e9cembre 2013, Stockholm, Su\u00e8de Juin 2014, Toronto, Canada Ao\u00fbt 2017, Reykjav\u00edk, Islande F\u00e9vrier 2018, Il-Birgu, Malte Juillet 2018, Oslo, Norv\u00e8ge Septembre 2018, Lyon, France D\u00e9cembre 2018, Bruxelles, Belgique<\/p>\n","protected":false},"author":1,"featured_media":0,"parent":8082,"menu_order":9,"comment_status":"closed","ping_status":"closed","template":"","meta":{"site-sidebar-layout":"default","site-content-layout":"default","ast-site-content-layout":"default","site-content-style":"default","site-sidebar-style":"default","ast-global-header-display":"","ast-banner-title-visibility":"","ast-main-header-display":"","ast-hfb-above-header-display":"","ast-hfb-below-header-display":"","ast-hfb-mobile-header-display":"","site-post-title":"","ast-breadcrumbs-content":"","ast-featured-img":"","footer-sml-layout":"","ast-disable-related-posts":"","theme-transparent-header-meta":"default","adv-header-id-meta":null,"stick-header-meta":null,"header-above-stick-meta":null,"header-main-stick-meta":null,"header-below-stick-meta":null,"astra-migrate-meta-layouts":"default","ast-page-background-enabled":"default","ast-page-background-meta":{"desktop":{"background-color":"","background-image":"","background-repeat":"repeat","background-position":"center center","background-size":"auto","background-attachment":"scroll","background-type":"","background-media":"","overlay-type":"","overlay-color":"","overlay-opacity":"","overlay-gradient":""},"tablet":{"background-color":"","background-image":"","background-repeat":"repeat","background-position":"center center","background-size":"auto","background-attachment":"scroll","background-type":"","background-media":"","overlay-type":"","overlay-color":"","overlay-opacity":"","overlay-gradient":""},"mobile":{"background-color":"","background-image":"","background-repeat":"repeat","background-position":"center center","background-size":"auto","background-attachment":"scroll","background-type":"","background-media":"","overlay-type":"","overlay-color":"","overlay-opacity":"","overlay-gradient":""}},"ast-content-background-meta":{"desktop":{"background-color":"var(--ast-global-color-5)","background-image":"","background-repeat":"repeat","background-position":"center center","background-size":"auto","background-attachment":"scroll","background-type":"","background-media":"","overlay-type":"","overlay-color":"","overlay-opacity":"","overlay-gradient":""},"tablet":{"background-color":"var(--ast-global-color-5)","background-image":"","background-repeat":"repeat","background-position":"center center","background-size":"auto","background-attachment":"scroll","background-type":"","background-media":"","overlay-type":"","overlay-color":"","overlay-opacity":"","overlay-gradient":""},"mobile":{"background-color":"var(--ast-global-color-5)","background-image":"","background-repeat":"repeat","background-position":"center center","background-size":"auto","background-attachment":"scroll","background-type":"","background-media":"","overlay-type":"","overlay-color":"","overlay-opacity":"","overlay-gradient":""}},"footnotes":""},"class_list":["post-59","page","type-page","status-publish","hentry"],"_links":{"self":[{"href":"https:\/\/ilupin.com\/fr\/wp-json\/wp\/v2\/pages\/59","targetHints":{"allow":["GET"]}}],"collection":[{"href":"https:\/\/ilupin.com\/fr\/wp-json\/wp\/v2\/pages"}],"about":[{"href":"https:\/\/ilupin.com\/fr\/wp-json\/wp\/v2\/types\/page"}],"author":[{"embeddable":true,"href":"https:\/\/ilupin.com\/fr\/wp-json\/wp\/v2\/users\/1"}],"replies":[{"embeddable":true,"href":"https:\/\/ilupin.com\/fr\/wp-json\/wp\/v2\/comments?post=59"}],"version-history":[{"count":33,"href":"https:\/\/ilupin.com\/fr\/wp-json\/wp\/v2\/pages\/59\/revisions"}],"predecessor-version":[{"id":8092,"href":"https:\/\/ilupin.com\/fr\/wp-json\/wp\/v2\/pages\/59\/revisions\/8092"}],"up":[{"embeddable":true,"href":"https:\/\/ilupin.com\/fr\/wp-json\/wp\/v2\/pages\/8082"}],"wp:attachment":[{"href":"https:\/\/ilupin.com\/fr\/wp-json\/wp\/v2\/media?parent=59"}],"curies":[{"name":"wp","href":"https:\/\/api.w.org\/{rel}","templated":true}]}}