{"id":7746,"date":"2023-06-12T10:30:23","date_gmt":"2023-06-12T08:30:23","guid":{"rendered":"https:\/\/ilupin.com\/en\/?page_id=7746"},"modified":"2026-03-29T23:32:28","modified_gmt":"2026-03-29T21:32:28","slug":"travels","status":"publish","type":"page","link":"https:\/\/ilupin.com\/fr\/travels\/","title":{"rendered":"Le monde est l\u00e0"},"content":{"rendered":"\n<div class=\"wp-block-image\">\n  <figure class=\"alignright\">\n     <img decoding=\"async\" src=\"https:\/\/ilupin.com\/wp-content\/uploads\/photo\/sections\/my-travels.jpg\">\n  <\/figure>\n<\/div>\n\n<p>Ici habitent mes carnets de voyage (seulement de Roumanie et de G\u00e9orgie pour l\u2019instant, mais le monde n\u2019a&nbsp;pas \u00e9t\u00e9 cr\u00e9\u00e9 d\u2019un coup non plus). Presque tout est pris avec mon portable&#8239;: je&nbsp;n\u2019utilise pas d\u2019\u00e9quipement professionnel en voyageant. Une&nbsp;page, une&nbsp;journ\u00e9e.<\/p>\n\n<div class=\"section-list\">\n\n<h2 id=\"eastern-europe\">Europe de l\u2019Est<\/h2>\n<ul class=\"travels-list\">\n  <li id=\"romania-23\"><div class=\"menu-romania-23-container\"><ul id=\"menu-romania-23\" class=\"menu\"><li id=\"menu-item-7924\" class=\"menu-item menu-item-type-post_type menu-item-object-page menu-item-7924\"><a href=\"https:\/\/ilupin.com\/fr\/?page_id=7919\" class=\"menu-link\">Roumanie 2023<\/a><\/li>\n<li id=\"menu-item-7853\" class=\"menu-item menu-item-type-post_type menu-item-object-page menu-item-7853\"><a href=\"https:\/\/ilupin.com\/fr\/travels\/eastern-europe\/romania\/2023-05-31-lyon-to-bucharest\/\" class=\"menu-link\">Lyon\u25b8Bucarest<\/a><\/li>\n<li id=\"menu-item-7852\" class=\"menu-item menu-item-type-post_type menu-item-object-page menu-item-7852\"><a href=\"https:\/\/ilupin.com\/fr\/travels\/eastern-europe\/romania\/2023-06-01-old-town\/\" class=\"menu-link\">Vielle ville<\/a><\/li>\n<li id=\"menu-item-7851\" class=\"menu-item menu-item-type-post_type menu-item-object-page menu-item-7851\"><a href=\"https:\/\/ilupin.com\/fr\/travels\/eastern-europe\/romania\/2023-06-02-village-museum\/\" class=\"menu-link\">Mus\u00e9e du village<\/a><\/li>\n<li id=\"menu-item-7850\" class=\"menu-item menu-item-type-post_type menu-item-object-page menu-item-7850\"><a href=\"https:\/\/ilupin.com\/fr\/travels\/eastern-europe\/romania\/2023-06-03-bucharest-to-brasov\/\" class=\"menu-link\">Bucarest\u25b8Bra\u0219ov<\/a><\/li>\n<li id=\"menu-item-7849\" class=\"menu-item menu-item-type-post_type menu-item-object-page menu-item-7849\"><a href=\"https:\/\/ilupin.com\/fr\/travels\/eastern-europe\/romania\/2023-06-04-sinaia\/\" class=\"menu-link\">Sinaia<\/a><\/li>\n<li id=\"menu-item-7848\" class=\"menu-item menu-item-type-post_type menu-item-object-page menu-item-7848\"><a href=\"https:\/\/ilupin.com\/fr\/travels\/eastern-europe\/romania\/2023-06-05-poiana-brasov\/\" class=\"menu-link\">Poiana Bra\u0219ov<\/a><\/li>\n<li id=\"menu-item-7847\" class=\"menu-item menu-item-type-post_type menu-item-object-page menu-item-7847\"><a href=\"https:\/\/ilupin.com\/fr\/travels\/eastern-europe\/romania\/2023-06-06-risnov\/\" class=\"menu-link\">R\u00e2\u0219nov<\/a><\/li>\n<li id=\"menu-item-7846\" class=\"menu-item menu-item-type-post_type menu-item-object-page menu-item-7846\"><a href=\"https:\/\/ilupin.com\/fr\/travels\/eastern-europe\/romania\/2023-06-07-brasov-to-cluj\/\" class=\"menu-link\">Bra\u0219ov\u25b8Cluj<\/a><\/li>\n<li id=\"menu-item-7845\" class=\"menu-item menu-item-type-post_type menu-item-object-page menu-item-7845\"><a href=\"https:\/\/ilupin.com\/fr\/travels\/eastern-europe\/romania\/2023-06-08-salina-turda\/\" class=\"menu-link\">Salina Turda<\/a><\/li>\n<li id=\"menu-item-7844\" class=\"menu-item menu-item-type-post_type menu-item-object-page menu-item-7844\"><a href=\"https:\/\/ilupin.com\/fr\/travels\/eastern-europe\/romania\/2023-06-09-alba-iulia\/\" class=\"menu-link\">Alba Iulia<\/a><\/li>\n<li id=\"menu-item-7843\" class=\"menu-item menu-item-type-post_type menu-item-object-page menu-item-7843\"><a href=\"https:\/\/ilupin.com\/fr\/travels\/eastern-europe\/romania\/2023-06-10-cluj-to-lyon\/\" class=\"menu-link\">Cluj\u25b8Lyon<\/a><\/li>\n<\/ul><\/div><\/li>\n  <li class=\"coming-soon\">Pologne&nbsp;\u00b7 Hongrie&nbsp;\u00b7 Slovaquie&nbsp;\u00b7 Russie&nbsp;\u00b7 Ukraine&nbsp;\u00b7 Tch\u00e9quie&nbsp;\u00b7 Bi\u00e9lorussie<\/li>\n<\/ul>\n\n<h2 id=\"western-europe\">Europe de l\u2019Ouest<\/h2>\n<ul class=\"travels-list\">\n  <li class=\"coming-soon\">Suisse&nbsp;\u00b7 Luxembourg&nbsp;\u00b7 Pays-Bas&nbsp;\u00b7 Belgique&nbsp;\u00b7 Autriche&nbsp;\u00b7 France&nbsp;\u00b7 Allemagne<\/li>\n<\/ul>\n\n<h2 id=\"northern-europe\">Europe du Nord<\/h2>\n<ul class=\"travels-list\">\n  <li class=\"coming-soon\">Danemark&nbsp;\u00b7 Lettonie&nbsp;\u00b7 Estonie&nbsp;\u00b7 Norv\u00e8ge&nbsp;\u00b7 Islande&nbsp;\u00b7 Finlande&nbsp;\u00b7 Su\u00e8de&nbsp;\u00b7 Grande-Bretagne<\/li>\n<\/ul>\n\n<h2 id=\"southern-europe\">Europe du Sud<\/h2>\n<ul class=\"travels-list\">\n  <li class=\"coming-soon\">Sicile&nbsp;\u00b7 Italie&nbsp;\u00b7 Croatie&nbsp;\u00b7 Espagne&nbsp;\u00b7 Corse&nbsp;\u00b7 Malte&nbsp;\u00b7 Portugal&nbsp;\u00b7 Gr\u00e8ce&nbsp;\u00b7 Chypre<\/li>\n<\/ul>\n\n<h2 id=\"\u0430sia\">Asie<\/h2>\n<ul class=\"travels-list\">\n  <li id=\"georgia-25\"><div class=\"menu-georgia-25-container\"><ul id=\"menu-georgia-25\" class=\"menu\"><li id=\"menu-item-13130\" class=\"menu-item menu-item-type-post_type menu-item-object-page menu-item-13130\"><a href=\"https:\/\/ilupin.com\/fr\/?page_id=12969\" class=\"menu-link\">G\u00e9orgie 2025<\/a><\/li>\n<li id=\"menu-item-13124\" class=\"menu-item menu-item-type-post_type menu-item-object-page menu-item-13124\"><a href=\"https:\/\/ilupin.com\/fr\/travels\/asia\/georgia\/2025-03-28-lyon-to-tbilisi\/\" class=\"menu-link\">Lyon \u00e0 Tbilissi<\/a><\/li>\n<li id=\"menu-item-13125\" class=\"menu-item menu-item-type-post_type menu-item-object-page menu-item-13125\"><a href=\"https:\/\/ilupin.com\/fr\/travels\/asia\/georgia\/2025-03-29-tbilisi-street-art\/\" class=\"menu-link\">Art de rue<\/a><\/li>\n<li id=\"menu-item-13126\" class=\"menu-item menu-item-type-post_type menu-item-object-page menu-item-13126\"><a href=\"https:\/\/ilupin.com\/fr\/travels\/asia\/georgia\/2025-03-30-tbilisi-new-heights\/\" class=\"menu-link\">Nouveaux sommets<\/a><\/li>\n<li id=\"menu-item-13127\" class=\"menu-item menu-item-type-post_type menu-item-object-page menu-item-13127\"><a href=\"https:\/\/ilupin.com\/fr\/travels\/asia\/georgia\/2025-03-31-tbilisi-heart-and-soul\/\" class=\"menu-link\">C\u0153ur et \u00e2me<\/a><\/li>\n<li id=\"menu-item-13128\" class=\"menu-item menu-item-type-post_type menu-item-object-page menu-item-13128\"><a href=\"https:\/\/ilupin.com\/fr\/travels\/asia\/georgia\/2025-04-01-mtskheta-uplistsikhe-gori\/\" class=\"menu-link\">Mtskh\u00e9ta et Ouplistsikh\u00e9<\/a><\/li>\n<li id=\"menu-item-13129\" class=\"menu-item menu-item-type-post_type menu-item-object-page menu-item-13129\"><a href=\"https:\/\/ilupin.com\/fr\/travels\/asia\/georgia\/2025-04-02-tbilisi-parks-and-pavements\/\" class=\"menu-link\">Parcs et trottoirs<\/a><\/li>\n<li id=\"menu-item-13131\" class=\"menu-item menu-item-type-post_type menu-item-object-page menu-item-13131\"><a href=\"https:\/\/ilupin.com\/fr\/travels\/asia\/georgia\/2025-04-03-georgian-military-road\/\" class=\"menu-link\">Route militaire<\/a><\/li>\n<li id=\"menu-item-13132\" class=\"menu-item menu-item-type-post_type menu-item-object-page menu-item-13132\"><a href=\"https:\/\/ilupin.com\/fr\/travels\/asia\/georgia\/2025-04-04-tbilisi-facades-and-balconies\/\" class=\"menu-link\">Fa\u00e7ades et balcons<\/a><\/li>\n<li id=\"menu-item-13133\" class=\"menu-item menu-item-type-post_type menu-item-object-page menu-item-13133\"><a href=\"https:\/\/ilupin.com\/fr\/travels\/asia\/georgia\/2025-04-05-tbilisi-to-kutaisi\/\" class=\"menu-link\">Tbilissi\u25b8Kouta\u00efssi<\/a><\/li>\n<li id=\"menu-item-13134\" class=\"menu-item menu-item-type-post_type menu-item-object-page menu-item-13134\"><a href=\"https:\/\/ilupin.com\/fr\/travels\/asia\/georgia\/2025-04-06-kumistavi-okatse\/\" class=\"menu-link\">Koumitsavi et Okats\u00e9<\/a><\/li>\n<li id=\"menu-item-13135\" class=\"menu-item menu-item-type-post_type menu-item-object-page menu-item-13135\"><a href=\"https:\/\/ilupin.com\/fr\/travels\/asia\/georgia\/2025-04-07-kutaisi-to-lyon\/\" class=\"menu-link\">Kouta\u00efssi\u25b8Lyon<\/a><\/li>\n<\/ul><\/div><\/li>\n  <li class=\"coming-soon\">Isra\u00ebl&nbsp;\u00b7 Chine&nbsp;\u00b7 Arm\u00e9nie&nbsp;\u00b7 Ouzb\u00e9kistan<\/li>\n<\/ul>\n\n<h2 id=\"\u0430sia\">Afrique<\/h2>\n<ul class=\"travels-list\">\n  <li class=\"coming-soon\">Maroc<\/li>\n<\/ul>\n\n<h2 id=\"north-america\">Am\u00e9rique du Nord<\/h2>\n<ul class=\"travels-list\">\n  <li class=\"coming-soon\">Canada&nbsp;\u00b7 \u00c9tats-Unis&nbsp;\u00b7 Mexique<\/li>\n<\/ul>\n\n<\/div>\n\n\n\n<p><\/p>\n","protected":false},"excerpt":{"rendered":"<p>Ici habitent mes carnets de voyage (seulement de Roumanie et de G\u00e9orgie pour l\u2019instant, mais le monde n\u2019a&nbsp;pas \u00e9t\u00e9 cr\u00e9\u00e9 d\u2019un coup non plus). Presque tout est pris avec mon portable&#8239;: je&nbsp;n\u2019utilise pas d\u2019\u00e9quipement professionnel en voyageant. Une&nbsp;page, une&nbsp;journ\u00e9e. Europe de l\u2019Est Pologne&nbsp;\u00b7 Hongrie&nbsp;\u00b7 Slovaquie&nbsp;\u00b7 Russie&nbsp;\u00b7 Ukraine&nbsp;\u00b7 Tch\u00e9quie&nbsp;\u00b7 Bi\u00e9lorussie Europe de l\u2019Ouest Suisse&nbsp;\u00b7 Luxembourg&nbsp;\u00b7 Pays-Bas&nbsp;\u00b7 [&hellip;]<\/p>\n","protected":false},"author":1,"featured_media":0,"parent":0,"menu_order":1,"comment_status":"closed","ping_status":"closed","template":"","meta":{"site-sidebar-layout":"default","site-content-layout":"","ast-site-content-layout":"default","site-content-style":"default","site-sidebar-style":"default","ast-global-header-display":"","ast-banner-title-visibility":"","ast-main-header-display":"","ast-hfb-above-header-display":"","ast-hfb-below-header-display":"","ast-hfb-mobile-header-display":"","site-post-title":"","ast-breadcrumbs-content":"","ast-featured-img":"","footer-sml-layout":"","ast-disable-related-posts":"","theme-transparent-header-meta":"","adv-header-id-meta":"","stick-header-meta":"","header-above-stick-meta":"","header-main-stick-meta":"","header-below-stick-meta":"","astra-migrate-meta-layouts":"set","ast-page-background-enabled":"default","ast-page-background-meta":{"desktop":{"background-color":"","background-image":"","background-repeat":"repeat","background-position":"center center","background-size":"auto","background-attachment":"scroll","background-type":"","background-media":"","overlay-type":"","overlay-color":"","overlay-opacity":"","overlay-gradient":""},"tablet":{"background-color":"","background-image":"","background-repeat":"repeat","background-position":"center center","background-size":"auto","background-attachment":"scroll","background-type":"","background-media":"","overlay-type":"","overlay-color":"","overlay-opacity":"","overlay-gradient":""},"mobile":{"background-color":"","background-image":"","background-repeat":"repeat","background-position":"center center","background-size":"auto","background-attachment":"scroll","background-type":"","background-media":"","overlay-type":"","overlay-color":"","overlay-opacity":"","overlay-gradient":""}},"ast-content-background-meta":{"desktop":{"background-color":"var(--ast-global-color-5)","background-image":"","background-repeat":"repeat","background-position":"center center","background-size":"auto","background-attachment":"scroll","background-type":"","background-media":"","overlay-type":"","overlay-color":"","overlay-opacity":"","overlay-gradient":""},"tablet":{"background-color":"var(--ast-global-color-5)","background-image":"","background-repeat":"repeat","background-position":"center center","background-size":"auto","background-attachment":"scroll","background-type":"","background-media":"","overlay-type":"","overlay-color":"","overlay-opacity":"","overlay-gradient":""},"mobile":{"background-color":"var(--ast-global-color-5)","background-image":"","background-repeat":"repeat","background-position":"center center","background-size":"auto","background-attachment":"scroll","background-type":"","background-media":"","overlay-type":"","overlay-color":"","overlay-opacity":"","overlay-gradient":""}},"footnotes":""},"class_list":["post-7746","page","type-page","status-publish","hentry"],"_links":{"self":[{"href":"https:\/\/ilupin.com\/fr\/wp-json\/wp\/v2\/pages\/7746","targetHints":{"allow":["GET"]}}],"collection":[{"href":"https:\/\/ilupin.com\/fr\/wp-json\/wp\/v2\/pages"}],"about":[{"href":"https:\/\/ilupin.com\/fr\/wp-json\/wp\/v2\/types\/page"}],"author":[{"embeddable":true,"href":"https:\/\/ilupin.com\/fr\/wp-json\/wp\/v2\/users\/1"}],"replies":[{"embeddable":true,"href":"https:\/\/ilupin.com\/fr\/wp-json\/wp\/v2\/comments?post=7746"}],"version-history":[{"count":140,"href":"https:\/\/ilupin.com\/fr\/wp-json\/wp\/v2\/pages\/7746\/revisions"}],"predecessor-version":[{"id":14697,"href":"https:\/\/ilupin.com\/fr\/wp-json\/wp\/v2\/pages\/7746\/revisions\/14697"}],"wp:attachment":[{"href":"https:\/\/ilupin.com\/fr\/wp-json\/wp\/v2\/media?parent=7746"}],"curies":[{"name":"wp","href":"https:\/\/api.w.org\/{rel}","templated":true}]}}