{"id":7792,"date":"2023-06-12T22:32:30","date_gmt":"2023-06-12T20:32:30","guid":{"rendered":"https:\/\/ilupin.com\/en\/?page_id=7792"},"modified":"2025-06-11T02:29:14","modified_gmt":"2025-06-11T00:29:14","slug":"2023-05-31-lyon-to-bucharest","status":"publish","type":"page","link":"https:\/\/ilupin.com\/fr\/travels\/eastern-europe\/romania\/2023-05-31-lyon-to-bucharest\/","title":{"rendered":"Lyon \u00e0 Bucarest"},"content":{"rendered":"\n<div class=\"travels\"><ol>\n\n<li>L\u2019a\u00e9roport Saint-Exup\u00e9ry a&nbsp;pour passage la&nbsp;gare \u00e9ponyme. Je&nbsp;l\u2019aime \u00e0&nbsp;la folie, m\u00eame si je ne l\u2019ai jamais utilis\u00e9e.\n<img decoding=\"async\" src=\"\/wp-content\/uploads\/travels\/eastern-europe\/romania\/2023-05-31-lyon-to-bucharest\/1234.jpg\"><\/li>\n\n<li>Avez-vous choisi la bonne destination, Sir&#8239;?\n<img decoding=\"async\" src=\"\/wp-content\/uploads\/travels\/eastern-europe\/romania\/2023-05-31-lyon-to-bucharest\/1237.jpg\"><\/li>\n\n<li>Les passerelles sont pour les mauviettes. En&nbsp;plus, c\u2019est pas facile de prendre des photos d\u2019avion depuis celle-ci.\n<img decoding=\"async\" src=\"\/wp-content\/uploads\/travels\/eastern-europe\/romania\/2023-05-31-lyon-to-bucharest\/1242.jpg\"><\/li>\n\n<li>Un bon voisin est <s>un voisin mort<\/s> Einstein sur une bo\u00eete \u00e0&nbsp;la <i>Menthe relativement forte.<\/i> J\u2019ai pas achet\u00e9 trois places du coup, j\u2019ai juste eu de la&nbsp;chance.\n<img decoding=\"async\" src=\"\/wp-content\/uploads\/travels\/eastern-europe\/romania\/2023-05-31-lyon-to-bucharest\/1249.jpg\"><\/li>\n\n<li>On prend de l\u2019altitude.\n<img decoding=\"async\" src=\"\/wp-content\/uploads\/travels\/eastern-europe\/romania\/2023-05-31-lyon-to-bucharest\/1254.jpg\"><\/li>\n\n<li>Spirale de Fibonacci.\n<img decoding=\"async\" src=\"\/wp-content\/uploads\/travels\/eastern-europe\/romania\/2023-05-31-lyon-to-bucharest\/1266.jpg\"><\/li>\n\n<li>Alpes, douces Alpes. Les Carpates sont encore tr\u00e8s&nbsp;loin.\n<img decoding=\"async\" src=\"\/wp-content\/uploads\/travels\/eastern-europe\/romania\/2023-05-31-lyon-to-bucharest\/1267.jpg\"><\/li>\n\n<li>Presque l\u00e0.\n<img decoding=\"async\" src=\"\/wp-content\/uploads\/travels\/eastern-europe\/romania\/2023-05-31-lyon-to-bucharest\/1279.jpg\"><\/li>\n\n<li>A\u00e9roport <a href=\"https:\/\/fr.wikipedia.org\/wiki\/Henri_Coand%C4%83\">Henri Coand\u0103<\/a> (pionnier de l\u2019aviation roumain), alias Otopeni (une petite ville voisine), alias Bucarest (en&nbsp;fait).\n<img decoding=\"async\" src=\"\/wp-content\/uploads\/travels\/eastern-europe\/romania\/2023-05-31-lyon-to-bucharest\/1290.jpg\"><\/li>\n\n<li>Encore juste un b\u00e9b\u00e9.\n<img decoding=\"async\" src=\"\/wp-content\/uploads\/travels\/eastern-europe\/romania\/2023-05-31-lyon-to-bucharest\/1291.jpg\"><\/li>\n\n<li>Exemple typique de l\u2019\u00e9clectisme m\u00e9tropolitain.\n<img decoding=\"async\" src=\"\/wp-content\/uploads\/travels\/eastern-europe\/romania\/2023-05-31-lyon-to-bucharest\/1318.jpg\"><\/li>\n\n<li>Y a jamais trop de bon logo&#8239;!\n<img decoding=\"async\" src=\"\/wp-content\/uploads\/travels\/eastern-europe\/romania\/2023-05-31-lyon-to-bucharest\/1320.jpg\"><\/li>\n\n<li>Je suis pr\u00eat \u00e0&nbsp;accepter le \u00ab&#8239;<a href=\"https:\/\/enroumanie.ro\/bucarest-petit-paris\/\">petit Paris<\/a>&#8239;\u00bb (\u00e0&nbsp;certains endroits), mais Venise&#8239;? Vraiment&#8239;?\n<img decoding=\"async\" src=\"\/wp-content\/uploads\/travels\/eastern-europe\/romania\/2023-05-31-lyon-to-bucharest\/1321.jpg\"><\/li>\n\n<li>Suite de Roumanie. Invisible Fibonacci <a href=\"https:\/\/fr.wikipedia.org\/wiki\/Suite_de_Fibonacci\">tient sa bi\u00e8re<\/a> dans l\u2019ascenseur.\n<img decoding=\"async\" src=\"\/wp-content\/uploads\/travels\/eastern-europe\/romania\/2023-05-31-lyon-to-bucharest\/1323.jpg\"><\/li>\n\n<\/ol><\/div>\n\n\n\n<div class=\"menu-romania-23-container\"><ul id=\"menu-romania-23\" class=\"menu\"><li id=\"menu-item-7924\" class=\"menu-item menu-item-type-post_type menu-item-object-page menu-item-7924\"><a href=\"https:\/\/ilupin.com\/fr\/?page_id=7919\" class=\"menu-link\">Roumanie 2023<\/a><\/li>\n<li id=\"menu-item-7853\" class=\"menu-item menu-item-type-post_type menu-item-object-page menu-item-7853\"><a href=\"https:\/\/ilupin.com\/fr\/travels\/eastern-europe\/romania\/2023-05-31-lyon-to-bucharest\/\" class=\"menu-link\">Lyon\u25b8Bucarest<\/a><\/li>\n<li id=\"menu-item-7852\" class=\"menu-item menu-item-type-post_type menu-item-object-page menu-item-7852\"><a href=\"https:\/\/ilupin.com\/fr\/travels\/eastern-europe\/romania\/2023-06-01-old-town\/\" class=\"menu-link\">Vielle ville<\/a><\/li>\n<li id=\"menu-item-7851\" class=\"menu-item menu-item-type-post_type menu-item-object-page menu-item-7851\"><a href=\"https:\/\/ilupin.com\/fr\/travels\/eastern-europe\/romania\/2023-06-02-village-museum\/\" class=\"menu-link\">Mus\u00e9e du village<\/a><\/li>\n<li id=\"menu-item-7850\" class=\"menu-item menu-item-type-post_type menu-item-object-page menu-item-7850\"><a href=\"https:\/\/ilupin.com\/fr\/travels\/eastern-europe\/romania\/2023-06-03-bucharest-to-brasov\/\" class=\"menu-link\">Bucarest\u25b8Bra\u0219ov<\/a><\/li>\n<li id=\"menu-item-7849\" class=\"menu-item menu-item-type-post_type menu-item-object-page menu-item-7849\"><a href=\"https:\/\/ilupin.com\/fr\/travels\/eastern-europe\/romania\/2023-06-04-sinaia\/\" class=\"menu-link\">Sinaia<\/a><\/li>\n<li id=\"menu-item-7848\" class=\"menu-item menu-item-type-post_type menu-item-object-page menu-item-7848\"><a href=\"https:\/\/ilupin.com\/fr\/travels\/eastern-europe\/romania\/2023-06-05-poiana-brasov\/\" class=\"menu-link\">Poiana Bra\u0219ov<\/a><\/li>\n<li id=\"menu-item-7847\" class=\"menu-item menu-item-type-post_type menu-item-object-page menu-item-7847\"><a href=\"https:\/\/ilupin.com\/fr\/travels\/eastern-europe\/romania\/2023-06-06-risnov\/\" class=\"menu-link\">R\u00e2\u0219nov<\/a><\/li>\n<li id=\"menu-item-7846\" class=\"menu-item menu-item-type-post_type menu-item-object-page menu-item-7846\"><a href=\"https:\/\/ilupin.com\/fr\/travels\/eastern-europe\/romania\/2023-06-07-brasov-to-cluj\/\" class=\"menu-link\">Bra\u0219ov\u25b8Cluj<\/a><\/li>\n<li id=\"menu-item-7845\" class=\"menu-item menu-item-type-post_type menu-item-object-page menu-item-7845\"><a href=\"https:\/\/ilupin.com\/fr\/travels\/eastern-europe\/romania\/2023-06-08-salina-turda\/\" class=\"menu-link\">Salina Turda<\/a><\/li>\n<li id=\"menu-item-7844\" class=\"menu-item menu-item-type-post_type menu-item-object-page menu-item-7844\"><a href=\"https:\/\/ilupin.com\/fr\/travels\/eastern-europe\/romania\/2023-06-09-alba-iulia\/\" class=\"menu-link\">Alba Iulia<\/a><\/li>\n<li id=\"menu-item-7843\" class=\"menu-item menu-item-type-post_type menu-item-object-page menu-item-7843\"><a href=\"https:\/\/ilupin.com\/fr\/travels\/eastern-europe\/romania\/2023-06-10-cluj-to-lyon\/\" class=\"menu-link\">Cluj\u25b8Lyon<\/a><\/li>\n<\/ul><\/div>\n","protected":false},"excerpt":{"rendered":"<p>L\u2019a\u00e9roport Saint-Exup\u00e9ry a&nbsp;pour passage la&nbsp;gare \u00e9ponyme. Je&nbsp;l\u2019aime \u00e0&nbsp;la folie, m\u00eame si je ne l\u2019ai jamais utilis\u00e9e. Avez-vous choisi la bonne destination, Sir&#8239;? Les passerelles sont pour les mauviettes. En&nbsp;plus, c\u2019est pas facile de prendre des photos d\u2019avion depuis celle-ci. Un bon voisin est un voisin mort Einstein sur une bo\u00eete \u00e0&nbsp;la Menthe relativement forte. J\u2019ai [&hellip;]<\/p>\n","protected":false},"author":1,"featured_media":0,"parent":7919,"menu_order":0,"comment_status":"closed","ping_status":"closed","template":"","meta":{"site-sidebar-layout":"default","site-content-layout":null,"ast-site-content-layout":"default","site-content-style":"default","site-sidebar-style":"default","ast-global-header-display":"","ast-banner-title-visibility":"","ast-main-header-display":"","ast-hfb-above-header-display":null,"ast-hfb-below-header-display":null,"ast-hfb-mobile-header-display":null,"site-post-title":"","ast-breadcrumbs-content":null,"ast-featured-img":"","footer-sml-layout":"","ast-disable-related-posts":"","theme-transparent-header-meta":"","adv-header-id-meta":null,"stick-header-meta":null,"header-above-stick-meta":null,"header-main-stick-meta":null,"header-below-stick-meta":null,"astra-migrate-meta-layouts":"set","ast-page-background-enabled":"default","ast-page-background-meta":{"desktop":{"background-color":"","background-image":"","background-repeat":"repeat","background-position":"center center","background-size":"auto","background-attachment":"scroll","background-type":"","background-media":"","overlay-type":"","overlay-color":"","overlay-opacity":"","overlay-gradient":""},"tablet":{"background-color":"","background-image":"","background-repeat":"repeat","background-position":"center center","background-size":"auto","background-attachment":"scroll","background-type":"","background-media":"","overlay-type":"","overlay-color":"","overlay-opacity":"","overlay-gradient":""},"mobile":{"background-color":"","background-image":"","background-repeat":"repeat","background-position":"center center","background-size":"auto","background-attachment":"scroll","background-type":"","background-media":"","overlay-type":"","overlay-color":"","overlay-opacity":"","overlay-gradient":""}},"ast-content-background-meta":{"desktop":{"background-color":"var(--ast-global-color-5)","background-image":"","background-repeat":"repeat","background-position":"center center","background-size":"auto","background-attachment":"scroll","background-type":"","background-media":"","overlay-type":"","overlay-color":"","overlay-opacity":"","overlay-gradient":""},"tablet":{"background-color":"var(--ast-global-color-5)","background-image":"","background-repeat":"repeat","background-position":"center center","background-size":"auto","background-attachment":"scroll","background-type":"","background-media":"","overlay-type":"","overlay-color":"","overlay-opacity":"","overlay-gradient":""},"mobile":{"background-color":"var(--ast-global-color-5)","background-image":"","background-repeat":"repeat","background-position":"center center","background-size":"auto","background-attachment":"scroll","background-type":"","background-media":"","overlay-type":"","overlay-color":"","overlay-opacity":"","overlay-gradient":""}},"footnotes":""},"class_list":["post-7792","page","type-page","status-publish","hentry"],"_links":{"self":[{"href":"https:\/\/ilupin.com\/fr\/wp-json\/wp\/v2\/pages\/7792","targetHints":{"allow":["GET"]}}],"collection":[{"href":"https:\/\/ilupin.com\/fr\/wp-json\/wp\/v2\/pages"}],"about":[{"href":"https:\/\/ilupin.com\/fr\/wp-json\/wp\/v2\/types\/page"}],"author":[{"embeddable":true,"href":"https:\/\/ilupin.com\/fr\/wp-json\/wp\/v2\/users\/1"}],"replies":[{"embeddable":true,"href":"https:\/\/ilupin.com\/fr\/wp-json\/wp\/v2\/comments?post=7792"}],"version-history":[{"count":113,"href":"https:\/\/ilupin.com\/fr\/wp-json\/wp\/v2\/pages\/7792\/revisions"}],"predecessor-version":[{"id":12639,"href":"https:\/\/ilupin.com\/fr\/wp-json\/wp\/v2\/pages\/7792\/revisions\/12639"}],"up":[{"embeddable":true,"href":"https:\/\/ilupin.com\/fr\/wp-json\/wp\/v2\/pages\/7919"}],"wp:attachment":[{"href":"https:\/\/ilupin.com\/fr\/wp-json\/wp\/v2\/media?parent=7792"}],"curies":[{"name":"wp","href":"https:\/\/api.w.org\/{rel}","templated":true}]}}