{"id":7797,"date":"2023-06-12T22:35:16","date_gmt":"2023-06-12T20:35:16","guid":{"rendered":"https:\/\/ilupin.com\/en\/?page_id=7797"},"modified":"2026-03-29T15:53:26","modified_gmt":"2026-03-29T13:53:26","slug":"2023-06-02-village-museum","status":"publish","type":"page","link":"https:\/\/ilupin.com\/fr\/travels\/eastern-europe\/romania\/2023-06-02-village-museum\/","title":{"rendered":"Bucarest\u00a0: Mus\u00e9e du village (top) et des dinosaures\u00a0(bof)"},"content":{"rendered":"\n<div class=\"travels\"><ol>\n\n<li>Parc <a href=\"https:\/\/fr.wikipedia.org\/wiki\/Michel_Ier_(roi_de_Roumanie)\">Michel&nbsp;I<sup>er<\/sup><\/a> \u00e0 la p\u00e9riph\u00e9rie de la ville. Si vous venez dans la capitale pour une journ\u00e9e seulement, <span class=\"nobr\">passez-la ici.<\/span>\n<img decoding=\"async\" src=\"\/wp-content\/uploads\/travels\/eastern-europe\/romania\/2023-06-02-village-museum\/1536.jpg\"><\/li>\n\n<li>Bonne matin\u00e9e.\n<img decoding=\"async\" src=\"\/wp-content\/uploads\/travels\/eastern-europe\/romania\/2023-06-02-village-museum\/1510.jpg\"><\/li>\n\n<li>Repose en paix.\n<img decoding=\"async\" src=\"\/wp-content\/uploads\/travels\/eastern-europe\/romania\/2023-06-02-village-museum\/1527.jpg\"><\/li>\n\n<li>Restaurant d\u2019ambiance \u00ab&#8239;Biblioth\u00e8que&#8239;\u00bb avec une bonne cuisine et en plein milieu du&nbsp;parc.\n<img decoding=\"async\" src=\"\/wp-content\/uploads\/travels\/eastern-europe\/romania\/2023-06-02-village-museum\/1518.jpg\"><\/li>\n\n<li>Miaou \u00e0 toi.\n<img decoding=\"async\" src=\"\/wp-content\/uploads\/travels\/eastern-europe\/romania\/2023-06-02-village-museum\/1524.jpg\"><\/li>\n\n<li>Le Mus\u00e9e du village en plein air est la perle de Bucarest. Encyclop\u00e9die ethnographique de la Roumanie sur plusieurs si\u00e8cles.\n<img decoding=\"async\" src=\"\/wp-content\/uploads\/travels\/eastern-europe\/romania\/2023-06-02-village-museum\/1561.jpg\"><\/li>\n\n<li>Plus d\u2019une centaine de maisons provenant de tout le pays, toutes authentiques. Soigneusement d\u00e9mont\u00e9es, transport\u00e9es et remont\u00e9es.\n<img decoding=\"async\" src=\"\/wp-content\/uploads\/travels\/eastern-europe\/romania\/2023-06-02-village-museum\/1570.jpg\"><\/li>\n\n<li>On peut entrer dans certaines et admirer l\u2019int\u00e9rieur. Attention \u00e0 la marche&#8239;!\n<img decoding=\"async\" src=\"\/wp-content\/uploads\/travels\/eastern-europe\/romania\/2023-06-02-village-museum\/1556.jpg\"><\/li>\n\n<li>Salle \u00e0 manger, chambre, cuisine, tout est \u00e0 port\u00e9e de&nbsp;main. Un \u00ab&#8239;studio&#8239;\u00bb typique d\u2019un paysan de Transylvanie.\n<img decoding=\"async\" src=\"\/wp-content\/uploads\/travels\/eastern-europe\/romania\/2023-06-02-village-museum\/1651.jpg\"><\/li>\n\n<li>Non seulement les maisons, mais aussi les infrastructures ont \u00e9t\u00e9 recr\u00e9\u00e9es&#8239;!\n<img decoding=\"async\" src=\"\/wp-content\/uploads\/travels\/eastern-europe\/romania\/2023-06-02-village-museum\/1563.jpg\"><\/li>\n\n<li>Des portes monumentales.\n<img decoding=\"async\" src=\"\/wp-content\/uploads\/travels\/eastern-europe\/romania\/2023-06-02-village-museum\/1657.jpg\"><\/li>\n\n<li>Des croix sculpt\u00e9es.\n<img decoding=\"async\" src=\"\/wp-content\/uploads\/travels\/eastern-europe\/romania\/2023-06-02-village-museum\/1626.jpg\"><\/li>\n\n<li>Un chariot modeste pour divers besoins m\u00e9nagers.\n<img decoding=\"async\" src=\"\/wp-content\/uploads\/travels\/eastern-europe\/romania\/2023-06-02-village-museum\/1628.jpg\"><\/li>\n\n<li>M\u00eame les poubelles sont r\u00e9alis\u00e9es avec \u00e2me et&nbsp;amour.\n<img decoding=\"async\" src=\"\/wp-content\/uploads\/travels\/eastern-europe\/romania\/2023-06-02-village-museum\/1627-9965.jpg\"><\/li>\n\n<li>Une \u00e9glise de Dragomire\u0219ti \u00e9rig\u00e9e en 1722 sur les cendres apr\u00e8s l\u2019invasion turque. La pierre tombale sous le sapin provient du <a href=\"https:\/\/fr.wikipedia.org\/wiki\/Cimeti%C3%A8re_joyeux_de_S%C4%83p%C3%A2n%C8%9Ba\">Cimeti\u00e8re&nbsp;joyeux<\/a>. \n<img decoding=\"async\" src=\"\/wp-content\/uploads\/travels\/eastern-europe\/romania\/2023-06-02-village-museum\/1635.jpg\"><\/li>\n\n<li>Une maison riche du village de Cherelu\u0219 dans l\u2019ouest de la Roumanie. Fondation en pierre, grumes en ch\u00eane, pl\u00e2tre, chaux, roseau.\n<img decoding=\"async\" src=\"\/wp-content\/uploads\/travels\/eastern-europe\/romania\/2023-06-02-village-museum\/1688.jpg\"><\/li>\n\n<li>La m\u00e8re floue semble indiff\u00e9rente, mais elle est en r\u00e9alit\u00e9 vigilante.\n<img decoding=\"async\" src=\"\/wp-content\/uploads\/travels\/eastern-europe\/romania\/2023-06-02-village-museum\/1683.jpg\"><\/li>\n\n<li>Les sages du sud construisaient des maisons semi-enterr\u00e9es pour se prot\u00e9ger des sauts de temp\u00e9rature, des vents violents et des raids turcs.\n<img decoding=\"async\" src=\"\/wp-content\/uploads\/travels\/eastern-europe\/romania\/2023-06-02-village-museum\/1707.jpg\"><\/li>\n\n<li>Un moulin modeste. Prot\u00e9g\u00e9 par un&nbsp;minou.\n<img decoding=\"async\" src=\"\/wp-content\/uploads\/travels\/eastern-europe\/romania\/2023-06-02-village-museum\/1715.jpg\"><\/li>\n\n<li>Revenons \u00e0 la civilisation.\n<img decoding=\"async\" src=\"\/wp-content\/uploads\/travels\/eastern-europe\/romania\/2023-06-02-village-museum\/1752.jpg\"><\/li>\n\n<li>Un tertre pompeux en l\u2019honneur de l\u2019Union europ\u00e9enne.\n<img decoding=\"async\" src=\"\/wp-content\/uploads\/travels\/eastern-europe\/romania\/2023-06-02-village-museum\/1742.jpg\"><\/li>\n\n<li>Entour\u00e9 des t\u00eates gigantesques des bureaucrates europ\u00e9ens. \u00c7a a l\u2019air effrayant.\n<img decoding=\"async\" src=\"\/wp-content\/uploads\/travels\/eastern-europe\/romania\/2023-06-02-village-museum\/1740.jpg\"><\/li>\n\n<li>Un banc confortable vous invite \u00e0 m\u00e9diter.\n<img decoding=\"async\" src=\"\/wp-content\/uploads\/travels\/eastern-europe\/romania\/2023-06-02-village-museum\/1767.jpg\"><\/li>\n\n<li>Des animaux en bronze se dispersent dans tout le&nbsp;parc.\n<img decoding=\"async\" src=\"\/wp-content\/uploads\/travels\/eastern-europe\/romania\/2023-06-02-village-museum\/1764.jpg\"><\/li>\n\n<li>Les cariatides varient en&nbsp;pose.\n<img decoding=\"async\" src=\"\/wp-content\/uploads\/travels\/eastern-europe\/romania\/2023-06-02-village-museum\/1769.jpg\"><\/li>\n\n<li>Oui, mon g\u00e9n\u00e9ral&#8239;! Plaza Charles de Gaulle soudainement.\n<img decoding=\"async\" src=\"\/wp-content\/uploads\/travels\/eastern-europe\/romania\/2023-06-02-village-museum\/1778.jpg\"><\/li>\n\n<li id=\"1791\">Et enfin, je suis pass\u00e9 par le soi-disant Mus\u00e9e des dinosaures, qui s\u2019est av\u00e9r\u00e9 \u00eatre une mis\u00e8re plastique. N\u2019y allez pas.\n<img decoding=\"async\" src=\"\/wp-content\/uploads\/travels\/eastern-europe\/romania\/2023-06-02-village-museum\/1791.jpg\"><\/li>\n\n<li>\u00ab&#8239;Si seuls les adultes aiment la po\u00e9sie, ce n\u2019est pas de&nbsp;la po\u00e9sie pour enfants. Mais si seuls les enfants l\u2019aiment, ce n\u2019est pas du tout de la po\u00e9sie.&#8239;\u00bb\n<img decoding=\"async\" src=\"\/wp-content\/uploads\/travels\/eastern-europe\/romania\/2023-06-02-village-museum\/1805.jpg\"><\/li>\n\n<li>M\u00eame le Dragon \u00c9dent\u00e9 est d\u2019une authenticit\u00e9 tr\u00e8s douteuse. D\u2019o\u00f9 viennent ses dents&#8239;?\n<img decoding=\"async\" src=\"\/wp-content\/uploads\/travels\/eastern-europe\/romania\/2023-06-02-village-museum\/1825.jpg\"><\/li>\n\n<li>Les enfants du souterrain vous souhaitent une bonne&nbsp;nuit.\n<img decoding=\"async\" src=\"\/wp-content\/uploads\/travels\/eastern-europe\/romania\/2023-06-02-village-museum\/1848.jpg\"><\/li>\n\n<\/ol><\/div>\n\n\n\n<div class=\"menu-romania-23-container\"><ul id=\"menu-romania-23\" class=\"menu\"><li id=\"menu-item-7924\" class=\"menu-item menu-item-type-post_type menu-item-object-page menu-item-7924\"><a href=\"https:\/\/ilupin.com\/fr\/?page_id=7919\" class=\"menu-link\">Roumanie 2023<\/a><\/li>\n<li id=\"menu-item-7853\" class=\"menu-item menu-item-type-post_type menu-item-object-page menu-item-7853\"><a href=\"https:\/\/ilupin.com\/fr\/travels\/eastern-europe\/romania\/2023-05-31-lyon-to-bucharest\/\" class=\"menu-link\">Lyon\u25b8Bucarest<\/a><\/li>\n<li id=\"menu-item-7852\" class=\"menu-item menu-item-type-post_type menu-item-object-page menu-item-7852\"><a href=\"https:\/\/ilupin.com\/fr\/travels\/eastern-europe\/romania\/2023-06-01-old-town\/\" class=\"menu-link\">Vielle ville<\/a><\/li>\n<li id=\"menu-item-7851\" class=\"menu-item menu-item-type-post_type menu-item-object-page menu-item-7851\"><a href=\"https:\/\/ilupin.com\/fr\/travels\/eastern-europe\/romania\/2023-06-02-village-museum\/\" class=\"menu-link\">Mus\u00e9e du village<\/a><\/li>\n<li id=\"menu-item-7850\" class=\"menu-item menu-item-type-post_type menu-item-object-page menu-item-7850\"><a href=\"https:\/\/ilupin.com\/fr\/travels\/eastern-europe\/romania\/2023-06-03-bucharest-to-brasov\/\" class=\"menu-link\">Bucarest\u25b8Bra\u0219ov<\/a><\/li>\n<li id=\"menu-item-7849\" class=\"menu-item menu-item-type-post_type menu-item-object-page menu-item-7849\"><a href=\"https:\/\/ilupin.com\/fr\/travels\/eastern-europe\/romania\/2023-06-04-sinaia\/\" class=\"menu-link\">Sinaia<\/a><\/li>\n<li id=\"menu-item-7848\" class=\"menu-item menu-item-type-post_type menu-item-object-page menu-item-7848\"><a href=\"https:\/\/ilupin.com\/fr\/travels\/eastern-europe\/romania\/2023-06-05-poiana-brasov\/\" class=\"menu-link\">Poiana Bra\u0219ov<\/a><\/li>\n<li id=\"menu-item-7847\" class=\"menu-item menu-item-type-post_type menu-item-object-page menu-item-7847\"><a href=\"https:\/\/ilupin.com\/fr\/travels\/eastern-europe\/romania\/2023-06-06-risnov\/\" class=\"menu-link\">R\u00e2\u0219nov<\/a><\/li>\n<li id=\"menu-item-7846\" class=\"menu-item menu-item-type-post_type menu-item-object-page menu-item-7846\"><a href=\"https:\/\/ilupin.com\/fr\/travels\/eastern-europe\/romania\/2023-06-07-brasov-to-cluj\/\" class=\"menu-link\">Bra\u0219ov\u25b8Cluj<\/a><\/li>\n<li id=\"menu-item-7845\" class=\"menu-item menu-item-type-post_type menu-item-object-page menu-item-7845\"><a href=\"https:\/\/ilupin.com\/fr\/travels\/eastern-europe\/romania\/2023-06-08-salina-turda\/\" class=\"menu-link\">Salina Turda<\/a><\/li>\n<li id=\"menu-item-7844\" class=\"menu-item menu-item-type-post_type menu-item-object-page menu-item-7844\"><a href=\"https:\/\/ilupin.com\/fr\/travels\/eastern-europe\/romania\/2023-06-09-alba-iulia\/\" class=\"menu-link\">Alba Iulia<\/a><\/li>\n<li id=\"menu-item-7843\" class=\"menu-item menu-item-type-post_type menu-item-object-page menu-item-7843\"><a href=\"https:\/\/ilupin.com\/fr\/travels\/eastern-europe\/romania\/2023-06-10-cluj-to-lyon\/\" class=\"menu-link\">Cluj\u25b8Lyon<\/a><\/li>\n<\/ul><\/div>\n","protected":false},"excerpt":{"rendered":"<p>Parc Michel&nbsp;Ier \u00e0 la p\u00e9riph\u00e9rie de la ville. Si vous venez dans la capitale pour une journ\u00e9e seulement, passez-la ici. Bonne matin\u00e9e. Repose en paix. Restaurant d\u2019ambiance \u00ab&#8239;Biblioth\u00e8que&#8239;\u00bb avec une bonne cuisine et en plein milieu du&nbsp;parc. Miaou \u00e0 toi. Le Mus\u00e9e du village en plein air est la perle de Bucarest. Encyclop\u00e9die ethnographique de [&hellip;]<\/p>\n","protected":false},"author":1,"featured_media":0,"parent":7919,"menu_order":2,"comment_status":"closed","ping_status":"closed","template":"","meta":{"site-sidebar-layout":"default","site-content-layout":null,"ast-site-content-layout":"default","site-content-style":"default","site-sidebar-style":"default","ast-global-header-display":"","ast-banner-title-visibility":"","ast-main-header-display":"","ast-hfb-above-header-display":null,"ast-hfb-below-header-display":null,"ast-hfb-mobile-header-display":null,"site-post-title":"","ast-breadcrumbs-content":null,"ast-featured-img":"","footer-sml-layout":"","ast-disable-related-posts":"","theme-transparent-header-meta":"","adv-header-id-meta":null,"stick-header-meta":null,"header-above-stick-meta":null,"header-main-stick-meta":null,"header-below-stick-meta":null,"astra-migrate-meta-layouts":"set","ast-page-background-enabled":"default","ast-page-background-meta":{"desktop":{"background-color":"","background-image":"","background-repeat":"repeat","background-position":"center center","background-size":"auto","background-attachment":"scroll","background-type":"","background-media":"","overlay-type":"","overlay-color":"","overlay-opacity":"","overlay-gradient":""},"tablet":{"background-color":"","background-image":"","background-repeat":"repeat","background-position":"center center","background-size":"auto","background-attachment":"scroll","background-type":"","background-media":"","overlay-type":"","overlay-color":"","overlay-opacity":"","overlay-gradient":""},"mobile":{"background-color":"","background-image":"","background-repeat":"repeat","background-position":"center center","background-size":"auto","background-attachment":"scroll","background-type":"","background-media":"","overlay-type":"","overlay-color":"","overlay-opacity":"","overlay-gradient":""}},"ast-content-background-meta":{"desktop":{"background-color":"var(--ast-global-color-5)","background-image":"","background-repeat":"repeat","background-position":"center center","background-size":"auto","background-attachment":"scroll","background-type":"","background-media":"","overlay-type":"","overlay-color":"","overlay-opacity":"","overlay-gradient":""},"tablet":{"background-color":"var(--ast-global-color-5)","background-image":"","background-repeat":"repeat","background-position":"center center","background-size":"auto","background-attachment":"scroll","background-type":"","background-media":"","overlay-type":"","overlay-color":"","overlay-opacity":"","overlay-gradient":""},"mobile":{"background-color":"var(--ast-global-color-5)","background-image":"","background-repeat":"repeat","background-position":"center center","background-size":"auto","background-attachment":"scroll","background-type":"","background-media":"","overlay-type":"","overlay-color":"","overlay-opacity":"","overlay-gradient":""}},"footnotes":""},"class_list":["post-7797","page","type-page","status-publish","hentry"],"_links":{"self":[{"href":"https:\/\/ilupin.com\/fr\/wp-json\/wp\/v2\/pages\/7797","targetHints":{"allow":["GET"]}}],"collection":[{"href":"https:\/\/ilupin.com\/fr\/wp-json\/wp\/v2\/pages"}],"about":[{"href":"https:\/\/ilupin.com\/fr\/wp-json\/wp\/v2\/types\/page"}],"author":[{"embeddable":true,"href":"https:\/\/ilupin.com\/fr\/wp-json\/wp\/v2\/users\/1"}],"replies":[{"embeddable":true,"href":"https:\/\/ilupin.com\/fr\/wp-json\/wp\/v2\/comments?post=7797"}],"version-history":[{"count":127,"href":"https:\/\/ilupin.com\/fr\/wp-json\/wp\/v2\/pages\/7797\/revisions"}],"predecessor-version":[{"id":14561,"href":"https:\/\/ilupin.com\/fr\/wp-json\/wp\/v2\/pages\/7797\/revisions\/14561"}],"up":[{"embeddable":true,"href":"https:\/\/ilupin.com\/fr\/wp-json\/wp\/v2\/pages\/7919"}],"wp:attachment":[{"href":"https:\/\/ilupin.com\/fr\/wp-json\/wp\/v2\/media?parent=7797"}],"curies":[{"name":"wp","href":"https:\/\/api.w.org\/{rel}","templated":true}]}}