{"id":7799,"date":"2023-06-12T22:38:44","date_gmt":"2023-06-12T20:38:44","guid":{"rendered":"https:\/\/ilupin.com\/en\/?page_id=7799"},"modified":"2025-06-09T13:29:52","modified_gmt":"2025-06-09T11:29:52","slug":"2023-06-03-bucharest-to-brasov","status":"publish","type":"page","link":"https:\/\/ilupin.com\/fr\/travels\/eastern-europe\/romania\/2023-06-03-bucharest-to-brasov\/","title":{"rendered":"Bucarest \u00e0 Bra\u0219ov"},"content":{"rendered":"\n<div class=\"travels\"><ol>\n\n<li>Du hooliganisme, et rien de plus.\n<img decoding=\"async\" src=\"\/wp-content\/uploads\/travels\/eastern-europe\/romania\/2023-06-03-bucharest-to-brasov\/1857.jpg\"><\/li>\n\n<li>Destinations populaires.\n<img decoding=\"async\" src=\"\/wp-content\/uploads\/travels\/eastern-europe\/romania\/2023-06-03-bucharest-to-brasov\/1860.jpg\"><\/li>\n\n<li>L\u2019ob\u00e9lisque de la gare de <a href=\"https:\/\/fr.wikipedia.org\/wiki\/Bra%C8%99ov\">Bra\u0219ov<\/a> met aussit\u00f4t les visiteurs d\u2019humeur s\u00e9rieuse. Ne&nbsp;vous fiez pas \u00e0 Google Maps et soyez prudent avec les billets.\n<img decoding=\"async\" src=\"\/wp-content\/uploads\/travels\/eastern-europe\/romania\/2023-06-03-bucharest-to-brasov\/1888.jpg\"><\/li>\n\n<li>Canisth\u00e9rapie par temps nuageux.\n<img decoding=\"async\" src=\"\/wp-content\/uploads\/travels\/eastern-europe\/romania\/2023-06-03-bucharest-to-brasov\/1896.jpg\"><\/li>\n\n<li>Les deux filles te regardent comme si tu \u00e9tais un touriste.\n<img decoding=\"async\" src=\"\/wp-content\/uploads\/travels\/eastern-europe\/romania\/2023-06-03-bucharest-to-brasov\/1898.jpg\"><\/li>\n\n<li>M\u00e9taphore transparente de Bra\u0219ov sur les souches couronn\u00e9es.\n<img decoding=\"async\" src=\"\/wp-content\/uploads\/travels\/eastern-europe\/romania\/2023-06-03-bucharest-to-brasov\/1906-9972.jpg\"><\/li>\n\n<li>H\u00f4tel cher avec une tr\u00e8s jolie fa\u00e7ade. Toutes les quatre figures au-dessus des fen\u00eatres sont diff\u00e9rentes.\n<img decoding=\"async\" src=\"\/wp-content\/uploads\/travels\/eastern-europe\/romania\/2023-06-03-bucharest-to-brasov\/1908.jpg\"><\/li>\n\n<li id=\"1911\">L\u2019\u00c9glise noire a \u00e9t\u00e9 fond\u00e9e au XIV<sup>e<\/sup> si\u00e8cle, achev\u00e9e au XV<sup>e<\/sup> et carbonis\u00e9e pendant la <a href=\"https:\/\/fr.wikipedia.org\/wiki\/Grande_guerre_turque\">grande guerre turque<\/a>. La pierre claire est une restauration.\n<img decoding=\"async\" src=\"\/wp-content\/uploads\/travels\/eastern-europe\/romania\/2023-06-03-bucharest-to-brasov\/1911.jpg\"><\/li>\n\n<li>La parole du Seigneur demeure \u00e9ternellement, mais en ce moment, il est quatre heures moins le quart, si quelqu\u2019un est int\u00e9ress\u00e9.\n<img decoding=\"async\" src=\"\/wp-content\/uploads\/travels\/eastern-europe\/romania\/2023-06-03-bucharest-to-brasov\/1912-9977.jpg\"><\/li>\n\n<li>Le r\u00e9formateur et \u00e9ducateur <a href=\"https:\/\/fr.wikipedia.org\/wiki\/Johannes_Honterus\">Johannes Honterus<\/a> a&nbsp;converti l\u2019\u00c9glise noire au luth\u00e9ranisme et a publi\u00e9 un manuel de cosmographie en&nbsp;vers.\n<img decoding=\"async\" src=\"\/wp-content\/uploads\/travels\/eastern-europe\/romania\/2023-06-03-bucharest-to-brasov\/1914.jpg\"><\/li>\n\n<li>Bancs de fourmis et d\u2019arachide dans la cour de l\u2019\u00e9glise.\n<img decoding=\"async\" src=\"\/wp-content\/uploads\/travels\/eastern-europe\/romania\/2023-06-03-bucharest-to-brasov\/1917.jpg\"><\/li>\n\n<li>\u00c9glise grecque n\u00e9o-byzantine de l\u2019Assomption de la Vierge Marie. Gravement endommag\u00e9e par le <a href=\"https:\/\/en.wikipedia.org\/wiki\/1940_Vrancea_earthquake\">s\u00e9isme de Vrancea<\/a>, restaur\u00e9e en&nbsp;1973.\n<img decoding=\"async\" src=\"\/wp-content\/uploads\/travels\/eastern-europe\/romania\/2023-06-03-bucharest-to-brasov\/1926.jpg\"><\/li>\n\n<li>Son patio est plut\u00f4t agr\u00e9able.\n<img decoding=\"async\" src=\"\/wp-content\/uploads\/travels\/eastern-europe\/romania\/2023-06-03-bucharest-to-brasov\/1927.jpg\"><\/li>\n\n<li>Traditions saines sur la \u00ab&#8239;Place de la&nbsp;Joie&#8239;\u00bb.\n<img decoding=\"async\" src=\"\/wp-content\/uploads\/travels\/eastern-europe\/romania\/2023-06-03-bucharest-to-brasov\/1936.jpg\"><\/li>\n\n<li>Am\u00e9nagement paysager.\n<img decoding=\"async\" src=\"\/wp-content\/uploads\/travels\/eastern-europe\/romania\/2023-06-03-bucharest-to-brasov\/1929.jpg\"><\/li>\n\n<li>Un Charlie Chaplin non canonique prend des photos avec des enfants et distribue des bonbons.\n<img decoding=\"async\" src=\"\/wp-content\/uploads\/travels\/eastern-europe\/romania\/2023-06-03-bucharest-to-brasov\/1944.jpg\"><\/li>\n\n<li>Monument aux martyrs de Bra\u0219ov (victimes de la <a href=\"https:\/\/fr.wikipedia.org\/wiki\/R%C3%A9volution_roumaine_de_1989\">r\u00e9volution roumaine<\/a> de 1989) pr\u00e8s du b\u00e2timent de la pr\u00e9fecture.\n<img decoding=\"async\" src=\"\/wp-content\/uploads\/travels\/eastern-europe\/romania\/2023-06-03-bucharest-to-brasov\/1956.jpg\"><\/li>\n\n<li>La poste principale et une partie de la&nbsp;mairie.\n<img decoding=\"async\" src=\"\/wp-content\/uploads\/travels\/eastern-europe\/romania\/2023-06-03-bucharest-to-brasov\/1960.jpg\"><\/li>\n\n<li>Superbes \u0153uvres de photographes roumains et une autre partie.\n<img decoding=\"async\" src=\"\/wp-content\/uploads\/travels\/eastern-europe\/romania\/2023-06-03-bucharest-to-brasov\/1962.jpg\"><\/li>\n\n<li>Et certains vont bien sans feuilles.\n<img decoding=\"async\" src=\"\/wp-content\/uploads\/travels\/eastern-europe\/romania\/2023-06-03-bucharest-to-brasov\/1967.jpg\"><\/li>\n\n<li>Magnifiques oriels, balcons et crois\u00e9es.\n<img decoding=\"async\" src=\"\/wp-content\/uploads\/travels\/eastern-europe\/romania\/2023-06-03-bucharest-to-brasov\/1968.jpg\"><\/li>\n\n<li>Un man\u00e8ge (parfois une fontaine) sur la place principale. \n<img decoding=\"async\" src=\"\/wp-content\/uploads\/travels\/eastern-europe\/romania\/2023-06-03-bucharest-to-brasov\/1975.jpg\"><\/li>\n\n<li><a href=\"https:\/\/fr.wikipedia.org\/wiki\/Rue_de_la_Ficelle\">Rue de la Ficelle<\/a> est l\u2019une des plus \u00e9troites d\u2019Europe. Il n\u2019y a aucun lieu de vie sur les murs.\n<img decoding=\"async\" src=\"\/wp-content\/uploads\/travels\/eastern-europe\/romania\/2023-06-03-bucharest-to-brasov\/1989.jpg\"><\/li>\n\n<li>Les gens ici aiment g\u00e9n\u00e9ralement la cr\u00e9ativit\u00e9 libre.\n<img decoding=\"async\" src=\"\/wp-content\/uploads\/travels\/eastern-europe\/romania\/2023-06-03-bucharest-to-brasov\/2003.jpg\"><\/li>\n\n<li>Et gardent le corps en&nbsp;forme.\n<img decoding=\"async\" src=\"\/wp-content\/uploads\/travels\/eastern-europe\/romania\/2023-06-03-bucharest-to-brasov\/2006.jpg\"><\/li>\n\n<li>Porte sculpt\u00e9e du Bastion des tisserands (ferm\u00e9e). Tu aurais d\u00fb venir plus t\u00f4t, voil\u00e0 pourquoi.\n<img decoding=\"async\" src=\"\/wp-content\/uploads\/travels\/eastern-europe\/romania\/2023-06-03-bucharest-to-brasov\/2008.jpg\"><\/li>\n\n<li>Terrains de tennis pr\u00e8s du Palais des sports et du Bastion des tisserands.\n<img decoding=\"async\" src=\"\/wp-content\/uploads\/travels\/eastern-europe\/romania\/2023-06-03-bucharest-to-brasov\/2024.jpg\"><\/li>\n\n<li>Un sanglier d\u00e9fonc\u00e9 \u00e0 la porte Catherine est le moins monstrueux d\u2019une dizaine d\u2019animaux du m\u00eame style.\n<img decoding=\"async\" src=\"\/wp-content\/uploads\/travels\/eastern-europe\/romania\/2023-06-03-bucharest-to-brasov\/2033.jpg\"><\/li>\n\n<li>Murs de forteresse dans la partie nord-ouest de la&nbsp;ville.\n<img decoding=\"async\" src=\"\/wp-content\/uploads\/travels\/eastern-europe\/romania\/2023-06-03-bucharest-to-brasov\/2044.jpg\"><\/li>\n\n<li>Taverne des hobbits entre les&nbsp;murs.\n<img decoding=\"async\" src=\"\/wp-content\/uploads\/travels\/eastern-europe\/romania\/2023-06-03-bucharest-to-brasov\/2050.jpg\"><\/li>\n\n<\/ol><\/div>\n\n\n\n<div class=\"menu-romania-23-container\"><ul id=\"menu-romania-23\" class=\"menu\"><li id=\"menu-item-7924\" class=\"menu-item menu-item-type-post_type menu-item-object-page menu-item-7924\"><a href=\"https:\/\/ilupin.com\/fr\/?page_id=7919\" class=\"menu-link\">Roumanie 2023<\/a><\/li>\n<li id=\"menu-item-7853\" class=\"menu-item menu-item-type-post_type menu-item-object-page menu-item-7853\"><a href=\"https:\/\/ilupin.com\/fr\/travels\/eastern-europe\/romania\/2023-05-31-lyon-to-bucharest\/\" class=\"menu-link\">Lyon\u25b8Bucarest<\/a><\/li>\n<li id=\"menu-item-7852\" class=\"menu-item menu-item-type-post_type menu-item-object-page menu-item-7852\"><a href=\"https:\/\/ilupin.com\/fr\/travels\/eastern-europe\/romania\/2023-06-01-old-town\/\" class=\"menu-link\">Vielle ville<\/a><\/li>\n<li id=\"menu-item-7851\" class=\"menu-item menu-item-type-post_type menu-item-object-page menu-item-7851\"><a href=\"https:\/\/ilupin.com\/fr\/travels\/eastern-europe\/romania\/2023-06-02-village-museum\/\" class=\"menu-link\">Mus\u00e9e du village<\/a><\/li>\n<li id=\"menu-item-7850\" class=\"menu-item menu-item-type-post_type menu-item-object-page menu-item-7850\"><a href=\"https:\/\/ilupin.com\/fr\/travels\/eastern-europe\/romania\/2023-06-03-bucharest-to-brasov\/\" class=\"menu-link\">Bucarest\u25b8Bra\u0219ov<\/a><\/li>\n<li id=\"menu-item-7849\" class=\"menu-item menu-item-type-post_type menu-item-object-page menu-item-7849\"><a href=\"https:\/\/ilupin.com\/fr\/travels\/eastern-europe\/romania\/2023-06-04-sinaia\/\" class=\"menu-link\">Sinaia<\/a><\/li>\n<li id=\"menu-item-7848\" class=\"menu-item menu-item-type-post_type menu-item-object-page menu-item-7848\"><a href=\"https:\/\/ilupin.com\/fr\/travels\/eastern-europe\/romania\/2023-06-05-poiana-brasov\/\" class=\"menu-link\">Poiana Bra\u0219ov<\/a><\/li>\n<li id=\"menu-item-7847\" class=\"menu-item menu-item-type-post_type menu-item-object-page menu-item-7847\"><a href=\"https:\/\/ilupin.com\/fr\/travels\/eastern-europe\/romania\/2023-06-06-risnov\/\" class=\"menu-link\">R\u00e2\u0219nov<\/a><\/li>\n<li id=\"menu-item-7846\" class=\"menu-item menu-item-type-post_type menu-item-object-page menu-item-7846\"><a href=\"https:\/\/ilupin.com\/fr\/travels\/eastern-europe\/romania\/2023-06-07-brasov-to-cluj\/\" class=\"menu-link\">Bra\u0219ov\u25b8Cluj<\/a><\/li>\n<li id=\"menu-item-7845\" class=\"menu-item menu-item-type-post_type menu-item-object-page menu-item-7845\"><a href=\"https:\/\/ilupin.com\/fr\/travels\/eastern-europe\/romania\/2023-06-08-salina-turda\/\" class=\"menu-link\">Salina Turda<\/a><\/li>\n<li id=\"menu-item-7844\" class=\"menu-item menu-item-type-post_type menu-item-object-page menu-item-7844\"><a href=\"https:\/\/ilupin.com\/fr\/travels\/eastern-europe\/romania\/2023-06-09-alba-iulia\/\" class=\"menu-link\">Alba Iulia<\/a><\/li>\n<li id=\"menu-item-7843\" class=\"menu-item menu-item-type-post_type menu-item-object-page menu-item-7843\"><a href=\"https:\/\/ilupin.com\/fr\/travels\/eastern-europe\/romania\/2023-06-10-cluj-to-lyon\/\" class=\"menu-link\">Cluj\u25b8Lyon<\/a><\/li>\n<\/ul><\/div>\n","protected":false},"excerpt":{"rendered":"<p>Du hooliganisme, et rien de plus. Destinations populaires. L\u2019ob\u00e9lisque de la gare de Bra\u0219ov met aussit\u00f4t les visiteurs d\u2019humeur s\u00e9rieuse. Ne&nbsp;vous fiez pas \u00e0 Google Maps et soyez prudent avec les billets. Canisth\u00e9rapie par temps nuageux. Les deux filles te regardent comme si tu \u00e9tais un touriste. M\u00e9taphore transparente de Bra\u0219ov sur les souches couronn\u00e9es. [&hellip;]<\/p>\n","protected":false},"author":1,"featured_media":0,"parent":7919,"menu_order":3,"comment_status":"closed","ping_status":"closed","template":"","meta":{"site-sidebar-layout":"default","site-content-layout":null,"ast-site-content-layout":"default","site-content-style":"default","site-sidebar-style":"default","ast-global-header-display":"","ast-banner-title-visibility":"","ast-main-header-display":"","ast-hfb-above-header-display":null,"ast-hfb-below-header-display":null,"ast-hfb-mobile-header-display":null,"site-post-title":"","ast-breadcrumbs-content":null,"ast-featured-img":"","footer-sml-layout":"","ast-disable-related-posts":"","theme-transparent-header-meta":"","adv-header-id-meta":null,"stick-header-meta":null,"header-above-stick-meta":null,"header-main-stick-meta":null,"header-below-stick-meta":null,"astra-migrate-meta-layouts":"set","ast-page-background-enabled":"default","ast-page-background-meta":{"desktop":{"background-color":"","background-image":"","background-repeat":"repeat","background-position":"center center","background-size":"auto","background-attachment":"scroll","background-type":"","background-media":"","overlay-type":"","overlay-color":"","overlay-opacity":"","overlay-gradient":""},"tablet":{"background-color":"","background-image":"","background-repeat":"repeat","background-position":"center center","background-size":"auto","background-attachment":"scroll","background-type":"","background-media":"","overlay-type":"","overlay-color":"","overlay-opacity":"","overlay-gradient":""},"mobile":{"background-color":"","background-image":"","background-repeat":"repeat","background-position":"center center","background-size":"auto","background-attachment":"scroll","background-type":"","background-media":"","overlay-type":"","overlay-color":"","overlay-opacity":"","overlay-gradient":""}},"ast-content-background-meta":{"desktop":{"background-color":"var(--ast-global-color-5)","background-image":"","background-repeat":"repeat","background-position":"center center","background-size":"auto","background-attachment":"scroll","background-type":"","background-media":"","overlay-type":"","overlay-color":"","overlay-opacity":"","overlay-gradient":""},"tablet":{"background-color":"var(--ast-global-color-5)","background-image":"","background-repeat":"repeat","background-position":"center center","background-size":"auto","background-attachment":"scroll","background-type":"","background-media":"","overlay-type":"","overlay-color":"","overlay-opacity":"","overlay-gradient":""},"mobile":{"background-color":"var(--ast-global-color-5)","background-image":"","background-repeat":"repeat","background-position":"center center","background-size":"auto","background-attachment":"scroll","background-type":"","background-media":"","overlay-type":"","overlay-color":"","overlay-opacity":"","overlay-gradient":""}},"footnotes":""},"class_list":["post-7799","page","type-page","status-publish","hentry"],"_links":{"self":[{"href":"https:\/\/ilupin.com\/fr\/wp-json\/wp\/v2\/pages\/7799","targetHints":{"allow":["GET"]}}],"collection":[{"href":"https:\/\/ilupin.com\/fr\/wp-json\/wp\/v2\/pages"}],"about":[{"href":"https:\/\/ilupin.com\/fr\/wp-json\/wp\/v2\/types\/page"}],"author":[{"embeddable":true,"href":"https:\/\/ilupin.com\/fr\/wp-json\/wp\/v2\/users\/1"}],"replies":[{"embeddable":true,"href":"https:\/\/ilupin.com\/fr\/wp-json\/wp\/v2\/comments?post=7799"}],"version-history":[{"count":90,"href":"https:\/\/ilupin.com\/fr\/wp-json\/wp\/v2\/pages\/7799\/revisions"}],"predecessor-version":[{"id":12620,"href":"https:\/\/ilupin.com\/fr\/wp-json\/wp\/v2\/pages\/7799\/revisions\/12620"}],"up":[{"embeddable":true,"href":"https:\/\/ilupin.com\/fr\/wp-json\/wp\/v2\/pages\/7919"}],"wp:attachment":[{"href":"https:\/\/ilupin.com\/fr\/wp-json\/wp\/v2\/media?parent=7799"}],"curies":[{"name":"wp","href":"https:\/\/api.w.org\/{rel}","templated":true}]}}