{"id":7801,"date":"2023-06-12T22:39:53","date_gmt":"2023-06-12T20:39:53","guid":{"rendered":"https:\/\/ilupin.com\/en\/?page_id=7801"},"modified":"2025-06-09T13:32:42","modified_gmt":"2025-06-09T11:32:42","slug":"2023-06-04-sinaia","status":"publish","type":"page","link":"https:\/\/ilupin.com\/fr\/travels\/eastern-europe\/romania\/2023-06-04-sinaia\/","title":{"rendered":"Sinaia : Peli\u0219or, Pele\u0219 et Furnica"},"content":{"rendered":"\n<div class=\"travels\"><ol>\n\n<li><a href=\"https:\/\/fr.wikipedia.org\/wiki\/Sinaia\">Sinaia<\/a> est une charmante ville situ\u00e9e \u00e0 environ une heure de Bra\u0219ov en train. \u00c0&nbsp;ne pas manquer&#8239;!\n<img decoding=\"async\" src=\"\/wp-content\/uploads\/travels\/eastern-europe\/romania\/2023-06-04-sinaia\/2077.jpg\"><\/li>\n\n<li>Processus et r\u00e9sultat.\n<img decoding=\"async\" src=\"\/wp-content\/uploads\/travels\/eastern-europe\/romania\/2023-06-04-sinaia\/2079.jpg\"><\/li>\n\n<li>On grimpe vers les c\u00e9l\u00e8bres ch\u00e2teaux en passant devant des maisons atmosph\u00e9riques.\n<img decoding=\"async\" src=\"\/wp-content\/uploads\/travels\/eastern-europe\/romania\/2023-06-04-sinaia\/2106.jpg\"><\/li>\n\n<li>La ville respire le confort.\n<img decoding=\"async\" src=\"\/wp-content\/uploads\/travels\/eastern-europe\/romania\/2023-06-04-sinaia\/2110.jpg\"><\/li>\n\n<li>Le tyrannosaure Gabriel s\u2019occupe du m\u00e9nage.\n<img decoding=\"async\" src=\"\/wp-content\/uploads\/travels\/eastern-europe\/romania\/2023-06-04-sinaia\/2250.jpg\"><\/li>\n\n<li>Le ch\u00e2teau intime et chaleureux de Peli\u0219or a \u00e9t\u00e9 construit par Carol I<sup>er<\/sup> au tournant du si\u00e8cle pour l\u2019h\u00e9ritier <a href=\"https:\/\/fr.wikipedia.org\/wiki\/Ferdinand_Ier_(roi_de_Roumanie)\">Ferdinand<\/a> et sa famille.\n<img decoding=\"async\" src=\"\/wp-content\/uploads\/travels\/eastern-europe\/romania\/2023-06-04-sinaia\/2128.jpg\"><\/li>\n\n<li>Grand escalier avec vases et colonnes en&nbsp;bois.\n<img decoding=\"async\" src=\"\/wp-content\/uploads\/travels\/eastern-europe\/romania\/2023-06-04-sinaia\/2180.jpg\"><\/li>\n\n<li>St. George est occup\u00e9 \u00e0 son activit\u00e9 favorite.\n<img decoding=\"async\" src=\"\/wp-content\/uploads\/travels\/eastern-europe\/romania\/2023-06-04-sinaia\/2182.jpg\"><\/li>\n\n<li>La Chambre dor\u00e9e a \u00e9t\u00e9 cr\u00e9\u00e9e d\u2019apr\u00e8s les croquis de la c\u00e9l\u00e8bre princesse <a href=\"https:\/\/fr.wikipedia.org\/wiki\/Marie_de_Saxe-Cobourg-Gotha\">Marie<\/a> et lui a servi de dernier refuge.\n<img decoding=\"async\" src=\"\/wp-content\/uploads\/travels\/eastern-europe\/romania\/2023-06-04-sinaia\/2138.jpg\"><\/li>\n\n<li>Assiette en porcelaine Fournier. Marie avait g\u00e9n\u00e9ralement un go\u00fbt d\u00e9licat et s\u2019impliquait activement dans la d\u00e9coration int\u00e9rieure.\n<img decoding=\"async\" src=\"\/wp-content\/uploads\/travels\/eastern-europe\/romania\/2023-06-04-sinaia\/2146.jpg\"><\/li>\n\n<li>Les quatre enfants de Marie ont grandi dans le&nbsp;ch\u00e2teau et ont ensuite acc\u00e9d\u00e9 aux tr\u00f4nes de Roumanie, de Yougoslavie et de Gr\u00e8ce (bri\u00e8vement).\n<img decoding=\"async\" src=\"\/wp-content\/uploads\/travels\/eastern-europe\/romania\/2023-06-04-sinaia\/2175.jpg\"><\/li>\n\n<li>Le ch\u00e2teau de Pele\u0219 se trouve \u00e0 deux pas de Peli\u0219or et rime dans tous les sens. Carol&nbsp;I<sup>er<\/sup> l\u2019a construit pour lui-m\u00eame, rejetant trois projets.\n<img decoding=\"async\" src=\"\/wp-content\/uploads\/travels\/eastern-europe\/romania\/2023-06-04-sinaia\/2249.jpg\"><\/li>\n\n<li>Gros plan de loin.\n<img decoding=\"async\" src=\"\/wp-content\/uploads\/travels\/eastern-europe\/romania\/2023-06-04-sinaia\/2232-9998.jpg\"><\/li>\n\n<li>Plus bas et plus pr\u00e8s.\n<img decoding=\"async\" src=\"\/wp-content\/uploads\/travels\/eastern-europe\/romania\/2023-06-04-sinaia\/2233.jpg\"><\/li>\n\n<li>Un mariage est une affaire difficile.\n<img decoding=\"async\" src=\"\/wp-content\/uploads\/travels\/eastern-europe\/romania\/2023-06-04-sinaia\/2229.jpg\"><\/li>\n\n<li>J\u2019ai long\u00e9 la balustrade sans entrer dans le palais, car je voulais pas rater le t\u00e9l\u00e9ph\u00e9rique.\n<img decoding=\"async\" src=\"\/wp-content\/uploads\/travels\/eastern-europe\/romania\/2023-06-04-sinaia\/2225.jpg\"><\/li>\n\n<li>Sur des sentiers dangereux, cette fois jusqu\u2019au bus&nbsp;: marcher est \u00e0 la fois long et ennuyeux.\n<img decoding=\"async\" src=\"\/wp-content\/uploads\/travels\/eastern-europe\/romania\/2023-06-04-sinaia\/2236.jpg\"><\/li>\n\n<li>On vous d\u00e9pose&#8239;? D\u00e9gage stp. Les chauffeurs de taxi ici sont pires que les racketteurs, vous leur devez avant le voyage. Uber et Bolt sont plus sains.\n<img decoding=\"async\" src=\"\/wp-content\/uploads\/travels\/eastern-europe\/romania\/2023-06-04-sinaia\/2255.jpg\"><\/li>\n\n<li>Depuis une cabine ronde moderne (voir ci-dessus), je prends une cabine r\u00e9tro concurrente, ressemblant \u00e0 un&nbsp;tram.\n<img decoding=\"async\" src=\"\/wp-content\/uploads\/travels\/eastern-europe\/romania\/2023-06-04-sinaia\/2260.jpg\"><\/li>\n\n<li>La connexion est excellente&#8239;!\n<img decoding=\"async\" src=\"\/wp-content\/uploads\/travels\/eastern-europe\/romania\/2023-06-04-sinaia\/2278.jpg\"><\/li>\n\n<li>Un autre t\u00e9l\u00e9ph\u00e9rique spectaculaire (maintenant au repos). On&nbsp;peut voyager dans toutes les Carpates en passant simplement de l\u2019un \u00e0 l\u2019autre.\n<img decoding=\"async\" src=\"\/wp-content\/uploads\/travels\/eastern-europe\/romania\/2023-06-04-sinaia\/2296.jpg\"><\/li>\n\n<li>Par exemple, pour me rendre au sommet de la montagne Furnica (Fourmi), j\u2019ai d\u00fb effectuer un transfert, mais toujours avec le m\u00eame billet.\n<img decoding=\"async\" src=\"\/wp-content\/uploads\/travels\/eastern-europe\/romania\/2023-06-04-sinaia\/2360.jpg\"><\/li>\n\n<li>C\u2019est magnifique ici.\n<img decoding=\"async\" src=\"\/wp-content\/uploads\/travels\/eastern-europe\/romania\/2023-06-04-sinaia\/2313.jpg\"><\/li>\n\n<li>La cabine de droite ressemble \u00e0 un t\u00e9l\u00e9porteur.\n<img decoding=\"async\" src=\"\/wp-content\/uploads\/travels\/eastern-europe\/romania\/2023-06-04-sinaia\/2331.jpg\"><\/li>\n\n<li>Comme d\u2019habitude, la partie la plus int\u00e9ressante revient \u00e0&nbsp;papa.\n<img decoding=\"async\" src=\"\/wp-content\/uploads\/travels\/eastern-europe\/romania\/2023-06-04-sinaia\/2300.jpg\"><\/li>\n\n<li>Peintures rupestres avec galets&#8239;: appr\u00e9ciez les proportions. Les gens savent quoi faire.\n<img decoding=\"async\" src=\"\/wp-content\/uploads\/travels\/eastern-europe\/romania\/2023-06-04-sinaia\/2336.jpg\"><\/li>\n\n<li>Il reste m\u00eame un peu de neige par endroits (on est en&nbsp;juin).\n<img decoding=\"async\" src=\"\/wp-content\/uploads\/travels\/eastern-europe\/romania\/2023-06-04-sinaia\/2348.jpg\"><\/li>\n\n<li>J\u2019ai fait une promenade, je me suis raidi, \u00e7a suffit. On redescend en t\u00e9l\u00e9ph\u00e9rique. Pour les sentiers, on n\u2019a ni le temps ni l\u2019\u00e9nergie.\n<img decoding=\"async\" src=\"\/wp-content\/uploads\/travels\/eastern-europe\/romania\/2023-06-04-sinaia\/2391.jpg\"><\/li>\n\n<li>Un nid douillet.\n<img decoding=\"async\" src=\"\/wp-content\/uploads\/travels\/eastern-europe\/romania\/2023-06-04-sinaia\/2411.jpg\"><\/li>\n\n<li>Amour \u00e0&nbsp;tous.\n<img decoding=\"async\" src=\"\/wp-content\/uploads\/travels\/eastern-europe\/romania\/2023-06-04-sinaia\/2415.jpg\"><\/li>\n\n<\/ol><\/div>\n\n\n\n<div class=\"menu-romania-23-container\"><ul id=\"menu-romania-23\" class=\"menu\"><li id=\"menu-item-7924\" class=\"menu-item menu-item-type-post_type menu-item-object-page menu-item-7924\"><a href=\"https:\/\/ilupin.com\/fr\/?page_id=7919\" class=\"menu-link\">Roumanie 2023<\/a><\/li>\n<li id=\"menu-item-7853\" class=\"menu-item menu-item-type-post_type menu-item-object-page menu-item-7853\"><a href=\"https:\/\/ilupin.com\/fr\/travels\/eastern-europe\/romania\/2023-05-31-lyon-to-bucharest\/\" class=\"menu-link\">Lyon\u25b8Bucarest<\/a><\/li>\n<li id=\"menu-item-7852\" class=\"menu-item menu-item-type-post_type menu-item-object-page menu-item-7852\"><a href=\"https:\/\/ilupin.com\/fr\/travels\/eastern-europe\/romania\/2023-06-01-old-town\/\" class=\"menu-link\">Vielle ville<\/a><\/li>\n<li id=\"menu-item-7851\" class=\"menu-item menu-item-type-post_type menu-item-object-page menu-item-7851\"><a href=\"https:\/\/ilupin.com\/fr\/travels\/eastern-europe\/romania\/2023-06-02-village-museum\/\" class=\"menu-link\">Mus\u00e9e du village<\/a><\/li>\n<li id=\"menu-item-7850\" class=\"menu-item menu-item-type-post_type menu-item-object-page menu-item-7850\"><a href=\"https:\/\/ilupin.com\/fr\/travels\/eastern-europe\/romania\/2023-06-03-bucharest-to-brasov\/\" class=\"menu-link\">Bucarest\u25b8Bra\u0219ov<\/a><\/li>\n<li id=\"menu-item-7849\" class=\"menu-item menu-item-type-post_type menu-item-object-page menu-item-7849\"><a href=\"https:\/\/ilupin.com\/fr\/travels\/eastern-europe\/romania\/2023-06-04-sinaia\/\" class=\"menu-link\">Sinaia<\/a><\/li>\n<li id=\"menu-item-7848\" class=\"menu-item menu-item-type-post_type menu-item-object-page menu-item-7848\"><a href=\"https:\/\/ilupin.com\/fr\/travels\/eastern-europe\/romania\/2023-06-05-poiana-brasov\/\" class=\"menu-link\">Poiana Bra\u0219ov<\/a><\/li>\n<li id=\"menu-item-7847\" class=\"menu-item menu-item-type-post_type menu-item-object-page menu-item-7847\"><a href=\"https:\/\/ilupin.com\/fr\/travels\/eastern-europe\/romania\/2023-06-06-risnov\/\" class=\"menu-link\">R\u00e2\u0219nov<\/a><\/li>\n<li id=\"menu-item-7846\" class=\"menu-item menu-item-type-post_type menu-item-object-page menu-item-7846\"><a href=\"https:\/\/ilupin.com\/fr\/travels\/eastern-europe\/romania\/2023-06-07-brasov-to-cluj\/\" class=\"menu-link\">Bra\u0219ov\u25b8Cluj<\/a><\/li>\n<li id=\"menu-item-7845\" class=\"menu-item menu-item-type-post_type menu-item-object-page menu-item-7845\"><a href=\"https:\/\/ilupin.com\/fr\/travels\/eastern-europe\/romania\/2023-06-08-salina-turda\/\" class=\"menu-link\">Salina Turda<\/a><\/li>\n<li id=\"menu-item-7844\" class=\"menu-item menu-item-type-post_type menu-item-object-page menu-item-7844\"><a href=\"https:\/\/ilupin.com\/fr\/travels\/eastern-europe\/romania\/2023-06-09-alba-iulia\/\" class=\"menu-link\">Alba Iulia<\/a><\/li>\n<li id=\"menu-item-7843\" class=\"menu-item menu-item-type-post_type menu-item-object-page menu-item-7843\"><a href=\"https:\/\/ilupin.com\/fr\/travels\/eastern-europe\/romania\/2023-06-10-cluj-to-lyon\/\" class=\"menu-link\">Cluj\u25b8Lyon<\/a><\/li>\n<\/ul><\/div>\n","protected":false},"excerpt":{"rendered":"<p>Sinaia est une charmante ville situ\u00e9e \u00e0 environ une heure de Bra\u0219ov en train. \u00c0&nbsp;ne pas manquer&#8239;! Processus et r\u00e9sultat. On grimpe vers les c\u00e9l\u00e8bres ch\u00e2teaux en passant devant des maisons atmosph\u00e9riques. La ville respire le confort. Le tyrannosaure Gabriel s\u2019occupe du m\u00e9nage. Le ch\u00e2teau intime et chaleureux de Peli\u0219or a \u00e9t\u00e9 construit par Carol [&hellip;]<\/p>\n","protected":false},"author":1,"featured_media":0,"parent":7919,"menu_order":4,"comment_status":"closed","ping_status":"closed","template":"","meta":{"site-sidebar-layout":"default","site-content-layout":null,"ast-site-content-layout":"default","site-content-style":"default","site-sidebar-style":"default","ast-global-header-display":"","ast-banner-title-visibility":"","ast-main-header-display":"","ast-hfb-above-header-display":"","ast-hfb-below-header-display":"","ast-hfb-mobile-header-display":"","site-post-title":"","ast-breadcrumbs-content":"","ast-featured-img":"","footer-sml-layout":"","ast-disable-related-posts":"","theme-transparent-header-meta":"","adv-header-id-meta":null,"stick-header-meta":null,"header-above-stick-meta":null,"header-main-stick-meta":null,"header-below-stick-meta":null,"astra-migrate-meta-layouts":"set","ast-page-background-enabled":"default","ast-page-background-meta":{"desktop":{"background-color":"","background-image":"","background-repeat":"repeat","background-position":"center center","background-size":"auto","background-attachment":"scroll","background-type":"","background-media":"","overlay-type":"","overlay-color":"","overlay-opacity":"","overlay-gradient":""},"tablet":{"background-color":"","background-image":"","background-repeat":"repeat","background-position":"center center","background-size":"auto","background-attachment":"scroll","background-type":"","background-media":"","overlay-type":"","overlay-color":"","overlay-opacity":"","overlay-gradient":""},"mobile":{"background-color":"","background-image":"","background-repeat":"repeat","background-position":"center center","background-size":"auto","background-attachment":"scroll","background-type":"","background-media":"","overlay-type":"","overlay-color":"","overlay-opacity":"","overlay-gradient":""}},"ast-content-background-meta":{"desktop":{"background-color":"var(--ast-global-color-5)","background-image":"","background-repeat":"repeat","background-position":"center center","background-size":"auto","background-attachment":"scroll","background-type":"","background-media":"","overlay-type":"","overlay-color":"","overlay-opacity":"","overlay-gradient":""},"tablet":{"background-color":"var(--ast-global-color-5)","background-image":"","background-repeat":"repeat","background-position":"center center","background-size":"auto","background-attachment":"scroll","background-type":"","background-media":"","overlay-type":"","overlay-color":"","overlay-opacity":"","overlay-gradient":""},"mobile":{"background-color":"var(--ast-global-color-5)","background-image":"","background-repeat":"repeat","background-position":"center center","background-size":"auto","background-attachment":"scroll","background-type":"","background-media":"","overlay-type":"","overlay-color":"","overlay-opacity":"","overlay-gradient":""}},"footnotes":""},"class_list":["post-7801","page","type-page","status-publish","hentry"],"_links":{"self":[{"href":"https:\/\/ilupin.com\/fr\/wp-json\/wp\/v2\/pages\/7801","targetHints":{"allow":["GET"]}}],"collection":[{"href":"https:\/\/ilupin.com\/fr\/wp-json\/wp\/v2\/pages"}],"about":[{"href":"https:\/\/ilupin.com\/fr\/wp-json\/wp\/v2\/types\/page"}],"author":[{"embeddable":true,"href":"https:\/\/ilupin.com\/fr\/wp-json\/wp\/v2\/users\/1"}],"replies":[{"embeddable":true,"href":"https:\/\/ilupin.com\/fr\/wp-json\/wp\/v2\/comments?post=7801"}],"version-history":[{"count":106,"href":"https:\/\/ilupin.com\/fr\/wp-json\/wp\/v2\/pages\/7801\/revisions"}],"predecessor-version":[{"id":12621,"href":"https:\/\/ilupin.com\/fr\/wp-json\/wp\/v2\/pages\/7801\/revisions\/12621"}],"up":[{"embeddable":true,"href":"https:\/\/ilupin.com\/fr\/wp-json\/wp\/v2\/pages\/7919"}],"wp:attachment":[{"href":"https:\/\/ilupin.com\/fr\/wp-json\/wp\/v2\/media?parent=7801"}],"curies":[{"name":"wp","href":"https:\/\/api.w.org\/{rel}","templated":true}]}}