{"id":7803,"date":"2023-06-12T22:45:00","date_gmt":"2023-06-12T20:45:00","guid":{"rendered":"https:\/\/ilupin.com\/en\/?page_id=7803"},"modified":"2025-06-09T13:36:39","modified_gmt":"2025-06-09T11:36:39","slug":"2023-06-05-poiana-brasov","status":"publish","type":"page","link":"https:\/\/ilupin.com\/fr\/travels\/eastern-europe\/romania\/2023-06-05-poiana-brasov\/","title":{"rendered":"Poiana Bra\u0219ov : vall\u00e9es, montagnes et for\u00eats"},"content":{"rendered":"\n<div class=\"travels\"><ol>\n\n<li>Bonjour \u00e0 Bra\u0219ov. Un lucane de sept centim\u00e8tres prend un bain de soleil sur l\u2019arcade de la porte Catherine.  \n<img decoding=\"async\" src=\"\/wp-content\/uploads\/travels\/eastern-europe\/romania\/2023-06-05-poiana-brasov\/2493.jpg\"><\/li>\n\n<li>La principale maternit\u00e9 de la ville depuis 1973 (avant c\u2019\u00e9tait une facult\u00e9 de m\u00e9decine).\n<img decoding=\"async\" src=\"\/wp-content\/uploads\/travels\/eastern-europe\/romania\/2023-06-05-poiana-brasov\/2496.jpg\"><\/li>\n\n<li>La Tour noire du XV<sup>e<\/sup> si\u00e8cle (indiqu\u00e9 modestement sous les meurtri\u00e8res) n\u2019est plus si noire, mais elle a \u00e9galement br\u00fbl\u00e9 autrefois, et c\u2019est pas oubli\u00e9.\n<img decoding=\"async\" src=\"\/wp-content\/uploads\/travels\/eastern-europe\/romania\/2023-06-05-poiana-brasov\/2507.jpg\"><\/li>\n\n<li>Un saxophoniste s\u2019est install\u00e9 pr\u00e8s de la tour et demande m\u00e9thodiquement aux passants d\u2019o\u00f9 ils viennent.\n<img decoding=\"async\" src=\"\/wp-content\/uploads\/travels\/eastern-europe\/romania\/2023-06-05-poiana-brasov\/2508.jpg\"><\/li>\n \n<li>Centre culturel Apollonia.\n<img decoding=\"async\" src=\"\/wp-content\/uploads\/travels\/eastern-europe\/romania\/2023-06-05-poiana-brasov\/2514.jpg\"><\/li>\n\n<li>L\u2019\u00e9glise franciscaine a \u00e9t\u00e9 construite il y a trois si\u00e8cles dans le cadre du monast\u00e8re franciscain (il en restait peu \u00e0 l\u2019\u00e9poque).\n<img decoding=\"async\" src=\"\/wp-content\/uploads\/travels\/eastern-europe\/romania\/2023-06-05-poiana-brasov\/2518.jpg\"><\/li>\n\n<li>L\u2019un des murs du monast\u00e8re.\n<img decoding=\"async\" src=\"\/wp-content\/uploads\/travels\/eastern-europe\/romania\/2023-06-05-poiana-brasov\/2522.jpg\"><\/li>\n\n<li>Il y a beaucoup de choses ici \u00e0 se signer devant. \n<img decoding=\"async\" src=\"\/wp-content\/uploads\/travels\/eastern-europe\/romania\/2023-06-05-poiana-brasov\/2527.jpg\"><\/li>\n\n<li>Apr\u00e8s le d\u00e9jeuner, j\u2019ai pris un bus avec une remorque \u00e0 v\u00e9lo pour me rendre \u00e0 la pittoresque station de ski <a href=\"https:\/\/en.wikipedia.org\/wiki\/Poiana_Bra%C8%99ov\">Poiana&nbsp;Bra\u0219ov<\/a>.\n<img decoding=\"async\" src=\"\/wp-content\/uploads\/travels\/eastern-europe\/romania\/2023-06-05-poiana-brasov\/2542.jpg\"><\/li>\n\n<li>Je me dirige vers le t\u00e9l\u00e9ph\u00e9rique, devant le cirque sur roues.\n<img decoding=\"async\" src=\"\/wp-content\/uploads\/travels\/eastern-europe\/romania\/2023-06-05-poiana-brasov\/2555.jpg\"><\/li>\n\n<li>L\u2019\u00e9glise St. Jean-Baptiste est plus jeune que moi, mais construite dans le style <a href=\"https:\/\/fr.wikipedia.org\/wiki\/%C3%89glises_en_bois_du_Maramure%C8%99\">Maramure\u0219<\/a> pour vendre des souvenirs aux touristes cr\u00e9dules.\n<img decoding=\"async\" src=\"\/wp-content\/uploads\/travels\/eastern-europe\/romania\/2023-06-05-poiana-brasov\/2556.jpg\"><\/li>\n\n<li>Spa Aurelius sait aussi se pr\u00e9senter.\n<img decoding=\"async\" src=\"\/wp-content\/uploads\/travels\/eastern-europe\/romania\/2023-06-05-poiana-brasov\/2567.jpg\"><\/li>\n\n<li>Une enseigne effrayante de l\u2019h\u00f4tel Escalade. N\u2019allez pas grimper, les enfants, vous finirez&nbsp;mal.\n<img decoding=\"async\" src=\"\/wp-content\/uploads\/travels\/eastern-europe\/romania\/2023-06-05-poiana-brasov\/2580.jpg\"><\/li>\n\n<li>On monte dans une cabine Coca-Cola au-dessus d\u2019un r\u00e9servoir ind\u00e9cemment g\u00e9om\u00e9trique.\n<img decoding=\"async\" src=\"\/wp-content\/uploads\/travels\/eastern-europe\/romania\/2023-06-05-poiana-brasov\/2611.jpg\"><\/li>\n\n<li>Un h\u00f4tel-restaurant en contrebas des t\u00e9l\u00e9ph\u00e9riques. La vue depuis les fen\u00eatres est s\u00fbrement magnifique, mais l\u2019infrastructure est&nbsp;nulle.\n<img decoding=\"async\" src=\"\/wp-content\/uploads\/travels\/eastern-europe\/romania\/2023-06-05-poiana-brasov\/2630.jpg\"><\/li>\n\n<li>Il reste encore une centaine de m\u00e8tres jusqu\u2019au sommet.\n<img decoding=\"async\" src=\"\/wp-content\/uploads\/travels\/eastern-europe\/romania\/2023-06-05-poiana-brasov\/2642.jpg\"><\/li>\n\n<li>Ce que les gens ne font pas pour monter&nbsp;ici.\n<img decoding=\"async\" src=\"\/wp-content\/uploads\/travels\/eastern-europe\/romania\/2023-06-05-poiana-brasov\/2653.jpg\"><\/li>\n\n<li>Je soup\u00e7onne qu\u2019une colonne d\u2019un m\u00e8tre a \u00e9t\u00e9 install\u00e9e au sommet du <a href=\"https:\/\/fr.wikipedia.org\/wiki\/Post%C4%83varu\">massif du Post\u0103varul<\/a> (1799&#8239;m) dans un souci d\u2019arrondi.\n<img decoding=\"async\" src=\"\/wp-content\/uploads\/travels\/eastern-europe\/romania\/2023-06-05-poiana-brasov\/2684.jpg\"><\/li>\n\n<li>Regardons le chemin parcouru.\n<img decoding=\"async\" src=\"\/wp-content\/uploads\/travels\/eastern-europe\/romania\/2023-06-05-poiana-brasov\/2686.jpg\"><\/li>\n\n<li>Profitons des espaces infinis.\n<img decoding=\"async\" src=\"\/wp-content\/uploads\/travels\/eastern-europe\/romania\/2023-06-05-poiana-brasov\/2699.jpg\"><\/li>\n\n<li>Et puis descendons un peu en butant sur les panneaux \u00ab&#8239;Acc\u00e8s interdit&#8239;\u00bb. (Pardon, mais&nbsp;o\u00f9&#8239;?)\n<img decoding=\"async\" src=\"\/wp-content\/uploads\/travels\/eastern-europe\/romania\/2023-06-05-poiana-brasov\/2726.jpg\"><\/li>\n\n<li>Je traverse une for\u00eat dense jusqu\u2019\u00e0 Pe\u015ftera de Lapte (la&nbsp;Grotte de&nbsp;lait).\n<img decoding=\"async\" src=\"\/wp-content\/uploads\/travels\/eastern-europe\/romania\/2023-06-05-poiana-brasov\/2766.jpg\"><\/li>\n\n<li>On devait encore remarquer l\u2019entr\u00e9e. S\u2019il n\u2019y avait pas le panneau, je le chercherais toujours.\n<img decoding=\"async\" src=\"\/wp-content\/uploads\/travels\/eastern-europe\/romania\/2023-06-05-poiana-brasov\/2769.jpg\"><\/li>\n\n<li>Il fait froid polaire, humidit\u00e9 glissante et obscurit\u00e9 totale \u00e0 l\u2019int\u00e9rieur. Le&nbsp;petit point lumineux au centre est l\u2019entr\u00e9e m\u00eame.\n<img decoding=\"async\" src=\"\/wp-content\/uploads\/travels\/eastern-europe\/romania\/2023-06-05-poiana-brasov\/2782.jpg\"><\/li>\n\n<li>Couches g\u00e9ologiques. Surveillez votre t\u00eate.\n<img decoding=\"async\" src=\"\/wp-content\/uploads\/travels\/eastern-europe\/romania\/2023-06-05-poiana-brasov\/2798.jpg\"><\/li>\n\n<li>Je n\u2019ai aucune id\u00e9e de qui a \u00e9t\u00e9 trait dans cette Grotte de lait, mais je ferais mieux de partir.\n<img decoding=\"async\" src=\"\/wp-content\/uploads\/travels\/eastern-europe\/romania\/2023-06-05-poiana-brasov\/2799.jpg\"><\/li>\n\n<li>Ces fraises des bois n\u2019ont pas fleuri pour&nbsp;moi.\n<img decoding=\"async\" src=\"\/wp-content\/uploads\/travels\/eastern-europe\/romania\/2023-06-05-poiana-brasov\/2801.jpg\"><\/li>\n\n<li>Le bousier est d\u2019ailleurs un parent du scarab\u00e9e sacr\u00e9. Montrez du&nbsp;respect.\n<img decoding=\"async\" src=\"\/wp-content\/uploads\/travels\/eastern-europe\/romania\/2023-06-05-poiana-brasov\/2813.jpg\"><\/li>\n\n<li>Rochers au soleil couchant.\n<img decoding=\"async\" src=\"\/wp-content\/uploads\/travels\/eastern-europe\/romania\/2023-06-05-poiana-brasov\/2823.jpg\"><\/li>\n\n<li>Pastorale des Carpates.\n<img decoding=\"async\" src=\"\/wp-content\/uploads\/travels\/eastern-europe\/romania\/2023-06-05-poiana-brasov\/2825.jpg\"><\/li>\n\n<\/ol><\/div>\n\n\n\n<div class=\"menu-romania-23-container\"><ul id=\"menu-romania-23\" class=\"menu\"><li id=\"menu-item-7924\" class=\"menu-item menu-item-type-post_type menu-item-object-page menu-item-7924\"><a href=\"https:\/\/ilupin.com\/fr\/?page_id=7919\" class=\"menu-link\">Roumanie 2023<\/a><\/li>\n<li id=\"menu-item-7853\" class=\"menu-item menu-item-type-post_type menu-item-object-page menu-item-7853\"><a href=\"https:\/\/ilupin.com\/fr\/travels\/eastern-europe\/romania\/2023-05-31-lyon-to-bucharest\/\" class=\"menu-link\">Lyon\u25b8Bucarest<\/a><\/li>\n<li id=\"menu-item-7852\" class=\"menu-item menu-item-type-post_type menu-item-object-page menu-item-7852\"><a href=\"https:\/\/ilupin.com\/fr\/travels\/eastern-europe\/romania\/2023-06-01-old-town\/\" class=\"menu-link\">Vielle ville<\/a><\/li>\n<li id=\"menu-item-7851\" class=\"menu-item menu-item-type-post_type menu-item-object-page menu-item-7851\"><a href=\"https:\/\/ilupin.com\/fr\/travels\/eastern-europe\/romania\/2023-06-02-village-museum\/\" class=\"menu-link\">Mus\u00e9e du village<\/a><\/li>\n<li id=\"menu-item-7850\" class=\"menu-item menu-item-type-post_type menu-item-object-page menu-item-7850\"><a href=\"https:\/\/ilupin.com\/fr\/travels\/eastern-europe\/romania\/2023-06-03-bucharest-to-brasov\/\" class=\"menu-link\">Bucarest\u25b8Bra\u0219ov<\/a><\/li>\n<li id=\"menu-item-7849\" class=\"menu-item menu-item-type-post_type menu-item-object-page menu-item-7849\"><a href=\"https:\/\/ilupin.com\/fr\/travels\/eastern-europe\/romania\/2023-06-04-sinaia\/\" class=\"menu-link\">Sinaia<\/a><\/li>\n<li id=\"menu-item-7848\" class=\"menu-item menu-item-type-post_type menu-item-object-page menu-item-7848\"><a href=\"https:\/\/ilupin.com\/fr\/travels\/eastern-europe\/romania\/2023-06-05-poiana-brasov\/\" class=\"menu-link\">Poiana Bra\u0219ov<\/a><\/li>\n<li id=\"menu-item-7847\" class=\"menu-item menu-item-type-post_type menu-item-object-page menu-item-7847\"><a href=\"https:\/\/ilupin.com\/fr\/travels\/eastern-europe\/romania\/2023-06-06-risnov\/\" class=\"menu-link\">R\u00e2\u0219nov<\/a><\/li>\n<li id=\"menu-item-7846\" class=\"menu-item menu-item-type-post_type menu-item-object-page menu-item-7846\"><a href=\"https:\/\/ilupin.com\/fr\/travels\/eastern-europe\/romania\/2023-06-07-brasov-to-cluj\/\" class=\"menu-link\">Bra\u0219ov\u25b8Cluj<\/a><\/li>\n<li id=\"menu-item-7845\" class=\"menu-item menu-item-type-post_type menu-item-object-page menu-item-7845\"><a href=\"https:\/\/ilupin.com\/fr\/travels\/eastern-europe\/romania\/2023-06-08-salina-turda\/\" class=\"menu-link\">Salina Turda<\/a><\/li>\n<li id=\"menu-item-7844\" class=\"menu-item menu-item-type-post_type menu-item-object-page menu-item-7844\"><a href=\"https:\/\/ilupin.com\/fr\/travels\/eastern-europe\/romania\/2023-06-09-alba-iulia\/\" class=\"menu-link\">Alba Iulia<\/a><\/li>\n<li id=\"menu-item-7843\" class=\"menu-item menu-item-type-post_type menu-item-object-page menu-item-7843\"><a href=\"https:\/\/ilupin.com\/fr\/travels\/eastern-europe\/romania\/2023-06-10-cluj-to-lyon\/\" class=\"menu-link\">Cluj\u25b8Lyon<\/a><\/li>\n<\/ul><\/div>\n","protected":false},"excerpt":{"rendered":"<p>Bonjour \u00e0 Bra\u0219ov. Un lucane de sept centim\u00e8tres prend un bain de soleil sur l\u2019arcade de la porte Catherine. La principale maternit\u00e9 de la ville depuis 1973 (avant c\u2019\u00e9tait une facult\u00e9 de m\u00e9decine). La Tour noire du XVe si\u00e8cle (indiqu\u00e9 modestement sous les meurtri\u00e8res) n\u2019est plus si noire, mais elle a \u00e9galement br\u00fbl\u00e9 autrefois, et [&hellip;]<\/p>\n","protected":false},"author":1,"featured_media":0,"parent":7919,"menu_order":5,"comment_status":"closed","ping_status":"closed","template":"","meta":{"site-sidebar-layout":"default","site-content-layout":null,"ast-site-content-layout":"default","site-content-style":"default","site-sidebar-style":"default","ast-global-header-display":"","ast-banner-title-visibility":"","ast-main-header-display":"","ast-hfb-above-header-display":"","ast-hfb-below-header-display":"","ast-hfb-mobile-header-display":"","site-post-title":"","ast-breadcrumbs-content":"","ast-featured-img":"","footer-sml-layout":"","ast-disable-related-posts":"","theme-transparent-header-meta":"","adv-header-id-meta":null,"stick-header-meta":null,"header-above-stick-meta":null,"header-main-stick-meta":null,"header-below-stick-meta":null,"astra-migrate-meta-layouts":"set","ast-page-background-enabled":"default","ast-page-background-meta":{"desktop":{"background-color":"","background-image":"","background-repeat":"repeat","background-position":"center center","background-size":"auto","background-attachment":"scroll","background-type":"","background-media":"","overlay-type":"","overlay-color":"","overlay-opacity":"","overlay-gradient":""},"tablet":{"background-color":"","background-image":"","background-repeat":"repeat","background-position":"center center","background-size":"auto","background-attachment":"scroll","background-type":"","background-media":"","overlay-type":"","overlay-color":"","overlay-opacity":"","overlay-gradient":""},"mobile":{"background-color":"","background-image":"","background-repeat":"repeat","background-position":"center center","background-size":"auto","background-attachment":"scroll","background-type":"","background-media":"","overlay-type":"","overlay-color":"","overlay-opacity":"","overlay-gradient":""}},"ast-content-background-meta":{"desktop":{"background-color":"var(--ast-global-color-5)","background-image":"","background-repeat":"repeat","background-position":"center center","background-size":"auto","background-attachment":"scroll","background-type":"","background-media":"","overlay-type":"","overlay-color":"","overlay-opacity":"","overlay-gradient":""},"tablet":{"background-color":"var(--ast-global-color-5)","background-image":"","background-repeat":"repeat","background-position":"center center","background-size":"auto","background-attachment":"scroll","background-type":"","background-media":"","overlay-type":"","overlay-color":"","overlay-opacity":"","overlay-gradient":""},"mobile":{"background-color":"var(--ast-global-color-5)","background-image":"","background-repeat":"repeat","background-position":"center center","background-size":"auto","background-attachment":"scroll","background-type":"","background-media":"","overlay-type":"","overlay-color":"","overlay-opacity":"","overlay-gradient":""}},"footnotes":""},"class_list":["post-7803","page","type-page","status-publish","hentry"],"_links":{"self":[{"href":"https:\/\/ilupin.com\/fr\/wp-json\/wp\/v2\/pages\/7803","targetHints":{"allow":["GET"]}}],"collection":[{"href":"https:\/\/ilupin.com\/fr\/wp-json\/wp\/v2\/pages"}],"about":[{"href":"https:\/\/ilupin.com\/fr\/wp-json\/wp\/v2\/types\/page"}],"author":[{"embeddable":true,"href":"https:\/\/ilupin.com\/fr\/wp-json\/wp\/v2\/users\/1"}],"replies":[{"embeddable":true,"href":"https:\/\/ilupin.com\/fr\/wp-json\/wp\/v2\/comments?post=7803"}],"version-history":[{"count":89,"href":"https:\/\/ilupin.com\/fr\/wp-json\/wp\/v2\/pages\/7803\/revisions"}],"predecessor-version":[{"id":12622,"href":"https:\/\/ilupin.com\/fr\/wp-json\/wp\/v2\/pages\/7803\/revisions\/12622"}],"up":[{"embeddable":true,"href":"https:\/\/ilupin.com\/fr\/wp-json\/wp\/v2\/pages\/7919"}],"wp:attachment":[{"href":"https:\/\/ilupin.com\/fr\/wp-json\/wp\/v2\/media?parent=7803"}],"curies":[{"name":"wp","href":"https:\/\/api.w.org\/{rel}","templated":true}]}}