{"id":7807,"date":"2023-06-12T22:50:05","date_gmt":"2023-06-12T20:50:05","guid":{"rendered":"https:\/\/ilupin.com\/en\/?page_id=7807"},"modified":"2026-03-07T13:04:04","modified_gmt":"2026-03-07T12:04:04","slug":"2023-06-07-brasov-to-cluj","status":"publish","type":"page","link":"https:\/\/ilupin.com\/fr\/travels\/eastern-europe\/romania\/2023-06-07-brasov-to-cluj\/","title":{"rendered":"Bra\u0219ov \u00e0 Cluj-Napoca"},"content":{"rendered":"\n<div class=\"travels\"><ol>\n\n<li>Dernier jour \u00e0 Bra\u0219ov avant le trajet de six heures en train jusqu\u2019\u00e0 Cluj. Joignons nos mains, amis.\n<img decoding=\"async\" src=\"\/wp-content\/uploads\/travels\/eastern-europe\/romania\/2023-06-07-brasov-to-cluj\/3192.jpg\"><\/li>\n\n<li>Mange, prie, aime. Tant que tu le&nbsp;peux.\n<img decoding=\"async\" src=\"\/wp-content\/uploads\/travels\/eastern-europe\/romania\/2023-06-07-brasov-to-cluj\/3191.jpg\"><\/li>\n\n<li>Je demande pardon, mais que <span class=\"nobr\">fait-il ?<\/span>\n<img decoding=\"async\" src=\"\/wp-content\/uploads\/travels\/eastern-europe\/romania\/2023-06-07-brasov-to-cluj\/3196.jpg\"><\/li>\n\n<li>Le coin sud-est du mur de la forteresse et son Bastion des drapiers (des orf\u00e8vres \u00e0&nbsp;l\u2019origine), incroyablement fortifi\u00e9.\n<img decoding=\"async\" src=\"\/wp-content\/uploads\/travels\/eastern-europe\/romania\/2023-06-07-brasov-to-cluj\/3202.jpg\"><\/li>\n\n<li>Miniature en passe-partout. Je suis artiste, je le vois comme&nbsp;\u00e7a.\n<img decoding=\"async\" src=\"\/wp-content\/uploads\/travels\/eastern-europe\/romania\/2023-06-07-brasov-to-cluj\/3203.jpg\"><\/li>\n\n<li>La Tour poudri\u00e8re, occup\u00e9e plus tard par des charpentiers. C\u2019est imm\u00e9diatement clair depuis les balustrades.\n<img decoding=\"async\" src=\"\/wp-content\/uploads\/travels\/eastern-europe\/romania\/2023-06-07-brasov-to-cluj\/3211.jpg\"><\/li>\n\n<li>Nous n\u00e9gligeons vos banquettes.\n<img decoding=\"async\" src=\"\/wp-content\/uploads\/travels\/eastern-europe\/romania\/2023-06-07-brasov-to-cluj\/3213-0062.jpg\"><\/li>\n\n<li>Cui-cui.\n<img decoding=\"async\" src=\"\/wp-content\/uploads\/travels\/eastern-europe\/romania\/2023-06-07-brasov-to-cluj\/3215.jpg\"><\/li>\n\n<li>Un foss\u00e9 avec des <s>crocodiles<\/s> cyclistes.\n<img decoding=\"async\" src=\"\/wp-content\/uploads\/travels\/eastern-europe\/romania\/2023-06-07-brasov-to-cluj\/3225.jpg\"><\/li>\n\n<li>Comme je l\u2019ai d\u00e9j\u00e0 dit, il vaut mieux regarder la ville depuis la Tour blanche que l\u2019inverse.\n<img decoding=\"async\" src=\"\/wp-content\/uploads\/travels\/eastern-europe\/romania\/2023-06-07-brasov-to-cluj\/3239.jpg\"><\/li>\n\n<li>Les belles rayures ne se dessineront pas toutes seules.\n<img decoding=\"async\" src=\"\/wp-content\/uploads\/travels\/eastern-europe\/romania\/2023-06-07-brasov-to-cluj\/3244.jpg\"><\/li>\n\n<li>Je pense que je vais y&nbsp;aller.\n<img decoding=\"async\" src=\"\/wp-content\/uploads\/travels\/eastern-europe\/romania\/2023-06-07-brasov-to-cluj\/3249.jpg\"><\/li>\n\n<li>Es-tu \u00e9picier ou fleuriste apr\u00e8s&nbsp;tout&#8239;?\n<img decoding=\"async\" src=\"\/wp-content\/uploads\/travels\/eastern-europe\/romania\/2023-06-07-brasov-to-cluj\/3256.jpg\"><\/li>\n\n<li>Ne mange pas mon cerveau&#8239;!\n<img decoding=\"async\" src=\"\/wp-content\/uploads\/travels\/eastern-europe\/romania\/2023-06-07-brasov-to-cluj\/3257.jpg\"><\/li>\n\n<li>Coup int\u00e9ressant.\n<img decoding=\"async\" src=\"\/wp-content\/uploads\/travels\/eastern-europe\/romania\/2023-06-07-brasov-to-cluj\/3260.jpg\"><\/li>\n\n<li>Longue route vers Cluj.\n<img decoding=\"async\" src=\"\/wp-content\/uploads\/travels\/eastern-europe\/romania\/2023-06-07-brasov-to-cluj\/3309.jpg\"><\/li>\n\n<li>Bel \u00e9t\u00e9 \u00e0&nbsp;tous.\n<img decoding=\"async\" src=\"\/wp-content\/uploads\/travels\/eastern-europe\/romania\/2023-06-07-brasov-to-cluj\/3285.jpg\"><\/li>\n\n<\/ol><\/div>\n\n\n\n<div class=\"menu-romania-23-container\"><ul id=\"menu-romania-23\" class=\"menu\"><li id=\"menu-item-7924\" class=\"menu-item menu-item-type-post_type menu-item-object-page menu-item-7924\"><a href=\"https:\/\/ilupin.com\/fr\/?page_id=7919\" class=\"menu-link\">Roumanie 2023<\/a><\/li>\n<li id=\"menu-item-7853\" class=\"menu-item menu-item-type-post_type menu-item-object-page menu-item-7853\"><a href=\"https:\/\/ilupin.com\/fr\/travels\/eastern-europe\/romania\/2023-05-31-lyon-to-bucharest\/\" class=\"menu-link\">Lyon\u25b8Bucarest<\/a><\/li>\n<li id=\"menu-item-7852\" class=\"menu-item menu-item-type-post_type menu-item-object-page menu-item-7852\"><a href=\"https:\/\/ilupin.com\/fr\/travels\/eastern-europe\/romania\/2023-06-01-old-town\/\" class=\"menu-link\">Vielle ville<\/a><\/li>\n<li id=\"menu-item-7851\" class=\"menu-item menu-item-type-post_type menu-item-object-page menu-item-7851\"><a href=\"https:\/\/ilupin.com\/fr\/travels\/eastern-europe\/romania\/2023-06-02-village-museum\/\" class=\"menu-link\">Mus\u00e9e du village<\/a><\/li>\n<li id=\"menu-item-7850\" class=\"menu-item menu-item-type-post_type menu-item-object-page menu-item-7850\"><a href=\"https:\/\/ilupin.com\/fr\/travels\/eastern-europe\/romania\/2023-06-03-bucharest-to-brasov\/\" class=\"menu-link\">Bucarest\u25b8Bra\u0219ov<\/a><\/li>\n<li id=\"menu-item-7849\" class=\"menu-item menu-item-type-post_type menu-item-object-page menu-item-7849\"><a href=\"https:\/\/ilupin.com\/fr\/travels\/eastern-europe\/romania\/2023-06-04-sinaia\/\" class=\"menu-link\">Sinaia<\/a><\/li>\n<li id=\"menu-item-7848\" class=\"menu-item menu-item-type-post_type menu-item-object-page menu-item-7848\"><a href=\"https:\/\/ilupin.com\/fr\/travels\/eastern-europe\/romania\/2023-06-05-poiana-brasov\/\" class=\"menu-link\">Poiana Bra\u0219ov<\/a><\/li>\n<li id=\"menu-item-7847\" class=\"menu-item menu-item-type-post_type menu-item-object-page menu-item-7847\"><a href=\"https:\/\/ilupin.com\/fr\/travels\/eastern-europe\/romania\/2023-06-06-risnov\/\" class=\"menu-link\">R\u00e2\u0219nov<\/a><\/li>\n<li id=\"menu-item-7846\" class=\"menu-item menu-item-type-post_type menu-item-object-page menu-item-7846\"><a href=\"https:\/\/ilupin.com\/fr\/travels\/eastern-europe\/romania\/2023-06-07-brasov-to-cluj\/\" class=\"menu-link\">Bra\u0219ov\u25b8Cluj<\/a><\/li>\n<li id=\"menu-item-7845\" class=\"menu-item menu-item-type-post_type menu-item-object-page menu-item-7845\"><a href=\"https:\/\/ilupin.com\/fr\/travels\/eastern-europe\/romania\/2023-06-08-salina-turda\/\" class=\"menu-link\">Salina Turda<\/a><\/li>\n<li id=\"menu-item-7844\" class=\"menu-item menu-item-type-post_type menu-item-object-page menu-item-7844\"><a href=\"https:\/\/ilupin.com\/fr\/travels\/eastern-europe\/romania\/2023-06-09-alba-iulia\/\" class=\"menu-link\">Alba Iulia<\/a><\/li>\n<li id=\"menu-item-7843\" class=\"menu-item menu-item-type-post_type menu-item-object-page menu-item-7843\"><a href=\"https:\/\/ilupin.com\/fr\/travels\/eastern-europe\/romania\/2023-06-10-cluj-to-lyon\/\" class=\"menu-link\">Cluj\u25b8Lyon<\/a><\/li>\n<\/ul><\/div>\n","protected":false},"excerpt":{"rendered":"<p>Dernier jour \u00e0 Bra\u0219ov avant le trajet de six heures en train jusqu\u2019\u00e0 Cluj. Joignons nos mains, amis. Mange, prie, aime. Tant que tu le&nbsp;peux. Je demande pardon, mais que fait-il ? Le coin sud-est du mur de la forteresse et son Bastion des drapiers (des orf\u00e8vres \u00e0&nbsp;l\u2019origine), incroyablement fortifi\u00e9. Miniature en passe-partout. Je suis [&hellip;]<\/p>\n","protected":false},"author":1,"featured_media":0,"parent":7919,"menu_order":7,"comment_status":"closed","ping_status":"closed","template":"","meta":{"site-sidebar-layout":"default","site-content-layout":null,"ast-site-content-layout":"default","site-content-style":"default","site-sidebar-style":"default","ast-global-header-display":"","ast-banner-title-visibility":"","ast-main-header-display":"","ast-hfb-above-header-display":null,"ast-hfb-below-header-display":null,"ast-hfb-mobile-header-display":null,"site-post-title":"","ast-breadcrumbs-content":null,"ast-featured-img":"","footer-sml-layout":"","ast-disable-related-posts":"","theme-transparent-header-meta":"","adv-header-id-meta":null,"stick-header-meta":null,"header-above-stick-meta":null,"header-main-stick-meta":null,"header-below-stick-meta":null,"astra-migrate-meta-layouts":"set","ast-page-background-enabled":"default","ast-page-background-meta":{"desktop":{"background-color":"","background-image":"","background-repeat":"repeat","background-position":"center center","background-size":"auto","background-attachment":"scroll","background-type":"","background-media":"","overlay-type":"","overlay-color":"","overlay-opacity":"","overlay-gradient":""},"tablet":{"background-color":"","background-image":"","background-repeat":"repeat","background-position":"center center","background-size":"auto","background-attachment":"scroll","background-type":"","background-media":"","overlay-type":"","overlay-color":"","overlay-opacity":"","overlay-gradient":""},"mobile":{"background-color":"","background-image":"","background-repeat":"repeat","background-position":"center center","background-size":"auto","background-attachment":"scroll","background-type":"","background-media":"","overlay-type":"","overlay-color":"","overlay-opacity":"","overlay-gradient":""}},"ast-content-background-meta":{"desktop":{"background-color":"var(--ast-global-color-5)","background-image":"","background-repeat":"repeat","background-position":"center center","background-size":"auto","background-attachment":"scroll","background-type":"","background-media":"","overlay-type":"","overlay-color":"","overlay-opacity":"","overlay-gradient":""},"tablet":{"background-color":"var(--ast-global-color-5)","background-image":"","background-repeat":"repeat","background-position":"center center","background-size":"auto","background-attachment":"scroll","background-type":"","background-media":"","overlay-type":"","overlay-color":"","overlay-opacity":"","overlay-gradient":""},"mobile":{"background-color":"var(--ast-global-color-5)","background-image":"","background-repeat":"repeat","background-position":"center center","background-size":"auto","background-attachment":"scroll","background-type":"","background-media":"","overlay-type":"","overlay-color":"","overlay-opacity":"","overlay-gradient":""}},"footnotes":""},"class_list":["post-7807","page","type-page","status-publish","hentry"],"_links":{"self":[{"href":"https:\/\/ilupin.com\/fr\/wp-json\/wp\/v2\/pages\/7807","targetHints":{"allow":["GET"]}}],"collection":[{"href":"https:\/\/ilupin.com\/fr\/wp-json\/wp\/v2\/pages"}],"about":[{"href":"https:\/\/ilupin.com\/fr\/wp-json\/wp\/v2\/types\/page"}],"author":[{"embeddable":true,"href":"https:\/\/ilupin.com\/fr\/wp-json\/wp\/v2\/users\/1"}],"replies":[{"embeddable":true,"href":"https:\/\/ilupin.com\/fr\/wp-json\/wp\/v2\/comments?post=7807"}],"version-history":[{"count":47,"href":"https:\/\/ilupin.com\/fr\/wp-json\/wp\/v2\/pages\/7807\/revisions"}],"predecessor-version":[{"id":13262,"href":"https:\/\/ilupin.com\/fr\/wp-json\/wp\/v2\/pages\/7807\/revisions\/13262"}],"up":[{"embeddable":true,"href":"https:\/\/ilupin.com\/fr\/wp-json\/wp\/v2\/pages\/7919"}],"wp:attachment":[{"href":"https:\/\/ilupin.com\/fr\/wp-json\/wp\/v2\/media?parent=7807"}],"curies":[{"name":"wp","href":"https:\/\/api.w.org\/{rel}","templated":true}]}}