{"id":7811,"date":"2023-06-12T22:54:29","date_gmt":"2023-06-12T20:54:29","guid":{"rendered":"https:\/\/ilupin.com\/en\/?page_id=7811"},"modified":"2025-06-09T14:12:21","modified_gmt":"2025-06-09T12:12:21","slug":"2023-06-09-alba-iulia","status":"publish","type":"page","link":"https:\/\/ilupin.com\/fr\/travels\/eastern-europe\/romania\/2023-06-09-alba-iulia\/","title":{"rendered":"Beaut\u00e9 imprenable d\u2019Alba\u00a0Iulia"},"content":{"rendered":"\n<div class=\"travels\"><ol>\n\n<li>La matin\u00e9e commence \u00e0&nbsp;<a href=\"https:\/\/fr.wikipedia.org\/wiki\/Alba_Iulia\">Alba Iulia<\/a>, car \u00e7a&nbsp;fait 2\u00bd&#8239;h en&nbsp;bus insaisissable, encore plus longtemps en train, et&nbsp;il&nbsp;faut aussi l\u2019explorer.\n<img decoding=\"async\" src=\"\/wp-content\/uploads\/travels\/eastern-europe\/romania\/2023-06-09-alba-iulia\/3669.jpg\"><\/li>\n\n<li>Un autre remake de 1988 en l\u2019honneur du m\u00eame Michel le Brave qui fut proclam\u00e9 ici prince de Transylvanie en&nbsp;1599.\n<img decoding=\"async\" src=\"\/wp-content\/uploads\/travels\/eastern-europe\/romania\/2023-06-09-alba-iulia\/3692.jpg\"><\/li>\n\n<li>\u00c9conomie naturelle.\n<img decoding=\"async\" src=\"\/wp-content\/uploads\/travels\/eastern-europe\/romania\/2023-06-09-alba-iulia\/3682.jpg\"><\/li>\n\n<li>Ob\u00e9lisque en l\u2019honneur de Horea, Clo\u0219ca et Cri\u0219an, h\u00e9ros de la <a href=\"https:\/\/fr.wikipedia.org\/wiki\/R%C3%A9volution_transylvaine_de_1784\">r\u00e9volte paysanne<\/a> de&nbsp;1784.\n<img decoding=\"async\" src=\"\/wp-content\/uploads\/travels\/eastern-europe\/romania\/2023-06-09-alba-iulia\/3702.jpg\"><\/li>\n\n<li>La deuxi\u00e8me porte de la <a href=\"https:\/\/fr.wikipedia.org\/wiki\/Citadelle_d%27Alba_Carolina\"><\/a>citadelle d\u2019Alba Carolina (elles sont en fait num\u00e9rot\u00e9es).\n<img decoding=\"async\" src=\"\/wp-content\/uploads\/travels\/eastern-europe\/romania\/2023-06-09-alba-iulia\/3716.jpg\"><\/li>\n\n<li>M\u00e8re Nature domine la ville pollu\u00e9e (\u00e0 moiti\u00e9 cach\u00e9e par les arbres). Peinture murale \u00e9cologique purificatrice de Lauren\u0163iu Alexandrescu, alias&nbsp;<a href=\"https:\/\/www.instagram.com\/irloirlo\/\">Irlo<\/a>.\n<img decoding=\"async\" src=\"\/wp-content\/uploads\/travels\/eastern-europe\/romania\/2023-06-09-alba-iulia\/3717-0067.jpg\"><\/li>\n\n<li>La nature reprend ses&nbsp;droits.\n<img decoding=\"async\" src=\"\/wp-content\/uploads\/travels\/eastern-europe\/romania\/2023-06-09-alba-iulia\/3723.jpg\"><\/li>\n\n<li>Exposition de peintures pr\u00e8s du Centre culturel Augustin Bena (compositeur, chef d\u2019orchestre, pr\u00eatre et professeur).\n<img decoding=\"async\" src=\"\/wp-content\/uploads\/travels\/eastern-europe\/romania\/2023-06-09-alba-iulia\/3727.jpg\"><\/li>\n\n<li>\u00c9glise luth\u00e9rienne et usine de&nbsp;meubles.\n<img decoding=\"async\" src=\"\/wp-content\/uploads\/travels\/eastern-europe\/romania\/2023-06-09-alba-iulia\/3735.jpg\"><\/li>\n\n<li>Le lapin ne montera pas n\u2019importe&nbsp;quoi.\n<img decoding=\"async\" src=\"\/wp-content\/uploads\/travels\/eastern-europe\/romania\/2023-06-09-alba-iulia\/3742.jpg\"><\/li>\n\n<li>Sois comme le&nbsp;lapin.\n<img decoding=\"async\" src=\"\/wp-content\/uploads\/travels\/eastern-europe\/romania\/2023-06-09-alba-iulia\/3756.jpg\"><\/li>\n\n<li>Un pont sur un foss\u00e9 pr\u00e8s du mur ext\u00e9rieur de la forteresse.\n<img decoding=\"async\" src=\"\/wp-content\/uploads\/travels\/eastern-europe\/romania\/2023-06-09-alba-iulia\/3764.jpg\"><\/li>\n\n<li>Un syst\u00e8me complexe de serrures dans la galerie int\u00e9rieure du mur ext\u00e9rieur.\n<img decoding=\"async\" src=\"\/wp-content\/uploads\/travels\/eastern-europe\/romania\/2023-06-09-alba-iulia\/3766.jpg\"><\/li>\n\n<li>Entre les murs se trouve d\u00e9sormais un espace assez vaste et paysager. Jardin japonais, par&nbsp;exemple.\n<img decoding=\"async\" src=\"\/wp-content\/uploads\/travels\/eastern-europe\/romania\/2023-06-09-alba-iulia\/3818.jpg\"><\/li>\n\n<li>Le mur int\u00e9rieur s\u2019effritait un peu pour rendre l\u2019arbre plus confortable.\n<img decoding=\"async\" src=\"\/wp-content\/uploads\/travels\/eastern-europe\/romania\/2023-06-09-alba-iulia\/3800.jpg\"><\/li>\n\n<li>Studio de musique d\u2019un groupe folk roumain dans le mur int\u00e9rieur. Je&nbsp;leur ai parl\u00e9 des <a href=\"https:\/\/fr.wikipedia.org\/wiki\/Nuits_de_Fourvi%C3%A8re\">Nuits de Fourvi\u00e8re<\/a>, ils m\u2019ont promis&nbsp;d\u2019oser.\n<img decoding=\"async\" src=\"\/wp-content\/uploads\/travels\/eastern-europe\/romania\/2023-06-09-alba-iulia\/3797.jpg\"><\/li>\n\n<li>Une girafe fi\u00e8re d\u2019un restaurant discret \u00e0 l\u2019int\u00e9rieur de la citadelle (presque le seul, ils sont surtout sur les murs et dans les quartiers&nbsp;neufs).\n<img decoding=\"async\" src=\"\/wp-content\/uploads\/travels\/eastern-europe\/romania\/2023-06-09-alba-iulia\/3813.jpg\"><\/li>\n\n<li>Bouddhistes correctement convertis.\n<img decoding=\"async\" src=\"\/wp-content\/uploads\/travels\/eastern-europe\/romania\/2023-06-09-alba-iulia\/3829.jpg\"><\/li>\n\n<li>Minou d\u2019alerte.\n<img decoding=\"async\" src=\"\/wp-content\/uploads\/travels\/eastern-europe\/romania\/2023-06-09-alba-iulia\/3838.jpg\"><\/li>\n\n<li>Cath\u00e9drale orthodoxe St.&#8239;Trinit\u00e9, construite en 1922 sp\u00e9cialement pour le <a href=\"https:\/\/fr.wikipedia.org\/wiki\/Marie_de_Saxe-Cobourg-Gotha#Couronnement\">couronnement<\/a> de Marie et Ferdinand.\n<img decoding=\"async\" src=\"\/wp-content\/uploads\/travels\/eastern-europe\/romania\/2023-06-09-alba-iulia\/3860.jpg\"><\/li>\n\n<li>Vue ext\u00e9rieure. Une partie du mur ext\u00e9rieur (je me tiens dessus), deux ponts sur le foss\u00e9, le mur int\u00e9rieur et deux cath\u00e9drales derri\u00e8re.\n<img decoding=\"async\" src=\"\/wp-content\/uploads\/travels\/eastern-europe\/romania\/2023-06-09-alba-iulia\/3889.jpg\"><\/li>\n\n<li>M\u00e9canisme de verrouillage de la porte. Il a l\u2019air impressionnant et parfois m\u00eame fonctionne.\n<img decoding=\"async\" src=\"\/wp-content\/uploads\/travels\/eastern-europe\/romania\/2023-06-09-alba-iulia\/3884.jpg\"><\/li>\n\n<li>Cath\u00e9drale St.&#8239;Michel du XIII<sup>e<\/sup> si\u00e8cle, la plus ancienne \u00e9glise catholique du pays. La sentinelle en bronze \u00e0 droite garde la&nbsp;porte.\n<img decoding=\"async\" src=\"\/wp-content\/uploads\/travels\/eastern-europe\/romania\/2023-06-09-alba-iulia\/3931.jpg\"><\/li>\n\n<li>Cours d\u2019\u00e9ducation catholique pr\u00e8s de la cath\u00e9drale.\n<img decoding=\"async\" src=\"\/wp-content\/uploads\/travels\/eastern-europe\/romania\/2023-06-09-alba-iulia\/3935.jpg\"><\/li>\n\n<li>Achetez des fleurs, bons messieurs ! Les figures en bronze vivantes et vari\u00e9es de <a href=\"https:\/\/bintintanstefan.ro\/\">\u0218tefan Bin\u021bin\u021ban<\/a> sont la marque d\u2019Alba&nbsp;Iulia.\n<img decoding=\"async\" src=\"\/wp-content\/uploads\/travels\/eastern-europe\/romania\/2023-06-09-alba-iulia\/3946.jpg\"><\/li>\n\n<li>La cloche de Bin\u021bin\u021ban comm\u00e9more la <a href=\"https:\/\/en.wikipedia.org\/wiki\/Union_of_Transylvania_with_Romania\">Grande union<\/a> de 1918, lorsque la Transylvanie hongroise est devenue partie du Royaume de Roumanie.\n<img decoding=\"async\" src=\"\/wp-content\/uploads\/travels\/eastern-europe\/romania\/2023-06-09-alba-iulia\/3954.jpg\"><\/li>\n\n<li>Une autre sentinelle de Bin\u021bin\u021ban (elles surveillent toutes les portes principales), \u00e9galement avec une ba\u00efonnette mordue.\n<img decoding=\"async\" src=\"\/wp-content\/uploads\/travels\/eastern-europe\/romania\/2023-06-09-alba-iulia\/3967.jpg\"><\/li>\n\n<li>La troisi\u00e8me porte (premi\u00e8re en beaut\u00e9). C\u00e9l\u00e8bre pour l\u2019\u00e9clairage nocturne, la rel\u00e8ve de la garde et la cellule de Horea, o\u00f9 il attendait d\u2019\u00eatre&nbsp;rou\u00e9.\n<img decoding=\"async\" src=\"\/wp-content\/uploads\/travels\/eastern-europe\/romania\/2023-06-09-alba-iulia\/3974.jpg\"><\/li>\n\n<li>\u00c0 la fin des travaux co\u00fbteux, <a href=\"https:\/\/fr.wikipedia.org\/wiki\/Charles_VI_(empereur_du_Saint-Empire)\">Charles&nbsp;VI<\/a> fut inform\u00e9 que tous ces murs \u00e9taient inutiles contre de nouveaux canons. \u00ab&#8239;Au&nbsp;moins, que ce soit beau&#8239;!&#8239;\u00bb\n<img decoding=\"async\" src=\"\/wp-content\/uploads\/travels\/eastern-europe\/romania\/2023-06-09-alba-iulia\/3976.jpg\"><\/li>\n\n<li>Que ce soit&nbsp;beau.\n<img decoding=\"async\" src=\"\/wp-content\/uploads\/travels\/eastern-europe\/romania\/2023-06-09-alba-iulia\/3990.jpg\"><\/li>\n\n<\/ol><\/div>\n\n\n\n<div class=\"menu-romania-23-container\"><ul id=\"menu-romania-23\" class=\"menu\"><li id=\"menu-item-7924\" class=\"menu-item menu-item-type-post_type menu-item-object-page menu-item-7924\"><a href=\"https:\/\/ilupin.com\/fr\/?page_id=7919\" class=\"menu-link\">Roumanie 2023<\/a><\/li>\n<li id=\"menu-item-7853\" class=\"menu-item menu-item-type-post_type menu-item-object-page menu-item-7853\"><a href=\"https:\/\/ilupin.com\/fr\/travels\/eastern-europe\/romania\/2023-05-31-lyon-to-bucharest\/\" class=\"menu-link\">Lyon\u25b8Bucarest<\/a><\/li>\n<li id=\"menu-item-7852\" class=\"menu-item menu-item-type-post_type menu-item-object-page menu-item-7852\"><a href=\"https:\/\/ilupin.com\/fr\/travels\/eastern-europe\/romania\/2023-06-01-old-town\/\" class=\"menu-link\">Vielle ville<\/a><\/li>\n<li id=\"menu-item-7851\" class=\"menu-item menu-item-type-post_type menu-item-object-page menu-item-7851\"><a href=\"https:\/\/ilupin.com\/fr\/travels\/eastern-europe\/romania\/2023-06-02-village-museum\/\" class=\"menu-link\">Mus\u00e9e du village<\/a><\/li>\n<li id=\"menu-item-7850\" class=\"menu-item menu-item-type-post_type menu-item-object-page menu-item-7850\"><a href=\"https:\/\/ilupin.com\/fr\/travels\/eastern-europe\/romania\/2023-06-03-bucharest-to-brasov\/\" class=\"menu-link\">Bucarest\u25b8Bra\u0219ov<\/a><\/li>\n<li id=\"menu-item-7849\" class=\"menu-item menu-item-type-post_type menu-item-object-page menu-item-7849\"><a href=\"https:\/\/ilupin.com\/fr\/travels\/eastern-europe\/romania\/2023-06-04-sinaia\/\" class=\"menu-link\">Sinaia<\/a><\/li>\n<li id=\"menu-item-7848\" class=\"menu-item menu-item-type-post_type menu-item-object-page menu-item-7848\"><a href=\"https:\/\/ilupin.com\/fr\/travels\/eastern-europe\/romania\/2023-06-05-poiana-brasov\/\" class=\"menu-link\">Poiana Bra\u0219ov<\/a><\/li>\n<li id=\"menu-item-7847\" class=\"menu-item menu-item-type-post_type menu-item-object-page menu-item-7847\"><a href=\"https:\/\/ilupin.com\/fr\/travels\/eastern-europe\/romania\/2023-06-06-risnov\/\" class=\"menu-link\">R\u00e2\u0219nov<\/a><\/li>\n<li id=\"menu-item-7846\" class=\"menu-item menu-item-type-post_type menu-item-object-page menu-item-7846\"><a href=\"https:\/\/ilupin.com\/fr\/travels\/eastern-europe\/romania\/2023-06-07-brasov-to-cluj\/\" class=\"menu-link\">Bra\u0219ov\u25b8Cluj<\/a><\/li>\n<li id=\"menu-item-7845\" class=\"menu-item menu-item-type-post_type menu-item-object-page menu-item-7845\"><a href=\"https:\/\/ilupin.com\/fr\/travels\/eastern-europe\/romania\/2023-06-08-salina-turda\/\" class=\"menu-link\">Salina Turda<\/a><\/li>\n<li id=\"menu-item-7844\" class=\"menu-item menu-item-type-post_type menu-item-object-page menu-item-7844\"><a href=\"https:\/\/ilupin.com\/fr\/travels\/eastern-europe\/romania\/2023-06-09-alba-iulia\/\" class=\"menu-link\">Alba Iulia<\/a><\/li>\n<li id=\"menu-item-7843\" class=\"menu-item menu-item-type-post_type menu-item-object-page menu-item-7843\"><a href=\"https:\/\/ilupin.com\/fr\/travels\/eastern-europe\/romania\/2023-06-10-cluj-to-lyon\/\" class=\"menu-link\">Cluj\u25b8Lyon<\/a><\/li>\n<\/ul><\/div>\n","protected":false},"excerpt":{"rendered":"<p>La matin\u00e9e commence \u00e0&nbsp;Alba Iulia, car \u00e7a&nbsp;fait 2\u00bd&#8239;h en&nbsp;bus insaisissable, encore plus longtemps en train, et&nbsp;il&nbsp;faut aussi l\u2019explorer. Un autre remake de 1988 en l\u2019honneur du m\u00eame Michel le Brave qui fut proclam\u00e9 ici prince de Transylvanie en&nbsp;1599. \u00c9conomie naturelle. Ob\u00e9lisque en l\u2019honneur de Horea, Clo\u0219ca et Cri\u0219an, h\u00e9ros de la r\u00e9volte paysanne de&nbsp;1784. La [&hellip;]<\/p>\n","protected":false},"author":1,"featured_media":0,"parent":7919,"menu_order":9,"comment_status":"closed","ping_status":"closed","template":"","meta":{"site-sidebar-layout":"default","site-content-layout":null,"ast-site-content-layout":"default","site-content-style":"default","site-sidebar-style":"default","ast-global-header-display":"","ast-banner-title-visibility":"","ast-main-header-display":"","ast-hfb-above-header-display":null,"ast-hfb-below-header-display":null,"ast-hfb-mobile-header-display":null,"site-post-title":"","ast-breadcrumbs-content":null,"ast-featured-img":"","footer-sml-layout":"","ast-disable-related-posts":"","theme-transparent-header-meta":"","adv-header-id-meta":null,"stick-header-meta":null,"header-above-stick-meta":null,"header-main-stick-meta":null,"header-below-stick-meta":null,"astra-migrate-meta-layouts":"set","ast-page-background-enabled":"default","ast-page-background-meta":{"desktop":{"background-color":"","background-image":"","background-repeat":"repeat","background-position":"center center","background-size":"auto","background-attachment":"scroll","background-type":"","background-media":"","overlay-type":"","overlay-color":"","overlay-opacity":"","overlay-gradient":""},"tablet":{"background-color":"","background-image":"","background-repeat":"repeat","background-position":"center center","background-size":"auto","background-attachment":"scroll","background-type":"","background-media":"","overlay-type":"","overlay-color":"","overlay-opacity":"","overlay-gradient":""},"mobile":{"background-color":"","background-image":"","background-repeat":"repeat","background-position":"center center","background-size":"auto","background-attachment":"scroll","background-type":"","background-media":"","overlay-type":"","overlay-color":"","overlay-opacity":"","overlay-gradient":""}},"ast-content-background-meta":{"desktop":{"background-color":"var(--ast-global-color-5)","background-image":"","background-repeat":"repeat","background-position":"center center","background-size":"auto","background-attachment":"scroll","background-type":"","background-media":"","overlay-type":"","overlay-color":"","overlay-opacity":"","overlay-gradient":""},"tablet":{"background-color":"var(--ast-global-color-5)","background-image":"","background-repeat":"repeat","background-position":"center center","background-size":"auto","background-attachment":"scroll","background-type":"","background-media":"","overlay-type":"","overlay-color":"","overlay-opacity":"","overlay-gradient":""},"mobile":{"background-color":"var(--ast-global-color-5)","background-image":"","background-repeat":"repeat","background-position":"center center","background-size":"auto","background-attachment":"scroll","background-type":"","background-media":"","overlay-type":"","overlay-color":"","overlay-opacity":"","overlay-gradient":""}},"footnotes":""},"class_list":["post-7811","page","type-page","status-publish","hentry"],"_links":{"self":[{"href":"https:\/\/ilupin.com\/fr\/wp-json\/wp\/v2\/pages\/7811","targetHints":{"allow":["GET"]}}],"collection":[{"href":"https:\/\/ilupin.com\/fr\/wp-json\/wp\/v2\/pages"}],"about":[{"href":"https:\/\/ilupin.com\/fr\/wp-json\/wp\/v2\/types\/page"}],"author":[{"embeddable":true,"href":"https:\/\/ilupin.com\/fr\/wp-json\/wp\/v2\/users\/1"}],"replies":[{"embeddable":true,"href":"https:\/\/ilupin.com\/fr\/wp-json\/wp\/v2\/comments?post=7811"}],"version-history":[{"count":137,"href":"https:\/\/ilupin.com\/fr\/wp-json\/wp\/v2\/pages\/7811\/revisions"}],"predecessor-version":[{"id":12632,"href":"https:\/\/ilupin.com\/fr\/wp-json\/wp\/v2\/pages\/7811\/revisions\/12632"}],"up":[{"embeddable":true,"href":"https:\/\/ilupin.com\/fr\/wp-json\/wp\/v2\/pages\/7919"}],"wp:attachment":[{"href":"https:\/\/ilupin.com\/fr\/wp-json\/wp\/v2\/media?parent=7811"}],"curies":[{"name":"wp","href":"https:\/\/api.w.org\/{rel}","templated":true}]}}