{"id":7813,"date":"2023-06-12T22:55:50","date_gmt":"2023-06-12T20:55:50","guid":{"rendered":"https:\/\/ilupin.com\/en\/?page_id=7813"},"modified":"2025-06-09T14:17:10","modified_gmt":"2025-06-09T12:17:10","slug":"2023-06-10-cluj-to-lyon","status":"publish","type":"page","link":"https:\/\/ilupin.com\/fr\/travels\/eastern-europe\/romania\/2023-06-10-cluj-to-lyon\/","title":{"rendered":"Cluj-Napoca \u00e0\u00a0Lyon"},"content":{"rendered":"\n<div class=\"travels\"><ol>\n\n<li>Philosophes des Lumi\u00e8res de l\u2019<a href=\"https:\/\/fr.wikipedia.org\/wiki\/%C3%89cole_transylvaine\">\u00e9cole transylvaine<\/a> Samuel Micu-Klein, Gheorghe \u0218incai et Petru Maior pr\u00e8s de l\u2019Universit\u00e9 Babe\u0219-Bolyai.\n<img decoding=\"async\" src=\"\/wp-content\/uploads\/travels\/eastern-europe\/romania\/2023-06-10-cluj-to-lyon\/4020.jpg\"><\/li>\n\n<li>L\u2019ours polaire exige la lib\u00e9ration animale maintenant. Je serre sa patte griffue.\n<img decoding=\"async\" src=\"\/wp-content\/uploads\/travels\/eastern-europe\/romania\/2023-06-10-cluj-to-lyon\/4021.jpg\"><\/li>\n\n<li>Cluj a s\u00fbrement besoin d\u2019\u00eatre restaur\u00e9e quelque part, mais \u00e0 mon arriv\u00e9e, la moiti\u00e9 de la ville avait \u00e9t\u00e9 d\u00e9terr\u00e9e. On fait attention \u00e0 chaque&nbsp;pas.\n<img decoding=\"async\" src=\"\/wp-content\/uploads\/travels\/eastern-europe\/romania\/2023-06-10-cluj-to-lyon\/4027.jpg\"><\/li>\n\n<li>Les contours des am\u00e9liorations futures sont d\u00e9j\u00e0 visibles.\n<img decoding=\"async\" src=\"\/wp-content\/uploads\/travels\/eastern-europe\/romania\/2023-06-10-cluj-to-lyon\/4029.jpg\"><\/li>\n\n<li>Ha\u00efdouk serbe <a href=\"https:\/\/fr.wikipedia.org\/wiki\/Starina_Novak\">Starina Novak<\/a>, incendi\u00e9 par les Hongrois en 1601 pr\u00e8s de la Tour des tailleurs du XV<sup>e<\/sup> si\u00e8cle (aujourd\u2019hui le Centre de culture urbaine).\n<img decoding=\"async\" src=\"\/wp-content\/uploads\/travels\/eastern-europe\/romania\/2023-06-10-cluj-to-lyon\/4030-2.jpg\"><\/li>\n\n<li>La cath\u00e9drale gr\u00e9co-catholique St.&#8239;Joseph sera bient\u00f4t comme&nbsp;neuve.\n<img decoding=\"async\" src=\"\/wp-content\/uploads\/travels\/eastern-europe\/romania\/2023-06-10-cluj-to-lyon\/4033.jpg\"><\/li>\n\n<li>Je m\u2019en occupe.\n<img decoding=\"async\" src=\"\/wp-content\/uploads\/travels\/eastern-europe\/romania\/2023-06-10-cluj-to-lyon\/4034-0070.jpg\"><\/li>\n\n<li>Un op\u00e9ra baroque avec des \u00e9l\u00e9ments modernes dans un bel encadrement de trottoirs et de verdure. Construit par les Autrichiens en&nbsp;1906.\n<img decoding=\"async\" src=\"\/wp-content\/uploads\/travels\/eastern-europe\/romania\/2023-06-10-cluj-to-lyon\/4043-2.jpg\"><\/li>\n\n<li>L\u2019avocat et r\u00e9volutionnaire <a href=\"https:\/\/fr.wikipedia.org\/wiki\/Avram_Iancu\">Avram Iancu<\/a> se baigne dans une fontaine pr\u00e8s de la cath\u00e9drale orthodoxe n\u00e9o-byzantine de la Dormition de la Th\u00e9otokos.\n<img decoding=\"async\" src=\"\/wp-content\/uploads\/travels\/eastern-europe\/romania\/2023-06-10-cluj-to-lyon\/4046.jpg\"><\/li>\n\n<li>Le s\u00e9v\u00e8re \u00e9v\u00eaque <a href=\"https:\/\/en.wikipedia.org\/wiki\/Nicolae_Ivan_(bishop)\">Nikolae Ivan<\/a> tient tendrement une maquette de la cath\u00e9drale, \u00e9rig\u00e9e \u00e0 son initiative <span class=\"nobr\">en 1923-33.<\/span>\n<img decoding=\"async\" src=\"\/wp-content\/uploads\/travels\/eastern-europe\/romania\/2023-06-10-cluj-to-lyon\/4055.jpg\"><\/li>\n\n<li>Le monument au soldat roumain a \u00e9t\u00e9 inaugur\u00e9 en 1996 au lieu de celui aux \u00e9quipages de chars sovi\u00e9tiques. Un lieu saint n\u2019est jamais&nbsp;vide.\n<img decoding=\"async\" src=\"\/wp-content\/uploads\/travels\/eastern-europe\/romania\/2023-06-10-cluj-to-lyon\/4059.jpg\"><\/li>\n\n<li>L\u2019h\u00e9licopt\u00e8re du <a href=\"https:\/\/en.wikipedia.org\/wiki\/SMURD\">SMURD<\/a> se pr\u00e9cipite \u00e0 son secours.\n<img decoding=\"async\" src=\"\/wp-content\/uploads\/travels\/eastern-europe\/romania\/2023-06-10-cluj-to-lyon\/4060.jpg\"><\/li>\n\n<li>\u00c0 la p\u00e9riph\u00e9rie de la ville, je suis presque par hasard tomb\u00e9 sur une plate-forme d\u2019observation gratuite, criminellement ignor\u00e9e par les&nbsp;guides.\n<img decoding=\"async\" src=\"\/wp-content\/uploads\/travels\/eastern-europe\/romania\/2023-06-10-cluj-to-lyon\/4085.jpg\"><\/li>\n\n<li>Le toit miroir \u00e0 lui seul en vaut la&nbsp;peine&#8239;!\n<img decoding=\"async\" src=\"\/wp-content\/uploads\/travels\/eastern-europe\/romania\/2023-06-10-cluj-to-lyon\/4071.jpg\"><\/li>\n\n<li>Ceux en tuiles sont \u00e9galement tr\u00e8s sympas. Au&nbsp;centre se dresse la tour de 80 m\u00e8tres de l\u2019\u00e9glise St.&#8239;Michel.\n<img decoding=\"async\" src=\"\/wp-content\/uploads\/travels\/eastern-europe\/romania\/2023-06-10-cluj-to-lyon\/4062.jpg\"><\/li>\n\n<li>Un avion irlandais survole pensivement les toits roumains.\n<img decoding=\"async\" src=\"\/wp-content\/uploads\/travels\/eastern-europe\/romania\/2023-06-10-cluj-to-lyon\/4079-0071.jpg\"><\/li>\n\n<li>Les fl\u00e8ches de la Banque de Transylvanie, de la pharmacie Richter et du magasin Digi. Et l\u2019h\u00f4tel blanc Belvedere au sommet de la colline Cet\u0103\u021buia.\n<img decoding=\"async\" src=\"\/wp-content\/uploads\/travels\/eastern-europe\/romania\/2023-06-10-cluj-to-lyon\/4078.jpg\"><\/li>\n\n<li>Sous cet angle, la statue d\u2019Avram Iancu (\u00e0 droite) semble plut\u00f4t modeste par rapport \u00e0 la cath\u00e9drale de la Dormition de la&nbsp;Th\u00e9otokos.\n<img decoding=\"async\" src=\"\/wp-content\/uploads\/travels\/eastern-europe\/romania\/2023-06-10-cluj-to-lyon\/4063-0073.jpg\"><\/li>\n\n<li>\u00c0 droite, l\u2019\u00e9glise baroque unitaire du XVIII<sup>e<\/sup> si\u00e8cle (la principale de Roumanie), \u00e0&nbsp;l\u2019extr\u00eame gauche, la cath\u00e9drale St.&#8239;Joseph en construction.\n<img decoding=\"async\" src=\"\/wp-content\/uploads\/travels\/eastern-europe\/romania\/2023-06-10-cluj-to-lyon\/4080.jpg\"><\/li>\n\n<li>Synchronisons les montres.\n<img decoding=\"async\" src=\"\/wp-content\/uploads\/travels\/eastern-europe\/romania\/2023-06-10-cluj-to-lyon\/4081-0079.jpg\"><\/li>\n\n<li>Affiches culinaires du Festival international du film de Transylvanie de&nbsp;2006.\n<img decoding=\"async\" src=\"\/wp-content\/uploads\/travels\/eastern-europe\/romania\/2023-06-10-cluj-to-lyon\/4099.jpg\"><\/li>\n\n<li>Affiche de mai pour le concours des <a href=\"https:\/\/www.facebook.com\/ExpoMaraton\/\">jeunes artistes<\/a> de la Galerie Matthias Corvin (il est n\u00e9 ici) parrain\u00e9e par l\u2019Universit\u00e9 d\u2019art et de&nbsp;design.\n<img decoding=\"async\" src=\"\/wp-content\/uploads\/travels\/eastern-europe\/romania\/2023-06-10-cluj-to-lyon\/4115.jpg\"><\/li>\n\n<li>Mon Dieu, tu es mon tout\u00a0! Roulette de donneur dans une \u00e9glise franciscaine du XIII<sup>e<\/sup> si\u00e8cle. J\u2019ai eu des prisonniers (politiques), telle est l\u2019\u00e9poque.\n<img decoding=\"async\" src=\"\/wp-content\/uploads\/travels\/eastern-europe\/romania\/2023-06-10-cluj-to-lyon\/4122.jpg\"><\/li>\n\n<li>Sur la place du march\u00e9 d\u2019Avram Iancu, un toutou d\u2019une race douteuse r\u00e9fl\u00e9chit \u00e0 la futilit\u00e9 de toutes choses.\n<img decoding=\"async\" src=\"\/wp-content\/uploads\/travels\/eastern-europe\/romania\/2023-06-10-cluj-to-lyon\/4131.jpg\"><\/li>\n\n<li>Y a pas plus naturel.\n<img decoding=\"async\" src=\"\/wp-content\/uploads\/travels\/eastern-europe\/romania\/2023-06-10-cluj-to-lyon\/4135.jpg\"><\/li>\n\n<li>A\u00e9roport Avram Iancu.\n<img decoding=\"async\" src=\"\/wp-content\/uploads\/travels\/eastern-europe\/romania\/2023-06-10-cluj-to-lyon\/4147.jpg\"><\/li>\n\n<li>Ciel tendre.\n<img decoding=\"async\" src=\"\/wp-content\/uploads\/travels\/eastern-europe\/romania\/2023-06-10-cluj-to-lyon\/4173.jpg\"><\/li>\n\n<li>M\u00e8re patrie.\n<img decoding=\"async\" src=\"\/wp-content\/uploads\/travels\/eastern-europe\/romania\/2023-06-10-cluj-to-lyon\/4182.jpg\"><\/li>\n\n<li>Soir\u00e9e Saint-Exup\u00e9ry.\n<img decoding=\"async\" src=\"\/wp-content\/uploads\/travels\/eastern-europe\/romania\/2023-06-10-cluj-to-lyon\/4189.jpg\"><\/li>\n\n<li>C\u2019est ainsi que j\u2019allais depuis la gare, et c\u2019est assez pratique, je le recommande \u00e0 tout le monde. \u00c0&nbsp;plus&#8239;!\n<img decoding=\"async\" src=\"\/wp-content\/uploads\/travels\/eastern-europe\/romania\/2023-06-10-cluj-to-lyon\/4201.jpg\"><\/li>\n\n<\/ol><\/div>\n\n\n\n<div class=\"menu-romania-23-container\"><ul id=\"menu-romania-23\" class=\"menu\"><li id=\"menu-item-7924\" class=\"menu-item menu-item-type-post_type menu-item-object-page menu-item-7924\"><a href=\"https:\/\/ilupin.com\/fr\/?page_id=7919\" class=\"menu-link\">Roumanie 2023<\/a><\/li>\n<li id=\"menu-item-7853\" class=\"menu-item menu-item-type-post_type menu-item-object-page menu-item-7853\"><a href=\"https:\/\/ilupin.com\/fr\/travels\/eastern-europe\/romania\/2023-05-31-lyon-to-bucharest\/\" class=\"menu-link\">Lyon\u25b8Bucarest<\/a><\/li>\n<li id=\"menu-item-7852\" class=\"menu-item menu-item-type-post_type menu-item-object-page menu-item-7852\"><a href=\"https:\/\/ilupin.com\/fr\/travels\/eastern-europe\/romania\/2023-06-01-old-town\/\" class=\"menu-link\">Vielle ville<\/a><\/li>\n<li id=\"menu-item-7851\" class=\"menu-item menu-item-type-post_type menu-item-object-page menu-item-7851\"><a href=\"https:\/\/ilupin.com\/fr\/travels\/eastern-europe\/romania\/2023-06-02-village-museum\/\" class=\"menu-link\">Mus\u00e9e du village<\/a><\/li>\n<li id=\"menu-item-7850\" class=\"menu-item menu-item-type-post_type menu-item-object-page menu-item-7850\"><a href=\"https:\/\/ilupin.com\/fr\/travels\/eastern-europe\/romania\/2023-06-03-bucharest-to-brasov\/\" class=\"menu-link\">Bucarest\u25b8Bra\u0219ov<\/a><\/li>\n<li id=\"menu-item-7849\" class=\"menu-item menu-item-type-post_type menu-item-object-page menu-item-7849\"><a href=\"https:\/\/ilupin.com\/fr\/travels\/eastern-europe\/romania\/2023-06-04-sinaia\/\" class=\"menu-link\">Sinaia<\/a><\/li>\n<li id=\"menu-item-7848\" class=\"menu-item menu-item-type-post_type menu-item-object-page menu-item-7848\"><a href=\"https:\/\/ilupin.com\/fr\/travels\/eastern-europe\/romania\/2023-06-05-poiana-brasov\/\" class=\"menu-link\">Poiana Bra\u0219ov<\/a><\/li>\n<li id=\"menu-item-7847\" class=\"menu-item menu-item-type-post_type menu-item-object-page menu-item-7847\"><a href=\"https:\/\/ilupin.com\/fr\/travels\/eastern-europe\/romania\/2023-06-06-risnov\/\" class=\"menu-link\">R\u00e2\u0219nov<\/a><\/li>\n<li id=\"menu-item-7846\" class=\"menu-item menu-item-type-post_type menu-item-object-page menu-item-7846\"><a href=\"https:\/\/ilupin.com\/fr\/travels\/eastern-europe\/romania\/2023-06-07-brasov-to-cluj\/\" class=\"menu-link\">Bra\u0219ov\u25b8Cluj<\/a><\/li>\n<li id=\"menu-item-7845\" class=\"menu-item menu-item-type-post_type menu-item-object-page menu-item-7845\"><a href=\"https:\/\/ilupin.com\/fr\/travels\/eastern-europe\/romania\/2023-06-08-salina-turda\/\" class=\"menu-link\">Salina Turda<\/a><\/li>\n<li id=\"menu-item-7844\" class=\"menu-item menu-item-type-post_type menu-item-object-page menu-item-7844\"><a href=\"https:\/\/ilupin.com\/fr\/travels\/eastern-europe\/romania\/2023-06-09-alba-iulia\/\" class=\"menu-link\">Alba Iulia<\/a><\/li>\n<li id=\"menu-item-7843\" class=\"menu-item menu-item-type-post_type menu-item-object-page menu-item-7843\"><a href=\"https:\/\/ilupin.com\/fr\/travels\/eastern-europe\/romania\/2023-06-10-cluj-to-lyon\/\" class=\"menu-link\">Cluj\u25b8Lyon<\/a><\/li>\n<\/ul><\/div>\n","protected":false},"excerpt":{"rendered":"<p>Philosophes des Lumi\u00e8res de l\u2019\u00e9cole transylvaine Samuel Micu-Klein, Gheorghe \u0218incai et Petru Maior pr\u00e8s de l\u2019Universit\u00e9 Babe\u0219-Bolyai. L\u2019ours polaire exige la lib\u00e9ration animale maintenant. Je serre sa patte griffue. Cluj a s\u00fbrement besoin d\u2019\u00eatre restaur\u00e9e quelque part, mais \u00e0 mon arriv\u00e9e, la moiti\u00e9 de la ville avait \u00e9t\u00e9 d\u00e9terr\u00e9e. On fait attention \u00e0 chaque&nbsp;pas. Les [&hellip;]<\/p>\n","protected":false},"author":1,"featured_media":0,"parent":7919,"menu_order":10,"comment_status":"closed","ping_status":"closed","template":"","meta":{"site-sidebar-layout":"default","site-content-layout":null,"ast-site-content-layout":"default","site-content-style":"default","site-sidebar-style":"default","ast-global-header-display":"","ast-banner-title-visibility":"","ast-main-header-display":"","ast-hfb-above-header-display":null,"ast-hfb-below-header-display":null,"ast-hfb-mobile-header-display":null,"site-post-title":"","ast-breadcrumbs-content":null,"ast-featured-img":"","footer-sml-layout":"","ast-disable-related-posts":"","theme-transparent-header-meta":"","adv-header-id-meta":null,"stick-header-meta":null,"header-above-stick-meta":null,"header-main-stick-meta":null,"header-below-stick-meta":null,"astra-migrate-meta-layouts":"set","ast-page-background-enabled":"default","ast-page-background-meta":{"desktop":{"background-color":"","background-image":"","background-repeat":"repeat","background-position":"center center","background-size":"auto","background-attachment":"scroll","background-type":"","background-media":"","overlay-type":"","overlay-color":"","overlay-opacity":"","overlay-gradient":""},"tablet":{"background-color":"","background-image":"","background-repeat":"repeat","background-position":"center center","background-size":"auto","background-attachment":"scroll","background-type":"","background-media":"","overlay-type":"","overlay-color":"","overlay-opacity":"","overlay-gradient":""},"mobile":{"background-color":"","background-image":"","background-repeat":"repeat","background-position":"center center","background-size":"auto","background-attachment":"scroll","background-type":"","background-media":"","overlay-type":"","overlay-color":"","overlay-opacity":"","overlay-gradient":""}},"ast-content-background-meta":{"desktop":{"background-color":"var(--ast-global-color-5)","background-image":"","background-repeat":"repeat","background-position":"center center","background-size":"auto","background-attachment":"scroll","background-type":"","background-media":"","overlay-type":"","overlay-color":"","overlay-opacity":"","overlay-gradient":""},"tablet":{"background-color":"var(--ast-global-color-5)","background-image":"","background-repeat":"repeat","background-position":"center center","background-size":"auto","background-attachment":"scroll","background-type":"","background-media":"","overlay-type":"","overlay-color":"","overlay-opacity":"","overlay-gradient":""},"mobile":{"background-color":"var(--ast-global-color-5)","background-image":"","background-repeat":"repeat","background-position":"center center","background-size":"auto","background-attachment":"scroll","background-type":"","background-media":"","overlay-type":"","overlay-color":"","overlay-opacity":"","overlay-gradient":""}},"footnotes":""},"class_list":["post-7813","page","type-page","status-publish","hentry"],"_links":{"self":[{"href":"https:\/\/ilupin.com\/fr\/wp-json\/wp\/v2\/pages\/7813","targetHints":{"allow":["GET"]}}],"collection":[{"href":"https:\/\/ilupin.com\/fr\/wp-json\/wp\/v2\/pages"}],"about":[{"href":"https:\/\/ilupin.com\/fr\/wp-json\/wp\/v2\/types\/page"}],"author":[{"embeddable":true,"href":"https:\/\/ilupin.com\/fr\/wp-json\/wp\/v2\/users\/1"}],"replies":[{"embeddable":true,"href":"https:\/\/ilupin.com\/fr\/wp-json\/wp\/v2\/comments?post=7813"}],"version-history":[{"count":128,"href":"https:\/\/ilupin.com\/fr\/wp-json\/wp\/v2\/pages\/7813\/revisions"}],"predecessor-version":[{"id":12633,"href":"https:\/\/ilupin.com\/fr\/wp-json\/wp\/v2\/pages\/7813\/revisions\/12633"}],"up":[{"embeddable":true,"href":"https:\/\/ilupin.com\/fr\/wp-json\/wp\/v2\/pages\/7919"}],"wp:attachment":[{"href":"https:\/\/ilupin.com\/fr\/wp-json\/wp\/v2\/media?parent=7813"}],"curies":[{"name":"wp","href":"https:\/\/api.w.org\/{rel}","templated":true}]}}