{"id":4125,"date":"2020-04-09T22:35:09","date_gmt":"2020-04-09T20:35:09","guid":{"rendered":"https:\/\/ilupin.com\/en\/?page_id=4125"},"modified":"2020-04-15T12:45:51","modified_gmt":"2020-04-15T10:45:51","slug":"libiamo-ne-lieti-calici","status":"publish","type":"page","link":"https:\/\/ilupin.com\/ru\/songs\/it-to-ru\/libiamo-ne-lieti-calici\/","title":{"rendered":"\u041f\u043e\u0434\u043d\u0438\u043c\u0435\u043c \u0432\u0435\u0441\u0435\u043b\u044b\u0435 \u043a\u0443\u0431\u043a\u0438 (Libiamo ne\u2019 lieti calici)"},"content":{"rendered":"\n<div class=\"karma-by-kadar__simple-player \" data-title=\"Libiamo ne\u2019 lieti calici \u2014 Carlo Bergonzi e Montserrat Caball\u00e9, 1967\" data-src=\"https:\/\/ilupin.com\/wp-content\/uploads\/songs\/libiamo-ne-lieti-calici.mp3\" data-volume=\"0.7\" >\n\t\t\t<div class=\"karma-by-kadar__simple-player__player\"><\/div>\n\t\t\t<div class=\"karma-by-kadar__simple-player__play-pause\">\n\t\t\t\t<div class=\"karma-by-kadar__simple-player__play\">\n\t\t\t\t\t<i class=\"material-icons\">play_circle_filled<\/i>\n\t\t\t\t<\/div>\n\t\t\t\t<div class=\"karma-by-kadar__simple-player__pause\">\n\t\t\t\t\t<i class=\"material-icons\">pause_circle_filled<\/i>\n\t\t\t\t<\/div>\n\t\t\t<\/div><div class=\"karma-by-kadar__simple-player__title\">\n\t\t\t\t<div class=\"karma-by-kadar__simple-player__title__the-title\">Libiamo ne\u2019 lieti calici \u2014 Carlo Bergonzi e Montserrat Caball\u00e9, 1967<\/div><\/div><div class=\"karma-by-kadar__simple-player__volume-handler-container\">\n\t\t\t\t<div class=\"karma-by-kadar__simple-player__middle\">\n\t\t\t\t\t<div class=\"karma-by-kadar__simple-player__seekbar\">\n\t\t\t\t\t\t<div class=\"karma-by-kadar__simple-player__seekbar__bg\"><\/div>\n\t\t\t\t\t<\/div>\n\t\t\t\t\t<div class=\"karma-by-kadar__simple-player__current-time\"><\/div>\n\t\t\t\t\t<div class=\"karma-by-kadar__simple-player__duration\"><\/div>\n\t\t\t\t<\/div>\n\t\t\t\t<div class=\"karma-by-kadar__simple-player__right\">\n\t\t\t\t\t<div class=\"karma-by-kadar__simple-player__volume\">\n\t\t\t\t\t\t<div class=\"karma-by-kadar__simple-player__volume__bar\">\n\t\t\t\t\t\t\t<div class=\"karma-by-kadar__simple-player__volume__seekbar\">\n\t\t\t\t\t\t\t\t<div class=\"karma-by-kadar__simple-player__volume__seekbar__bg\"><\/div>\n\t\t\t\t\t\t\t<\/div>\n\t\t\t\t\t\t\t<i class=\"material-icons\">volume_down<\/i>\n\t\t\t\t\t\t<\/div>\n\t\t\t\t\t\t<div class=\"karma-by-kadar__simple-player__mute\">\n\t\t\t\t\t\t\t<i class=\"material-icons\">volume_up<\/i>\n\t\t\t\t\t\t<\/div>\n\t\t\t\t\t\t<div class=\"karma-by-kadar__simple-player__unmute\">\n\t\t\t\t\t\t\t<i class=\"material-icons\">volume_off<\/i>\n\t\t\t\t\t\t<\/div>\n\t\t\t\t\t<\/div>\n\t\t\t\t<\/div>\n\t\t\t<\/div>\n\t\t<\/div>\n\n\n\n<div class=\"wp-block-columns is-layout-flex wp-container-core-columns-is-layout-28f84493 wp-block-columns-is-layout-flex\">\n<div class=\"wp-block-column is-layout-flow wp-block-column-is-layout-flow\">\n<input type=\"radio\" name=\"translation-button\" id=\"translation\" checked=\"checked\">\n\n<label for=\"translation\" class=\"translation-link\">1998<\/label>\n\n<div class=\"translation\">\n\n<p class=\"persona\">\u0410\u043b\u044c\u0444\u0440\u0435\u0434<\/p>\n\n<p>\u041f\u043e\u0434\u043d\u0438\u043c\u0435\u043c, \u043f\u043e\u0434\u043d\u0438\u043c\u0435\u043c \u0432\u0435\u0441\u0435\u043b\u044b\u0435 \u043a\u0443\u0431\u043a\u0438<br>\n\u0421 \u043d\u0430\u043f\u0438\u0442\u043a\u043e\u043c \u043f\u0440\u0435\u043a\u0440\u0430\u0441\u043d\u044b\u043c \u0438 \u0432\u0435\u0447\u043d\u044b\u043c,<br>\n\u0418 \u0432 \u0447\u0430\u0441 \u0431\u044b\u0441\u0442\u0440\u043e\u0442\u0435\u0447\u043d\u044b\u0439, \u0438 \u0432 \u0447\u0430\u0441 \u0431\u044b\u0441\u0442\u0440\u043e\u0442\u0435\u0447\u043d\u044b\u0439<br>\n\u0411\u043b\u0430\u0436\u0435\u043d\u0441\u0442\u0432\u043e \u0434\u043e \u0434\u043d\u0430 \u0438\u0437\u043e\u043f\u044c\u0435\u043c.<\/p>\n\n<p>\u041c\u044b \u0432\u044b\u043f\u044c\u0435\u043c \u0437\u0430 \u0441\u043b\u0430\u0434\u043e\u0441\u0442\u043d\u044b\u0439 \u0442\u0440\u0435\u043f\u0435\u0442,<br>\n\u041a\u043e\u0442\u043e\u0440\u044b\u0439 \u043b\u044e\u0431\u043e\u0432\u044c \u0432\u044b\u0437\u044b\u0432\u0430\u0435\u0442,<br>\n\u0417\u0430 \u0432\u0437\u0433\u043b\u044f\u0434, \u0447\u0442\u043e \u0432 \u0441\u0435\u0440\u0434\u0446\u0430 \u043f\u0440\u043e\u043d\u0438\u043a\u0430\u0435\u0442<br>\n\u041c\u0443\u0447\u0438\u0442\u0435\u043b\u044c\u043d\u043e \u0436\u0430\u0440\u043a\u0438\u043c \u043e\u0433\u043d\u0435\u043c&#8230;<\/p>\n\n<p>\u041f\u043e\u0434\u043d\u0438\u043c\u0435\u043c \u0431\u043e\u043a\u0430\u043b\u044b \u0438 \u0440\u043e\u0431\u043a\u0438\u0435 \u0441\u0442\u0440\u0430\u0441\u0442\u0438<br>\n\u0413\u043e\u0440\u044f\u0447\u0438\u043c \u0441\u043e\u0433\u0440\u0435\u0435\u043c \u0432\u0438\u043d\u043e\u043c!<\/p>\n\n<p class=\"persona\">\u0412\u0441\u0435<\/p>\n\n<p>\u041f\u043e\u0434\u043d\u0438\u043c\u0435\u043c \u0431\u043e\u043a\u0430\u043b\u044b \u0438 \u0440\u043e\u0431\u043a\u0438\u0435 \u0441\u0442\u0440\u0430\u0441\u0442\u0438<br>\n\u0413\u043e\u0440\u044f\u0447\u0438\u043c \u0441\u043e\u0433\u0440\u0435\u0435\u043c \u0432\u0438\u043d\u043e\u043c!<\/p>\n\n<p class=\"persona\">\u0412\u0438\u043e\u043b\u0435\u0442\u0442\u0430<\/p>\n\n<p>\u0414\u0440\u0443\u0437\u044c\u044f, \u0441\u0440\u0435\u0434\u0438 \u0432\u0430\u0441 \u044f \u0432\u0441\u0435\u0433\u0434\u0430 \u0440\u0430\u0437\u0434\u0435\u043b\u044f\u044e<br>\n\u0427\u0430\u0441\u044b \u0437\u043e\u043b\u043e\u0442\u043e\u0433\u043e \u0432\u0435\u0441\u0435\u043b\u044c\u044f:<br>\n\u041d\u0435 \u0441\u0442\u043e\u0438\u0442 \u0432\u0435\u0441\u044c \u043c\u0438\u0440 \u0438 \u0433\u043b\u043e\u0442\u043a\u0430 \u043d\u0430\u0441\u043b\u0430\u0436\u0434\u0435\u043d\u044c\u044f,<br>\n\u0427\u0442\u043e \u043c\u043e\u0436\u0435\u0442\u0435 \u0432\u044b \u043f\u043e\u0434\u0430\u0440\u0438\u0442\u044c.<\/p>\n\n<p>\u0410 \u0440\u0430\u0434\u043e\u0441\u0442\u044c \u043b\u044e\u0431\u0432\u0438 \u043c\u0438\u043c\u043e\u043b\u0435\u0442\u043d\u0430,<br>\n\u041e\u043d\u0430 \u0437\u0430\u0432\u043b\u0435\u0447\u0435\u0442 \u0438 \u043e\u0431\u043c\u0430\u043d\u0435\u0442,<br>\n\u0426\u0432\u0435\u0442\u043e\u043a, \u0440\u0430\u0441\u043f\u0443\u0441\u0442\u0438\u0432\u0448\u0438\u0441\u044c, \u0437\u0430\u0432\u044f\u043d\u0435\u0442,<br>\n\u041d\u0435 \u0434\u0430\u0432 \u043d\u0430\u0441\u043b\u0430\u0436\u0434\u0435\u043d\u044c\u044f \u0432\u043a\u0443\u0441\u0438\u0442\u044c&#8230;<\/p>\n\n<p>\u041d\u043e \u043f\u0443\u0441\u0442\u044c \u043c\u043e\u0435 \u0441\u043b\u043e\u0432\u043e \u0440\u0430\u0437\u0432\u0435\u0435\u0442 \u043f\u0435\u0447\u0430\u043b\u0438,<br>\n\u041c\u044b \u0431\u0443\u0434\u0435\u043c \u0441\u043c\u0435\u044f\u0442\u044c\u0441\u044f \u0438 \u043f\u0438\u0442\u044c!<\/p>\n\n<p class=\"persona\">\u0412\u0441\u0435<\/p>\n\n<p>\u0412\u0438\u0432\u0430\u0442! \u041d\u0430\u0441\u043b\u0430\u0434\u0438\u043c\u0441\u044f \u0431\u043e\u043a\u0430\u043b\u043e\u043c \u0438 \u0433\u0438\u043c\u043d\u043e\u043c,<br>\n\u0412\u0435\u0441\u0435\u043b\u0438\u0435\u043c \u043d\u043e\u0447\u044c \u0437\u0430\u0436\u0438\u0433\u0430\u044f,<br>\n\u0418 \u0431\u0443\u0434\u0435\u043c \u0438\u0437 \u043e\u043a\u043e\u043d \u0441\u0447\u0430\u0441\u0442\u043b\u0438\u0432\u043e\u0433\u043e \u0440\u0430\u044f<br>\n\u0420\u043e\u0436\u0434\u0435\u043d\u0438\u0435 \u0443\u0442\u0440\u0430 \u0432\u0441\u0442\u0440\u0435\u0447\u0430\u0442\u044c!<\/p>\n\n<p class=\"persona\">\u0412\u0438\u043e\u043b\u0435\u0442\u0442\u0430<\/p>\n\n<p>\u041f\u0440\u043e\u0445\u043e\u0434\u0438\u0442 \u0437\u0430 \u043f\u0440\u0430\u0437\u0434\u043d\u0438\u043a\u043e\u043c \u0432\u0440\u0435\u043c\u044f.<\/p>\n\n<p class=\"persona\">\u0410\u043b\u044c\u0444\u0440\u0435\u0434<\/p>\n\n<p>\u041b\u044e\u0431\u043e\u0432\u044c \u0432\u0435\u0441\u0435\u043b\u0438\u0442\u044c\u0441\u044f \u043c\u0435\u0448\u0430\u0435\u0442.<\/p>\n\n<p class=\"persona\">\u0412\u0438\u043e\u043b\u0435\u0442\u0442\u0430<\/p>\n\n<p>\u0410 \u0435\u0441\u043b\u0438 \u0432\u0430\u043c \u043d\u0435 \u043e\u0442\u0432\u0435\u0447\u0430\u044e\u0442?<\/p>\n\n<p class=\"persona\">\u0410\u043b\u044c\u0444\u0440\u0435\u0434<\/p>\n\n<p>\u0421\u0443\u0434\u044c\u0431\u0443 \u043d\u0435 \u043c\u043e\u0433\u0443 \u043f\u043e\u043c\u0435\u043d\u044f\u0442\u044c&#8230;<\/p>\n\n<p class=\"persona\">\u0412\u0441\u0435<\/p>\n\n<p>\u0412\u0438\u0432\u0430\u0442! \u041d\u0430\u0441\u043b\u0430\u0434\u0438\u043c\u0441\u044f \u0431\u043e\u043a\u0430\u043b\u043e\u043c \u0438 \u0433\u0438\u043c\u043d\u043e\u043c,<br>\n\u0412\u0435\u0441\u0435\u043b\u0438\u0435\u043c \u043d\u043e\u0447\u044c \u0437\u0430\u0436\u0438\u0433\u0430\u044f,<br>\n\u0418 \u0431\u0443\u0434\u0435\u043c \u0438\u0437 \u043e\u043a\u043e\u043d \u0441\u0447\u0430\u0441\u0442\u043b\u0438\u0432\u043e\u0433\u043e \u0440\u0430\u044f<br>\n\u0420\u043e\u0436\u0434\u0435\u043d\u0438\u0435 \u0443\u0442\u0440\u0430 \u0432\u0441\u0442\u0440\u0435\u0447\u0430\u0442\u044c!<\/p>\n\n<\/div>\n<\/div>\n\n\n\n<div class=\"wp-block-column is-layout-flow wp-block-column-is-layout-flow\">\n<input type=\"radio\" name=\"original-button\" id=\"original\" checked=\"checked\"> \n<input type=\"radio\" name=\"original-button\" id=\"verbatim\">\n\n<label for=\"original\" class=\"original-link\">F. M. Piave, 1853<\/label>\n<label for=\"verbatim\" class=\"verbatim-link\"><\/label>\n\n<div class=\"original\">\n\n<p class=\"persona\">Alfredo<\/p>\n\n<p>Libiamo, libiamo ne\u2019 lieti calici<br>\nChe la bellezza infiora,<br>\nE la fuggevol, fuggevol ora<br>\nS\u2019inebri a volutt\u00e0.<\/p>\n\n<p>Libiam ne\u2019 dolci fremiti<br>\nChe suscita l\u2019amore,<br>\nPoich\u00e9 quell\u2019occhio al core<br>\nOnnipotente va&#8230;<\/p>\n\n<p>Libiamo! Amor, amor fra i calici<br>\nPi\u00f9 caldi baci avr\u00e0.<\/p>\n\n<p class=\"persona\">Tutti<\/p>\n\n<p>Libiamo! Amor, amor fra i calici<br>\nPi\u00f9 caldi baci avr\u00e0.<\/p>\n\n<p class=\"persona\">Violetta<\/p>\n\n<p>Tra voi, tra voi sapr\u00f2 dividere<br>\nIl tempo mio giocondo;<br>\nTutto \u00e8 follia, follia nel mondo<br>\nCi\u00f2 che non \u00e8 piacer.<\/p>\n\n<p>Godiam, fugace e rapido<br>\n\u00c8 il gaudio dell\u2019amore;<br>\n\u00c8 un fior che nasce e muore,<br>\nN\u00e9 pi\u00f9 si pu\u00f2 goder&#8230;<\/p>\n\n<p>Godiam c\u2019invita, c\u2019invita un fervido<br>\nAccento lusinghier.<\/p>\n\n<p class=\"persona\">Tutti<\/p>\n\n<p>Godiam! La tazza, la tazza e il cantico,<br>\nLe notti abbella e il riso;<br>\nIn questo, in questo paradiso<br>\nNe scopra il nuovo d\u00ec!<\/p>\n\n<p class=\"persona\">Violetta<\/p>\n\n<p>La vita \u00e8 nel tripudio.<\/p>\n\n<p class=\"persona\">Alfredo<\/p>\n\n<p>Quando non s\u2019ami ancora.<\/p>\n\n<p class=\"persona\">Violetta<\/p>\n\n<p>Nol dite a chi l\u2019ignora.<\/p>\n\n<p class=\"persona\">Alfredo<\/p>\n\n<p>\u00c8 il mio destin cos\u00ec&#8230;<\/p>\n\n<p class=\"persona\">Tutti<\/p>\n\n<p>Godiam! La tazza, la tazza e il cantico,<br>\nLe notti abbella e il riso;<br>\nIn questo, in questo paradiso<br>\nNe scopra il nuovo d\u00ec!<\/p>\n<\/div>\n\n<div class=\"verbatim\">\n\n<p class=\"persona\">\u0410\u043b\u044c\u0444\u0440\u0435\u0434<\/p>\n\n<p>\u041f\u0440\u0438\u0433\u0443\u0431\u0438\u0442\u0435, \u043f\u0440\u0438\u0433\u0443\u0431\u0438\u0442\u0435 \u0432\u0435\u0441\u0435\u043b\u044b\u0435 \u0431\u043e\u043a\u0430\u043b\u044b,<br>\n\u041f\u043e\u0445\u043e\u0436\u0438\u0435 \u043d\u0430 \u043f\u0440\u0435\u043a\u0440\u0430\u0441\u043d\u044b\u0435 \u0446\u0432\u0435\u0442\u044b,<br>\n\u0418 \u0432 \u0431\u044b\u0441\u0442\u0440\u043e\u0442\u0435\u0447\u043d\u044b\u0439, \u0431\u044b\u0441\u0442\u0440\u043e\u0442\u0435\u0447\u043d\u044b\u0439 \u0447\u0430\u0441<br>\n\u041e\u043f\u044c\u044f\u043d\u0438\u0442\u0435\u0441\u044c \u043d\u0430\u0441\u043b\u0430\u0436\u0434\u0435\u043d\u0438\u0435\u043c.<\/p>\n\n<p>\u041f\u0440\u0438\u0433\u0443\u0431\u0438\u0442\u0435 \u0441\u043b\u0430\u0434\u043e\u0441\u0442\u043d\u044b\u0439 \u0442\u0440\u0435\u043f\u0435\u0442,<br>\n\u0427\u0442\u043e \u043f\u043e\u0440\u043e\u0436\u0434\u0435\u043d \u043b\u044e\u0431\u043e\u0432\u044c\u044e,<br>\n\u041b\u043e\u0432\u0438\u0442\u0435 \u0441\u043b\u0443\u0447\u0430\u0439\u043d\u044b\u0435 \u0432\u0437\u0433\u043b\u044f\u0434\u044b,<br>\n\u041f\u0440\u043e\u043d\u0437\u0430\u044e\u0449\u0438\u0435 \u0441\u0435\u0440\u0434\u0446\u0435&#8230;<\/p>\n\n<p>\u041f\u0440\u0438\u0433\u0443\u0431\u0438\u0442\u0435! \u041b\u044e\u0431\u043e\u0432\u044c \u0441\u0440\u0435\u0434\u0438 \u0431\u043e\u043a\u0430\u043b\u043e\u0432<br>\n\u0414\u0435\u043b\u0430\u0435\u0442 \u043f\u043e\u0446\u0435\u043b\u0443\u0438 \u0433\u043e\u0440\u044f\u0447\u0435\u0435.<\/p>\n\n<p class=\"persona\">\u0412\u0441\u0435<\/p>\n\n<p>\u041f\u0440\u0438\u0433\u0443\u0431\u0438\u0442\u0435! \u041b\u044e\u0431\u043e\u0432\u044c \u0441\u0440\u0435\u0434\u0438 \u0431\u043e\u043a\u0430\u043b\u043e\u0432<br>\n\u0414\u0435\u043b\u0430\u0435\u0442 \u043f\u043e\u0446\u0435\u043b\u0443\u0438 \u0433\u043e\u0440\u044f\u0447\u0435\u0435.<\/p>\n\n<p class=\"persona\">\u0412\u0438\u043e\u043b\u0435\u0442\u0442\u0430<\/p>\n\n<p>\u0421\u0440\u0435\u0434\u0438 \u0432\u0430\u0441, \u0441\u0440\u0435\u0434\u0438 \u0432\u0430\u0441 \u044f \u0440\u0430\u0437\u0434\u0435\u043b\u044f\u044e<br>\n\u0412\u0440\u0435\u043c\u044f \u043c\u043e\u0435\u0433\u043e \u0432\u0435\u0441\u0435\u043b\u044c\u044f;<br>\n\u0412\u0441\u0435 \u0433\u043b\u0443\u043f\u043e\u0441\u0442\u044c, \u0433\u043b\u0443\u043f\u043e\u0441\u0442\u044c \u0432 \u043c\u0438\u0440\u0435,<br>\n\u0427\u0442\u043e \u043d\u0435 \u0432 \u0443\u0434\u043e\u0432\u043e\u043b\u044c\u0441\u0442\u0432\u0438\u0435.<\/p>\n\n<p>\u0412\u0435\u0441\u0435\u043b\u0438\u0442\u0435\u0441\u044c! \u0411\u044b\u0441\u0442\u0440\u044b \u0438 \u043f\u0440\u0435\u0445\u043e\u0434\u044f\u0449\u0438<br>\n\u0420\u0430\u0434\u043e\u0441\u0442\u0438 \u043b\u044e\u0431\u0432\u0438.<br>\n\u0426\u0432\u0435\u0442\u043a\u043e\u043c, \u0447\u0442\u043e \u0440\u043e\u0436\u0434\u0430\u0435\u0442\u0441\u044f \u0438 \u0443\u043c\u0438\u0440\u0430\u0435\u0442,<br>\n\u041d\u0435\u043b\u044c\u0437\u044f \u0431\u043e\u043b\u044c\u0448\u0435 \u043d\u0430\u0441\u043b\u0430\u0434\u0438\u0442\u044c\u0441\u044f&#8230;<\/p>\n\n<p>\u0412\u0435\u0441\u0435\u043b\u0438\u0442\u0435\u0441\u044c! \u041f\u0440\u043e\u0448\u0443 \u043e\u0442 \u0432\u0441\u0435\u0433\u043e \u0441\u0435\u0440\u0434\u0446\u0430,<br>\n\u041f\u043e\u0440\u0430\u0434\u0443\u0439\u0442\u0435 \u043c\u0435\u043d\u044f.<\/p>\n\n<p class=\"persona\">\u0412\u0441\u0435<\/p>\n\n<p>\u0412\u0435\u0441\u0435\u043b\u0438\u0442\u0435\u0441\u044c! \u041d\u0430\u043f\u043e\u043b\u043d\u0438\u043c \u0447\u0430\u0448\u0443 \u043f\u0435\u0441\u043d\u0435\u0439, <br>\n\u041f\u0440\u0435\u043a\u0440\u0430\u0441\u043d\u044b\u0435 \u043d\u043e\u0447\u0438 \u2014 \u0441\u043c\u0435\u0445\u043e\u043c,<br>\n\u0412 \u044d\u0442\u043e\u043c \u0440\u0430\u044e \u043c\u044b \u0432\u0441\u0442\u0440\u0435\u0442\u0438\u043c<br>\n\u0420\u043e\u0436\u0434\u0435\u043d\u0438\u0435 \u043d\u043e\u0432\u043e\u0433\u043e \u0434\u043d\u044f!<\/p>\n\n<p class=\"persona\">\u0412\u0438\u043e\u043b\u0435\u0442\u0442\u0430<\/p>\n\n<p>\u0416\u0438\u0437\u043d\u044c \u2014 \u044d\u0442\u043e \u043f\u0440\u0430\u0437\u0434\u043d\u0438\u043a.<\/p>\n\n<p class=\"persona\">\u0410\u043b\u044c\u0444\u0440\u0435\u0434<\/p>\n\n<p>\u041a\u043e\u0433\u0434\u0430 \u0442\u044b \u043d\u0435 \u0432\u043b\u044e\u0431\u043b\u0435\u043d.<\/p>\n\n<p class=\"persona\">\u0412\u0438\u043e\u043b\u0435\u0442\u0442\u0430<\/p>\n\n<p>\u041d\u0435 \u0433\u043e\u0432\u043e\u0440\u0438\u0442\u0435 \u044d\u0442\u043e \u0431\u0435\u0437\u0440\u0430\u0437\u043b\u0438\u0447\u043d\u044b\u043c.<\/p>\n\n<p class=\"persona\">\u0410\u043b\u044c\u0444\u0440\u0435\u0434<\/p>\n\n<p>\u0422\u0430\u043a\u043e\u0432\u0430 \u043c\u043e\u044f \u0441\u0443\u0434\u044c\u0431\u0430&#8230;<\/p>\n\n<p class=\"persona\">\u0412\u0441\u0435<\/p>\n\n<p>\u0412\u0435\u0441\u0435\u043b\u0438\u0442\u0435\u0441\u044c! \u041d\u0430\u043f\u043e\u043b\u043d\u0438\u043c \u0447\u0430\u0448\u0443 \u043f\u0435\u0441\u043d\u0435\u0439, <br>\n\u041f\u0440\u0435\u043a\u0440\u0430\u0441\u043d\u044b\u0435 \u043d\u043e\u0447\u0438 \u2014 \u0441\u043c\u0435\u0445\u043e\u043c,<br>\n\u0412 \u044d\u0442\u043e\u043c \u0440\u0430\u044e \u043c\u044b \u0432\u0441\u0442\u0440\u0435\u0442\u0438\u043c<br>\n\u0420\u043e\u0436\u0434\u0435\u043d\u0438\u0435 \u043d\u043e\u0432\u043e\u0433\u043e \u0434\u043d\u044f!<\/p>\n<\/div>\n<\/div>\n<\/div>\n\n\n\n<div class=\"menu-songs_it-to-ru-container\"><ul id=\"menu-songs_it-to-ru\" class=\"menu\"><li id=\"menu-item-4662\" class=\"menu-item menu-item-type-post_type menu-item-object-page menu-item-4662\"><a href=\"https:\/\/ilupin.com\/ru\/?page_id=4057\" class=\"menu-link\">It\u25b8Ru<\/a><\/li>\n<li id=\"menu-item-4133\" class=\"menu-item menu-item-type-post_type menu-item-object-page menu-item-4133\"><a href=\"https:\/\/ilupin.com\/ru\/songs\/it-to-ru\/libiamo-ne-lieti-calici\/\" class=\"menu-link\">\u041f\u043e\u0434\u043d\u0438\u043c\u0435\u043c \u0432\u0435\u0441\u0435\u043b\u044b\u0435 \u043a\u0443\u0431\u043a\u0438 (Libiamo ne\u2019 lieti calici)<\/a><\/li>\n<\/ul><\/div>\n","protected":false},"excerpt":{"rendered":"<p>1998 \u0410\u043b\u044c\u0444\u0440\u0435\u0434 \u041f\u043e\u0434\u043d\u0438\u043c\u0435\u043c, \u043f\u043e\u0434\u043d\u0438\u043c\u0435\u043c \u0432\u0435\u0441\u0435\u043b\u044b\u0435 \u043a\u0443\u0431\u043a\u0438 \u0421 \u043d\u0430\u043f\u0438\u0442\u043a\u043e\u043c \u043f\u0440\u0435\u043a\u0440\u0430\u0441\u043d\u044b\u043c \u0438 \u0432\u0435\u0447\u043d\u044b\u043c, \u0418 \u0432 \u0447\u0430\u0441 \u0431\u044b\u0441\u0442\u0440\u043e\u0442\u0435\u0447\u043d\u044b\u0439, \u0438 \u0432 \u0447\u0430\u0441 \u0431\u044b\u0441\u0442\u0440\u043e\u0442\u0435\u0447\u043d\u044b\u0439 \u0411\u043b\u0430\u0436\u0435\u043d\u0441\u0442\u0432\u043e \u0434\u043e \u0434\u043d\u0430 \u0438\u0437\u043e\u043f\u044c\u0435\u043c. \u041c\u044b \u0432\u044b\u043f\u044c\u0435\u043c \u0437\u0430 \u0441\u043b\u0430\u0434\u043e\u0441\u0442\u043d\u044b\u0439 \u0442\u0440\u0435\u043f\u0435\u0442, \u041a\u043e\u0442\u043e\u0440\u044b\u0439 \u043b\u044e\u0431\u043e\u0432\u044c \u0432\u044b\u0437\u044b\u0432\u0430\u0435\u0442, \u0417\u0430 \u0432\u0437\u0433\u043b\u044f\u0434, \u0447\u0442\u043e \u0432 \u0441\u0435\u0440\u0434\u0446\u0430 \u043f\u0440\u043e\u043d\u0438\u043a\u0430\u0435\u0442 \u041c\u0443\u0447\u0438\u0442\u0435\u043b\u044c\u043d\u043e \u0436\u0430\u0440\u043a\u0438\u043c \u043e\u0433\u043d\u0435\u043c&#8230; \u041f\u043e\u0434\u043d\u0438\u043c\u0435\u043c \u0431\u043e\u043a\u0430\u043b\u044b \u0438 \u0440\u043e\u0431\u043a\u0438\u0435 \u0441\u0442\u0440\u0430\u0441\u0442\u0438 \u0413\u043e\u0440\u044f\u0447\u0438\u043c \u0441\u043e\u0433\u0440\u0435\u0435\u043c \u0432\u0438\u043d\u043e\u043c! \u0412\u0441\u0435 \u041f\u043e\u0434\u043d\u0438\u043c\u0435\u043c \u0431\u043e\u043a\u0430\u043b\u044b \u0438 \u0440\u043e\u0431\u043a\u0438\u0435 \u0441\u0442\u0440\u0430\u0441\u0442\u0438 \u0413\u043e\u0440\u044f\u0447\u0438\u043c [&hellip;]<\/p>\n","protected":false},"author":1,"featured_media":0,"parent":4057,"menu_order":99,"comment_status":"closed","ping_status":"closed","template":"","meta":{"site-sidebar-layout":"default","site-content-layout":"default","ast-site-content-layout":"default","site-content-style":"default","site-sidebar-style":"default","ast-global-header-display":"","ast-banner-title-visibility":"","ast-main-header-display":"","ast-hfb-above-header-display":"","ast-hfb-below-header-display":"","ast-hfb-mobile-header-display":"","site-post-title":"","ast-breadcrumbs-content":"","ast-featured-img":"","footer-sml-layout":"","ast-disable-related-posts":"","theme-transparent-header-meta":"default","adv-header-id-meta":"","stick-header-meta":"","header-above-stick-meta":"","header-main-stick-meta":"","header-below-stick-meta":"","astra-migrate-meta-layouts":"default","ast-page-background-enabled":"default","ast-page-background-meta":{"desktop":{"background-color":"","background-image":"","background-repeat":"repeat","background-position":"center center","background-size":"auto","background-attachment":"scroll","background-type":"","background-media":"","overlay-type":"","overlay-color":"","overlay-opacity":"","overlay-gradient":""},"tablet":{"background-color":"","background-image":"","background-repeat":"repeat","background-position":"center center","background-size":"auto","background-attachment":"scroll","background-type":"","background-media":"","overlay-type":"","overlay-color":"","overlay-opacity":"","overlay-gradient":""},"mobile":{"background-color":"","background-image":"","background-repeat":"repeat","background-position":"center center","background-size":"auto","background-attachment":"scroll","background-type":"","background-media":"","overlay-type":"","overlay-color":"","overlay-opacity":"","overlay-gradient":""}},"ast-content-background-meta":{"desktop":{"background-color":"var(--ast-global-color-5)","background-image":"","background-repeat":"repeat","background-position":"center center","background-size":"auto","background-attachment":"scroll","background-type":"","background-media":"","overlay-type":"","overlay-color":"","overlay-opacity":"","overlay-gradient":""},"tablet":{"background-color":"var(--ast-global-color-5)","background-image":"","background-repeat":"repeat","background-position":"center center","background-size":"auto","background-attachment":"scroll","background-type":"","background-media":"","overlay-type":"","overlay-color":"","overlay-opacity":"","overlay-gradient":""},"mobile":{"background-color":"var(--ast-global-color-5)","background-image":"","background-repeat":"repeat","background-position":"center center","background-size":"auto","background-attachment":"scroll","background-type":"","background-media":"","overlay-type":"","overlay-color":"","overlay-opacity":"","overlay-gradient":""}},"footnotes":""},"class_list":["post-4125","page","type-page","status-publish","hentry"],"_links":{"self":[{"href":"https:\/\/ilupin.com\/ru\/wp-json\/wp\/v2\/pages\/4125","targetHints":{"allow":["GET"]}}],"collection":[{"href":"https:\/\/ilupin.com\/ru\/wp-json\/wp\/v2\/pages"}],"about":[{"href":"https:\/\/ilupin.com\/ru\/wp-json\/wp\/v2\/types\/page"}],"author":[{"embeddable":true,"href":"https:\/\/ilupin.com\/ru\/wp-json\/wp\/v2\/users\/1"}],"replies":[{"embeddable":true,"href":"https:\/\/ilupin.com\/ru\/wp-json\/wp\/v2\/comments?post=4125"}],"version-history":[{"count":14,"href":"https:\/\/ilupin.com\/ru\/wp-json\/wp\/v2\/pages\/4125\/revisions"}],"predecessor-version":[{"id":4454,"href":"https:\/\/ilupin.com\/ru\/wp-json\/wp\/v2\/pages\/4125\/revisions\/4454"}],"up":[{"embeddable":true,"href":"https:\/\/ilupin.com\/ru\/wp-json\/wp\/v2\/pages\/4057"}],"wp:attachment":[{"href":"https:\/\/ilupin.com\/ru\/wp-json\/wp\/v2\/media?parent=4125"}],"curies":[{"name":"wp","href":"https:\/\/api.w.org\/{rel}","templated":true}]}}